{"id":1810,"date":"2025-12-16T13:46:42","date_gmt":"2025-12-16T13:46:42","guid":{"rendered":"https:\/\/spb-wordpress-001-gvcsekfkh8cxdcef.francecentral-01.azurewebsites.net\/politica-de-recrutamento\/"},"modified":"2026-02-05T09:48:41","modified_gmt":"2026-02-05T09:48:41","slug":"politica-de-recrutamento","status":"publish","type":"page","link":"https:\/\/www.spb.eu\/pt-pt\/politica-de-recrutamento\/","title":{"rendered":"Pol\u00edtica de Recrutamento"},"content":{"rendered":"\n<section class=\"block --centered-content --bg-white --text-start align wp-block-acf-centered-content --first --next--centered-content\">\n    <div class=\"block__inner\">\n\n        <!-- Content container with max-width -->\n        <div class=\"block__content\">\n\n            <!-- Title -->\n            <h2 class=\"block__title\">\n                Pol\u00edtica de Recrutamento da SPB            <\/h2>\n\n            <!-- Text content (optional) -->\n                            <div class=\"block__text\">\n                    <p><strong><em>\u00daltima atualiza\u00e7\u00e3o: 2 de abril de 2025<\/em><\/strong><\/p>\n<p>Esta pol\u00edtica estabelece os princ\u00edpios e diretrizes para a prote\u00e7\u00e3o dos seus dados pessoais e tem como objetivo inform\u00e1-lo sobre:<\/p>\n<ul>\n<li>Os dados pessoais que a SPB processa e as raz\u00f5es para o processamento implementado no contexto das suas atividades;<\/li>\n<li>Como esses dados pessoais s\u00e3o utilizados;<\/li>\n<li>Os seus direitos sobre os seus dados pessoais.<\/li>\n<\/ul>\n<p>&nbsp;<\/p>\n<p>A SPB (doravante \u00abSPB\u00bb) coloca a prote\u00e7\u00e3o dos Dados Pessoais no centro da sua atividade de recrutamento. Esta pol\u00edtica estabelece os princ\u00edpios e diretrizes para a prote\u00e7\u00e3o dos seus Dados Pessoais e tem como objetivo inform\u00e1-lo sobre:<\/p>\n<ul>\n<li>Os Dados Pessoais que a SPB processa e as raz\u00f5es para o Processamento implementado no contexto da sua atividade de recrutamento;<\/li>\n<li>Como esses Dados Pessoais s\u00e3o utilizados;<\/li>\n<li>Os seus direitos sobre os seus dados pessoais.<\/li>\n<\/ul>\n<p>&nbsp;<\/p>\n<p>Esta Pol\u00edtica aplica-se ao Tratamento de Dados Pessoais realizado pela SPB no contexto da sua atividade de recrutamento. Todas as opera\u00e7\u00f5es de Tratamento dos seus Dados Pessoais s\u00e3o realizadas em conformidade com a regulamenta\u00e7\u00e3o em vigor e, em particular, com o Regulamento Geral sobre a Prote\u00e7\u00e3o de Dados Pessoais, a Lei n.\u00ba 78-17 \u00abInformatique, Files et Libert\u00e9s\u00bb de 6 de janeiro de 1978, conforme alterada, bem como os seus decretos de aplica\u00e7\u00e3o.<br \/>Os termos em mai\u00fasculas s\u00e3o definidos no gloss\u00e1rio desta Pol\u00edtica (ver Artigo X \u00abGloss\u00e1rio\u00bb da Pol\u00edtica).<\/p>\n<p>&nbsp;<\/p>\n<p><strong>Identidade do respons\u00e1vel pelo tratamento<\/strong><br \/>Os dados recolhidos durante a an\u00e1lise da sua candidatura s\u00e3o sujeitos a tratamento informatizado pelo departamento de recursos humanos da SPB, 71 QUAI COLBERT 76600 LE HAVRE (Sociedade por a\u00e7\u00f5es simplificada \u2013 registada no Registo Comercial e de Empresas de Le Havre sob o n\u00famero 305109779, com sede social em 71 QUAI COLBERT 76600 LE HAVRE), permitindo-lhe gerir o processo de recrutamento dos seus futuros colaboradores.<\/p>\n<p><strong>\u00a0<\/strong><\/p>\n<p><strong>Quais s\u00e3o as finalidades do tratamento realizado pela SPB e a sua base jur\u00eddica?<\/strong><br \/>As finalidades e a base jur\u00eddica do tratamento realizado pelo departamento de Recursos Humanos s\u00e3o:<\/p>\n<table>\n<tbody>\n<tr>\n<td><strong>Finalidades<\/strong><\/td>\n<td><strong>Base(s) jur\u00eddica(s)<\/strong><\/td>\n<\/tr>\n<tr>\n<td>A procura de perfis relevantes para preencher uma vaga: utiliza\u00e7\u00e3o de sites que oferecem ofertas de emprego na Internet aos candidatos (Welcome to the jungle, Indeed, etc.)<\/td>\n<td>Interesse leg\u00edtimo<\/td>\n<\/tr>\n<tr>\n<td>Pr\u00e9-sele\u00e7\u00e3o de candidatos: an\u00e1lise, rece\u00e7\u00e3o, armazenamento, classifica\u00e7\u00e3o de curr\u00edculos e cartas de apresenta\u00e7\u00e3o, bem como quaisquer outros<\/td>\n<td>Interesse leg\u00edtimo<\/td>\n<\/tr>\n<tr>\n<td>Documentos de candidatura (incluindo portf\u00f3lios) enviados por correio, e-mail e sites que oferecem ofertas de emprego na Internet aos candidatos.<\/td>\n<td>Execu\u00e7\u00e3o do contrato (medidas pr\u00e9-contratuais)<\/td>\n<\/tr>\n<tr>\n<td>Contactar o candidato para avaliar a sua capacidade para exercer uma fun\u00e7\u00e3o e medir as suas compet\u00eancias profissionais (tratamento das informa\u00e7\u00f5es recolhidas durante entrevistas telef\u00f3nicas, por e-mail, por videoconfer\u00eancia e presenciais).<\/td>\n<td>Interesse leg\u00edtimo Execu\u00e7\u00e3o do contrato (medidas pr\u00e9-contratuais)<\/td>\n<\/tr>\n<tr>\n<td>Compara\u00e7\u00e3o com os antigos empregadores do candidato: para avaliar a capacidade do candidato para desempenhar uma fun\u00e7\u00e3o<\/td>\n<td>Consentimento<\/td>\n<\/tr>\n<tr>\n<td>Cumprimento das formalidades legais obrigat\u00f3rias<\/td>\n<td>Obriga\u00e7\u00e3o legal<\/td>\n<\/tr>\n<tr>\n<td>Alimentar o ficheiro administrativo dos candidatos selecionados.<\/td>\n<td>Execu\u00e7\u00e3o do contrato (medidas pr\u00e9-contratuais<\/td>\n<\/tr>\n<\/tbody>\n<\/table>\n                <\/div>\n            \n        <\/div>\n\n    <\/div>\n<\/section>\n\n<section class=\"block --centered-content --bg-white --text-start align wp-block-acf-centered-content --prev--centered-content --next--centered-content\">\n    <div class=\"block__inner\">\n\n        <!-- Content container with max-width -->\n        <div class=\"block__content\">\n\n            <!-- Title -->\n            <h2 class=\"block__title\">\n                Que dados pessoais s\u00e3o recolhidos pela SPB?            <\/h2>\n\n            <!-- Text content (optional) -->\n                            <div class=\"block__text\">\n                    <p>Para cumprir estes objetivos, apenas ser\u00e3o solicitadas informa\u00e7\u00f5es pessoais estritamente necess\u00e1rias para avaliar a sua capacidade de exercer a fun\u00e7\u00e3o oferecida ou na medida das suas compet\u00eancias profissionais durante a fase de sele\u00e7\u00e3o. Para tal, solicitaremos dados relativos aos diplomas obtidos, \u00e0 sua experi\u00eancia profissional, \u00e0s suas compet\u00eancias e aptid\u00f5es profissionais relacionadas com a fun\u00e7\u00e3o oferecida. O fornecimento destas informa\u00e7\u00f5es \u00e9 uma condi\u00e7\u00e3o para a celebra\u00e7\u00e3o do seu contrato de trabalho.<\/p>\n<p>A n\u00e3o disponibiliza\u00e7\u00e3o destes dados impossibilitar\u00e1 a sua participa\u00e7\u00e3o no processo de recrutamento.<\/p>\n<p>Se a sua candidatura for selecionada para a celebra\u00e7\u00e3o de um contrato de trabalho, solicitaremos as informa\u00e7\u00f5es e os documentos comprovativos necess\u00e1rios para cumprir as formalidades obrigat\u00f3rias. A transmiss\u00e3o dessas informa\u00e7\u00f5es \u00e9 uma condi\u00e7\u00e3o para a celebra\u00e7\u00e3o do contrato de trabalho dos candidatos selecionados.<\/p>\n<p>Al\u00e9m disso, a comunica\u00e7\u00e3o de certas categorias de informa\u00e7\u00f5es e documentos comprovativos (estado civil, domic\u00edlio, n\u00famero de seguran\u00e7a social, regularidade de resid\u00eancia, etc.) \u00e9 de natureza regulamentar para as candidaturas selecionadas. Consequentemente, a n\u00e3o disponibiliza\u00e7\u00e3o destes dados impossibilitar\u00e1 a celebra\u00e7\u00e3o do contrato de trabalho.<\/p>\n                <\/div>\n            \n        <\/div>\n\n    <\/div>\n<\/section>\n\n<section class=\"block --centered-content --bg-white --text-start align wp-block-acf-centered-content --prev--centered-content --next--centered-content\">\n    <div class=\"block__inner\">\n\n        <!-- Content container with max-width -->\n        <div class=\"block__content\">\n\n            <!-- Title -->\n            <h2 class=\"block__title\">\n                Durante quanto tempo s\u00e3o conservados os seus dados pessoais            <\/h2>\n\n            <!-- Text content (optional) -->\n                            <div class=\"block__text\">\n                    <p>Os dados relativos aos candidatos selecionados ser\u00e3o integrados no seu processo administrativo e conservados durante o per\u00edodo de reten\u00e7\u00e3o aplic\u00e1vel (ou seja, at\u00e9 cinco anos ap\u00f3s o termo da rela\u00e7\u00e3o laboral).<\/p>\n<p>Os dados relativos aos candidatos que n\u00e3o tenham chegado \u00e0 fase final de sele\u00e7\u00e3o ser\u00e3o apagados sem demora, logo que o processo de recrutamento para o cargo em quest\u00e3o seja encerrado.<\/p>\n                <\/div>\n            \n        <\/div>\n\n    <\/div>\n<\/section>\n\n<section class=\"block --centered-content --bg-white --text-start align wp-block-acf-centered-content --prev--centered-content --next--centered-content\">\n    <div class=\"block__inner\">\n\n        <!-- Content container with max-width -->\n        <div class=\"block__content\">\n\n            <!-- Title -->\n            <h2 class=\"block__title\">\n                Quem s\u00e3o os destinat\u00e1rios dos dados recolhidos durante a an\u00e1lise da sua candidatura?            <\/h2>\n\n            <!-- Text content (optional) -->\n                            <div class=\"block__text\">\n                    <p>O seu processo \u00e9 tratado de forma confidencial. Apenas os respons\u00e1veis dos departamentos interessados na sua candidatura (respons\u00e1veis pelo recrutamento, gestores, etc.) t\u00eam acesso aos dados pessoais nele contidos. Em caso de resultado positivo do processo de recrutamento, a fim de finalizar o recrutamento, o departamento de recursos humanos ser\u00e1 obrigado a transmitir algumas das informa\u00e7\u00f5es recolhidas \u00e0s organiza\u00e7\u00f5es informadas da sua contrata\u00e7\u00e3o (em particular, seguro de desemprego, seguro de sa\u00fade, reforma, seguro m\u00fatuo). Os seus dados pessoais podem ser transferidos para fora da Uni\u00e3o Europeia Os dados pessoais tratados pela SPB s\u00e3o alojados na Uni\u00e3o Europeia (UE) ou no Espa\u00e7o Econ\u00f3mico Europeu (EEE)  No entanto, dentro dos limites estritos necess\u00e1rios para a execu\u00e7\u00e3o de determinados servi\u00e7os espec\u00edficos, a SPB pode recorrer a subcontratantes que operam atividades de tratamento fora da UE e determinados Dados Pessoais que lhe dizem respeito podem ser-lhes comunicados para as necessidades estritas das suas miss\u00f5es. Neste caso, antes de qualquer transfer\u00eancia, a SPB compromete-se a celebrar cl\u00e1usulas contratuais-tipo com esses subcontratantes da Comiss\u00e3o Europeia ou quaisquer outras garantias adequadas necess\u00e1rias para a supervis\u00e3o e seguran\u00e7a dessas transfer\u00eancias de dados pessoais. Para mais informa\u00e7\u00f5es sobre o assunto, convidamo-lo a contactar-nos atrav\u00e9s dos dados de contacto estipulados no Artigo VIII da Pol\u00edtica.<\/p>\n                <\/div>\n            \n        <\/div>\n\n    <\/div>\n<\/section>\n\n<section class=\"block --centered-content --bg-white --text-start align wp-block-acf-centered-content --prev--centered-content --next--centered-content\">\n    <div class=\"block__inner\">\n\n        <!-- Content container with max-width -->\n        <div class=\"block__content\">\n\n            <!-- Title -->\n            <h2 class=\"block__title\">\n                Os dados pessoais tratados pela SPB s\u00e3o alojados na Uni\u00e3o Europeia (UE) ou no Espa\u00e7o Econ\u00f3mico Europeu (EEE)            <\/h2>\n\n            <!-- Text content (optional) -->\n                            <div class=\"block__text\">\n                    <p>No entanto, dentro dos limites estritos necess\u00e1rios para a execu\u00e7\u00e3o de determinados servi\u00e7os espec\u00edficos, a SPB pode recorrer a subcontratantes que operam atividades de tratamento fora da UE e determinados Dados Pessoais que lhe dizem respeito podem ser-lhes comunicados para as necessidades estritas das suas miss\u00f5es. Neste caso, antes de qualquer transfer\u00eancia, a SPB compromete-se a celebrar cl\u00e1usulas contratuais-tipo com esses subcontratantes da Comiss\u00e3o Europeia ou quaisquer outras garantias adequadas necess\u00e1rias para a supervis\u00e3o e seguran\u00e7a dessas transfer\u00eancias de dados pessoais. Para mais informa\u00e7\u00f5es sobre o assunto, convidamo-lo a contactar-nos atrav\u00e9s dos dados de contacto estipulados no Artigo VIII da Pol\u00edtica.<\/p>\n                <\/div>\n            \n        <\/div>\n\n    <\/div>\n<\/section>\n\n<section class=\"block --centered-content --bg-white --text-start align wp-block-acf-centered-content --prev--centered-content --next--centered-content\">\n    <div class=\"block__inner\">\n\n        <!-- Content container with max-width -->\n        <div class=\"block__content\">\n\n            <!-- Title -->\n            <h2 class=\"block__title\">\n                Os seus dados pessoais est\u00e3o protegidos?            <\/h2>\n\n            <!-- Text content (optional) -->\n                            <div class=\"block__text\">\n                    <p>A SPB compromete-se a tomar todas as medidas para garantir a seguran\u00e7a e a confidencialidade dos Dados Pessoais. Em particular, a SPB implementa todas as medidas t\u00e9cnicas e organizacionais adequadas para garantir a seguran\u00e7a e a confidencialidade dos Dados Pessoais tratados e para impedir que sejam distorcidos, danificados ou comunicados a terceiros n\u00e3o autorizados, garantindo um n\u00edvel de seguran\u00e7a adequado aos riscos associados ao Tratamento e \u00e0 natureza dos Dados Pessoais a proteger. As seguintes medidas est\u00e3o inclu\u00eddas nas medidas t\u00e9cnicas e organizacionais implementadas:<br \/>\n\u2022\tA prote\u00e7\u00e3o do Site por um conjunto de sistemas de prote\u00e7\u00e3o (por exemplo, firewall);<br \/>\n\u2022\tMonitoriza\u00e7\u00e3o dos fluxos para detetar poss\u00edveis anomalias;<br \/>\n\u2022\tRegisto de eventos;<br \/>\n\u2022\tForma\u00e7\u00e3o e sensibiliza\u00e7\u00e3o dos funcion\u00e1rios com acesso aos Dados Pessoais;<br \/>\n\u2022\tCriptografia dos Dados Pessoais processados;<br \/>\n\u2022\tAcesso restrito aos Dados Pessoais processados \u00e0s pessoas que precisam de os conhecer;<br \/>\n\u2022\tProte\u00e7\u00e3o das esta\u00e7\u00f5es de trabalho dos funcion\u00e1rios;<br \/>\n\u2022\tImplementa\u00e7\u00e3o de um sistema de backup;<br \/>\n\u2022\tA seguran\u00e7a f\u00edsica dos edif\u00edcios que alojam os Dados Pessoais (sistemas seguros de entrada nos edif\u00edcios, isolamento das instala\u00e7\u00f5es sens\u00edveis que disp\u00f5em de equipamentos de alarme verificados periodicamente);<br \/>\n\u2022\tA seguran\u00e7a dos equipamentos (cujo acesso s\u00f3 \u00e9 poss\u00edvel com o uso de nome de utilizador e senha);<br \/>\n\u2022\tImplementa\u00e7\u00e3o de uma carta de TI dentro da empresa;<br \/>\n\u2022\tA auditoria dos sistemas de informa\u00e7\u00e3o da empresa.<\/p>\n<p>Al\u00e9m disso, em caso de viola\u00e7\u00e3o de Dados Pessoais na ace\u00e7\u00e3o do artigo 4.\u00ba do RGPD que afete os seus Dados Pessoais (destrui\u00e7\u00e3o, perda, altera\u00e7\u00e3o ou divulga\u00e7\u00e3o), a SPB compromete-se a cumprir a obriga\u00e7\u00e3o de notificar as viola\u00e7\u00f5es de Dados Pessoais, nomeadamente \u00e0 CNIL.<\/p>\n                <\/div>\n            \n        <\/div>\n\n    <\/div>\n<\/section>\n\n<section class=\"block --centered-content --bg-white --text-start align wp-block-acf-centered-content --prev--centered-content --next--centered-content\">\n    <div class=\"block__inner\">\n\n        <!-- Content container with max-width -->\n        <div class=\"block__content\">\n\n            <!-- Title -->\n            <h2 class=\"block__title\">\n                Quais s\u00e3o os seus direitos sobre os seus dados pessoais e como pode exerc\u00ea-los?            <\/h2>\n\n            <!-- Text content (optional) -->\n                            <div class=\"block__text\">\n                    <p>Tem o direito de aceder aos seus dados pessoais. Tem tamb\u00e9m o direito de retificar e eliminar esses dados, bem como o direito de se opor ao seu tratamento.<\/p>\n<p>&nbsp;<\/p>\n<p>Estes direitos podem ser exercidos:<\/p>\n<ul>\n<li>Atrav\u00e9s do seguinte endere\u00e7o de e-mail:<a href=\"mailto:spb-dpo@spb.eu\">spb-dpo@spb.eu<\/a> ;<\/li>\n<li>Ou para o seguinte endere\u00e7o postal: SPB \u2013 Respons\u00e1vel pela Prote\u00e7\u00e3o de Dados 10, avenue de l\u2019Arche 92400 Courbevoie.<\/li>\n<\/ul>\n<p>&nbsp;<\/p>\n<p>A SPB compromete-se a responder aos seus pedidos de exerc\u00edcio dos seus direitos o mais rapidamente poss\u00edvel e, em qualquer caso, dentro dos prazos legais.<\/p>\n                <\/div>\n            \n        <\/div>\n\n    <\/div>\n<\/section>\n\n<section class=\"block --centered-content --bg-white --text-start align wp-block-acf-centered-content --prev--centered-content --next--centered-content\">\n    <div class=\"block__inner\">\n\n        <!-- Content container with max-width -->\n        <div class=\"block__content\">\n\n            <!-- Title -->\n            <h2 class=\"block__title\">\n                Como contactar o Respons\u00e1vel pela Prote\u00e7\u00e3o de Dados            <\/h2>\n\n            <!-- Text content (optional) -->\n                            <div class=\"block__text\">\n                    <p>Pode contactar o Respons\u00e1vel pela Prote\u00e7\u00e3o de Dados no seguinte endere\u00e7o:<\/p>\n<p>SPB &#8211; Respons\u00e1vel pela Prote\u00e7\u00e3o de Dados<\/p>\n<p>10 avenue de l\u2019Arche<\/p>\n<p>92400 COURBEVOIE<\/p>\n<p>Se, ap\u00f3s entrar em contacto connosco, considerar que os seus direitos sobre os seus dados n\u00e3o foram respeitados, pode apresentar uma reclama\u00e7\u00e3o \u00e0 Commission Nationale de l\u2019Informatique et des Libert\u00e9s (3 place de Fontenoy \u2013 TSA 80715 \u2013 75334 Paris cedex 07; tel.: 01 53 73 22 22).<\/p>\n                <\/div>\n            \n        <\/div>\n\n    <\/div>\n<\/section>\n\n<section class=\"block --centered-content --bg-white --text-start align wp-block-acf-centered-content --last --prev--centered-content\">\n    <div class=\"block__inner\">\n\n        <!-- Content container with max-width -->\n        <div class=\"block__content\">\n\n            <!-- Title -->\n            <h2 class=\"block__title\">\n                Gloss\u00e1rio            <\/h2>\n\n            <!-- Text content (optional) -->\n                            <div class=\"block__text\">\n                    <p>Cada termo que come\u00e7a com uma letra mai\u00fascula tem o significado que lhe \u00e9 atribu\u00eddo abaixo: \u00abDestinat\u00e1rio\u00bb: Refere-se ao servi\u00e7o, empresa ou organiza\u00e7\u00e3o que recebe a comunica\u00e7\u00e3o e pode aceder aos seus Dados Pessoais. \u00abDados Pessoais\u00bb: Refere-se a qualquer informa\u00e7\u00e3o relativa a uma pessoa singular identificada ou identific\u00e1vel. \u00abPol\u00edtica de Privacidade\u00bb e \u00abPol\u00edtica\u00bb: Refere-se a esta pol\u00edtica que descreve as medidas tomadas para o Tratamento, uso e gest\u00e3o dos Dados Pessoais relativos a si e aos seus direitos como titular dos dados pelo Tratamento. \u00abControlador de Dados\u00bb: Refere-se \u00e0 pessoa singular que determina as finalidades e os meios de um Tratamento (ou seja, a finalidade e a forma como \u00e9 realizado). \u00abTratamento\u00bb: Refere-se a qualquer opera\u00e7\u00e3o ou conjunto de opera\u00e7\u00f5es relacionadas com Dados Pessoais. \u00abViola\u00e7\u00e3o de Dados Pessoais\u00bb: Refere-se a um incidente de seguran\u00e7a caracterizado, acidental ou ilegalmente, pela destrui\u00e7\u00e3o, perda, altera\u00e7\u00e3o, divulga\u00e7\u00e3o ou acesso n\u00e3o autorizado de Dados Pessoais. \u00abSubcontratante\u00bb: Refere-se a qualquer pessoa singular ou coletiva que trata Dados Pessoais em nome do Respons\u00e1vel pelo Tratamento.<\/p>\n                <\/div>\n            \n        <\/div>\n\n    <\/div>\n<\/section>\n","protected":false},"excerpt":{"rendered":"","protected":false},"author":1,"featured_media":0,"parent":0,"menu_order":0,"comment_status":"closed","ping_status":"closed","template":"","meta":{"_acf_changed":false,"footnotes":""},"class_list":["post-1810","page","type-page","status-publish","hentry"],"acf":[],"yoast_head":"<!-- This site is optimized with the Yoast SEO plugin v26.9 - https:\/\/yoast.com\/product\/yoast-seo-wordpress\/ -->\n<title>Pol\u00edtica de Recrutamento [ Grupo SPB<\/title>\n<meta name=\"description\" content=\"A pol\u00edtica de recrutamento da SPB baseia-se na equidade, transpar\u00eancia e igualdade de oportunidades, garantindo um processo de contrata\u00e7\u00e3o consistente, inclusivo e em conformidade com as normas.\" \/>\n<meta name=\"robots\" content=\"index, follow, max-snippet:-1, max-image-preview:large, max-video-preview:-1\" \/>\n<link rel=\"canonical\" href=\"https:\/\/www.spb.eu\/pt-pt\/politica-de-recrutamento\/\" \/>\n<meta property=\"og:locale\" content=\"pt_PT\" \/>\n<meta property=\"og:type\" content=\"article\" \/>\n<meta property=\"og:title\" content=\"Pol\u00edtica de Recrutamento [ Grupo SPB\" \/>\n<meta property=\"og:description\" content=\"A pol\u00edtica de recrutamento da SPB baseia-se na equidade, transpar\u00eancia e igualdade de oportunidades, garantindo um processo de contrata\u00e7\u00e3o consistente, inclusivo e em conformidade com as normas.\" \/>\n<meta property=\"og:url\" content=\"https:\/\/www.spb.eu\/pt-pt\/politica-de-recrutamento\/\" \/>\n<meta property=\"og:site_name\" content=\"SPB Group - Embedded insurance Creating impact\" \/>\n<meta property=\"article:modified_time\" content=\"2026-02-05T09:48:41+00:00\" \/>\n<meta name=\"twitter:card\" content=\"summary_large_image\" \/>\n<script type=\"application\/ld+json\" class=\"yoast-schema-graph\">{\"@context\":\"https:\/\/schema.org\",\"@graph\":[{\"@type\":\"WebPage\",\"@id\":\"https:\/\/www.spb.eu\/pt-pt\/politica-de-recrutamento\/\",\"url\":\"https:\/\/www.spb.eu\/pt-pt\/politica-de-recrutamento\/\",\"name\":\"Pol\u00edtica de Recrutamento [ Grupo SPB\",\"isPartOf\":{\"@id\":\"https:\/\/www.spb.eu\/pt-pt\/#website\"},\"datePublished\":\"2025-12-16T13:46:42+00:00\",\"dateModified\":\"2026-02-05T09:48:41+00:00\",\"description\":\"A pol\u00edtica de recrutamento da SPB baseia-se na equidade, transpar\u00eancia e igualdade de oportunidades, garantindo um processo de contrata\u00e7\u00e3o consistente, inclusivo e em conformidade com as normas.\",\"breadcrumb\":{\"@id\":\"https:\/\/www.spb.eu\/pt-pt\/politica-de-recrutamento\/#breadcrumb\"},\"inLanguage\":\"pt-PT\",\"potentialAction\":[{\"@type\":\"ReadAction\",\"target\":[\"https:\/\/www.spb.eu\/pt-pt\/politica-de-recrutamento\/\"]}]},{\"@type\":\"BreadcrumbList\",\"@id\":\"https:\/\/www.spb.eu\/pt-pt\/politica-de-recrutamento\/#breadcrumb\",\"itemListElement\":[{\"@type\":\"ListItem\",\"position\":1,\"name\":\"Home\",\"item\":\"https:\/\/www.spb.eu\/pt-pt\/\"},{\"@type\":\"ListItem\",\"position\":2,\"name\":\"Pol\u00edtica de Recrutamento\"}]},{\"@type\":\"WebSite\",\"@id\":\"https:\/\/www.spb.eu\/pt-pt\/#website\",\"url\":\"https:\/\/www.spb.eu\/pt-pt\/\",\"name\":\"SPB Group - Embedded insurance Creating impact\",\"description\":\"\",\"potentialAction\":[{\"@type\":\"SearchAction\",\"target\":{\"@type\":\"EntryPoint\",\"urlTemplate\":\"https:\/\/www.spb.eu\/pt-pt\/?s={search_term_string}\"},\"query-input\":{\"@type\":\"PropertyValueSpecification\",\"valueRequired\":true,\"valueName\":\"search_term_string\"}}],\"inLanguage\":\"pt-PT\"}]}<\/script>\n<!-- \/ Yoast SEO plugin. -->","yoast_head_json":{"title":"Pol\u00edtica de Recrutamento [ Grupo SPB","description":"A pol\u00edtica de recrutamento da SPB baseia-se na equidade, transpar\u00eancia e igualdade de oportunidades, garantindo um processo de contrata\u00e7\u00e3o consistente, inclusivo e em conformidade com as normas.","robots":{"index":"index","follow":"follow","max-snippet":"max-snippet:-1","max-image-preview":"max-image-preview:large","max-video-preview":"max-video-preview:-1"},"canonical":"https:\/\/www.spb.eu\/pt-pt\/politica-de-recrutamento\/","og_locale":"pt_PT","og_type":"article","og_title":"Pol\u00edtica de Recrutamento [ Grupo SPB","og_description":"A pol\u00edtica de recrutamento da SPB baseia-se na equidade, transpar\u00eancia e igualdade de oportunidades, garantindo um processo de contrata\u00e7\u00e3o consistente, inclusivo e em conformidade com as normas.","og_url":"https:\/\/www.spb.eu\/pt-pt\/politica-de-recrutamento\/","og_site_name":"SPB Group - Embedded insurance Creating impact","article_modified_time":"2026-02-05T09:48:41+00:00","twitter_card":"summary_large_image","schema":{"@context":"https:\/\/schema.org","@graph":[{"@type":"WebPage","@id":"https:\/\/www.spb.eu\/pt-pt\/politica-de-recrutamento\/","url":"https:\/\/www.spb.eu\/pt-pt\/politica-de-recrutamento\/","name":"Pol\u00edtica de Recrutamento [ Grupo SPB","isPartOf":{"@id":"https:\/\/www.spb.eu\/pt-pt\/#website"},"datePublished":"2025-12-16T13:46:42+00:00","dateModified":"2026-02-05T09:48:41+00:00","description":"A pol\u00edtica de recrutamento da SPB baseia-se na equidade, transpar\u00eancia e igualdade de oportunidades, garantindo um processo de contrata\u00e7\u00e3o consistente, inclusivo e em conformidade com as normas.","breadcrumb":{"@id":"https:\/\/www.spb.eu\/pt-pt\/politica-de-recrutamento\/#breadcrumb"},"inLanguage":"pt-PT","potentialAction":[{"@type":"ReadAction","target":["https:\/\/www.spb.eu\/pt-pt\/politica-de-recrutamento\/"]}]},{"@type":"BreadcrumbList","@id":"https:\/\/www.spb.eu\/pt-pt\/politica-de-recrutamento\/#breadcrumb","itemListElement":[{"@type":"ListItem","position":1,"name":"Home","item":"https:\/\/www.spb.eu\/pt-pt\/"},{"@type":"ListItem","position":2,"name":"Pol\u00edtica de Recrutamento"}]},{"@type":"WebSite","@id":"https:\/\/www.spb.eu\/pt-pt\/#website","url":"https:\/\/www.spb.eu\/pt-pt\/","name":"SPB Group - Embedded insurance Creating impact","description":"","potentialAction":[{"@type":"SearchAction","target":{"@type":"EntryPoint","urlTemplate":"https:\/\/www.spb.eu\/pt-pt\/?s={search_term_string}"},"query-input":{"@type":"PropertyValueSpecification","valueRequired":true,"valueName":"search_term_string"}}],"inLanguage":"pt-PT"}]}},"_links":{"self":[{"href":"https:\/\/www.spb.eu\/pt-pt\/wp-json\/wp\/v2\/pages\/1810","targetHints":{"allow":["GET"]}}],"collection":[{"href":"https:\/\/www.spb.eu\/pt-pt\/wp-json\/wp\/v2\/pages"}],"about":[{"href":"https:\/\/www.spb.eu\/pt-pt\/wp-json\/wp\/v2\/types\/page"}],"author":[{"embeddable":true,"href":"https:\/\/www.spb.eu\/pt-pt\/wp-json\/wp\/v2\/users\/1"}],"replies":[{"embeddable":true,"href":"https:\/\/www.spb.eu\/pt-pt\/wp-json\/wp\/v2\/comments?post=1810"}],"version-history":[{"count":1,"href":"https:\/\/www.spb.eu\/pt-pt\/wp-json\/wp\/v2\/pages\/1810\/revisions"}],"predecessor-version":[{"id":1811,"href":"https:\/\/www.spb.eu\/pt-pt\/wp-json\/wp\/v2\/pages\/1810\/revisions\/1811"}],"wp:attachment":[{"href":"https:\/\/www.spb.eu\/pt-pt\/wp-json\/wp\/v2\/media?parent=1810"}],"curies":[{"name":"wp","href":"https:\/\/api.w.org\/{rel}","templated":true}]}}