{"id":1806,"date":"2025-12-16T13:46:10","date_gmt":"2025-12-16T13:46:10","guid":{"rendered":"https:\/\/spb-wordpress-001-gvcsekfkh8cxdcef.francecentral-01.azurewebsites.net\/informacao-legal\/"},"modified":"2026-02-09T10:32:53","modified_gmt":"2026-02-09T10:32:53","slug":"informacao-legal","status":"publish","type":"page","link":"https:\/\/www.spb.eu\/pt-pt\/informacao-legal\/","title":{"rendered":"Informa\u00e7\u00e3o legal"},"content":{"rendered":"\n<section class=\"block --centered-content --bg-white --text-start align wp-block-acf-centered-content --first --last\">\n    <div class=\"block__inner\">\n\n        <!-- Content container with max-width -->\n        <div class=\"block__content\">\n\n            <!-- Title -->\n            <h2 class=\"block__title\">\n                Informa\u00e7\u00e3o legal            <\/h2>\n\n            <!-- Text content (optional) -->\n                            <div class=\"block__text\">\n                    <p>EDITOR DO SITE E DOS SERVI\u00c7OS<br \/>\nSPB, Soci\u00e9t\u00e9 par Actions Simplifi\u00e9e (sociedade por a\u00e7\u00f5es simplificada) com capital de 11 000 000 euros, registada no Registo Comercial e das Sociedades (RCS) de Le Havre sob o n\u00famero 305 109 779 e na ORIAS (associa\u00e7\u00e3o de mediadores de seguros) sob o n\u00famero 07 002 642 (www.orias.fr) como corretora de seguros,<\/p>\n<p>Sede social: 71, quai Colbert \u2013 76095 Le Havre<br \/>\nTelefone: +33 (0)2 32 74 20 20<br \/>\nE-mail: contact@spb.eu<\/p>\n<p>A SPB opera sob a supervis\u00e3o da Autorit\u00e9 de Contr\u00f4le Prudentiel et de R\u00e9solution (ACPR \u2013 Autoridade Francesa de Controlo Prudencial e Resolu\u00e7\u00e3o), localizada em 4, Place de Budapest \u2013 CS 92459 \u2013 75439 Paris Cedex 09.<\/p>\n<p>Diretor de publica\u00e7\u00e3o: Mathieu S\u00c9BASTIEN, CEO<\/p>\n<p>HOSPEDAGEM DO SITE E DOS SERVI\u00c7OS<br \/>\nEste site \u00e9 hospedado por Microsoft em Fran\u00e7a<\/p>\n                <\/div>\n            \n        <\/div>\n\n    <\/div>\n<\/section>\n","protected":false},"excerpt":{"rendered":"","protected":false},"author":1,"featured_media":0,"parent":0,"menu_order":0,"comment_status":"closed","ping_status":"closed","template":"","meta":{"_acf_changed":false,"footnotes":""},"class_list":["post-1806","page","type-page","status-publish","hentry"],"acf":[],"yoast_head":"<!-- This site is optimized with the Yoast SEO plugin v26.9 - https:\/\/yoast.com\/product\/yoast-seo-wordpress\/ -->\n<title>Informa\u00e7\u00f5es legais | Grupo SPB<\/title>\n<meta name=\"description\" content=\"Aceda \u00e0s informa\u00e7\u00f5es legais da SPB, incluindo detalhes corporativos, divulga\u00e7\u00f5es regulat\u00f3rias e compromissos de conformidade, garantindo o uso transparente e seguro dos nossos servi\u00e7os.\" \/>\n<meta name=\"robots\" content=\"index, follow, max-snippet:-1, max-image-preview:large, max-video-preview:-1\" \/>\n<link rel=\"canonical\" href=\"https:\/\/www.spb.eu\/pt-pt\/informacao-legal\/\" \/>\n<meta property=\"og:locale\" content=\"pt_PT\" \/>\n<meta property=\"og:type\" content=\"article\" \/>\n<meta property=\"og:title\" content=\"Informa\u00e7\u00f5es legais | Grupo SPB\" \/>\n<meta property=\"og:description\" content=\"Aceda \u00e0s informa\u00e7\u00f5es legais da SPB, incluindo detalhes corporativos, divulga\u00e7\u00f5es regulat\u00f3rias e compromissos de conformidade, garantindo o uso transparente e seguro dos nossos servi\u00e7os.\" \/>\n<meta property=\"og:url\" content=\"https:\/\/www.spb.eu\/pt-pt\/informacao-legal\/\" \/>\n<meta property=\"og:site_name\" content=\"SPB Group - Embedded insurance Creating impact\" \/>\n<meta property=\"article:modified_time\" content=\"2026-02-09T10:32:53+00:00\" \/>\n<meta name=\"twitter:card\" content=\"summary_large_image\" \/>\n<script type=\"application\/ld+json\" class=\"yoast-schema-graph\">{\"@context\":\"https:\/\/schema.org\",\"@graph\":[{\"@type\":\"WebPage\",\"@id\":\"https:\/\/www.spb.eu\/pt-pt\/informacao-legal\/\",\"url\":\"https:\/\/www.spb.eu\/pt-pt\/informacao-legal\/\",\"name\":\"Informa\u00e7\u00f5es legais | Grupo SPB\",\"isPartOf\":{\"@id\":\"https:\/\/www.spb.eu\/pt-pt\/#website\"},\"datePublished\":\"2025-12-16T13:46:10+00:00\",\"dateModified\":\"2026-02-09T10:32:53+00:00\",\"description\":\"Aceda \u00e0s informa\u00e7\u00f5es legais da SPB, incluindo detalhes corporativos, divulga\u00e7\u00f5es regulat\u00f3rias e compromissos de conformidade, garantindo o uso transparente e seguro dos nossos servi\u00e7os.\",\"breadcrumb\":{\"@id\":\"https:\/\/www.spb.eu\/pt-pt\/informacao-legal\/#breadcrumb\"},\"inLanguage\":\"pt-PT\",\"potentialAction\":[{\"@type\":\"ReadAction\",\"target\":[\"https:\/\/www.spb.eu\/pt-pt\/informacao-legal\/\"]}]},{\"@type\":\"BreadcrumbList\",\"@id\":\"https:\/\/www.spb.eu\/pt-pt\/informacao-legal\/#breadcrumb\",\"itemListElement\":[{\"@type\":\"ListItem\",\"position\":1,\"name\":\"Home\",\"item\":\"https:\/\/www.spb.eu\/pt-pt\/\"},{\"@type\":\"ListItem\",\"position\":2,\"name\":\"Informa\u00e7\u00e3o legal\"}]},{\"@type\":\"WebSite\",\"@id\":\"https:\/\/www.spb.eu\/pt-pt\/#website\",\"url\":\"https:\/\/www.spb.eu\/pt-pt\/\",\"name\":\"SPB Group - Embedded insurance Creating impact\",\"description\":\"\",\"potentialAction\":[{\"@type\":\"SearchAction\",\"target\":{\"@type\":\"EntryPoint\",\"urlTemplate\":\"https:\/\/www.spb.eu\/pt-pt\/?s={search_term_string}\"},\"query-input\":{\"@type\":\"PropertyValueSpecification\",\"valueRequired\":true,\"valueName\":\"search_term_string\"}}],\"inLanguage\":\"pt-PT\"}]}<\/script>\n<!-- \/ Yoast SEO plugin. -->","yoast_head_json":{"title":"Informa\u00e7\u00f5es legais | Grupo SPB","description":"Aceda \u00e0s informa\u00e7\u00f5es legais da SPB, incluindo detalhes corporativos, divulga\u00e7\u00f5es regulat\u00f3rias e compromissos de conformidade, garantindo o uso transparente e seguro dos nossos servi\u00e7os.","robots":{"index":"index","follow":"follow","max-snippet":"max-snippet:-1","max-image-preview":"max-image-preview:large","max-video-preview":"max-video-preview:-1"},"canonical":"https:\/\/www.spb.eu\/pt-pt\/informacao-legal\/","og_locale":"pt_PT","og_type":"article","og_title":"Informa\u00e7\u00f5es legais | Grupo SPB","og_description":"Aceda \u00e0s informa\u00e7\u00f5es legais da SPB, incluindo detalhes corporativos, divulga\u00e7\u00f5es regulat\u00f3rias e compromissos de conformidade, garantindo o uso transparente e seguro dos nossos servi\u00e7os.","og_url":"https:\/\/www.spb.eu\/pt-pt\/informacao-legal\/","og_site_name":"SPB Group - Embedded insurance Creating impact","article_modified_time":"2026-02-09T10:32:53+00:00","twitter_card":"summary_large_image","schema":{"@context":"https:\/\/schema.org","@graph":[{"@type":"WebPage","@id":"https:\/\/www.spb.eu\/pt-pt\/informacao-legal\/","url":"https:\/\/www.spb.eu\/pt-pt\/informacao-legal\/","name":"Informa\u00e7\u00f5es legais | Grupo SPB","isPartOf":{"@id":"https:\/\/www.spb.eu\/pt-pt\/#website"},"datePublished":"2025-12-16T13:46:10+00:00","dateModified":"2026-02-09T10:32:53+00:00","description":"Aceda \u00e0s informa\u00e7\u00f5es legais da SPB, incluindo detalhes corporativos, divulga\u00e7\u00f5es regulat\u00f3rias e compromissos de conformidade, garantindo o uso transparente e seguro dos nossos servi\u00e7os.","breadcrumb":{"@id":"https:\/\/www.spb.eu\/pt-pt\/informacao-legal\/#breadcrumb"},"inLanguage":"pt-PT","potentialAction":[{"@type":"ReadAction","target":["https:\/\/www.spb.eu\/pt-pt\/informacao-legal\/"]}]},{"@type":"BreadcrumbList","@id":"https:\/\/www.spb.eu\/pt-pt\/informacao-legal\/#breadcrumb","itemListElement":[{"@type":"ListItem","position":1,"name":"Home","item":"https:\/\/www.spb.eu\/pt-pt\/"},{"@type":"ListItem","position":2,"name":"Informa\u00e7\u00e3o legal"}]},{"@type":"WebSite","@id":"https:\/\/www.spb.eu\/pt-pt\/#website","url":"https:\/\/www.spb.eu\/pt-pt\/","name":"SPB Group - Embedded insurance Creating impact","description":"","potentialAction":[{"@type":"SearchAction","target":{"@type":"EntryPoint","urlTemplate":"https:\/\/www.spb.eu\/pt-pt\/?s={search_term_string}"},"query-input":{"@type":"PropertyValueSpecification","valueRequired":true,"valueName":"search_term_string"}}],"inLanguage":"pt-PT"}]}},"_links":{"self":[{"href":"https:\/\/www.spb.eu\/pt-pt\/wp-json\/wp\/v2\/pages\/1806","targetHints":{"allow":["GET"]}}],"collection":[{"href":"https:\/\/www.spb.eu\/pt-pt\/wp-json\/wp\/v2\/pages"}],"about":[{"href":"https:\/\/www.spb.eu\/pt-pt\/wp-json\/wp\/v2\/types\/page"}],"author":[{"embeddable":true,"href":"https:\/\/www.spb.eu\/pt-pt\/wp-json\/wp\/v2\/users\/1"}],"replies":[{"embeddable":true,"href":"https:\/\/www.spb.eu\/pt-pt\/wp-json\/wp\/v2\/comments?post=1806"}],"version-history":[{"count":2,"href":"https:\/\/www.spb.eu\/pt-pt\/wp-json\/wp\/v2\/pages\/1806\/revisions"}],"predecessor-version":[{"id":2474,"href":"https:\/\/www.spb.eu\/pt-pt\/wp-json\/wp\/v2\/pages\/1806\/revisions\/2474"}],"wp:attachment":[{"href":"https:\/\/www.spb.eu\/pt-pt\/wp-json\/wp\/v2\/media?parent=1806"}],"curies":[{"name":"wp","href":"https:\/\/api.w.org\/{rel}","templated":true}]}}