{"id":1802,"date":"2025-12-16T13:46:30","date_gmt":"2025-12-16T13:46:30","guid":{"rendered":"https:\/\/spb-wordpress-001-gvcsekfkh8cxdcef.francecentral-01.azurewebsites.net\/politica-de-utilizacao-de-cookies\/"},"modified":"2026-02-05T09:25:21","modified_gmt":"2026-02-05T09:25:21","slug":"politica-de-utilizacao-de-cookies","status":"publish","type":"page","link":"https:\/\/www.spb.eu\/pt-pt\/politica-de-utilizacao-de-cookies\/","title":{"rendered":"Pol\u00edtica de utiliza\u00e7\u00e3o de cookies"},"content":{"rendered":"\n<section class=\"block --hero-centered --bg-white align wp-block-acf-hero-centered --first --next--centered-content\" >\n    <div class=\"block__inner\">\n\n        <!-- Title (H1 with icon support) -->\n        <h1 class=\"block__title\">\n            Pol\u00edtica de utiliza\u00e7\u00e3o de cookies        <\/h1>\n\n        <!-- Text Content (optional) -->\n        \n        <!-- CTA Buttons (both optional) -->\n        \n    <\/div>\n<\/section>\n\n<section class=\"block --centered-content --bg-white --text-start align wp-block-acf-centered-content --prev--hero-centered --next--centered-content\">\n    <div class=\"block__inner\">\n\n        <!-- Content container with max-width -->\n        <div class=\"block__content\">\n\n            <!-- Title -->\n            <h2 class=\"block__title\">\n                1. O que \u00e9 um cookie?            <\/h2>\n\n            <!-- Text content (optional) -->\n                            <div class=\"block__text\">\n                    <p>Um \u00abcookie\u00bb (ou rastreador) \u00e9 uma s\u00e9rie de informa\u00e7\u00f5es, geralmente pequenas e identificadas por um nome, que podem ser transmitidas ao navegador do utilizador por um site ao qual ele est\u00e1 conectado. O navegador da web ir\u00e1 mant\u00ea-lo por um determinado per\u00edodo de tempo e ir\u00e1 envi\u00e1-lo de volta ao servidor da web cada vez que o utilizador se reconectar a ele.<\/p>\n<p>Os cookies t\u00eam m\u00faltiplas utiliza\u00e7\u00f5es: podem ser utilizados para armazenar um identificador de cliente para um site comercial, o estado atual de um carrinho de compras, um identificador para rastrear a navega\u00e7\u00e3o para fins estat\u00edsticos ou publicit\u00e1rios, etc.<\/p>\n                <\/div>\n            \n        <\/div>\n\n    <\/div>\n<\/section>\n\n<section class=\"block --centered-content --bg-white --text-start align wp-block-acf-centered-content --prev--centered-content --next--centered-content\">\n    <div class=\"block__inner\">\n\n        <!-- Content container with max-width -->\n        <div class=\"block__content\">\n\n            <!-- Title -->\n            <h2 class=\"block__title\">\n                2. Que tipos de cookies s\u00e3o utilizados pelo site e para que fins?            <\/h2>\n\n            <!-- Text content (optional) -->\n                            <div class=\"block__text\">\n                    <p>Ao visitar o Site, o Site armazena o endere\u00e7o IP do Utilizador e utiliza cookies para facilitar a visita do Utilizador ao site, melhorar a experi\u00eancia do Utilizador e compilar estat\u00edsticas.<br \/>\nOs cookies utilizados no Site s\u00e3o os seguintes:<\/p>\n<p>Cookies estritamente necess\u00e1rios:<\/p>\n<p>Estes cookies n\u00e3o armazenam nenhuma informa\u00e7\u00e3o pessoal identific\u00e1vel. No entanto, s\u00e3o essenciais para permitir a navega\u00e7\u00e3o no Site. Geralmente, s\u00f3 s\u00e3o definidos em resposta a a\u00e7\u00f5es realizadas pelo Utilizador, que equivalem a um pedido de servi\u00e7o, tais como definir prefer\u00eancias de privacidade, iniciar sess\u00e3o ou preencher formul\u00e1rios.<\/p>\n<p>Os cookies de autentica\u00e7\u00e3o e seguran\u00e7a s\u00e3o utilizados, por exemplo, para identificar e reconhecer o Utilizador registado e permitir-lhe aceder ao conte\u00fado ou funcionalidade solicitada.<\/p>\n<p>O Utilizador pode configurar o seu navegador para bloquear ou alert\u00e1-lo sobre a presen\u00e7a desses cookies, mas sem eles, os servi\u00e7os solicitados pelo Utilizador n\u00e3o podem ser fornecidos.<br \/>\nCookies de desempenho:<\/p>\n<p>Estes cookies de an\u00e1lise e pesquisa s\u00e3o utilizados para contar visitas e medir o tr\u00e1fego, a fim de avaliar e melhorar o Site. Estes cookies tamb\u00e9m nos ajudam a saber quais as p\u00e1ginas mais e menos populares e a ver como os visitantes navegam no site, bem como a melhorar o funcionamento do Site e a experi\u00eancia do Utilizador.<\/p>\n<p>Todas as informa\u00e7\u00f5es recolhidas por estes cookies s\u00e3o agregadas e, portanto, an\u00f3nimas.<br \/>\nO Utilizador pode configurar o seu navegador para bloquear ou alert\u00e1-lo sobre a presen\u00e7a desses cookies, e o bloqueio desses cookies n\u00e3o afetar\u00e1 o servi\u00e7o prestado.<\/p>\n<p>O Utilizador \u00e9 informado de que o Site analisa o desempenho do Site atrav\u00e9s do Google Analytics.<\/p>\n<p>As informa\u00e7\u00f5es geradas pelo cookie sobre a utiliza\u00e7\u00e3o do site (incluindo os endere\u00e7os IP dos visitantes) s\u00e3o transmitidas e armazenadas pela Google em servidores nos Estados Unidos. A Google utilizar\u00e1 essas informa\u00e7\u00f5es com o objetivo de avaliar a atividade do site, compilar relat\u00f3rios sobre a atividade do site para o operador do site e fornecer outros servi\u00e7os relacionados com a atividade do site e a utiliza\u00e7\u00e3o da Internet. A Google n\u00e3o transmitir\u00e1 estas informa\u00e7\u00f5es a terceiros, a menos que tal seja exigido por lei ou que esses terceiros ajam em nome da Google e sejam obrigados a manter a confidencialidade. A Google n\u00e3o compara os endere\u00e7os IP dos visitantes com quaisquer outras informa\u00e7\u00f5es na sua posse.<\/p>\n                <\/div>\n            \n        <\/div>\n\n    <\/div>\n<\/section>\n\n<section class=\"block --centered-content --bg-white --text-start align wp-block-acf-centered-content --prev--centered-content --next--centered-content\">\n    <div class=\"block__inner\">\n\n        <!-- Content container with max-width -->\n        <div class=\"block__content\">\n\n            <!-- Title -->\n            <h2 class=\"block__title\">\n                3. Dura\u00e7\u00e3o de armazenamento de um cookie            <\/h2>\n\n            <!-- Text content (optional) -->\n                            <div class=\"block__text\">\n                    <p>Os cookies t\u00eam uma dura\u00e7\u00e3o de 13 meses a partir do dia em que o Utilizador d\u00e1 o seu consentimento para a sua utiliza\u00e7\u00e3o. O Utilizador tem a possibilidade de os remover do seu terminal a qualquer momento, de acordo com os m\u00e9todos descritos no artigo IV abaixo.<\/p>\n                <\/div>\n            \n        <\/div>\n\n    <\/div>\n<\/section>\n\n<section class=\"block --centered-content --bg-white --text-start align wp-block-acf-centered-content --prev--centered-content --next--centered-content\">\n    <div class=\"block__inner\">\n\n        <!-- Content container with max-width -->\n        <div class=\"block__content\">\n\n            <!-- Title -->\n            <h2 class=\"block__title\">\n                4. Configura\u00e7\u00e3o dos cookies            <\/h2>\n\n            <!-- Text content (optional) -->\n                            <div class=\"block__text\">\n                    <p>O Utilizador pode desativar a utiliza\u00e7\u00e3o de cookies a qualquer momento, acedendo ao seu navegador de Internet:<\/p>\n<p>No Internet Explorer: No \u00abMenu\u00bb, clique em \u00abOp\u00e7\u00f5es da Internet\u00bb, depois no separador \u00abConfidencialidade\u00bb e configure os cookies clicando em \u00abSites\u00bb ou \u00abAvan\u00e7ado\u00bb.<br \/>\nNo Microsoft Edge: clique em \u00abMenu\u00bb, depois em \u00abDefini\u00e7\u00f5es\u00bb, depois no separador \u00abCookies e permiss\u00f5es do site\u00bb e aceda \u00e0 sec\u00e7\u00e3o \u00abGerir e eliminar cookies e dados do site\u00bb.<br \/>\nNo Firefox: clique no separador \u00abFerramentas\u00bb, selecione o menu \u00abOp\u00e7\u00f5es\u00bb, escolha \u00abPrivacidade\u00bb e clique em \u00abMostrar cookies\u00bb.<\/p>\n<p>No Google Chrome: clique em \u00abFerramentas\u00bb, selecione \u00abOp\u00e7\u00f5es\u00bb, depois no separador \u00abOp\u00e7\u00f5es avan\u00e7adas\u00bb e aceda \u00e0 sec\u00e7\u00e3o \u00abPrivacidade\u00bb, depois clique no bot\u00e3o \u00abMostrar cookies\u00bb.<br \/>\nNo Safari: v\u00e1 ao menu \u00abEditar\u00bb, depois \u00abPrefer\u00eancias\u00bb, clique em \u00abSeguran\u00e7a\u00bb e \u00abMostrar cookies\u00bb.<\/p>\n                <\/div>\n            \n        <\/div>\n\n    <\/div>\n<\/section>\n\n<section class=\"block --centered-content --bg-white --text-start align wp-block-acf-centered-content --last --prev--centered-content\">\n    <div class=\"block__inner\">\n\n        <!-- Content container with max-width -->\n        <div class=\"block__content\">\n\n            <!-- Title -->\n            <h2 class=\"block__title\">\n                5. Mais informa\u00e7\u00f5es sobre cookies            <\/h2>\n\n            <!-- Text content (optional) -->\n                            <div class=\"block__text\">\n                    <p><a href=\"https:\/\/www.cnil.fr\/fr\/cookies-et-autres-traceurs\" target=\"_blank\" rel=\"noopener\">Sites, cookies e outros rastreadores | CNIL<\/a><\/p>\n                <\/div>\n            \n        <\/div>\n\n    <\/div>\n<\/section>\n","protected":false},"excerpt":{"rendered":"","protected":false},"author":1,"featured_media":0,"parent":0,"menu_order":0,"comment_status":"closed","ping_status":"closed","template":"","meta":{"_acf_changed":false,"footnotes":""},"class_list":["post-1802","page","type-page","status-publish","hentry"],"acf":[],"yoast_head":"<!-- This site is optimized with the Yoast SEO plugin v26.9 - https:\/\/yoast.com\/product\/yoast-seo-wordpress\/ -->\n<title>Pol\u00edtica de cookies | Grupo SPB<\/title>\n<meta name=\"description\" content=\"Saiba como a SPB utiliza cookies para garantir uma navega\u00e7\u00e3o segura, fi\u00e1vel e f\u00e1cil de utilizar.\" \/>\n<meta name=\"robots\" content=\"index, follow, max-snippet:-1, max-image-preview:large, max-video-preview:-1\" \/>\n<link rel=\"canonical\" href=\"https:\/\/www.spb.eu\/pt-pt\/politica-de-utilizacao-de-cookies\/\" \/>\n<meta property=\"og:locale\" content=\"pt_PT\" \/>\n<meta property=\"og:type\" content=\"article\" \/>\n<meta property=\"og:title\" content=\"Pol\u00edtica de cookies | Grupo SPB\" \/>\n<meta property=\"og:description\" content=\"Saiba como a SPB utiliza cookies para garantir uma navega\u00e7\u00e3o segura, fi\u00e1vel e f\u00e1cil de utilizar.\" \/>\n<meta property=\"og:url\" content=\"https:\/\/www.spb.eu\/pt-pt\/politica-de-utilizacao-de-cookies\/\" \/>\n<meta property=\"og:site_name\" content=\"SPB Group - Embedded insurance Creating impact\" \/>\n<meta property=\"article:modified_time\" content=\"2026-02-05T09:25:21+00:00\" \/>\n<meta name=\"twitter:card\" content=\"summary_large_image\" \/>\n<script type=\"application\/ld+json\" class=\"yoast-schema-graph\">{\"@context\":\"https:\/\/schema.org\",\"@graph\":[{\"@type\":\"WebPage\",\"@id\":\"https:\/\/www.spb.eu\/pt-pt\/politica-de-utilizacao-de-cookies\/\",\"url\":\"https:\/\/www.spb.eu\/pt-pt\/politica-de-utilizacao-de-cookies\/\",\"name\":\"Pol\u00edtica de cookies | Grupo SPB\",\"isPartOf\":{\"@id\":\"https:\/\/www.spb.eu\/pt-pt\/#website\"},\"datePublished\":\"2025-12-16T13:46:30+00:00\",\"dateModified\":\"2026-02-05T09:25:21+00:00\",\"description\":\"Saiba como a SPB utiliza cookies para garantir uma navega\u00e7\u00e3o segura, fi\u00e1vel e f\u00e1cil de utilizar.\",\"breadcrumb\":{\"@id\":\"https:\/\/www.spb.eu\/pt-pt\/politica-de-utilizacao-de-cookies\/#breadcrumb\"},\"inLanguage\":\"pt-PT\",\"potentialAction\":[{\"@type\":\"ReadAction\",\"target\":[\"https:\/\/www.spb.eu\/pt-pt\/politica-de-utilizacao-de-cookies\/\"]}]},{\"@type\":\"BreadcrumbList\",\"@id\":\"https:\/\/www.spb.eu\/pt-pt\/politica-de-utilizacao-de-cookies\/#breadcrumb\",\"itemListElement\":[{\"@type\":\"ListItem\",\"position\":1,\"name\":\"Home\",\"item\":\"https:\/\/www.spb.eu\/pt-pt\/\"},{\"@type\":\"ListItem\",\"position\":2,\"name\":\"Pol\u00edtica de utiliza\u00e7\u00e3o de cookies\"}]},{\"@type\":\"WebSite\",\"@id\":\"https:\/\/www.spb.eu\/pt-pt\/#website\",\"url\":\"https:\/\/www.spb.eu\/pt-pt\/\",\"name\":\"SPB Group - Embedded insurance Creating impact\",\"description\":\"\",\"potentialAction\":[{\"@type\":\"SearchAction\",\"target\":{\"@type\":\"EntryPoint\",\"urlTemplate\":\"https:\/\/www.spb.eu\/pt-pt\/?s={search_term_string}\"},\"query-input\":{\"@type\":\"PropertyValueSpecification\",\"valueRequired\":true,\"valueName\":\"search_term_string\"}}],\"inLanguage\":\"pt-PT\"}]}<\/script>\n<!-- \/ Yoast SEO plugin. -->","yoast_head_json":{"title":"Pol\u00edtica de cookies | Grupo SPB","description":"Saiba como a SPB utiliza cookies para garantir uma navega\u00e7\u00e3o segura, fi\u00e1vel e f\u00e1cil de utilizar.","robots":{"index":"index","follow":"follow","max-snippet":"max-snippet:-1","max-image-preview":"max-image-preview:large","max-video-preview":"max-video-preview:-1"},"canonical":"https:\/\/www.spb.eu\/pt-pt\/politica-de-utilizacao-de-cookies\/","og_locale":"pt_PT","og_type":"article","og_title":"Pol\u00edtica de cookies | Grupo SPB","og_description":"Saiba como a SPB utiliza cookies para garantir uma navega\u00e7\u00e3o segura, fi\u00e1vel e f\u00e1cil de utilizar.","og_url":"https:\/\/www.spb.eu\/pt-pt\/politica-de-utilizacao-de-cookies\/","og_site_name":"SPB Group - Embedded insurance Creating impact","article_modified_time":"2026-02-05T09:25:21+00:00","twitter_card":"summary_large_image","schema":{"@context":"https:\/\/schema.org","@graph":[{"@type":"WebPage","@id":"https:\/\/www.spb.eu\/pt-pt\/politica-de-utilizacao-de-cookies\/","url":"https:\/\/www.spb.eu\/pt-pt\/politica-de-utilizacao-de-cookies\/","name":"Pol\u00edtica de cookies | Grupo SPB","isPartOf":{"@id":"https:\/\/www.spb.eu\/pt-pt\/#website"},"datePublished":"2025-12-16T13:46:30+00:00","dateModified":"2026-02-05T09:25:21+00:00","description":"Saiba como a SPB utiliza cookies para garantir uma navega\u00e7\u00e3o segura, fi\u00e1vel e f\u00e1cil de utilizar.","breadcrumb":{"@id":"https:\/\/www.spb.eu\/pt-pt\/politica-de-utilizacao-de-cookies\/#breadcrumb"},"inLanguage":"pt-PT","potentialAction":[{"@type":"ReadAction","target":["https:\/\/www.spb.eu\/pt-pt\/politica-de-utilizacao-de-cookies\/"]}]},{"@type":"BreadcrumbList","@id":"https:\/\/www.spb.eu\/pt-pt\/politica-de-utilizacao-de-cookies\/#breadcrumb","itemListElement":[{"@type":"ListItem","position":1,"name":"Home","item":"https:\/\/www.spb.eu\/pt-pt\/"},{"@type":"ListItem","position":2,"name":"Pol\u00edtica de utiliza\u00e7\u00e3o de cookies"}]},{"@type":"WebSite","@id":"https:\/\/www.spb.eu\/pt-pt\/#website","url":"https:\/\/www.spb.eu\/pt-pt\/","name":"SPB Group - Embedded insurance Creating impact","description":"","potentialAction":[{"@type":"SearchAction","target":{"@type":"EntryPoint","urlTemplate":"https:\/\/www.spb.eu\/pt-pt\/?s={search_term_string}"},"query-input":{"@type":"PropertyValueSpecification","valueRequired":true,"valueName":"search_term_string"}}],"inLanguage":"pt-PT"}]}},"_links":{"self":[{"href":"https:\/\/www.spb.eu\/pt-pt\/wp-json\/wp\/v2\/pages\/1802","targetHints":{"allow":["GET"]}}],"collection":[{"href":"https:\/\/www.spb.eu\/pt-pt\/wp-json\/wp\/v2\/pages"}],"about":[{"href":"https:\/\/www.spb.eu\/pt-pt\/wp-json\/wp\/v2\/types\/page"}],"author":[{"embeddable":true,"href":"https:\/\/www.spb.eu\/pt-pt\/wp-json\/wp\/v2\/users\/1"}],"replies":[{"embeddable":true,"href":"https:\/\/www.spb.eu\/pt-pt\/wp-json\/wp\/v2\/comments?post=1802"}],"version-history":[{"count":1,"href":"https:\/\/www.spb.eu\/pt-pt\/wp-json\/wp\/v2\/pages\/1802\/revisions"}],"predecessor-version":[{"id":1803,"href":"https:\/\/www.spb.eu\/pt-pt\/wp-json\/wp\/v2\/pages\/1802\/revisions\/1803"}],"wp:attachment":[{"href":"https:\/\/www.spb.eu\/pt-pt\/wp-json\/wp\/v2\/media?parent=1802"}],"curies":[{"name":"wp","href":"https:\/\/api.w.org\/{rel}","templated":true}]}}