{"id":1555,"date":"2025-12-16T13:46:22","date_gmt":"2025-12-16T13:46:22","guid":{"rendered":"https:\/\/spb-wordpress-001-gvcsekfkh8cxdcef.francecentral-01.azurewebsites.net\/warunki-korzystania-z-serwisu\/"},"modified":"2026-02-04T10:46:40","modified_gmt":"2026-02-04T10:46:40","slug":"warunki-korzystania-z-serwisu","status":"publish","type":"page","link":"https:\/\/www.spb.eu\/pl\/warunki-korzystania-z-serwisu\/","title":{"rendered":"Warunki korzystania z serwisu"},"content":{"rendered":"\n<section class=\"block --centered-content --bg-white --text-start align wp-block-acf-centered-content --first --next--paragraph --next-diff-bg\">\n    <div class=\"block__inner\">\n\n        <!-- Content container with max-width -->\n        <div class=\"block__content\">\n\n            <!-- Title -->\n            <h2 class=\"block__title\">\n                Warunki korzystania z serwisu            <\/h2>\n\n            <!-- Text content (optional) -->\n                            <div class=\"block__text\">\n                    <p>Witryna internetowa dost\u0119pna pod adresem spb.eu w polskiej wersji j\u0119zykowej (dalej: \u201eWitryna\u201d) jest publikowana i prowadzona przez:<br \/>\nSPB Polska sp. z o.o.<br \/>\nz siedzib\u0105 w Warszawie, ul. Aleje Jerozolimskie 181A, 02-222 Warszawa,<br \/>\nwpisan\u0105 do rejestru przedsi\u0119biorc\u00f3w Krajowego Rejestru S\u0105dowego pod numerem KRS: 0000394130,<br \/>\nposiadaj\u0105c\u0105 numer NIP: 5272663869 oraz REGON: 144873943.<br \/>\nSPB Polska sp. z o.o. jest cz\u0119\u015bci\u0105 mi\u0119dzynarodowej Grupy SPB, kt\u00f3rej podmiotem dominuj\u0105cym jest:<br \/>\nSPB \u2013 Soci\u00e9t\u00e9 par Actions Simplifi\u00e9e<br \/>\nz siedzib\u0105: 71, quai Colbert \u2013 76095 Le Havre Cedex, Francja,<br \/>\nzarejestrowana w Rejestrze Handlowym i Sp\u00f3\u0142ek (RCS Le Havre) pod numerem 305 109 779.<br \/>\n1.\tDefinicje<br \/>\nPoni\u017csze terminy u\u017cyte w niniejszych OWU i pisane wielk\u0105 liter\u0105 nale\u017cy rozumie\u0107 w nast\u0119puj\u0105cy spos\u00f3b, zar\u00f3wno w liczbie pojedynczej, jak i mnogiej, w zale\u017cno\u015bci od kontekstu ich u\u017cycia:<\/p>\n<p>1.1.\tOWU<br \/>\nOznacza niniejsze og\u00f3lne warunki u\u017cytkowania, kt\u00f3re reguluj\u0105 warunki korzystania ze Strony internetowej przez U\u017cytkownika.<\/p>\n<p>1.2.\tTre\u015b\u0107<br \/>\nOdnosi si\u0119 do wszystkich artyku\u0142\u00f3w, zdj\u0119\u0107, ilustracji, plik\u00f3w, kwestionariuszy, funkcji i og\u00f3lnie wszelkich element\u00f3w istniej\u0105cych w Witrynie.<\/p>\n<p>1.3.\tPrzestrze\u0144 u\u017cytkownika<br \/>\nOdnosi si\u0119 do osobistej przestrzeni u\u017cytkownika, do kt\u00f3rej u\u017cytkownik ma dost\u0119p po uwierzytelnieniu si\u0119.<\/p>\n<p>1.4.\tUs\u0142uga<br \/>\nOznacza wszystkie us\u0142ugi oferowane i udost\u0119pniane u\u017cytkownikom w ramach Witryny. Us\u0142ugi s\u0105 \u015bwiadczone za po\u015brednictwem Witryny przez SPB Polska Sp. z o. o lub przez firmy zewn\u0119trzne na ich wy\u0142\u0105czn\u0105 odpowiedzialno\u015b\u0107, co u\u017cytkownik potwierdza i akceptuje.<\/p>\n<p>1.5.\tWitryna<br \/>\nOdnosi si\u0119 do strony internetowej opublikowanej przez SPB Polska Sp. z o. o oraz wszystkich Us\u0142ug i Tre\u015bci, kt\u00f3re udost\u0119pnia ona U\u017cytkownikom.<\/p>\n<p>1.6.\tU\u017cytkownik<br \/>\nOznacza osob\u0119 fizyczn\u0105 maj\u0105c\u0105 dost\u0119p do Witryny.<\/p>\n<p>2.\tKorzystanie z Witryny przez u\u017cytkownika<\/p>\n<p>2.1.\tAkceptacja OWU<br \/>\nDost\u0119p do Strony internetowej i korzystanie z niej przez U\u017cytkownika oznacza, \u017ce zapozna\u0142 si\u0119 on z niniejszymi OWU, akceptuje je bez zastrze\u017ce\u0144 i zobowi\u0105zuje si\u0119 do ich przestrzegania.<br \/>\nWarunki korzystania z serwisu s\u0105 dost\u0119pne pod linkiem \u201eOg\u00f3lne warunki korzystania z serwisu\u201d w serwisie internetowym.<br \/>\nSPB Polska Sp. z o. o zastrzega sobie prawo do zmiany warunk\u00f3w niniejszych OWU w dowolnym momencie. W takim przypadku zmodyfikowane OWU s\u0105 dost\u0119pne pod linkiem \u201eOg\u00f3lne warunki u\u017cytkowania\u201d na stronie internetowej.<\/p>\n<p>Dost\u0119p do Witryny przez U\u017cytkownika oznacza akceptacj\u0119 zmienionych OWU.<\/p>\n<p>2.2.\tDost\u0119p i bezpiecze\u0144stwo<br \/>\nDost\u0119p do Witryny jest nieprzenoszalny i tymczasowy.<\/p>\n<p>2.3.\tZasady korzystania ze strony internetowej<br \/>\nU\u017cytkownik zobowi\u0105zuje si\u0119 korzysta\u0107 ze Strony internetowej w spos\u00f3b uczciwy i rzetelny, zgodnie z jej przeznaczeniem i rol\u0105, z poszanowaniem prawa i zachowaniem \u015bcis\u0142ej poufno\u015bci.<br \/>\nU\u017cytkownik przyjmuje do wiadomo\u015bci i akceptuje, \u017ce przestrzeganie niniejszych OWU jest istotnym warunkiem dalszego dost\u0119pu do Witryny.<\/p>\n<p>SPB Polska Sp. z o. o mo\u017ce cofn\u0105\u0107 dost\u0119p do Witryny lub niekt\u00f3rych jej funkcji bez uprzedzenia i bez obowi\u0105zku wyp\u0142aty jakiegokolwiek odszkodowania U\u017cytkownikowi w przypadku naruszenia przez U\u017cytkownika postanowie\u0144 niniejszych OWU, uniemo\u017cliwiaj\u0105cego utrzymanie dost\u0119pu do Witryny, niezale\u017cnie od wszelkich szk\u00f3d, kt\u00f3rych odszkodowania mo\u017ce dochodzi\u0107 SPB Polska Sp. z o. o..<\/p>\n<p>3.\tOpis funkcjonalno\u015bci i interoperacyjno\u015bci Witryny<br \/>\n3.1.\tG\u0142\u00f3wne cechy:<br \/>\nWitryna internetowa prezentuj\u0105ca aktualno\u015bci dotycz\u0105ce Grupy SPB<\/p>\n<p>3.2.\tFunkcje:<br \/>\nJ\u0119zyk:<br \/>\nWitryna internetowa i instrukcje w j\u0119zyku francuskim i angielskim<br \/>\nIdentyfikowalno\u015b\u0107 danych:<br \/>\nDane osobowe s\u0105 przeznaczone wy\u0142\u0105cznie dla SPB Polska Sp. z o. o. jako administratora danych.<\/p>\n<p>4.\tInteroperacyjno\u015b\u0107:<br \/>\nSprz\u0119t i oprogramowanie:<br \/>\nInternet Explorer 10 lub nowszy (IE 8 i 9 z ograniczeniami), najnowsza stabilna wersja przegl\u0105darki Chrome, najnowsza stabilna wersja przegl\u0105darki Firefox, najnowsza stabilna wersja przegl\u0105darki Safari MacOS, Safari Mobile iOS 7.x i nowsze, Android 4.x i nowsze<\/p>\n<p>5.\tOstrze\u017cenie \/ ograniczenia techniczne<br \/>\nU\u017cytkownik zostaje poinformowany o ograniczeniach i limitach sieci internetowej, w szczeg\u00f3lno\u015bci w zakresie:<br \/>\nprzesy\u0142ania danych i ewentualnych narusze\u0144 bezpiecze\u0144stwa danych;<br \/>\nbraku gwarancji ci\u0105g\u0142o\u015bci dost\u0119pu do Witryny lub r\u00f3\u017cnych us\u0142ug oferowanych przez Witryn\u0119;<br \/>\nogranicze\u0144 technicznych, kt\u00f3re nie podlegaj\u0105 kontroli i odpowiedzialno\u015bci SPB Polska Sp. z o. o.<br \/>\nW \u017cadnym wypadku SPB Polska Sp. z o. o nie ponosi odpowiedzialno\u015bci za te ryzyka i ich konsekwencje, kt\u00f3re mog\u0105 by\u0107 szkodliwe dla U\u017cytkownika, niezale\u017cnie od ich zakresu.<br \/>\nU\u017cytkownik jest odpowiedzialny za podj\u0119cie wszelkich odpowiednich \u015brodk\u00f3w w celu ochrony swoich danych, oprogramowania i sprz\u0119tu przed zara\u017ceniem wirusami lub innymi formami atak\u00f3w, kt\u00f3re mog\u0105 kr\u0105\u017cy\u0107 w Witrynie.<\/p>\n<p>U\u017cytkownik nie mo\u017ce wykorzystywa\u0107 \u017cadnych trudno\u015bci w dost\u0119pie do Witryny w celu uzyskania dost\u0119pu do informacji lub us\u0142ug z naruszeniem niniejszych OWU.<br \/>\nMog\u0105 by\u0107 udost\u0119pniane linki do innych aplikacji, stron internetowych lub innych medi\u00f3w spo\u0142eczno\u015bciowych lub us\u0142ug \u015bwiadczonych przez firmy zewn\u0119trzne na rzecz SPB Polska Sp. z o. o. SPB Polska Sp. z o. o nie ponosi odpowiedzialno\u015bci, je\u015bli tre\u015b\u0107 tych innych aplikacji, stron internetowych lub medi\u00f3w spo\u0142eczno\u015bciowych lub us\u0142ug narusza prawa os\u00f3b trzecich lub obowi\u0105zuj\u0105ce przepisy prawne lub regulacyjne. Te inne aplikacje, strony internetowe lub inne media spo\u0142eczno\u015bciowe lub us\u0142ugi s\u0105 udost\u0119pniane na wy\u0142\u0105czn\u0105 odpowiedzialno\u015b\u0107 firm, kt\u00f3re je publikuj\u0105, co U\u017cytkownik wyra\u017anie potwierdza i akceptuje.<\/p>\n<p>U\u017cytkownik jest informowany o zawodno\u015bci sieci internetowej, zw\u0142aszcza w zakresie wzgl\u0119dnego bezpiecze\u0144stwa transmisji danych, niegwarantowanej ci\u0105g\u0142o\u015bci dost\u0119pu do Witryny, niegwarantowanej wydajno\u015bci pod wzgl\u0119dem obj\u0119to\u015bci i szybko\u015bci transmisji danych oraz rozprzestrzeniania si\u0119 wirus\u00f3w.<\/p>\n<p>W zwi\u0105zku z tym SPB Polska Sp. z o. o nie ponosi odpowiedzialno\u015bci za szkody wynikaj\u0105ce z wirus\u00f3w wszelkiego rodzaju, b\u0142\u0119d\u00f3w lub program\u00f3w lub aplikacji, kt\u00f3re s\u0105 niezgodne z infrastruktur\u0105 u\u017cywan\u0105 przez U\u017cytkownika, ani za szkody poniesione przez U\u017cytkownika w wyniku awarii, przerwy w konserwacji, problem\u00f3w technicznych, przerwy w dzia\u0142aniu sieci telefonicznej lub sieci telekomunikacyjnych, przeci\u0105\u017cenia, zaniedbania lub winy osoby trzeciej lub U\u017cytkownika, lub niezgodno\u015bci konfiguracji komputera U\u017cytkownika.<br \/>\nU\u017cytkownik jest odpowiedzialny za wdro\u017cenie rozwi\u0105zania i \u015brodk\u00f3w bezpiecze\u0144stwa w swoim komputerze, aby zapobiec rozprzestrzenianiu si\u0119 wirus\u00f3w.<\/p>\n<p>U\u017cytkownik jest odpowiedzialny za sprawdzenie, czy us\u0142ugi i tre\u015bci oferowane za po\u015brednictwem Witryny s\u0105 odpowiednie dla jego potrzeb. U\u017cytkownik ponosi wy\u0142\u0105czn\u0105 odpowiedzialno\u015b\u0107 za wszelkie decyzje podj\u0119te na podstawie informacji zawartych w Tre\u015bciach lub Us\u0142ugach oferowanych za po\u015brednictwem Witryny.<\/p>\n<p>6.\tOdpowiedzialno\u015b\u0107<br \/>\n6.1.\t Odpowiedzialno\u015b\u0107 u\u017cytkownika<br \/>\nU\u017cytkownik ponosi pe\u0142n\u0105 i osobist\u0105 odpowiedzialno\u015b\u0107 za korzystanie z Witryny zgodnie z warunkami prawa powszechnego.<\/p>\n<p>U\u017cytkownik jest odpowiedzialny za korzystanie z Witryny zgodnie z obowi\u0105zuj\u0105cymi przepisami prawa i regulacjami oraz zgodnie z postanowieniami niniejszych OWU.<\/p>\n<p>6.2.\tOdpowiedzialno\u015b\u0107 SPB<br \/>\nSPB Polska sp. z o.o. nie ponosi odpowiedzialno\u015bci za jakiekolwiek szkody, w tym szkody bezpo\u015brednie lub po\u015brednie, wynikaj\u0105ce z korzystania z Witryny lub z niemo\u017cno\u015bci jej wykorzystania, z zastrze\u017ceniem bezwzgl\u0119dnie obowi\u0105zuj\u0105cych przepis\u00f3w prawa.<\/p>\n<p>U\u017cytkownik powinien ka\u017cdorazowo oceni\u0107, czy Tre\u015bci oraz funkcjonalno\u015bci udost\u0119pniane w Witrynie s\u0105 odpowiednie dla jego potrzeb, oraz korzysta\u0107 z Witryny zgodnie z jej przeznaczeniem i w normalnych warunkach technicznych.<\/p>\n<p>SPB Polska sp. z o.o. nie ponosi odpowiedzialno\u015bci za tre\u015bci, dane ani informacje wprowadzane do Witryny przez U\u017cytkownika, kt\u00f3re pozostaj\u0105 pod jego wy\u0142\u0105czn\u0105 kontrol\u0105 i odpowiedzialno\u015bci\u0105. SPB Polska sp. z o.o. nie jest zobowi\u0105zana do weryfikowania prawdziwo\u015bci, kompletno\u015bci ani aktualno\u015bci danych wprowadzanych przez U\u017cytkownika.<\/p>\n<p>U\u017cytkownik przyjmuje do wiadomo\u015bci, \u017ce SPB Polska sp. z o.o. nie ponosi odpowiedzialno\u015bci za szkody wynikaj\u0105ce w szczeg\u00f3lno\u015bci z:<\/p>\n<p>\u2013 korzystania przez U\u017cytkownika z Tre\u015bci udost\u0119pnionych w Witrynie, w tym z ich interpretacji lub sposobu wykorzystania;<\/p>\n<p>\u2013 wprowadzenia przez U\u017cytkownika danych nieprawdziwych, niekompletnych lub b\u0142\u0119dnych.<br \/>\nSPB Polska sp. z o.o. nie ponosi odpowiedzialno\u015bci za niewykonanie lub nienale\u017cyte wykonanie zobowi\u0105za\u0144 wynikaj\u0105cych z niniejszych Warunk\u00f3w, je\u017celi jest ono nast\u0119pstwem zdarze\u0144 pozostaj\u0105cych poza jej kontrol\u0105, w tym przypadk\u00f3w si\u0142y wy\u017cszej w rozumieniu przepis\u00f3w Kodeksu cywilnego.<\/p>\n<p>Na czas trwania zdarze\u0144 stanowi\u0105cych si\u0142\u0119 wy\u017csz\u0105 wykonywanie zobowi\u0105za\u0144 wynikaj\u0105cych z niniejszych Warunk\u00f3w ulega zawieszeniu, a terminy ich realizacji ulegaj\u0105 odpowiedniemu przed\u0142u\u017ceniu. SPB Polska sp. z o.o. do\u0142o\u017cy nale\u017cytej staranno\u015bci w celu usuni\u0119cia skutk\u00f3w dzia\u0142ania si\u0142y wy\u017cszej lub ograniczenia jej wp\u0142ywu na funkcjonowanie Witryny. W powy\u017cszym zakresie zastosowanie znajd\u0105 odpowiednie przepisy kodeksu cywilnego.<\/p>\n<p>7.\tOgraniczenia odpowiedzialno\u015bci dotycz\u0105ce Witryny<br \/>\nInformacje zawarte na Stronie internetowej maj\u0105 charakter wy\u0142\u0105cznie og\u00f3lny i dokumentacyjny. SPB Polska Sp. z o. o nie ponosi \u017cadnej odpowiedzialno\u015bci za wykorzystanie i interpretacj\u0119 informacji opublikowanych na Stronie internetowej oraz za ewentualne konsekwencje tego wykorzystania i interpretacji.<\/p>\n<p>Nale\u017cy zaznaczy\u0107, \u017ce SPB Polska Sp. z o. o nie ponosi odpowiedzialno\u015bci za bezpo\u015brednie lub po\u015brednie szkody, materialne lub niematerialne, wynikaj\u0105ce z korzystania ze Strony internetowej lub niemo\u017cno\u015bci uzyskania do niej dost\u0119pu, lub z awarii, przerwy w dzia\u0142aniu, wirusa lub problemu z po\u0142\u0105czeniem lub systemem, dzia\u0142a\u0144 os\u00f3b trzecich, przypadk\u00f3w si\u0142y wy\u017cszej lub nieprzewidzianych zdarze\u0144, uniemo\u017cliwiaj\u0105cych dost\u0119p do Strony internetowej lub jednej z jej funkcji.<\/p>\n<p>U\u017cytkownik ponosi wy\u0142\u0105czn\u0105 odpowiedzialno\u015b\u0107 za sprz\u0119t u\u017cywany do \u0142\u0105czenia si\u0119 z Witryn\u0105. Musi on podj\u0105\u0107 wszelkie odpowiednie \u015brodki w celu ochrony swojego sprz\u0119tu i danych, w szczeg\u00f3lno\u015bci w przypadku atak\u00f3w wirus\u00f3w przez Internet. U\u017cytkownik ponosi r\u00f3wnie\u017c wy\u0142\u0105czn\u0105 odpowiedzialno\u015b\u0107 za strony internetowe i dane, z kt\u00f3rych korzysta.<\/p>\n<p>SPB Polska Sp. z o. o nie ponosi odpowiedzialno\u015bci za jakiekolwiek post\u0119powania prawne przeciwko U\u017cytkownikowi:<br \/>\n\u2013 w wyniku korzystania ze Strony internetowej lub jakiejkolwiek us\u0142ugi dost\u0119pnej za po\u015brednictwem Internetu;<br \/>\n\u2013 w wyniku nieprzestrzegania niniejszych OWU.<\/p>\n<p>SPB Polska Sp. z o. o nie ponosi odpowiedzialno\u015bci za jakiekolwiek szkody wyrz\u0105dzone U\u017cytkownikowi, osobom trzecim i\/lub ich sprz\u0119towi w wyniku po\u0142\u0105czenia si\u0119 ze Stron\u0105 internetow\u0105 lub korzystania z niej.<\/p>\n<p>8.\tPrawa w\u0142asno\u015bci intelektualnej<\/p>\n<p>8.1.\tTre\u015bci i us\u0142ugi Witryny<br \/>\nWszystkie tre\u015bci i us\u0142ugi dost\u0119pne za po\u015brednictwem Witryny internetowej s\u0105 chronione prawami w\u0142asno\u015bci intelektualnej, w szczeg\u00f3lno\u015bci prawami autorskimi oraz prawami do znak\u00f3w towarowych. Prawa te przys\u0142uguj\u0105 SPB Polska sp. z o.o., podmiotom z Grupy SPB lub s\u0105 wykorzystywane przez SPB Polska sp. z o.o. na podstawie stosownych uprawnie\u0144 lub licencji.<\/p>\n<p>Tre\u015bci i Us\u0142ugi przeznaczone s\u0105 wy\u0142\u0105cznie do cel\u00f3w informacyjnych oraz do osobistego, niekomercyjnego u\u017cytku U\u017cytkownika. U\u017cytkownikowi przys\u0142uguje niewy\u0142\u0105czne, nieprzenoszalne i odwo\u0142alne prawo do korzystania z Witryny w zakresie dozwolonego u\u017cytku osobistego.<br \/>\nO ile Wydawca nie wyrazi uprzedniej pisemnej zgody, zabronione jest w szczeg\u00f3lno\u015bci:<br \/>\n\u2013 utrwalanie, zwielokrotnianie, kopiowanie, rozpowszechnianie, publiczne udost\u0119pnianie lub rozpowszechnianie w jakiejkolwiek formie ca\u0142o\u015bci lub cz\u0119\u015bci Tre\u015bci lub Us\u0142ug;<br \/>\n\u2013 modyfikowanie, adaptowanie, t\u0142umaczenie, dekompilowanie lub tworzenie utwor\u00f3w zale\u017cnych;<br \/>\n\u2013 wykorzystywanie Tre\u015bci lub Us\u0142ug do cel\u00f3w komercyjnych;<br \/>\n\u2013 podejmowanie dzia\u0142a\u0144 naruszaj\u0105cych integralno\u015b\u0107 Witryny lub jej polityk\u0119 redakcyjn\u0105.<br \/>\nNaruszenie powy\u017cszych zasad stanowi naruszenie przepis\u00f3w ustawy z dnia 4 lutego 1994 r. o prawie autorskim i prawach pokrewnych (Dz.U. 1994 nr 24 poz. 83 z p\u00f3\u017an. zm.), w szczeg\u00f3lno\u015bci art. 16, art. 17, art. 18 oraz art. 79 tej ustawy, a tak\u017ce przepis\u00f3w ustawy z dnia 30 czerwca 2000 r. \u2013 Prawo w\u0142asno\u015bci przemys\u0142owej (Dz.U. 2001 nr 49 poz. 508 z p\u00f3\u017an. zm.).<\/p>\n<p>8.2.\t Bazy danych<br \/>\nZgodnie z przepisami dotycz\u0105cymi ochrony baz danych, SPB Polska Sp. z o. o jest producentem i w\u0142a\u015bcicielem ca\u0142o\u015bci lub cz\u0119\u015bci baz danych tworz\u0105cych Witryn\u0119.<br \/>\nUzyskuj\u0105c dost\u0119p do niniejszej Witryny internetowej, U\u017cytkownik przyjmuje do wiadomo\u015bci, \u017ce zawarte w niej dane s\u0105 prawnie chronione; U\u017cytkownikowi zabrania si\u0119 w szczeg\u00f3lno\u015bci wyodr\u0119bniania, ponowne wykorzystywanie, przechowywanie, reprodukowanie, przedstawianie lub zachowywanie, bezpo\u015brednio lub po\u015brednio, na jakimkolwiek no\u015bniku, w jakikolwiek spos\u00f3b i w jakiejkolwiek formie, ca\u0142o\u015bci lub cz\u0119\u015bci tre\u015bci baz danych o znaczeniu jako\u015bciowym lub ilo\u015bciowym, pojawiaj\u0105cych si\u0119 w Witrynie internetowej, do kt\u00f3rej ma dost\u0119p, a tak\u017ce wielokrotne i systematyczne wyodr\u0119bnianie lub ponowne wykorzystywanie cz\u0119\u015bci tre\u015bci o znaczeniu jako\u015bciowym lub ilo\u015bciowym, gdy operacje te wyra\u017anie wykraczaj\u0105 poza normalne warunki.<\/p>\n<p>8.3.\tB Znaki towarowe i znaki wyr\u00f3\u017cniaj\u0105ce<br \/>\nO ile nie okre\u015blono inaczej, wszystkie znaki towarowe u\u017cywane w Witrynie s\u0105 w\u0142asno\u015bci\u0105 SPB Polska Sp. z o. o lub jej partner\u00f3w.<br \/>\nO ile nie zosta\u0142o to wyra\u017anie wcze\u015bniej zatwierdzone przez SPB Polska Sp. z o. o. i\/lub jej partner\u00f3w, ka\u017cde u\u017cycie tego znaku towarowego i wszelkich innych znak\u00f3w towarowych, graficznych lub nie, wy\u015bwietlanych i nale\u017c\u0105cych do SPB lub os\u00f3b trzecich, nara\u017ca U\u017cytkownika na post\u0119powanie s\u0105dowe.<\/p>\n<p>9.\tPliki cookie<br \/>\nInformacje na temat plik\u00f3w cookie wykorzystywanych w Witrynie internetowej znajduj\u0105 si\u0119 w Polityce prywatno\u015bci.<\/p>\n<p>10.\tHiper\u0142\u0105cza<br \/>\nWszelkie informacje dost\u0119pne za po\u015brednictwem link\u00f3w do innych stron nie podlegaj\u0105 kontroli SPB Polska Sp. z o. o, kt\u00f3re nie ponosi \u017cadnej odpowiedzialno\u015bci za ich tre\u015b\u0107.<\/p>\n<p>11.\tDane osobowe u\u017cytkownika<br \/>\nAdministratorem danych osobowych U\u017cytkownik\u00f3w korzystaj\u0105cych z Witryny jest SPB Polska sp. z o.o..<br \/>\nDane osobowe s\u0105 przetwarzane zgodnie z:<br \/>\n\u2022\tRozporz\u0105dzeniem Parlamentu Europejskiego i Rady (UE) 2016\/679 (RODO),<br \/>\n\u2022\tobowi\u0105zuj\u0105cymi przepisami prawa polskiego.<br \/>\nSzczeg\u00f3\u0142owe informacje dotycz\u0105ce przetwarzania danych osobowych znajduj\u0105 si\u0119 w Polityce prywatno\u015bci dost\u0119pnej w Witrynie.<br \/>\n12.\tSkargi \u2013 rozstrzyganie spor\u00f3w<br \/>\nW przypadku reklamacji U\u017cytkownik mo\u017ce skontaktowa\u0107 si\u0119 z SPB Polska Sp. z o. o.:<br \/>\npoczt\u0105 tradycyjn\u0105: Aleje Jerozolimskie 181A, 02-222 Warszawa.<br \/>\nNiniejsze Warunki podlegaj\u0105 prawu polskiemu.<br \/>\nWszelkie spory wynikaj\u0105ce z korzystania z Witryny b\u0119d\u0105 rozstrzygane przez w\u0142a\u015bciwe s\u0105dy powszechne Rzeczypospolitej Polskiej.<\/p>\n<p>13.\tOrgan nadzorczy<br \/>\nOrganem nadzorczym SPB Polska Sp. z o. o. jest:<br \/>\nKomisja Nadzoru Finansowego<br \/>\nul. Pi\u0119kna 20<br \/>\n00-549 Warszawa<br \/>\nwww.knf.gov.pl<\/p>\n                <\/div>\n            \n        <\/div>\n\n    <\/div>\n<\/section>\n\n<p class=\"--last --prev--centered-content --prev-diff-bg\"><\/p>\n","protected":false},"excerpt":{"rendered":"","protected":false},"author":1,"featured_media":0,"parent":0,"menu_order":0,"comment_status":"closed","ping_status":"closed","template":"","meta":{"_acf_changed":false,"footnotes":""},"class_list":["post-1555","page","type-page","status-publish","hentry"],"acf":[],"yoast_head":"<!-- This site is optimized with the Yoast SEO plugin v26.9 - https:\/\/yoast.com\/product\/yoast-seo-wordpress\/ -->\n<title>Warunki \u015bwiadczenia us\u0142ug | Grupa SPB<\/title>\n<meta name=\"description\" content=\"Zapoznaj si\u0119 z warunkami \u015bwiadczenia us\u0142ug SPB, aby zrozumie\u0107 zasady korzystania z naszych rozwi\u0105za\u0144.\" \/>\n<meta name=\"robots\" content=\"index, follow, max-snippet:-1, max-image-preview:large, max-video-preview:-1\" \/>\n<link rel=\"canonical\" href=\"https:\/\/www.spb.eu\/pl\/warunki-korzystania-z-serwisu\/\" \/>\n<meta property=\"og:locale\" content=\"pl_PL\" \/>\n<meta property=\"og:type\" content=\"article\" \/>\n<meta property=\"og:title\" content=\"Warunki \u015bwiadczenia us\u0142ug | Grupa SPB\" \/>\n<meta property=\"og:description\" content=\"Zapoznaj si\u0119 z warunkami \u015bwiadczenia us\u0142ug SPB, aby zrozumie\u0107 zasady korzystania z naszych rozwi\u0105za\u0144.\" \/>\n<meta property=\"og:url\" content=\"https:\/\/www.spb.eu\/pl\/warunki-korzystania-z-serwisu\/\" \/>\n<meta property=\"og:site_name\" content=\"SPB Group - Embedded insurance Creating impact\" \/>\n<meta property=\"article:modified_time\" content=\"2026-02-04T10:46:40+00:00\" \/>\n<meta name=\"twitter:card\" content=\"summary_large_image\" \/>\n<script type=\"application\/ld+json\" class=\"yoast-schema-graph\">{\"@context\":\"https:\/\/schema.org\",\"@graph\":[{\"@type\":\"WebPage\",\"@id\":\"https:\/\/www.spb.eu\/pl\/warunki-korzystania-z-serwisu\/\",\"url\":\"https:\/\/www.spb.eu\/pl\/warunki-korzystania-z-serwisu\/\",\"name\":\"Warunki \u015bwiadczenia us\u0142ug | Grupa SPB\",\"isPartOf\":{\"@id\":\"https:\/\/www.spb.eu\/pl\/#website\"},\"datePublished\":\"2025-12-16T13:46:22+00:00\",\"dateModified\":\"2026-02-04T10:46:40+00:00\",\"description\":\"Zapoznaj si\u0119 z warunkami \u015bwiadczenia us\u0142ug SPB, aby zrozumie\u0107 zasady korzystania z naszych rozwi\u0105za\u0144.\",\"breadcrumb\":{\"@id\":\"https:\/\/www.spb.eu\/pl\/warunki-korzystania-z-serwisu\/#breadcrumb\"},\"inLanguage\":\"pl-PL\",\"potentialAction\":[{\"@type\":\"ReadAction\",\"target\":[\"https:\/\/www.spb.eu\/pl\/warunki-korzystania-z-serwisu\/\"]}]},{\"@type\":\"BreadcrumbList\",\"@id\":\"https:\/\/www.spb.eu\/pl\/warunki-korzystania-z-serwisu\/#breadcrumb\",\"itemListElement\":[{\"@type\":\"ListItem\",\"position\":1,\"name\":\"Home\",\"item\":\"https:\/\/www.spb.eu\/pl\/\"},{\"@type\":\"ListItem\",\"position\":2,\"name\":\"Warunki korzystania z serwisu\"}]},{\"@type\":\"WebSite\",\"@id\":\"https:\/\/www.spb.eu\/pl\/#website\",\"url\":\"https:\/\/www.spb.eu\/pl\/\",\"name\":\"SPB Group - Embedded insurance Creating impact\",\"description\":\"\",\"potentialAction\":[{\"@type\":\"SearchAction\",\"target\":{\"@type\":\"EntryPoint\",\"urlTemplate\":\"https:\/\/www.spb.eu\/pl\/?s={search_term_string}\"},\"query-input\":{\"@type\":\"PropertyValueSpecification\",\"valueRequired\":true,\"valueName\":\"search_term_string\"}}],\"inLanguage\":\"pl-PL\"}]}<\/script>\n<!-- \/ Yoast SEO plugin. -->","yoast_head_json":{"title":"Warunki \u015bwiadczenia us\u0142ug | Grupa SPB","description":"Zapoznaj si\u0119 z warunkami \u015bwiadczenia us\u0142ug SPB, aby zrozumie\u0107 zasady korzystania z naszych rozwi\u0105za\u0144.","robots":{"index":"index","follow":"follow","max-snippet":"max-snippet:-1","max-image-preview":"max-image-preview:large","max-video-preview":"max-video-preview:-1"},"canonical":"https:\/\/www.spb.eu\/pl\/warunki-korzystania-z-serwisu\/","og_locale":"pl_PL","og_type":"article","og_title":"Warunki \u015bwiadczenia us\u0142ug | Grupa SPB","og_description":"Zapoznaj si\u0119 z warunkami \u015bwiadczenia us\u0142ug SPB, aby zrozumie\u0107 zasady korzystania z naszych rozwi\u0105za\u0144.","og_url":"https:\/\/www.spb.eu\/pl\/warunki-korzystania-z-serwisu\/","og_site_name":"SPB Group - Embedded insurance Creating impact","article_modified_time":"2026-02-04T10:46:40+00:00","twitter_card":"summary_large_image","schema":{"@context":"https:\/\/schema.org","@graph":[{"@type":"WebPage","@id":"https:\/\/www.spb.eu\/pl\/warunki-korzystania-z-serwisu\/","url":"https:\/\/www.spb.eu\/pl\/warunki-korzystania-z-serwisu\/","name":"Warunki \u015bwiadczenia us\u0142ug | Grupa SPB","isPartOf":{"@id":"https:\/\/www.spb.eu\/pl\/#website"},"datePublished":"2025-12-16T13:46:22+00:00","dateModified":"2026-02-04T10:46:40+00:00","description":"Zapoznaj si\u0119 z warunkami \u015bwiadczenia us\u0142ug SPB, aby zrozumie\u0107 zasady korzystania z naszych rozwi\u0105za\u0144.","breadcrumb":{"@id":"https:\/\/www.spb.eu\/pl\/warunki-korzystania-z-serwisu\/#breadcrumb"},"inLanguage":"pl-PL","potentialAction":[{"@type":"ReadAction","target":["https:\/\/www.spb.eu\/pl\/warunki-korzystania-z-serwisu\/"]}]},{"@type":"BreadcrumbList","@id":"https:\/\/www.spb.eu\/pl\/warunki-korzystania-z-serwisu\/#breadcrumb","itemListElement":[{"@type":"ListItem","position":1,"name":"Home","item":"https:\/\/www.spb.eu\/pl\/"},{"@type":"ListItem","position":2,"name":"Warunki korzystania z serwisu"}]},{"@type":"WebSite","@id":"https:\/\/www.spb.eu\/pl\/#website","url":"https:\/\/www.spb.eu\/pl\/","name":"SPB Group - Embedded insurance Creating impact","description":"","potentialAction":[{"@type":"SearchAction","target":{"@type":"EntryPoint","urlTemplate":"https:\/\/www.spb.eu\/pl\/?s={search_term_string}"},"query-input":{"@type":"PropertyValueSpecification","valueRequired":true,"valueName":"search_term_string"}}],"inLanguage":"pl-PL"}]}},"_links":{"self":[{"href":"https:\/\/www.spb.eu\/pl\/wp-json\/wp\/v2\/pages\/1555","targetHints":{"allow":["GET"]}}],"collection":[{"href":"https:\/\/www.spb.eu\/pl\/wp-json\/wp\/v2\/pages"}],"about":[{"href":"https:\/\/www.spb.eu\/pl\/wp-json\/wp\/v2\/types\/page"}],"author":[{"embeddable":true,"href":"https:\/\/www.spb.eu\/pl\/wp-json\/wp\/v2\/users\/1"}],"replies":[{"embeddable":true,"href":"https:\/\/www.spb.eu\/pl\/wp-json\/wp\/v2\/comments?post=1555"}],"version-history":[{"count":1,"href":"https:\/\/www.spb.eu\/pl\/wp-json\/wp\/v2\/pages\/1555\/revisions"}],"predecessor-version":[{"id":1556,"href":"https:\/\/www.spb.eu\/pl\/wp-json\/wp\/v2\/pages\/1555\/revisions\/1556"}],"wp:attachment":[{"href":"https:\/\/www.spb.eu\/pl\/wp-json\/wp\/v2\/media?parent=1555"}],"curies":[{"name":"wp","href":"https:\/\/api.w.org\/{rel}","templated":true}]}}