{"id":1547,"date":"2025-12-16T13:46:10","date_gmt":"2025-12-16T13:46:10","guid":{"rendered":"https:\/\/spb-wordpress-001-gvcsekfkh8cxdcef.francecentral-01.azurewebsites.net\/informacje-prawne\/"},"modified":"2026-02-09T10:32:48","modified_gmt":"2026-02-09T10:32:48","slug":"informacje-prawne","status":"publish","type":"page","link":"https:\/\/www.spb.eu\/pl\/informacje-prawne\/","title":{"rendered":"Informacje prawne"},"content":{"rendered":"\n<section class=\"block --centered-content --bg-white --text-start align wp-block-acf-centered-content --first --last\">\n    <div class=\"block__inner\">\n\n        <!-- Content container with max-width -->\n        <div class=\"block__content\">\n\n            <!-- Title -->\n            <h2 class=\"block__title\">\n                Informacje prawne            <\/h2>\n\n            <!-- Text content (optional) -->\n                            <div class=\"block__text\">\n                    <p>INFORMACJE PRAWNE \u2013 WYDAWCA STRONY (WERSJA POLSKA)<br \/>\nWydawc\u0105 polskiej wersji j\u0119zykowej serwisu spb.eu jest SPB Polska sp. z o.o., z siedzib\u0105 w Warszawie (al. Aleje Jerozolimskie 181A, 02-222 Warszawa), wpisana do rejestru przedsi\u0119biorc\u00f3w KRS pod nr 0000394130, NIP 5272663869, REGON 144873943.<br \/>\nKontakt:<br \/>\nINFORMACJA O GRUPIE SPB<br \/>\nSPB (Soci\u00e9t\u00e9 par Actions Simplifi\u00e9e) jest sp\u00f3\u0142k\u0105 z siedzib\u0105 we Francji (71, quai Colbert \u2013 76095 Le Havre Cedex) i pe\u0142ni funkcj\u0119 podmiotu dominuj\u0105cego w Grupie SPB.<br \/>\nSp\u00f3\u0142ka SPB (Francja) jest zarejestrowana w RCS Le Havre pod numerem 305 109 779 oraz w ORIAS pod numerem 07 002 642 jako broker ubezpieczeniowy.<br \/>\nSPB (Francja) dzia\u0142a pod nadzorem Autorit\u00e9 de Contr\u00f4le Prudentiel et de R\u00e9solution (ACPR).<br \/>\nHOSTING<br \/>\nSerwis jest hostowany przez: Microsoft we Francji<br \/>\nUWAGA DOTYCZ\u0104CA ZAKRESU<br \/>\nNiniejsza informacja dotyczy wy\u0142\u0105cznie polskiej wersji j\u0119zykowej serwisu. Szczeg\u00f3\u0142owe zasady przetwarzania danych osobowych i wykorzystywania plik\u00f3w cookies opisano w Polityce prywatno\u015bci oraz Polityce cookies.<\/p>\n                <\/div>\n            \n        <\/div>\n\n    <\/div>\n<\/section>\n","protected":false},"excerpt":{"rendered":"","protected":false},"author":1,"featured_media":0,"parent":0,"menu_order":0,"comment_status":"closed","ping_status":"closed","template":"","meta":{"_acf_changed":false,"footnotes":""},"class_list":["post-1547","page","type-page","status-publish","hentry"],"acf":[],"yoast_head":"<!-- This site is optimized with the Yoast SEO plugin v26.9 - https:\/\/yoast.com\/product\/yoast-seo-wordpress\/ -->\n<title>Informacje prawne | SPB Group<\/title>\n<meta name=\"description\" content=\"Uzyskaj dost\u0119p do informacji prawnych SPB, w tym danych korporacyjnych, informacji regulacyjnych i zobowi\u0105za\u0144 dotycz\u0105cych zgodno\u015bci, zapewniaj\u0105cych przejrzyste i bezpieczne korzystanie z naszych us\u0142ug.\" \/>\n<meta name=\"robots\" content=\"index, follow, max-snippet:-1, max-image-preview:large, max-video-preview:-1\" \/>\n<link rel=\"canonical\" href=\"https:\/\/www.spb.eu\/pl\/informacje-prawne\/\" \/>\n<meta property=\"og:locale\" content=\"pl_PL\" \/>\n<meta property=\"og:type\" content=\"article\" \/>\n<meta property=\"og:title\" content=\"Informacje prawne | SPB Group\" \/>\n<meta property=\"og:description\" content=\"Uzyskaj dost\u0119p do informacji prawnych SPB, w tym danych korporacyjnych, informacji regulacyjnych i zobowi\u0105za\u0144 dotycz\u0105cych zgodno\u015bci, zapewniaj\u0105cych przejrzyste i bezpieczne korzystanie z naszych us\u0142ug.\" \/>\n<meta property=\"og:url\" content=\"https:\/\/www.spb.eu\/pl\/informacje-prawne\/\" \/>\n<meta property=\"og:site_name\" content=\"SPB Group - Embedded insurance Creating impact\" \/>\n<meta property=\"article:modified_time\" content=\"2026-02-09T10:32:48+00:00\" \/>\n<meta name=\"twitter:card\" content=\"summary_large_image\" \/>\n<script type=\"application\/ld+json\" class=\"yoast-schema-graph\">{\"@context\":\"https:\/\/schema.org\",\"@graph\":[{\"@type\":\"WebPage\",\"@id\":\"https:\/\/www.spb.eu\/pl\/informacje-prawne\/\",\"url\":\"https:\/\/www.spb.eu\/pl\/informacje-prawne\/\",\"name\":\"Informacje prawne | SPB Group\",\"isPartOf\":{\"@id\":\"https:\/\/www.spb.eu\/pl\/#website\"},\"datePublished\":\"2025-12-16T13:46:10+00:00\",\"dateModified\":\"2026-02-09T10:32:48+00:00\",\"description\":\"Uzyskaj dost\u0119p do informacji prawnych SPB, w tym danych korporacyjnych, informacji regulacyjnych i zobowi\u0105za\u0144 dotycz\u0105cych zgodno\u015bci, zapewniaj\u0105cych przejrzyste i bezpieczne korzystanie z naszych us\u0142ug.\",\"breadcrumb\":{\"@id\":\"https:\/\/www.spb.eu\/pl\/informacje-prawne\/#breadcrumb\"},\"inLanguage\":\"pl-PL\",\"potentialAction\":[{\"@type\":\"ReadAction\",\"target\":[\"https:\/\/www.spb.eu\/pl\/informacje-prawne\/\"]}]},{\"@type\":\"BreadcrumbList\",\"@id\":\"https:\/\/www.spb.eu\/pl\/informacje-prawne\/#breadcrumb\",\"itemListElement\":[{\"@type\":\"ListItem\",\"position\":1,\"name\":\"Home\",\"item\":\"https:\/\/www.spb.eu\/pl\/\"},{\"@type\":\"ListItem\",\"position\":2,\"name\":\"Informacje prawne\"}]},{\"@type\":\"WebSite\",\"@id\":\"https:\/\/www.spb.eu\/pl\/#website\",\"url\":\"https:\/\/www.spb.eu\/pl\/\",\"name\":\"SPB Group - Embedded insurance Creating impact\",\"description\":\"\",\"potentialAction\":[{\"@type\":\"SearchAction\",\"target\":{\"@type\":\"EntryPoint\",\"urlTemplate\":\"https:\/\/www.spb.eu\/pl\/?s={search_term_string}\"},\"query-input\":{\"@type\":\"PropertyValueSpecification\",\"valueRequired\":true,\"valueName\":\"search_term_string\"}}],\"inLanguage\":\"pl-PL\"}]}<\/script>\n<!-- \/ Yoast SEO plugin. -->","yoast_head_json":{"title":"Informacje prawne | SPB Group","description":"Uzyskaj dost\u0119p do informacji prawnych SPB, w tym danych korporacyjnych, informacji regulacyjnych i zobowi\u0105za\u0144 dotycz\u0105cych zgodno\u015bci, zapewniaj\u0105cych przejrzyste i bezpieczne korzystanie z naszych us\u0142ug.","robots":{"index":"index","follow":"follow","max-snippet":"max-snippet:-1","max-image-preview":"max-image-preview:large","max-video-preview":"max-video-preview:-1"},"canonical":"https:\/\/www.spb.eu\/pl\/informacje-prawne\/","og_locale":"pl_PL","og_type":"article","og_title":"Informacje prawne | SPB Group","og_description":"Uzyskaj dost\u0119p do informacji prawnych SPB, w tym danych korporacyjnych, informacji regulacyjnych i zobowi\u0105za\u0144 dotycz\u0105cych zgodno\u015bci, zapewniaj\u0105cych przejrzyste i bezpieczne korzystanie z naszych us\u0142ug.","og_url":"https:\/\/www.spb.eu\/pl\/informacje-prawne\/","og_site_name":"SPB Group - Embedded insurance Creating impact","article_modified_time":"2026-02-09T10:32:48+00:00","twitter_card":"summary_large_image","schema":{"@context":"https:\/\/schema.org","@graph":[{"@type":"WebPage","@id":"https:\/\/www.spb.eu\/pl\/informacje-prawne\/","url":"https:\/\/www.spb.eu\/pl\/informacje-prawne\/","name":"Informacje prawne | SPB Group","isPartOf":{"@id":"https:\/\/www.spb.eu\/pl\/#website"},"datePublished":"2025-12-16T13:46:10+00:00","dateModified":"2026-02-09T10:32:48+00:00","description":"Uzyskaj dost\u0119p do informacji prawnych SPB, w tym danych korporacyjnych, informacji regulacyjnych i zobowi\u0105za\u0144 dotycz\u0105cych zgodno\u015bci, zapewniaj\u0105cych przejrzyste i bezpieczne korzystanie z naszych us\u0142ug.","breadcrumb":{"@id":"https:\/\/www.spb.eu\/pl\/informacje-prawne\/#breadcrumb"},"inLanguage":"pl-PL","potentialAction":[{"@type":"ReadAction","target":["https:\/\/www.spb.eu\/pl\/informacje-prawne\/"]}]},{"@type":"BreadcrumbList","@id":"https:\/\/www.spb.eu\/pl\/informacje-prawne\/#breadcrumb","itemListElement":[{"@type":"ListItem","position":1,"name":"Home","item":"https:\/\/www.spb.eu\/pl\/"},{"@type":"ListItem","position":2,"name":"Informacje prawne"}]},{"@type":"WebSite","@id":"https:\/\/www.spb.eu\/pl\/#website","url":"https:\/\/www.spb.eu\/pl\/","name":"SPB Group - Embedded insurance Creating impact","description":"","potentialAction":[{"@type":"SearchAction","target":{"@type":"EntryPoint","urlTemplate":"https:\/\/www.spb.eu\/pl\/?s={search_term_string}"},"query-input":{"@type":"PropertyValueSpecification","valueRequired":true,"valueName":"search_term_string"}}],"inLanguage":"pl-PL"}]}},"_links":{"self":[{"href":"https:\/\/www.spb.eu\/pl\/wp-json\/wp\/v2\/pages\/1547","targetHints":{"allow":["GET"]}}],"collection":[{"href":"https:\/\/www.spb.eu\/pl\/wp-json\/wp\/v2\/pages"}],"about":[{"href":"https:\/\/www.spb.eu\/pl\/wp-json\/wp\/v2\/types\/page"}],"author":[{"embeddable":true,"href":"https:\/\/www.spb.eu\/pl\/wp-json\/wp\/v2\/users\/1"}],"replies":[{"embeddable":true,"href":"https:\/\/www.spb.eu\/pl\/wp-json\/wp\/v2\/comments?post=1547"}],"version-history":[{"count":8,"href":"https:\/\/www.spb.eu\/pl\/wp-json\/wp\/v2\/pages\/1547\/revisions"}],"predecessor-version":[{"id":2473,"href":"https:\/\/www.spb.eu\/pl\/wp-json\/wp\/v2\/pages\/1547\/revisions\/2473"}],"wp:attachment":[{"href":"https:\/\/www.spb.eu\/pl\/wp-json\/wp\/v2\/media?parent=1547"}],"curies":[{"name":"wp","href":"https:\/\/api.w.org\/{rel}","templated":true}]}}