{"id":1515,"date":"2025-12-16T13:46:30","date_gmt":"2025-12-16T13:46:30","guid":{"rendered":"https:\/\/spb-wordpress-001-gvcsekfkh8cxdcef.francecentral-01.azurewebsites.net\/polityka-dotyczaca-plikow-cookie\/"},"modified":"2026-02-09T10:06:18","modified_gmt":"2026-02-09T10:06:18","slug":"polityka-dotyczaca-plikow-cookie","status":"publish","type":"page","link":"https:\/\/www.spb.eu\/pl\/polityka-dotyczaca-plikow-cookie\/","title":{"rendered":"Polityka dotycz\u0105ca plik\u00f3w cookie"},"content":{"rendered":"\n<section class=\"block --hero-centered --bg-white align wp-block-acf-hero-centered --first --next--centered-content\" >\n    <div class=\"block__inner\">\n\n        <!-- Title (H1 with icon support) -->\n        <h1 class=\"block__title\">\n            Polityka dotycz\u0105ca plik\u00f3w cookie        <\/h1>\n\n        <!-- Text Content (optional) -->\n        \n        <!-- CTA Buttons (both optional) -->\n        \n    <\/div>\n<\/section>\n\n<section class=\"block --centered-content --bg-white --text-start align wp-block-acf-centered-content --prev--hero-centered --next--centered-content\">\n    <div class=\"block__inner\">\n\n        <!-- Content container with max-width -->\n        <div class=\"block__content\">\n\n            <!-- Title -->\n            <h2 class=\"block__title\">\n                1. Co to s\u0105 pliki cookie?            <\/h2>\n\n            <!-- Text content (optional) -->\n                            <div class=\"block__text\">\n                    <p>Plik cookie (lub \u015bledz\u0105cy) to zestaw informacji, zazwyczaj niewielkich i oznaczonych nazw\u0105, kt\u00f3re mog\u0105 by\u0107 przesy\u0142ane do przegl\u0105darki u\u017cytkownika przez stron\u0119 internetow\u0105, z kt\u00f3r\u0105 jest on po\u0142\u0105czony. Przegl\u0105darka internetowa przechowuje je przez okre\u015blony czas i wysy\u0142a z powrotem do serwera internetowego za ka\u017cdym razem, gdy u\u017cytkownik ponownie si\u0119 z nim \u0142\u0105czy.<\/p>\n<p>Pliki cookie maj\u0105 wiele zastosowa\u0144: mog\u0105 s\u0142u\u017cy\u0107 do przechowywania identyfikatora klienta dla witryny handlowej, aktualnego stanu koszyka, identyfikatora do \u015bledzenia nawigacji do cel\u00f3w statystycznych lub reklamowych itp.<\/p>\n                <\/div>\n            \n        <\/div>\n\n    <\/div>\n<\/section>\n\n<section class=\"block --centered-content --bg-white --text-start align wp-block-acf-centered-content --prev--centered-content --next--centered-content\">\n    <div class=\"block__inner\">\n\n        <!-- Content container with max-width -->\n        <div class=\"block__content\">\n\n            <!-- Title -->\n            <h2 class=\"block__title\">\n                2. Jakie rodzaje plik\u00f3w cookie s\u0105 u\u017cywane przez stron\u0119 i w jakim celu?            <\/h2>\n\n            <!-- Text content (optional) -->\n                            <div class=\"block__text\">\n                    <p>Podczas odwiedzania Witryny, Witryna przechowuje adres IP U\u017cytkownika i wykorzystuje pliki cookie w celu u\u0142atwienia U\u017cytkownikowi odwiedzania strony internetowej, poprawy komfortu u\u017cytkowania oraz tworzenia statystyk.<\/p>\n<p>W witrynie wykorzystywane s\u0105 nast\u0119puj\u0105ce pliki cookie:<\/p>\n<p>Pliki cookie niezb\u0119dne do dzia\u0142ania serwisu:<br \/>\nTe pliki cookie nie przechowuj\u0105 \u017cadnych danych osobowych. S\u0105 one jednak niezb\u0119dne do przegl\u0105dania Witryny. Zazwyczaj s\u0105 one definiowane wy\u0142\u0105cznie w odpowiedzi na dzia\u0142ania podj\u0119te przez u\u017cytkownika, kt\u00f3re stanowi\u0105 \u017c\u0105danie us\u0142ugi, takie jak ustawienie preferencji prywatno\u015bci, logowanie lub wype\u0142nianie formularzy.<\/p>\n<p>Pliki cookie s\u0142u\u017c\u0105ce do uwierzytelniania i bezpiecze\u0144stwa s\u0105 wykorzystywane na przyk\u0142ad do identyfikacji i rozpoznawania zarejestrowanego u\u017cytkownika oraz umo\u017cliwienia mu dost\u0119pu do \u017c\u0105danych tre\u015bci lub funkcji.<\/p>\n<p>U\u017cytkownik mo\u017ce ustawi\u0107 swoj\u0105 przegl\u0105dark\u0119 tak, aby blokowa\u0142a lub ostrzega\u0142a go o obecno\u015bci tych plik\u00f3w cookie, ale bez nich nie b\u0119dzie mo\u017cna \u015bwiadczy\u0107 us\u0142ug \u017c\u0105danych przez u\u017cytkownika.<br \/>\nPliki cookie zwi\u0105zane z wydajno\u015bci\u0105:<\/p>\n<p>Te pliki cookie s\u0142u\u017c\u0105ce do analizy i wyszukiwania s\u0105 wykorzystywane do zliczania odwiedzin i pomiaru ruchu w celu oceny i ulepszenia Witryny. Pliki te pomagaj\u0105 nam r\u00f3wnie\u017c dowiedzie\u0107 si\u0119, kt\u00f3re strony s\u0105 najpopularniejsze, a kt\u00f3re najmniej popularne, oraz zobaczy\u0107, w jaki spos\u00f3b u\u017cytkownicy poruszaj\u0105 si\u0119 po witrynie, a tak\u017ce ulepszy\u0107 dzia\u0142anie Witryny i zwi\u0119kszy\u0107 komfort u\u017cytkowania.<\/p>\n<p>Wszystkie informacje gromadzone przez te pliki cookie s\u0105 agregowane, a zatem anonimowe.<br \/>\nU\u017cytkownik mo\u017ce ustawi\u0107 swoj\u0105 przegl\u0105dark\u0119 tak, aby blokowa\u0142a lub ostrzega\u0142a go o obecno\u015bci tych plik\u00f3w cookie, a ich blokowanie nie wp\u0142ynie na \u015bwiadczon\u0105 us\u0142ug\u0119.<\/p>\n<p>U\u017cytkownik zostaje poinformowany, \u017ce Witryna analizuje jej dzia\u0142anie za pomoc\u0105 Google Analytics.<\/p>\n<p>Informacje generowane przez pliki cookie na temat korzystania ze strony internetowej (w tym adresy IP odwiedzaj\u0105cych) s\u0105 przekazywane do Google i przechowywane przez Google na serwerach w Stanach Zjednoczonych. Google wykorzystuje te informacje w celu oceny aktywno\u015bci strony internetowej, tworzenia raport\u00f3w dotycz\u0105cych aktywno\u015bci strony internetowej dla operatora strony internetowej oraz \u015bwiadczenia innych us\u0142ug zwi\u0105zanych z aktywno\u015bci\u0105 strony internetowej i korzystaniem z Internetu. Google nie b\u0119dzie przekazywa\u0107 tych informacji stronom trzecim, chyba \u017ce b\u0119dzie to wymagane przez prawo lub strony trzecie b\u0119d\u0105 dzia\u0142a\u0107 w imieniu Google i b\u0119d\u0105 zobowi\u0105zane do zachowania poufno\u015bci. Google nie por\u00f3wnuje adres\u00f3w IP odwiedzaj\u0105cych z \u017cadnymi innymi informacjami posiadanymi przez Google.<\/p>\n                <\/div>\n            \n        <\/div>\n\n    <\/div>\n<\/section>\n\n<section class=\"block --centered-content --bg-white --text-start align wp-block-acf-centered-content --prev--centered-content --next--centered-content\">\n    <div class=\"block__inner\">\n\n        <!-- Content container with max-width -->\n        <div class=\"block__content\">\n\n            <!-- Title -->\n            <h2 class=\"block__title\">\n                3. Okres przechowywania plik\u00f3w cookie            <\/h2>\n\n            <!-- Text content (optional) -->\n                            <div class=\"block__text\">\n                    <p>Pliki cookie maj\u0105 okres wa\u017cno\u015bci wynosz\u0105cy 13 miesi\u0119cy od dnia wyra\u017cenia przez u\u017cytkownika zgody na ich u\u017cywanie. U\u017cytkownik ma mo\u017cliwo\u015b\u0107 usuni\u0119cia ich ze swojego urz\u0105dzenia w dowolnym momencie, zgodnie z metodami opisanymi w artykule IV poni\u017cej.<\/p>\n                <\/div>\n            \n        <\/div>\n\n    <\/div>\n<\/section>\n\n<section class=\"block --centered-content --bg-white --text-start align wp-block-acf-centered-content --prev--centered-content --next--centered-content\">\n    <div class=\"block__inner\">\n\n        <!-- Content container with max-width -->\n        <div class=\"block__content\">\n\n            <!-- Title -->\n            <h2 class=\"block__title\">\n                4. Konfiguracja plik\u00f3w cookie            <\/h2>\n\n            <!-- Text content (optional) -->\n                            <div class=\"block__text\">\n                    <p>U\u017cytkownik mo\u017ce w dowolnym momencie wy\u0142\u0105czy\u0107 pliki cookie w swojej przegl\u0105darce internetowej:<\/p>\n<p>W przegl\u0105darce Internet Explorer: W \u201eMenu\u201d kliknij \u201eOpcje internetowe\u201d, nast\u0119pnie zak\u0142adk\u0119 \u201ePrywatno\u015b\u0107\u201d i skonfiguruj pliki cookie, klikaj\u0105c \u201eWitryny\u201d lub \u201eZaawansowane\u201d.<\/p>\n<p>W przegl\u0105darce Microsoft Edge: kliknij \u201eMenu\u201d, nast\u0119pnie \u201eUstawienia\u201d, a nast\u0119pnie zak\u0142adk\u0119 \u201ePliki cookie i uprawnienia witryn\u201d i przejd\u017a do sekcji \u201eZarz\u0105dzaj i usuwaj pliki cookie oraz dane witryn\u201d.<\/p>\n<p>W przegl\u0105darce Firefox: kliknij zak\u0142adk\u0119 \u201eNarz\u0119dzia\u201d, wybierz menu \u201eOpcje\u201d, wybierz \u201ePrywatno\u015b\u0107\u201d i kliknij \u201ePoka\u017c pliki cookie\u201d.<\/p>\n<p>W przegl\u0105darce Google Chrome: kliknij \u201eNarz\u0119dzia\u201d, wybierz \u201eOpcje\u201d, nast\u0119pnie zak\u0142adk\u0119 \u201eOpcje zaawansowane\u201d i przejd\u017a do sekcji \u201ePrywatno\u015b\u0107\u201d, a nast\u0119pnie kliknij przycisk \u201ePoka\u017c pliki cookie\u201d.<br \/>\nW przegl\u0105darce Safari: przejd\u017a do menu \u201eEdycja\u201d, nast\u0119pnie \u201ePreferencje\u201d, kliknij \u201eBezpiecze\u0144stwo\u201d i \u201ePoka\u017c pliki cookie\u201d.<\/p>\n                <\/div>\n            \n        <\/div>\n\n    <\/div>\n<\/section>\n\n<section class=\"block --centered-content --bg-white --text-start align wp-block-acf-centered-content --last --prev--centered-content\">\n    <div class=\"block__inner\">\n\n        <!-- Content container with max-width -->\n        <div class=\"block__content\">\n\n            <!-- Title -->\n            <h2 class=\"block__title\">\n                5. Wi\u0119cej informacji o plikach cookie            <\/h2>\n\n            <!-- Text content (optional) -->\n                            <div class=\"block__text\">\n                    <p><a href=\"https:\/\/www.cnil.fr\/fr\/cookies-et-autres-traceurs\" target=\"_blank\" rel=\"noopener\">Witryna internetowa, pliki cookie i inne elementy \u015bledz\u0105ce | CNIL<\/a><\/p>\n                <\/div>\n            \n        <\/div>\n\n    <\/div>\n<\/section>\n","protected":false},"excerpt":{"rendered":"","protected":false},"author":1,"featured_media":0,"parent":0,"menu_order":0,"comment_status":"closed","ping_status":"closed","template":"","meta":{"_acf_changed":false,"footnotes":""},"class_list":["post-1515","page","type-page","status-publish","hentry"],"acf":[],"yoast_head":"<!-- This site is optimized with the Yoast SEO plugin v26.9 - https:\/\/yoast.com\/product\/yoast-seo-wordpress\/ -->\n<title>Polityka plik\u00f3w cookie | Grupa SPB<\/title>\n<meta name=\"description\" content=\"Dowiedz si\u0119, w jaki spos\u00f3b SPB wykorzystuje pliki cookie, aby zapewni\u0107 bezpieczne, niezawodne i przyjazne dla u\u017cytkownika przegl\u0105danie stron internetowych.\" \/>\n<meta name=\"robots\" content=\"index, follow, max-snippet:-1, max-image-preview:large, max-video-preview:-1\" \/>\n<link rel=\"canonical\" href=\"https:\/\/www.spb.eu\/pl\/polityka-dotyczaca-plikow-cookie\/\" \/>\n<meta property=\"og:locale\" content=\"pl_PL\" \/>\n<meta property=\"og:type\" content=\"article\" \/>\n<meta property=\"og:title\" content=\"Polityka plik\u00f3w cookie | Grupa SPB\" \/>\n<meta property=\"og:description\" content=\"Dowiedz si\u0119, w jaki spos\u00f3b SPB wykorzystuje pliki cookie, aby zapewni\u0107 bezpieczne, niezawodne i przyjazne dla u\u017cytkownika przegl\u0105danie stron internetowych.\" \/>\n<meta property=\"og:url\" content=\"https:\/\/www.spb.eu\/pl\/polityka-dotyczaca-plikow-cookie\/\" \/>\n<meta property=\"og:site_name\" content=\"SPB Group - Embedded insurance Creating impact\" \/>\n<meta property=\"article:modified_time\" content=\"2026-02-09T10:06:18+00:00\" \/>\n<meta name=\"twitter:card\" content=\"summary_large_image\" \/>\n<script type=\"application\/ld+json\" class=\"yoast-schema-graph\">{\"@context\":\"https:\/\/schema.org\",\"@graph\":[{\"@type\":\"WebPage\",\"@id\":\"https:\/\/www.spb.eu\/pl\/polityka-dotyczaca-plikow-cookie\/\",\"url\":\"https:\/\/www.spb.eu\/pl\/polityka-dotyczaca-plikow-cookie\/\",\"name\":\"Polityka plik\u00f3w cookie | Grupa SPB\",\"isPartOf\":{\"@id\":\"https:\/\/www.spb.eu\/pl\/#website\"},\"datePublished\":\"2025-12-16T13:46:30+00:00\",\"dateModified\":\"2026-02-09T10:06:18+00:00\",\"description\":\"Dowiedz si\u0119, w jaki spos\u00f3b SPB wykorzystuje pliki cookie, aby zapewni\u0107 bezpieczne, niezawodne i przyjazne dla u\u017cytkownika przegl\u0105danie stron internetowych.\",\"breadcrumb\":{\"@id\":\"https:\/\/www.spb.eu\/pl\/polityka-dotyczaca-plikow-cookie\/#breadcrumb\"},\"inLanguage\":\"pl-PL\",\"potentialAction\":[{\"@type\":\"ReadAction\",\"target\":[\"https:\/\/www.spb.eu\/pl\/polityka-dotyczaca-plikow-cookie\/\"]}]},{\"@type\":\"BreadcrumbList\",\"@id\":\"https:\/\/www.spb.eu\/pl\/polityka-dotyczaca-plikow-cookie\/#breadcrumb\",\"itemListElement\":[{\"@type\":\"ListItem\",\"position\":1,\"name\":\"Home\",\"item\":\"https:\/\/www.spb.eu\/pl\/\"},{\"@type\":\"ListItem\",\"position\":2,\"name\":\"Polityka dotycz\u0105ca plik\u00f3w cookie\"}]},{\"@type\":\"WebSite\",\"@id\":\"https:\/\/www.spb.eu\/pl\/#website\",\"url\":\"https:\/\/www.spb.eu\/pl\/\",\"name\":\"SPB Group - Embedded insurance Creating impact\",\"description\":\"\",\"potentialAction\":[{\"@type\":\"SearchAction\",\"target\":{\"@type\":\"EntryPoint\",\"urlTemplate\":\"https:\/\/www.spb.eu\/pl\/?s={search_term_string}\"},\"query-input\":{\"@type\":\"PropertyValueSpecification\",\"valueRequired\":true,\"valueName\":\"search_term_string\"}}],\"inLanguage\":\"pl-PL\"}]}<\/script>\n<!-- \/ Yoast SEO plugin. -->","yoast_head_json":{"title":"Polityka plik\u00f3w cookie | Grupa SPB","description":"Dowiedz si\u0119, w jaki spos\u00f3b SPB wykorzystuje pliki cookie, aby zapewni\u0107 bezpieczne, niezawodne i przyjazne dla u\u017cytkownika przegl\u0105danie stron internetowych.","robots":{"index":"index","follow":"follow","max-snippet":"max-snippet:-1","max-image-preview":"max-image-preview:large","max-video-preview":"max-video-preview:-1"},"canonical":"https:\/\/www.spb.eu\/pl\/polityka-dotyczaca-plikow-cookie\/","og_locale":"pl_PL","og_type":"article","og_title":"Polityka plik\u00f3w cookie | Grupa SPB","og_description":"Dowiedz si\u0119, w jaki spos\u00f3b SPB wykorzystuje pliki cookie, aby zapewni\u0107 bezpieczne, niezawodne i przyjazne dla u\u017cytkownika przegl\u0105danie stron internetowych.","og_url":"https:\/\/www.spb.eu\/pl\/polityka-dotyczaca-plikow-cookie\/","og_site_name":"SPB Group - Embedded insurance Creating impact","article_modified_time":"2026-02-09T10:06:18+00:00","twitter_card":"summary_large_image","schema":{"@context":"https:\/\/schema.org","@graph":[{"@type":"WebPage","@id":"https:\/\/www.spb.eu\/pl\/polityka-dotyczaca-plikow-cookie\/","url":"https:\/\/www.spb.eu\/pl\/polityka-dotyczaca-plikow-cookie\/","name":"Polityka plik\u00f3w cookie | Grupa SPB","isPartOf":{"@id":"https:\/\/www.spb.eu\/pl\/#website"},"datePublished":"2025-12-16T13:46:30+00:00","dateModified":"2026-02-09T10:06:18+00:00","description":"Dowiedz si\u0119, w jaki spos\u00f3b SPB wykorzystuje pliki cookie, aby zapewni\u0107 bezpieczne, niezawodne i przyjazne dla u\u017cytkownika przegl\u0105danie stron internetowych.","breadcrumb":{"@id":"https:\/\/www.spb.eu\/pl\/polityka-dotyczaca-plikow-cookie\/#breadcrumb"},"inLanguage":"pl-PL","potentialAction":[{"@type":"ReadAction","target":["https:\/\/www.spb.eu\/pl\/polityka-dotyczaca-plikow-cookie\/"]}]},{"@type":"BreadcrumbList","@id":"https:\/\/www.spb.eu\/pl\/polityka-dotyczaca-plikow-cookie\/#breadcrumb","itemListElement":[{"@type":"ListItem","position":1,"name":"Home","item":"https:\/\/www.spb.eu\/pl\/"},{"@type":"ListItem","position":2,"name":"Polityka dotycz\u0105ca plik\u00f3w cookie"}]},{"@type":"WebSite","@id":"https:\/\/www.spb.eu\/pl\/#website","url":"https:\/\/www.spb.eu\/pl\/","name":"SPB Group - Embedded insurance Creating impact","description":"","potentialAction":[{"@type":"SearchAction","target":{"@type":"EntryPoint","urlTemplate":"https:\/\/www.spb.eu\/pl\/?s={search_term_string}"},"query-input":{"@type":"PropertyValueSpecification","valueRequired":true,"valueName":"search_term_string"}}],"inLanguage":"pl-PL"}]}},"_links":{"self":[{"href":"https:\/\/www.spb.eu\/pl\/wp-json\/wp\/v2\/pages\/1515","targetHints":{"allow":["GET"]}}],"collection":[{"href":"https:\/\/www.spb.eu\/pl\/wp-json\/wp\/v2\/pages"}],"about":[{"href":"https:\/\/www.spb.eu\/pl\/wp-json\/wp\/v2\/types\/page"}],"author":[{"embeddable":true,"href":"https:\/\/www.spb.eu\/pl\/wp-json\/wp\/v2\/users\/1"}],"replies":[{"embeddable":true,"href":"https:\/\/www.spb.eu\/pl\/wp-json\/wp\/v2\/comments?post=1515"}],"version-history":[{"count":5,"href":"https:\/\/www.spb.eu\/pl\/wp-json\/wp\/v2\/pages\/1515\/revisions"}],"predecessor-version":[{"id":2454,"href":"https:\/\/www.spb.eu\/pl\/wp-json\/wp\/v2\/pages\/1515\/revisions\/2454"}],"wp:attachment":[{"href":"https:\/\/www.spb.eu\/pl\/wp-json\/wp\/v2\/media?parent=1515"}],"curies":[{"name":"wp","href":"https:\/\/api.w.org\/{rel}","templated":true}]}}