{"id":2562,"date":"2025-12-16T13:46:10","date_gmt":"2025-12-16T13:46:10","guid":{"rendered":"https:\/\/spb-wordpress-001-gvcsekfkh8cxdcef.francecentral-01.azurewebsites.net\/juridische-informatie\/"},"modified":"2026-02-09T13:34:01","modified_gmt":"2026-02-09T13:34:01","slug":"juridische-informatie","status":"publish","type":"page","link":"https:\/\/www.spb.eu\/nl\/juridische-informatie\/","title":{"rendered":"Juridische informatie"},"content":{"rendered":"\n<section class=\"block --centered-content --bg-white --text-start align wp-block-acf-centered-content --first --last\">\n    <div class=\"block__inner\">\n\n        <!-- Content container with max-width -->\n        <div class=\"block__content\">\n\n            <!-- Title -->\n            <h2 class=\"block__title\">\n                Juridische informatie            <\/h2>\n\n            <!-- Text content (optional) -->\n                            <div class=\"block__text\">\n                    <p>UITGEVER VAN DE WEBSITE EN DIENSTEN<br \/>\nSPB, Soci\u00e9t\u00e9 par Actions Simplifi\u00e9e (vereenvoudigde vennootschap op aandelen) met een kapitaal van 11.000.000 euro, ingeschreven bij het Handelsregister van Le Havre (RCS) onder nummer 305 109 779 en bij ORIAS (vereniging van verzekeringsbemiddelaars) onder nummer 07 002 642 (www.orias.fr) als verzekeringsmakelaar.<br \/>\nGeregistreerd kantoor: 71, quai Colbert \u2013 76095 Le Havre<br \/>\nTelefoon: +33 (0)2 32 74 20 20<br \/>\nE-mail: contact@spb.eu<br \/>\nSPB opereert onder toezicht van de Autorit\u00e9 de Contr\u00f4le Prudentiel et de R\u00e9solution (ACPR \u2013 Franse autoriteit voor prudenti\u00eble controle en afwikkeling), gevestigd op 4, Place de Budapest \u2013 CS 92459 \u2013 75439 Paris Cedex 09.<br \/>\nPublicatiedirecteur: Mathieu S\u00c9BASTIEN, voorzitter<br \/>\nSITE- EN SERVICEHOST<br \/>\nDeze site wordt gehost door<\/p>\n                <\/div>\n            \n        <\/div>\n\n    <\/div>\n<\/section>\n","protected":false},"excerpt":{"rendered":"","protected":false},"author":1,"featured_media":0,"parent":0,"menu_order":0,"comment_status":"closed","ping_status":"closed","template":"","meta":{"_acf_changed":false,"footnotes":""},"class_list":["post-2562","page","type-page","status-publish","hentry"],"acf":[],"yoast_head":"<!-- This site is optimized with the Yoast SEO plugin v26.9 - https:\/\/yoast.com\/product\/yoast-seo-wordpress\/ -->\n<title>Juridische informatie | SPB Group<\/title>\n<meta name=\"description\" content=\"Krijg toegang tot de juridische informatie van SPB, inclusief bedrijfsgegevens, wettelijke openbaarmakingen en compliance verplichtingen, waardoor een transparant en veilig gebruik van onze diensten wordt gewaarborgd.\" \/>\n<meta name=\"robots\" content=\"index, follow, max-snippet:-1, max-image-preview:large, max-video-preview:-1\" \/>\n<link rel=\"canonical\" href=\"https:\/\/www.spb.eu\/nl\/juridische-informatie\/\" \/>\n<meta property=\"og:locale\" content=\"nl_NL\" \/>\n<meta property=\"og:type\" content=\"article\" \/>\n<meta property=\"og:title\" content=\"Juridische informatie | SPB Group\" \/>\n<meta property=\"og:description\" content=\"Krijg toegang tot de juridische informatie van SPB, inclusief bedrijfsgegevens, wettelijke openbaarmakingen en compliance verplichtingen, waardoor een transparant en veilig gebruik van onze diensten wordt gewaarborgd.\" \/>\n<meta property=\"og:url\" content=\"https:\/\/www.spb.eu\/nl\/juridische-informatie\/\" \/>\n<meta property=\"og:site_name\" content=\"SPB Group - Embedded insurance Creating impact\" \/>\n<meta property=\"article:modified_time\" content=\"2026-02-09T13:34:01+00:00\" \/>\n<meta name=\"twitter:card\" content=\"summary_large_image\" \/>\n<script type=\"application\/ld+json\" class=\"yoast-schema-graph\">{\"@context\":\"https:\/\/schema.org\",\"@graph\":[{\"@type\":\"WebPage\",\"@id\":\"https:\/\/www.spb.eu\/nl\/juridische-informatie\/\",\"url\":\"https:\/\/www.spb.eu\/nl\/juridische-informatie\/\",\"name\":\"Juridische informatie | SPB Group\",\"isPartOf\":{\"@id\":\"https:\/\/www.spb.eu\/nl\/#website\"},\"datePublished\":\"2025-12-16T13:46:10+00:00\",\"dateModified\":\"2026-02-09T13:34:01+00:00\",\"description\":\"Krijg toegang tot de juridische informatie van SPB, inclusief bedrijfsgegevens, wettelijke openbaarmakingen en compliance verplichtingen, waardoor een transparant en veilig gebruik van onze diensten wordt gewaarborgd.\",\"breadcrumb\":{\"@id\":\"https:\/\/www.spb.eu\/nl\/juridische-informatie\/#breadcrumb\"},\"inLanguage\":\"nl-NL\",\"potentialAction\":[{\"@type\":\"ReadAction\",\"target\":[\"https:\/\/www.spb.eu\/nl\/juridische-informatie\/\"]}]},{\"@type\":\"BreadcrumbList\",\"@id\":\"https:\/\/www.spb.eu\/nl\/juridische-informatie\/#breadcrumb\",\"itemListElement\":[{\"@type\":\"ListItem\",\"position\":1,\"name\":\"Home\",\"item\":\"https:\/\/www.spb.eu\/nl\/\"},{\"@type\":\"ListItem\",\"position\":2,\"name\":\"Juridische informatie\"}]},{\"@type\":\"WebSite\",\"@id\":\"https:\/\/www.spb.eu\/nl\/#website\",\"url\":\"https:\/\/www.spb.eu\/nl\/\",\"name\":\"SPB Group - Embedded insurance Creating impact\",\"description\":\"\",\"potentialAction\":[{\"@type\":\"SearchAction\",\"target\":{\"@type\":\"EntryPoint\",\"urlTemplate\":\"https:\/\/www.spb.eu\/nl\/?s={search_term_string}\"},\"query-input\":{\"@type\":\"PropertyValueSpecification\",\"valueRequired\":true,\"valueName\":\"search_term_string\"}}],\"inLanguage\":\"nl-NL\"}]}<\/script>\n<!-- \/ Yoast SEO plugin. -->","yoast_head_json":{"title":"Juridische informatie | SPB Group","description":"Krijg toegang tot de juridische informatie van SPB, inclusief bedrijfsgegevens, wettelijke openbaarmakingen en compliance verplichtingen, waardoor een transparant en veilig gebruik van onze diensten wordt gewaarborgd.","robots":{"index":"index","follow":"follow","max-snippet":"max-snippet:-1","max-image-preview":"max-image-preview:large","max-video-preview":"max-video-preview:-1"},"canonical":"https:\/\/www.spb.eu\/nl\/juridische-informatie\/","og_locale":"nl_NL","og_type":"article","og_title":"Juridische informatie | SPB Group","og_description":"Krijg toegang tot de juridische informatie van SPB, inclusief bedrijfsgegevens, wettelijke openbaarmakingen en compliance verplichtingen, waardoor een transparant en veilig gebruik van onze diensten wordt gewaarborgd.","og_url":"https:\/\/www.spb.eu\/nl\/juridische-informatie\/","og_site_name":"SPB Group - Embedded insurance Creating impact","article_modified_time":"2026-02-09T13:34:01+00:00","twitter_card":"summary_large_image","schema":{"@context":"https:\/\/schema.org","@graph":[{"@type":"WebPage","@id":"https:\/\/www.spb.eu\/nl\/juridische-informatie\/","url":"https:\/\/www.spb.eu\/nl\/juridische-informatie\/","name":"Juridische informatie | SPB Group","isPartOf":{"@id":"https:\/\/www.spb.eu\/nl\/#website"},"datePublished":"2025-12-16T13:46:10+00:00","dateModified":"2026-02-09T13:34:01+00:00","description":"Krijg toegang tot de juridische informatie van SPB, inclusief bedrijfsgegevens, wettelijke openbaarmakingen en compliance verplichtingen, waardoor een transparant en veilig gebruik van onze diensten wordt gewaarborgd.","breadcrumb":{"@id":"https:\/\/www.spb.eu\/nl\/juridische-informatie\/#breadcrumb"},"inLanguage":"nl-NL","potentialAction":[{"@type":"ReadAction","target":["https:\/\/www.spb.eu\/nl\/juridische-informatie\/"]}]},{"@type":"BreadcrumbList","@id":"https:\/\/www.spb.eu\/nl\/juridische-informatie\/#breadcrumb","itemListElement":[{"@type":"ListItem","position":1,"name":"Home","item":"https:\/\/www.spb.eu\/nl\/"},{"@type":"ListItem","position":2,"name":"Juridische informatie"}]},{"@type":"WebSite","@id":"https:\/\/www.spb.eu\/nl\/#website","url":"https:\/\/www.spb.eu\/nl\/","name":"SPB Group - Embedded insurance Creating impact","description":"","potentialAction":[{"@type":"SearchAction","target":{"@type":"EntryPoint","urlTemplate":"https:\/\/www.spb.eu\/nl\/?s={search_term_string}"},"query-input":{"@type":"PropertyValueSpecification","valueRequired":true,"valueName":"search_term_string"}}],"inLanguage":"nl-NL"}]}},"_links":{"self":[{"href":"https:\/\/www.spb.eu\/nl\/wp-json\/wp\/v2\/pages\/2562","targetHints":{"allow":["GET"]}}],"collection":[{"href":"https:\/\/www.spb.eu\/nl\/wp-json\/wp\/v2\/pages"}],"about":[{"href":"https:\/\/www.spb.eu\/nl\/wp-json\/wp\/v2\/types\/page"}],"author":[{"embeddable":true,"href":"https:\/\/www.spb.eu\/nl\/wp-json\/wp\/v2\/users\/1"}],"replies":[{"embeddable":true,"href":"https:\/\/www.spb.eu\/nl\/wp-json\/wp\/v2\/comments?post=2562"}],"version-history":[{"count":3,"href":"https:\/\/www.spb.eu\/nl\/wp-json\/wp\/v2\/pages\/2562\/revisions"}],"predecessor-version":[{"id":2565,"href":"https:\/\/www.spb.eu\/nl\/wp-json\/wp\/v2\/pages\/2562\/revisions\/2565"}],"wp:attachment":[{"href":"https:\/\/www.spb.eu\/nl\/wp-json\/wp\/v2\/media?parent=2562"}],"curies":[{"name":"wp","href":"https:\/\/api.w.org\/{rel}","templated":true}]}}