{"id":2110,"date":"2025-12-16T13:46:22","date_gmt":"2025-12-16T13:46:22","guid":{"rendered":"https:\/\/spb-wordpress-001-gvcsekfkh8cxdcef.francecentral-01.azurewebsites.net\/termini-di-servizio\/"},"modified":"2026-02-06T07:37:41","modified_gmt":"2026-02-06T07:37:41","slug":"termini-di-servizio","status":"publish","type":"page","link":"https:\/\/www.spb.eu\/it\/termini-di-servizio\/","title":{"rendered":"Termini di servizio"},"content":{"rendered":"\n<section class=\"block --centered-content --bg-white --text-start align wp-block-acf-centered-content --first --next--paragraph --next-diff-bg\">\n    <div class=\"block__inner\">\n\n        <!-- Content container with max-width -->\n        <div class=\"block__content\">\n\n            <!-- Title -->\n            <h2 class=\"block__title\">\n                Termini di servizio            <\/h2>\n\n            <!-- Text content (optional) -->\n                            <div class=\"block__text\">\n                    <p>Il sito web e i suoi contenuti e servizi, di seguito collettivamente denominati \u201cil Sito Web\u201d, sono pubblicati e gestiti da SPB, il cui responsabile legale \u00e8 il Sig. Mathieu S\u00c9BASTIEN.<br \/>\nL\u2019accesso al Sito Web e l\u2019utilizzo dei suoi servizi implicano l\u2019accettazione integrale e senza riserve delle presenti Condizioni Generali.<br \/>\n1. Accesso al Sito e ai Servizi<br \/>\nIl Sito Web \u00e8 accessibile gratuitamente a qualsiasi Utente dotato di accesso a Internet. Tutti i costi relativi all\u2019accesso ai Servizi, siano essi hardware, software o di accesso a Internet, sono a esclusivo carico dell\u2019Utente.<br \/>\nL\u2019Utente \u00e8 l\u2019unico responsabile del corretto funzionamento delle proprie apparecchiature informatiche e del proprio accesso a Internet.<br \/>\nPur impegnandosi a garantire un accesso e una disponibilit\u00e0 di qualit\u00e0 al Sito Web 24 ore su 24, 7 giorni su 7, SPB non pu\u00f2 assumere alcun impegno contrattuale in tal senso, n\u00e9 pu\u00f2 essere ritenuta responsabile in caso di difficolt\u00e0 di accesso al Sito Web.<br \/>\nSPB si riserva il diritto, senza preavviso n\u00e9 indennizzo, di chiudere temporaneamente il Sito Web e\/o l\u2019accesso a uno o pi\u00f9 Servizi per effettuare aggiornamenti o modifiche tecniche.<br \/>\n2. Obblighi dell\u2019Utente<br \/>\nL\u2019Utente si impegna, durante l\u2019utilizzo del Sito Web, a non violare alcuna disposizione di legge o regolamento vigente.<br \/>\nL\u2019Utente riconosce di aver verificato che la configurazione IT utilizzata \u00e8 sicura e funzionante.<br \/>\nL\u2019Utente \u00e8 l\u2019unico responsabile dell\u2019utilizzo del Sito Web e in particolare dei messaggi e delle informazioni che sceglie di diffondere sul Sito Web.<br \/>\nL\u2019Utente si impegna a non inviare messaggi commerciali non sollecitati, spam, minacce, insulti, ecc.<br \/>\n3. Indisponibilit\u00e0 del Sito Web<br \/>\nSPB \u00e8 esonerata da qualsiasi responsabilit\u00e0 in caso di impossibilit\u00e0 di utilizzo del Sito Web dovuta a manutenzione, problemi tecnici, interruzione della rete telefonica o della rete di telecomunicazioni, guasto, azione di terzi.<br \/>\nSPB non pu\u00f2 essere ritenuta responsabile per difetti di servizio dei provider di servizi Internet.<br \/>\n4. Sicurezza<br \/>\nL\u2019Utente dichiara di essere a conoscenza delle caratteristiche e dei limiti di Internet, in particolare delle sue prestazioni tecniche, dei tempi di risposta, dei rischi legati alla trasmissione dei dati e alla propagazione di virus.<br \/>\nA questo proposito, SPB non pu\u00f2 essere ritenuta responsabile per danni derivanti da virus di qualsiasi tipo, bug o qualsiasi programma o applicazione incompatibile con l\u2019infrastruttura utilizzata dall\u2019Utente, n\u00e9 per danni subiti dall\u2019Utente a seguito di un guasto, interruzione di manutenzione, problema tecnico, interruzione della rete telefonica o delle reti di telecomunicazione, sovraccarico, negligenza o colpa di terzi o dell\u2019Utente, o di un\u2019incompatibilit\u00e0 della configurazione del computer dell\u2019Utente.<br \/>\nL\u2019Utente \u00e8 responsabile dell\u2019implementazione di soluzioni e misure di sicurezza sul proprio computer per prevenire la diffusione di virus.<br \/>\n\u00c8 responsabilit\u00e0 dell\u2019Utente verificare l\u2019idoneit\u00e0 dei servizi e dei contenuti offerti tramite il Sito Web alle proprie esigenze. L\u2019Utente \u00e8 l\u2019unico responsabile di qualsiasi decisione, di qualsiasi natura, presa sulla base delle informazioni fornite nei Contenuti o nei Servizi offerti tramite il Sito Web.<br \/>\n5. Responsabilit\u00e0<br \/>\n5.1. Responsabilit\u00e0 dell\u2019Utente<br \/>\nL\u2019Utente rimane pienamente e personalmente responsabile dell\u2019utilizzo del Sito Web secondo le condizioni del diritto comune.<br \/>\n\u00c8 responsabilit\u00e0 dell\u2019Utente utilizzare il Sito Web nel rispetto delle disposizioni legali e regolamentari vigenti e nel rispetto di quanto previsto dalle presenti Condizioni Generali.<br \/>\n5.2. Responsabilit\u00e0 di SPB<br \/>\nIl Sito Web viene utilizzato sotto la sola responsabilit\u00e0, il controllo e la direzione dell\u2019Utente. SPB non pu\u00f2 in nessun caso essere ritenuta responsabile per eventuali danni diretti o indiretti derivanti dall\u2019utilizzo del Sito Web e dei Servizi da parte dell\u2019Utente, in qualsiasi modo e in qualsiasi circostanza.<br \/>\nA tal proposito, l\u2019Utente dovr\u00e0 verificare l\u2019idoneit\u00e0 del Sito Web e dei Servizi alle proprie esigenze e utilizzare il Sito Web e i Servizi in condizioni normali e in conformit\u00e0 con la loro finalit\u00e0.<br \/>\nSPB non \u00e8 in alcun modo responsabile della qualit\u00e0, tempestivit\u00e0, completezza e veridicit\u00e0 dei dati inseriti dall\u2019Utente, sotto il suo esclusivo controllo, responsabilit\u00e0 e direzione.<br \/>\nIN NESSUN CASO SPB VERIFICA O CONTROLLA LA COERENZA O LA PERTINENZA DEI DATI INSERITI DALL\u2019UTENTE ALL\u2019INTERNO DEL SITO DURANTE L\u2019UTILIZZO DEI SERVIZI.<br \/>\nL\u2019Utente \u00e8 pertanto informato che SPB non sar\u00e0 responsabile per eventuali danni derivanti da:<br \/>\n\u2022\tl\u2019uso fatto dall\u2019Utente dei Contenuti messi a sua disposizione sul Sito e tramite i Servizi e in particolare l\u2019interpretazione che l\u2019Utente ne far\u00e0 e le conseguenze del loro utilizzo;<br \/>\n\u2022\tla registrazione da parte dell\u2019Utente di informazioni incomplete o errate.<br \/>\nSPB non sar\u00e0 responsabile per qualsiasi inadempimento o ritardo nell\u2019esecuzione dei Servizi causato da eventi al di fuori del suo controllo o da cause di forza maggiore come definite dal Codice civile francese.<br \/>\nL\u2019esecuzione delle presenti Condizioni Generali sar\u00e0 sospesa per tutta la durata del caso di forza maggiore e i termini di esecuzione del Servizio saranno prorogati di conseguenza. SPB far\u00e0 tutto il possibile per porre fine al caso di forza maggiore o per trovare una soluzione che le consenta di adempiere ai propri obblighi contrattuali nonostante il caso di forza maggiore.<br \/>\n6. Limitazioni di responsabilit\u00e0 relative al Sito Web<br \/>\nLe informazioni fornite sul Sito Web hanno esclusivamente scopo generale e documentale. SPB declina ogni responsabilit\u00e0 per l\u2019uso e l\u2019interpretazione delle informazioni pubblicate sul Sito Web e per le relative possibili conseguenze.<br \/>\nSi precisa che SPB non potr\u00e0 essere ritenuta responsabile per danni diretti o indiretti, materiali o immateriali, derivanti dall\u2019utilizzo del Sito Web o dall\u2019impossibilit\u00e0 di accedervi, o da un malfunzionamento, un\u2019interruzione, un virus, un problema di connessione o di sistema, atti di terzi, casi di forza maggiore o eventi imprevisti, che impediscano l\u2019accesso al Sito Web o a una delle sue funzionalit\u00e0.<br \/>\nL\u2019apparecchiatura utilizzata dall\u2019Utente per connettersi al Sito Web rimane sotto la sua esclusiva responsabilit\u00e0. L\u2019Utente \u00e8 tenuto ad adottare tutte le misure appropriate per proteggere la propria apparecchiatura e i propri dati, in particolare in caso di attacchi di virus tramite Internet. L\u2019Utente \u00e8 inoltre l\u2019unico responsabile dei siti e dei dati che consulta.<br \/>\nSPB non pu\u00f2 essere ritenuta responsabile per eventuali procedimenti legali contro l\u2019Utente:<br \/>\n\u2022\ta seguito dell\u2019utilizzo del Sito Web o di qualsiasi servizio accessibile tramite Internet;<br \/>\n\u2022\ta seguito del mancato rispetto delle presenti Condizioni Generali.<br \/>\nSPB non \u00e8 responsabile per eventuali danni causati all\u2019Utente, a terzi e\/o alle loro apparecchiature a seguito della connessione o dell\u2019utilizzo del Sito Web.<br \/>\n7. Diritti di propriet\u00e0 intellettuale<br \/>\n7.1. Contenuto e servizi del sito web<br \/>\nTutti i Contenuti e i Servizi accessibili tramite il Sito Web e i Servizi sono protetti da diritti di propriet\u00e0 intellettuale, posseduti o rivendicati da SPB, dalle sue entit\u00e0 collegate o utilizzati da SPB con l\u2019autorizzazione dei titolari di tali diritti.<br \/>\nI presenti Servizi e i presenti Contenuti sono destinati esclusivamente all\u2019informazione e all\u2019uso personale dell\u2019Utente, che beneficia di un diritto di utilizzo privato, non collettivo e non esclusivo.<br \/>\nSalvo previa autorizzazione espressa da parte di SPB, sono vietate tutte le riproduzioni, rappresentazioni e utilizzi da parte dell\u2019Utente diversi da quelli sopra indicati, in particolare:<br \/>\n\u2022\tqualsiasi adattamento, messa a disposizione del pubblico, su richiesta o meno, distribuzione, ritrasmissione in qualsiasi forma, messa in rete, comunicazione pubblica, gratuita o a pagamento, di tutte o parte delle opere, dei servizi, dei marchi e di tutti gli elementi protetti o suscettibili di essere protetti dal diritto di propriet\u00e0 intellettuale riprodotti sul Sito Web e nei Servizi;<br \/>\n\u2022\tqualsiasi collegamento, accesso, modifica, aggiunta o eliminazione che incida sul sistema di trattamento automatizzato dell\u2019edizione online e modifichi le condizioni di pubblicazione o la politica editoriale.<br \/>\nQualsiasi inadempimento da parte dell\u2019Utente di tali obblighi costituisce una violazione sanzionabile ai sensi degli articoli L.335-2 e seguenti del Codice della propriet\u00e0 intellettuale.<br \/>\n7.2. Database<br \/>\nIn conformit\u00e0 con le disposizioni relative alla protezione dei database, SPB \u00e8 il produttore e proprietario di tutti o di parte dei database che compongono il Sito.<br \/>\nAccedendo al presente Sito Web, l\u2019Utente riconosce che i dati in esso contenuti sono protetti legalmente; in particolare, all\u2019Utente \u00e8 vietato estrarre, riutilizzare, memorizzare, riprodurre, rappresentare o conservare, direttamente o indirettamente, su qualsiasi supporto, con qualsiasi mezzo e in qualsiasi forma, tutto o parte del contenuto qualitativamente o quantitativamente sostanziale dei database che compaiono sul Sito Web a cui ha accesso, nonch\u00e9 estrarre o riutilizzare ripetutamente e sistematicamente parti qualitativamente e quantitativamente non sostanziali del contenuto, quando tali operazioni eccedono palesemente le condizioni normali.<br \/>\n7.3. Marchi e segni distintivi<br \/>\nSalvo diversa indicazione, tutti i marchi commerciali utilizzati sul Sito Web sono di propriet\u00e0 di SPB o dei suoi partner.<br \/>\nSalvo previa autorizzazione espressa da parte di SPB e\/o dei suoi partner, qualsiasi utilizzo del presente marchio e di qualsiasi altro marchio, figurativo o meno, esposto e appartenente a SPB o a terzi espone l\u2019Utente a procedimenti legali.<br \/>\n8. Cookie<br \/>\nLe informazioni sui cookie utilizzati sul Sito Web sono riportate nella Cookie Policy.<br \/>\n9. Link<br \/>\nLe informazioni accessibili tramite link ad altri siti non sono sotto il controllo di SPB, che declina ogni responsabilit\u00e0 per il loro contenuto.<br \/>\n10. Dati personali dell\u2019utente<br \/>\nI dati comunicati a SPB nell\u2019ambito dell\u2019utilizzo del Sito sono trattati ai sensi e nel rispetto della legge del 6 gennaio 1978 modificata dalla legge del 20 giugno 2018 denominata Informatique et Libert\u00e9s, in conformit\u00e0 al Regolamento Generale sulla Protezione dei Dati.<br \/>\nIn questo contesto, il titolare del trattamento dei dati \u00e8 SPB.<br \/>\nTutte le informazioni relative al trattamento dei dati dell\u2019Utente, alle relative finalit\u00e0, ai diritti dell\u2019Utente e agli obblighi di SPB sono dettagliate nella Privacy Policy pubblicata sul Sito Web.<br \/>\n11. Reclami \u2013 Risoluzione delle controversie<br \/>\nIn caso di reclamo, l\u2019Utente pu\u00f2 contattare SPB:<br \/>\nper posta: 71, quai Colbert, 76 600 Le Havre<br \/>\nLe presenti Condizioni Generali sono regolate dal diritto francese. Qualsiasi controversia relativa alla loro validit\u00e0, interpretazione o esecuzione sar\u00e0 sottoposta ai tribunali francesi competenti.<br \/>\n12. Autorit\u00e0 di vigilanza<br \/>\nL\u2019autorit\u00e0 di vigilanza di SPB \u00e8 l\u2019Autorit\u00e9 de Contr\u00f4le Prudentiel et de R\u00e9solution (Autorit\u00e0 francese di controllo prudenziale e di risoluzione), al seguente indirizzo:<br \/>\nACPR 4 Place de Budapest CS 92459 75436 PARIGI CEDEX 09<\/p>\n                <\/div>\n            \n        <\/div>\n\n    <\/div>\n<\/section>\n\n<p class=\"--last --prev--centered-content --prev-diff-bg\"><\/p>\n","protected":false},"excerpt":{"rendered":"","protected":false},"author":1,"featured_media":0,"parent":0,"menu_order":0,"comment_status":"closed","ping_status":"closed","template":"","meta":{"_acf_changed":false,"footnotes":""},"class_list":["post-2110","page","type-page","status-publish","hentry"],"acf":[],"yoast_head":"<!-- This site is optimized with the Yoast SEO plugin v26.9 - https:\/\/yoast.com\/product\/yoast-seo-wordpress\/ -->\n<title>Termini di servizio | SPB Group<\/title>\n<meta name=\"description\" content=\"Consulta i Termini di servizio di SPB per comprendere le condizioni che regolano l\u2019utilizzo delle nostre soluzioni.\" \/>\n<meta name=\"robots\" content=\"index, follow, max-snippet:-1, max-image-preview:large, max-video-preview:-1\" \/>\n<link rel=\"canonical\" href=\"https:\/\/www.spb.eu\/it\/termini-di-servizio\/\" \/>\n<meta property=\"og:locale\" content=\"it_IT\" \/>\n<meta property=\"og:type\" content=\"article\" \/>\n<meta property=\"og:title\" content=\"Termini di servizio | SPB Group\" \/>\n<meta property=\"og:description\" content=\"Consulta i Termini di servizio di SPB per comprendere le condizioni che regolano l\u2019utilizzo delle nostre soluzioni.\" \/>\n<meta property=\"og:url\" content=\"https:\/\/www.spb.eu\/it\/termini-di-servizio\/\" \/>\n<meta property=\"og:site_name\" content=\"SPB Group - Embedded insurance Creating impact\" \/>\n<meta property=\"article:modified_time\" content=\"2026-02-06T07:37:41+00:00\" \/>\n<meta name=\"twitter:card\" content=\"summary_large_image\" \/>\n<script type=\"application\/ld+json\" class=\"yoast-schema-graph\">{\"@context\":\"https:\/\/schema.org\",\"@graph\":[{\"@type\":\"WebPage\",\"@id\":\"https:\/\/www.spb.eu\/it\/termini-di-servizio\/\",\"url\":\"https:\/\/www.spb.eu\/it\/termini-di-servizio\/\",\"name\":\"Termini di servizio | SPB Group\",\"isPartOf\":{\"@id\":\"https:\/\/www.spb.eu\/it\/#website\"},\"datePublished\":\"2025-12-16T13:46:22+00:00\",\"dateModified\":\"2026-02-06T07:37:41+00:00\",\"description\":\"Consulta i Termini di servizio di SPB per comprendere le condizioni che regolano l\u2019utilizzo delle nostre soluzioni.\",\"breadcrumb\":{\"@id\":\"https:\/\/www.spb.eu\/it\/termini-di-servizio\/#breadcrumb\"},\"inLanguage\":\"it-IT\",\"potentialAction\":[{\"@type\":\"ReadAction\",\"target\":[\"https:\/\/www.spb.eu\/it\/termini-di-servizio\/\"]}]},{\"@type\":\"BreadcrumbList\",\"@id\":\"https:\/\/www.spb.eu\/it\/termini-di-servizio\/#breadcrumb\",\"itemListElement\":[{\"@type\":\"ListItem\",\"position\":1,\"name\":\"Home\",\"item\":\"https:\/\/www.spb.eu\/it\/\"},{\"@type\":\"ListItem\",\"position\":2,\"name\":\"Termini di servizio\"}]},{\"@type\":\"WebSite\",\"@id\":\"https:\/\/www.spb.eu\/it\/#website\",\"url\":\"https:\/\/www.spb.eu\/it\/\",\"name\":\"SPB Group - Embedded insurance Creating impact\",\"description\":\"\",\"potentialAction\":[{\"@type\":\"SearchAction\",\"target\":{\"@type\":\"EntryPoint\",\"urlTemplate\":\"https:\/\/www.spb.eu\/it\/?s={search_term_string}\"},\"query-input\":{\"@type\":\"PropertyValueSpecification\",\"valueRequired\":true,\"valueName\":\"search_term_string\"}}],\"inLanguage\":\"it-IT\"}]}<\/script>\n<!-- \/ Yoast SEO plugin. -->","yoast_head_json":{"title":"Termini di servizio | SPB Group","description":"Consulta i Termini di servizio di SPB per comprendere le condizioni che regolano l\u2019utilizzo delle nostre soluzioni.","robots":{"index":"index","follow":"follow","max-snippet":"max-snippet:-1","max-image-preview":"max-image-preview:large","max-video-preview":"max-video-preview:-1"},"canonical":"https:\/\/www.spb.eu\/it\/termini-di-servizio\/","og_locale":"it_IT","og_type":"article","og_title":"Termini di servizio | SPB Group","og_description":"Consulta i Termini di servizio di SPB per comprendere le condizioni che regolano l\u2019utilizzo delle nostre soluzioni.","og_url":"https:\/\/www.spb.eu\/it\/termini-di-servizio\/","og_site_name":"SPB Group - Embedded insurance Creating impact","article_modified_time":"2026-02-06T07:37:41+00:00","twitter_card":"summary_large_image","schema":{"@context":"https:\/\/schema.org","@graph":[{"@type":"WebPage","@id":"https:\/\/www.spb.eu\/it\/termini-di-servizio\/","url":"https:\/\/www.spb.eu\/it\/termini-di-servizio\/","name":"Termini di servizio | SPB Group","isPartOf":{"@id":"https:\/\/www.spb.eu\/it\/#website"},"datePublished":"2025-12-16T13:46:22+00:00","dateModified":"2026-02-06T07:37:41+00:00","description":"Consulta i Termini di servizio di SPB per comprendere le condizioni che regolano l\u2019utilizzo delle nostre soluzioni.","breadcrumb":{"@id":"https:\/\/www.spb.eu\/it\/termini-di-servizio\/#breadcrumb"},"inLanguage":"it-IT","potentialAction":[{"@type":"ReadAction","target":["https:\/\/www.spb.eu\/it\/termini-di-servizio\/"]}]},{"@type":"BreadcrumbList","@id":"https:\/\/www.spb.eu\/it\/termini-di-servizio\/#breadcrumb","itemListElement":[{"@type":"ListItem","position":1,"name":"Home","item":"https:\/\/www.spb.eu\/it\/"},{"@type":"ListItem","position":2,"name":"Termini di servizio"}]},{"@type":"WebSite","@id":"https:\/\/www.spb.eu\/it\/#website","url":"https:\/\/www.spb.eu\/it\/","name":"SPB Group - Embedded insurance Creating impact","description":"","potentialAction":[{"@type":"SearchAction","target":{"@type":"EntryPoint","urlTemplate":"https:\/\/www.spb.eu\/it\/?s={search_term_string}"},"query-input":{"@type":"PropertyValueSpecification","valueRequired":true,"valueName":"search_term_string"}}],"inLanguage":"it-IT"}]}},"_links":{"self":[{"href":"https:\/\/www.spb.eu\/it\/wp-json\/wp\/v2\/pages\/2110","targetHints":{"allow":["GET"]}}],"collection":[{"href":"https:\/\/www.spb.eu\/it\/wp-json\/wp\/v2\/pages"}],"about":[{"href":"https:\/\/www.spb.eu\/it\/wp-json\/wp\/v2\/types\/page"}],"author":[{"embeddable":true,"href":"https:\/\/www.spb.eu\/it\/wp-json\/wp\/v2\/users\/1"}],"replies":[{"embeddable":true,"href":"https:\/\/www.spb.eu\/it\/wp-json\/wp\/v2\/comments?post=2110"}],"version-history":[{"count":1,"href":"https:\/\/www.spb.eu\/it\/wp-json\/wp\/v2\/pages\/2110\/revisions"}],"predecessor-version":[{"id":2111,"href":"https:\/\/www.spb.eu\/it\/wp-json\/wp\/v2\/pages\/2110\/revisions\/2111"}],"wp:attachment":[{"href":"https:\/\/www.spb.eu\/it\/wp-json\/wp\/v2\/media?parent=2110"}],"curies":[{"name":"wp","href":"https:\/\/api.w.org\/{rel}","templated":true}]}}