{"id":2100,"date":"2025-12-16T13:46:10","date_gmt":"2025-12-16T13:46:10","guid":{"rendered":"https:\/\/spb-wordpress-001-gvcsekfkh8cxdcef.francecentral-01.azurewebsites.net\/note-legali\/"},"modified":"2026-02-09T10:32:44","modified_gmt":"2026-02-09T10:32:44","slug":"note-legali","status":"publish","type":"page","link":"https:\/\/www.spb.eu\/it\/note-legali\/","title":{"rendered":"Note legali"},"content":{"rendered":"\n<section class=\"block --centered-content --bg-white --text-start align wp-block-acf-centered-content --first --last\">\n    <div class=\"block__inner\">\n\n        <!-- Content container with max-width -->\n        <div class=\"block__content\">\n\n            <!-- Title -->\n            <h2 class=\"block__title\">\n                Note legali            <\/h2>\n\n            <!-- Text content (optional) -->\n                            <div class=\"block__text\">\n                    <p>EDITORE DEL SITO WEB E DEI SERVIZI<br \/>\nSPB, Soci\u00e9t\u00e9 par Actions Simplifi\u00e9e (societ\u00e0 per azioni semplificata) con capitale sociale di 11.000.000 di euro, iscritta al Registro del Commercio e delle Societ\u00e0 (RCS) di Le Havre con il numero 305 109 779 e presso l\u2019ORIAS (associazione degli intermediari assicurativi) con il numero 07 002 642 (www.orias.fr) in qualit\u00e0 di broker assicurativo.<br \/>\nSede legale: 71, quai Colbert \u2013 76095 Le Havre<br \/>\nTelefono: +33 (0)2 32 74 20 20<br \/>\nE-mail: contact@spb.eu<br \/>\nSPB opera sotto la vigilanza dell\u2019Autorit\u00e9 de Contr\u00f4le Prudentiel et de R\u00e9solution (ACPR \u2013 Autorit\u00e0 francese di controllo e risoluzione prudenziale) con sede in 4, Place de Budapest \u2013 CS 92459 \u2013 75439 Paris Cedex 09.<br \/>\nDirettore della pubblicazione: Mathieu S\u00c9BASTIEN, Presidente<br \/>\nHOST DEL SITO E DEI SERVIZI<br \/>\nQuesto sito \u00e8 ospitato da Microsoft in Francia<\/p>\n                <\/div>\n            \n        <\/div>\n\n    <\/div>\n<\/section>\n","protected":false},"excerpt":{"rendered":"","protected":false},"author":1,"featured_media":0,"parent":0,"menu_order":0,"comment_status":"closed","ping_status":"closed","template":"","meta":{"_acf_changed":false,"footnotes":""},"class_list":["post-2100","page","type-page","status-publish","hentry"],"acf":[],"yoast_head":"<!-- This site is optimized with the Yoast SEO plugin v26.9 - https:\/\/yoast.com\/product\/yoast-seo-wordpress\/ -->\n<title>Note legali | SPB Group<\/title>\n<meta name=\"description\" content=\"Accedi alle informazioni legali di SPB, inclusi i dettagli aziendali, le informative normative e gli impegni di compliance, garantendo un utilizzo trasparente e sicuro dei nostri servizi.\" \/>\n<meta name=\"robots\" content=\"index, follow, max-snippet:-1, max-image-preview:large, max-video-preview:-1\" \/>\n<link rel=\"canonical\" href=\"https:\/\/www.spb.eu\/it\/note-legali\/\" \/>\n<meta property=\"og:locale\" content=\"it_IT\" \/>\n<meta property=\"og:type\" content=\"article\" \/>\n<meta property=\"og:title\" content=\"Note legali | SPB Group\" \/>\n<meta property=\"og:description\" content=\"Accedi alle informazioni legali di SPB, inclusi i dettagli aziendali, le informative normative e gli impegni di compliance, garantendo un utilizzo trasparente e sicuro dei nostri servizi.\" \/>\n<meta property=\"og:url\" content=\"https:\/\/www.spb.eu\/it\/note-legali\/\" \/>\n<meta property=\"og:site_name\" content=\"SPB Group - Embedded insurance Creating impact\" \/>\n<meta property=\"article:modified_time\" content=\"2026-02-09T10:32:44+00:00\" \/>\n<meta name=\"twitter:card\" content=\"summary_large_image\" \/>\n<script type=\"application\/ld+json\" class=\"yoast-schema-graph\">{\"@context\":\"https:\/\/schema.org\",\"@graph\":[{\"@type\":\"WebPage\",\"@id\":\"https:\/\/www.spb.eu\/it\/note-legali\/\",\"url\":\"https:\/\/www.spb.eu\/it\/note-legali\/\",\"name\":\"Note legali | SPB Group\",\"isPartOf\":{\"@id\":\"https:\/\/www.spb.eu\/it\/#website\"},\"datePublished\":\"2025-12-16T13:46:10+00:00\",\"dateModified\":\"2026-02-09T10:32:44+00:00\",\"description\":\"Accedi alle informazioni legali di SPB, inclusi i dettagli aziendali, le informative normative e gli impegni di compliance, garantendo un utilizzo trasparente e sicuro dei nostri servizi.\",\"breadcrumb\":{\"@id\":\"https:\/\/www.spb.eu\/it\/note-legali\/#breadcrumb\"},\"inLanguage\":\"it-IT\",\"potentialAction\":[{\"@type\":\"ReadAction\",\"target\":[\"https:\/\/www.spb.eu\/it\/note-legali\/\"]}]},{\"@type\":\"BreadcrumbList\",\"@id\":\"https:\/\/www.spb.eu\/it\/note-legali\/#breadcrumb\",\"itemListElement\":[{\"@type\":\"ListItem\",\"position\":1,\"name\":\"Home\",\"item\":\"https:\/\/www.spb.eu\/it\/\"},{\"@type\":\"ListItem\",\"position\":2,\"name\":\"Note legali\"}]},{\"@type\":\"WebSite\",\"@id\":\"https:\/\/www.spb.eu\/it\/#website\",\"url\":\"https:\/\/www.spb.eu\/it\/\",\"name\":\"SPB Group - Embedded insurance Creating impact\",\"description\":\"\",\"potentialAction\":[{\"@type\":\"SearchAction\",\"target\":{\"@type\":\"EntryPoint\",\"urlTemplate\":\"https:\/\/www.spb.eu\/it\/?s={search_term_string}\"},\"query-input\":{\"@type\":\"PropertyValueSpecification\",\"valueRequired\":true,\"valueName\":\"search_term_string\"}}],\"inLanguage\":\"it-IT\"}]}<\/script>\n<!-- \/ Yoast SEO plugin. -->","yoast_head_json":{"title":"Note legali | SPB Group","description":"Accedi alle informazioni legali di SPB, inclusi i dettagli aziendali, le informative normative e gli impegni di compliance, garantendo un utilizzo trasparente e sicuro dei nostri servizi.","robots":{"index":"index","follow":"follow","max-snippet":"max-snippet:-1","max-image-preview":"max-image-preview:large","max-video-preview":"max-video-preview:-1"},"canonical":"https:\/\/www.spb.eu\/it\/note-legali\/","og_locale":"it_IT","og_type":"article","og_title":"Note legali | SPB Group","og_description":"Accedi alle informazioni legali di SPB, inclusi i dettagli aziendali, le informative normative e gli impegni di compliance, garantendo un utilizzo trasparente e sicuro dei nostri servizi.","og_url":"https:\/\/www.spb.eu\/it\/note-legali\/","og_site_name":"SPB Group - Embedded insurance Creating impact","article_modified_time":"2026-02-09T10:32:44+00:00","twitter_card":"summary_large_image","schema":{"@context":"https:\/\/schema.org","@graph":[{"@type":"WebPage","@id":"https:\/\/www.spb.eu\/it\/note-legali\/","url":"https:\/\/www.spb.eu\/it\/note-legali\/","name":"Note legali | SPB Group","isPartOf":{"@id":"https:\/\/www.spb.eu\/it\/#website"},"datePublished":"2025-12-16T13:46:10+00:00","dateModified":"2026-02-09T10:32:44+00:00","description":"Accedi alle informazioni legali di SPB, inclusi i dettagli aziendali, le informative normative e gli impegni di compliance, garantendo un utilizzo trasparente e sicuro dei nostri servizi.","breadcrumb":{"@id":"https:\/\/www.spb.eu\/it\/note-legali\/#breadcrumb"},"inLanguage":"it-IT","potentialAction":[{"@type":"ReadAction","target":["https:\/\/www.spb.eu\/it\/note-legali\/"]}]},{"@type":"BreadcrumbList","@id":"https:\/\/www.spb.eu\/it\/note-legali\/#breadcrumb","itemListElement":[{"@type":"ListItem","position":1,"name":"Home","item":"https:\/\/www.spb.eu\/it\/"},{"@type":"ListItem","position":2,"name":"Note legali"}]},{"@type":"WebSite","@id":"https:\/\/www.spb.eu\/it\/#website","url":"https:\/\/www.spb.eu\/it\/","name":"SPB Group - Embedded insurance Creating impact","description":"","potentialAction":[{"@type":"SearchAction","target":{"@type":"EntryPoint","urlTemplate":"https:\/\/www.spb.eu\/it\/?s={search_term_string}"},"query-input":{"@type":"PropertyValueSpecification","valueRequired":true,"valueName":"search_term_string"}}],"inLanguage":"it-IT"}]}},"_links":{"self":[{"href":"https:\/\/www.spb.eu\/it\/wp-json\/wp\/v2\/pages\/2100","targetHints":{"allow":["GET"]}}],"collection":[{"href":"https:\/\/www.spb.eu\/it\/wp-json\/wp\/v2\/pages"}],"about":[{"href":"https:\/\/www.spb.eu\/it\/wp-json\/wp\/v2\/types\/page"}],"author":[{"embeddable":true,"href":"https:\/\/www.spb.eu\/it\/wp-json\/wp\/v2\/users\/1"}],"replies":[{"embeddable":true,"href":"https:\/\/www.spb.eu\/it\/wp-json\/wp\/v2\/comments?post=2100"}],"version-history":[{"count":4,"href":"https:\/\/www.spb.eu\/it\/wp-json\/wp\/v2\/pages\/2100\/revisions"}],"predecessor-version":[{"id":2472,"href":"https:\/\/www.spb.eu\/it\/wp-json\/wp\/v2\/pages\/2100\/revisions\/2472"}],"wp:attachment":[{"href":"https:\/\/www.spb.eu\/it\/wp-json\/wp\/v2\/media?parent=2100"}],"curies":[{"name":"wp","href":"https:\/\/api.w.org\/{rel}","templated":true}]}}