{"id":2085,"date":"2025-12-16T13:46:30","date_gmt":"2025-12-16T13:46:30","guid":{"rendered":"https:\/\/spb-wordpress-001-gvcsekfkh8cxdcef.francecentral-01.azurewebsites.net\/cookie-policy\/"},"modified":"2026-02-06T07:18:40","modified_gmt":"2026-02-06T07:18:40","slug":"cookie-policy","status":"publish","type":"page","link":"https:\/\/www.spb.eu\/it\/cookie-policy\/","title":{"rendered":"Cookie policy"},"content":{"rendered":"\n<section class=\"block --hero-centered --bg-white align wp-block-acf-hero-centered --first --next--centered-content\" >\n    <div class=\"block__inner\">\n\n        <!-- Title (H1 with icon support) -->\n        <h1 class=\"block__title\">\n            Cookie policy        <\/h1>\n\n        <!-- Text Content (optional) -->\n        \n        <!-- CTA Buttons (both optional) -->\n        \n    <\/div>\n<\/section>\n\n<section class=\"block --centered-content --bg-white --text-start align wp-block-acf-centered-content --prev--hero-centered --next--centered-content\">\n    <div class=\"block__inner\">\n\n        <!-- Content container with max-width -->\n        <div class=\"block__content\">\n\n            <!-- Title -->\n            <h2 class=\"block__title\">\n                1. Che cos\u2019\u00e8 un cookie?            <\/h2>\n\n            <!-- Text content (optional) -->\n                            <div class=\"block__text\">\n                    <p>Un \u201ccookie\u201d (o tracciante) \u00e8 un insieme di informazioni, generalmente di piccole dimensioni e identificate da un nome, che possono essere trasmesse al browser dell\u2019Utente da un sito web visitato. Il browser web le conserver\u00e0 per un determinato periodo di tempo e le invier\u00e0 nuovamente al server web ogni volta che l\u2019Utente si riconnetter\u00e0.<br \/>\nI cookie hanno molteplici utilizzi: possono essere usati per memorizzare un identificativo cliente per un sito commerciale, lo stato corrente di un carrello, un identificativo per tracciare la navigazione a fini statistici o pubblicitari, ecc.<\/p>\n                <\/div>\n            \n        <\/div>\n\n    <\/div>\n<\/section>\n\n<section class=\"block --centered-content --bg-white --text-start align wp-block-acf-centered-content --prev--centered-content --next--centered-content\">\n    <div class=\"block__inner\">\n\n        <!-- Content container with max-width -->\n        <div class=\"block__content\">\n\n            <!-- Title -->\n            <h2 class=\"block__title\">\n                2. Quali tipi di cookie vengono utilizzati dal sito e per quali finalit\u00e0?            <\/h2>\n\n            <!-- Text content (optional) -->\n                            <div class=\"block__text\">\n                    <p>Durante la visita al Sito, il Sito memorizza l\u2019indirizzo IP dell\u2019Utente e utilizza i cookie per facilitare la navigazione, migliorare l\u2019esperienza dell\u2019Utente e compilare statistiche.<br \/>\nI cookie utilizzati sul Sito sono i seguenti:<br \/>\nCookie strettamente necessari:<br \/>\nQuesti cookie non memorizzano alcuna informazione personale identificabile. Tuttavia, sono essenziali per consentire la navigazione sul Sito. Generalmente vengono impostati solo in risposta ad azioni intraprese dall\u2019Utente, che equivalgono a una richiesta di servizio, come l\u2019impostazione delle preferenze sulla privacy, l\u2019accesso o la compilazione di moduli.<br \/>\nI cookie di autenticazione e di sicurezza vengono utilizzati, ad esempio, per identificare e riconoscere l\u2019Utente registrato e per consentirgli di accedere al contenuto o alla funzionalit\u00e0 richiesti.<br \/>\nL\u2019Utente pu\u00f2 impostare il proprio browser in modo da bloccare o essere avvisato della presenza di questi cookie, ma senza di essi non potranno essere forniti i servizi richiesti dall\u2019Utente.<br \/>\nCookie di performance:<br \/>\nQuesti cookie di analisi e ricerca vengono utilizzati per contare le visite e misurare il traffico al fine di misurare e migliorare il Sito. Questi cookie ci aiutano anche a sapere quali sono le pagine pi\u00f9 e meno popolari e a vedere come i visitatori navigano nel sito, nonch\u00e9 a migliorare il funzionamento del Sito e l\u2019esperienza dell\u2019Utente.<br \/>\nTutte le informazioni raccolte da questi cookie sono aggregate e quindi anonime.<br \/>\nL\u2019Utente pu\u00f2 impostare il proprio browser in modo da bloccare o essere avvisato della presenza di questi cookie, senza che il blocco influisca in alcun modo sul servizio fornito.<br \/>\nL\u2019Utente \u00e8 informato che il Sito analizza le performance tramite Google Analytics.<br \/>\nLe informazioni generate dal cookie sull\u2019utilizzo del sito web (compresi gli indirizzi IP dei visitatori) vengono trasmesse e depositate presso i server di Google negli Stati Uniti. Google utilizzer\u00e0 queste informazioni per tracciare e analizzare l\u2019attivit\u00e0 del sito web, compilare report sulle attivit\u00e0 del sito web per gli operatori del sito web e fornire altri servizi relativi alle attivit\u00e0 del sito web e all\u2019utilizzo di Internet. Google non trasmetter\u00e0 queste informazioni a terzi a meno che non sia imposto dalla legge o a meno che tali terzi non agiscano per conto di Google e siano tenuti a mantenere la riservatezza. Google non assocer\u00e0 gli indirizzi IP dei visitatori con nessun altro dato posseduto da Google.<\/p>\n                <\/div>\n            \n        <\/div>\n\n    <\/div>\n<\/section>\n\n<section class=\"block --centered-content --bg-white --text-start align wp-block-acf-centered-content --prev--centered-content --next--centered-content\">\n    <div class=\"block__inner\">\n\n        <!-- Content container with max-width -->\n        <div class=\"block__content\">\n\n            <!-- Title -->\n            <h2 class=\"block__title\">\n                3. Durata di conservazione dei cookie            <\/h2>\n\n            <!-- Text content (optional) -->\n                            <div class=\"block__text\">\n                    <p>I cookie hanno una durata di 13 mesi a partire dal giorno in cui l\u2019Utente presta il consenso al loro utilizzo. L\u2019Utente ha la possibilit\u00e0 di rimuoverli dal proprio dispositivo in qualsiasi momento, secondo le modalit\u00e0 descritte all\u2019articolo 4.<\/p>\n                <\/div>\n            \n        <\/div>\n\n    <\/div>\n<\/section>\n\n<section class=\"block --centered-content --bg-white --text-start align wp-block-acf-centered-content --prev--centered-content --next--centered-content\">\n    <div class=\"block__inner\">\n\n        <!-- Content container with max-width -->\n        <div class=\"block__content\">\n\n            <!-- Title -->\n            <h2 class=\"block__title\">\n                4. Configurazione dei cookie            <\/h2>\n\n            <!-- Text content (optional) -->\n                            <div class=\"block__text\">\n                    <p>L\u2019Utente pu\u00f2 disattivare in qualsiasi momento l\u2019utilizzo dei cookie accedendo al proprio browser internet:<br \/>\nIn Internet Explorer: nel \u201cMenu\u201d, clicca su \u201cOpzioni Internet\u201d, poi sulla scheda \u201cPrivacy\u201d e configura i cookie cliccando su \u201cSiti\u201d o \u201cAvanzate\u201d.<br \/>\nIn Microsoft Edge: clicca su \u201cMenu\u201d, poi su \u201cImpostazioni\u201d, poi sulla scheda \u201cCookie e autorizzazioni sito\u201d e accedi alla sezione \u201cGestisci ed elimina cookie e dati dei siti\u201d.<br \/>\nIn Firefox: clicca sulla scheda \u201cStrumenti\u201d, seleziona il menu \u201cOpzioni\u201d, scegli \u201cPrivacy\u201d e clicca su \u201cMostra cookie\u201d.<br \/>\nIn Google Chrome: clicca su \u201cStrumenti\u201d, seleziona \u201cOpzioni\u201d, poi sulla scheda \u201cOpzioni avanzate\u201d e accedi alla sezione \u201cPrivacy\u201d, quindi clicca sul pulsante \u201cMostra cookie\u201d.<br \/>\nIn Safari: vai al menu \u201cModifica\u201d, poi su \u201cPreferenze\u201d, poi clicca su \u201cSicurezza\u201d e \u201cMostra cookie\u201d.<\/p>\n                <\/div>\n            \n        <\/div>\n\n    <\/div>\n<\/section>\n\n<section class=\"block --centered-content --bg-white --text-start align wp-block-acf-centered-content --last --prev--centered-content\">\n    <div class=\"block__inner\">\n\n        <!-- Content container with max-width -->\n        <div class=\"block__content\">\n\n            <!-- Title -->\n            <h2 class=\"block__title\">\n                5. Ulteriori informazioni sui cookie            <\/h2>\n\n            <!-- Text content (optional) -->\n                            <div class=\"block__text\">\n                    <p><a href=\"https:\/\/www.cnil.fr\/fr\/cookies-et-autres-traceurs\" target=\"_blank\" rel=\"noopener\">Sito web, cookie e altri tracker | CNIL<\/a><\/p>\n                <\/div>\n            \n        <\/div>\n\n    <\/div>\n<\/section>\n","protected":false},"excerpt":{"rendered":"","protected":false},"author":1,"featured_media":0,"parent":0,"menu_order":0,"comment_status":"closed","ping_status":"closed","template":"","meta":{"_acf_changed":false,"footnotes":""},"class_list":["post-2085","page","type-page","status-publish","hentry"],"acf":[],"yoast_head":"<!-- This site is optimized with the Yoast SEO plugin v26.9 - https:\/\/yoast.com\/product\/yoast-seo-wordpress\/ -->\n<title>Cookie Policy | Gruppo SPB<\/title>\n<meta name=\"description\" content=\"Scopri come SPB utilizza i cookie per garantire una navigazione sicura, affidabile e intuitiva.\" \/>\n<meta name=\"robots\" content=\"index, follow, max-snippet:-1, max-image-preview:large, max-video-preview:-1\" \/>\n<link rel=\"canonical\" href=\"https:\/\/www.spb.eu\/it\/cookie-policy\/\" \/>\n<meta property=\"og:locale\" content=\"it_IT\" \/>\n<meta property=\"og:type\" content=\"article\" \/>\n<meta property=\"og:title\" content=\"Cookie Policy | Gruppo SPB\" \/>\n<meta property=\"og:description\" content=\"Scopri come SPB utilizza i cookie per garantire una navigazione sicura, affidabile e intuitiva.\" \/>\n<meta property=\"og:url\" content=\"https:\/\/www.spb.eu\/it\/cookie-policy\/\" \/>\n<meta property=\"og:site_name\" content=\"SPB Group - Embedded insurance Creating impact\" \/>\n<meta property=\"article:modified_time\" content=\"2026-02-06T07:18:40+00:00\" \/>\n<meta name=\"twitter:card\" content=\"summary_large_image\" \/>\n<script type=\"application\/ld+json\" class=\"yoast-schema-graph\">{\"@context\":\"https:\/\/schema.org\",\"@graph\":[{\"@type\":\"WebPage\",\"@id\":\"https:\/\/www.spb.eu\/it\/cookie-policy\/\",\"url\":\"https:\/\/www.spb.eu\/it\/cookie-policy\/\",\"name\":\"Cookie Policy | Gruppo SPB\",\"isPartOf\":{\"@id\":\"https:\/\/www.spb.eu\/it\/#website\"},\"datePublished\":\"2025-12-16T13:46:30+00:00\",\"dateModified\":\"2026-02-06T07:18:40+00:00\",\"description\":\"Scopri come SPB utilizza i cookie per garantire una navigazione sicura, affidabile e intuitiva.\",\"breadcrumb\":{\"@id\":\"https:\/\/www.spb.eu\/it\/cookie-policy\/#breadcrumb\"},\"inLanguage\":\"it-IT\",\"potentialAction\":[{\"@type\":\"ReadAction\",\"target\":[\"https:\/\/www.spb.eu\/it\/cookie-policy\/\"]}]},{\"@type\":\"BreadcrumbList\",\"@id\":\"https:\/\/www.spb.eu\/it\/cookie-policy\/#breadcrumb\",\"itemListElement\":[{\"@type\":\"ListItem\",\"position\":1,\"name\":\"Home\",\"item\":\"https:\/\/www.spb.eu\/it\/\"},{\"@type\":\"ListItem\",\"position\":2,\"name\":\"Cookie policy\"}]},{\"@type\":\"WebSite\",\"@id\":\"https:\/\/www.spb.eu\/it\/#website\",\"url\":\"https:\/\/www.spb.eu\/it\/\",\"name\":\"SPB Group - Embedded insurance Creating impact\",\"description\":\"\",\"potentialAction\":[{\"@type\":\"SearchAction\",\"target\":{\"@type\":\"EntryPoint\",\"urlTemplate\":\"https:\/\/www.spb.eu\/it\/?s={search_term_string}\"},\"query-input\":{\"@type\":\"PropertyValueSpecification\",\"valueRequired\":true,\"valueName\":\"search_term_string\"}}],\"inLanguage\":\"it-IT\"}]}<\/script>\n<!-- \/ Yoast SEO plugin. -->","yoast_head_json":{"title":"Cookie Policy | Gruppo SPB","description":"Scopri come SPB utilizza i cookie per garantire una navigazione sicura, affidabile e intuitiva.","robots":{"index":"index","follow":"follow","max-snippet":"max-snippet:-1","max-image-preview":"max-image-preview:large","max-video-preview":"max-video-preview:-1"},"canonical":"https:\/\/www.spb.eu\/it\/cookie-policy\/","og_locale":"it_IT","og_type":"article","og_title":"Cookie Policy | Gruppo SPB","og_description":"Scopri come SPB utilizza i cookie per garantire una navigazione sicura, affidabile e intuitiva.","og_url":"https:\/\/www.spb.eu\/it\/cookie-policy\/","og_site_name":"SPB Group - Embedded insurance Creating impact","article_modified_time":"2026-02-06T07:18:40+00:00","twitter_card":"summary_large_image","schema":{"@context":"https:\/\/schema.org","@graph":[{"@type":"WebPage","@id":"https:\/\/www.spb.eu\/it\/cookie-policy\/","url":"https:\/\/www.spb.eu\/it\/cookie-policy\/","name":"Cookie Policy | Gruppo SPB","isPartOf":{"@id":"https:\/\/www.spb.eu\/it\/#website"},"datePublished":"2025-12-16T13:46:30+00:00","dateModified":"2026-02-06T07:18:40+00:00","description":"Scopri come SPB utilizza i cookie per garantire una navigazione sicura, affidabile e intuitiva.","breadcrumb":{"@id":"https:\/\/www.spb.eu\/it\/cookie-policy\/#breadcrumb"},"inLanguage":"it-IT","potentialAction":[{"@type":"ReadAction","target":["https:\/\/www.spb.eu\/it\/cookie-policy\/"]}]},{"@type":"BreadcrumbList","@id":"https:\/\/www.spb.eu\/it\/cookie-policy\/#breadcrumb","itemListElement":[{"@type":"ListItem","position":1,"name":"Home","item":"https:\/\/www.spb.eu\/it\/"},{"@type":"ListItem","position":2,"name":"Cookie policy"}]},{"@type":"WebSite","@id":"https:\/\/www.spb.eu\/it\/#website","url":"https:\/\/www.spb.eu\/it\/","name":"SPB Group - Embedded insurance Creating impact","description":"","potentialAction":[{"@type":"SearchAction","target":{"@type":"EntryPoint","urlTemplate":"https:\/\/www.spb.eu\/it\/?s={search_term_string}"},"query-input":{"@type":"PropertyValueSpecification","valueRequired":true,"valueName":"search_term_string"}}],"inLanguage":"it-IT"}]}},"_links":{"self":[{"href":"https:\/\/www.spb.eu\/it\/wp-json\/wp\/v2\/pages\/2085","targetHints":{"allow":["GET"]}}],"collection":[{"href":"https:\/\/www.spb.eu\/it\/wp-json\/wp\/v2\/pages"}],"about":[{"href":"https:\/\/www.spb.eu\/it\/wp-json\/wp\/v2\/types\/page"}],"author":[{"embeddable":true,"href":"https:\/\/www.spb.eu\/it\/wp-json\/wp\/v2\/users\/1"}],"replies":[{"embeddable":true,"href":"https:\/\/www.spb.eu\/it\/wp-json\/wp\/v2\/comments?post=2085"}],"version-history":[{"count":1,"href":"https:\/\/www.spb.eu\/it\/wp-json\/wp\/v2\/pages\/2085\/revisions"}],"predecessor-version":[{"id":2086,"href":"https:\/\/www.spb.eu\/it\/wp-json\/wp\/v2\/pages\/2085\/revisions\/2086"}],"wp:attachment":[{"href":"https:\/\/www.spb.eu\/it\/wp-json\/wp\/v2\/media?parent=2085"}],"curies":[{"name":"wp","href":"https:\/\/api.w.org\/{rel}","templated":true}]}}