{"id":1341,"date":"2026-01-21T11:11:06","date_gmt":"2026-01-21T11:11:06","guid":{"rendered":"https:\/\/spb-wordpress-001-gvcsekfkh8cxdcef.francecentral-01.azurewebsites.net\/secteurs-dactivites\/"},"modified":"2026-02-06T13:49:52","modified_gmt":"2026-02-06T13:49:52","slug":"secteurs-dactivites","status":"publish","type":"page","link":"https:\/\/www.spb.eu\/fr\/secteurs-dactivites\/","title":{"rendered":"Secteurs d&rsquo;activit\u00e9s"},"content":{"rendered":"\n<section class=\"block --hero-centered --bg-white align wp-block-acf-hero-centered --first --next--industries-grid\" style=\"background-image: linear-gradient(0deg, white, transparent 15%), url(\/wp-content\/uploads\/2026\/01\/spb-bg-1.png);\">\n    <div class=\"block__inner\">\n\n        <!-- Title (H1 with icon support) -->\n        <h1 class=\"block__title\">\n            5 secteurs concern\u00e9s.         <\/h1>\n\n        <!-- Text Content (optional) -->\n        \n        <!-- CTA Buttons (both optional) -->\n        \n    <\/div>\n<\/section>\n\n<section class=\"block --industries-grid --bg-white align wp-block-acf-industries-grid --prev--hero-centered --next--company-numbers\">\n    <div class=\"block__inner\">\n\n        <!-- Block Title -->\n        <h2 class=\"block__title\">\n            &nbsp;        <\/h2>\n\n        <!-- Industries Grid -->\n        <div class=\"block__grid\" role=\"list\">\n                            <article class=\"block__industry-card\" role=\"listitem\">\n                    <a href=\"https:\/\/www.spb.eu\/fr\/secteurs\/telco\/\" class=\"block__card-link\">\n\n                        <!-- Icon (rendered via shortcode) -->\n                        <div class=\"block__icon-wrapper\">\n                            <span class=\"icon --telco-colored\" style=\"width: 100%; height: 100%\" aria-hidden=\"true\"><svg class=\"icon-svg\" viewBox=\"0 0 70 129\"><defs>\n<clipPath id=\"clip0_4748_639\">\n<rect width=\"69.9435\" height=\"128.77\" fill=\"white\"\/>\n<\/clipPath>\n<\/defs><use href=\"#telco-colored\"><\/use><\/svg><\/span>                        <\/div>\n\n                        <!-- Industry Title -->\n                        <h3 class=\"block__industry-title\">\n                            Telco                        <\/h3>\n\n                        <!-- Industry Excerpt -->\n                        <p class=\"block__industry-excerpt\">\n                            Boostez votre ARPU et r\u00e9duisez l\u2019attrition en int\u00e9grant une assurance dans vos parcours client. Prot\u00e9gez les appareils de grande valeur, garantissez un service sans couture et transformez chaque incident en levier de fid\u00e9lisation.                        <\/p>\n\n                        <!-- Learn More Link -->\n                        <span class=\"block__learn-more\">\n                            En savoir plus                            <svg class=\"block__arrow\" aria-hidden=\"true\" width=\"8\" height=\"10\" viewBox=\"0 0 8 10\" fill=\"none\" xmlns=\"http:\/\/www.w3.org\/2000\/svg\">\n                                <path d=\"M0 0L8 5L0 10V0Z\" fill=\"currentColor\"\/>\n                            <\/svg>\n                        <\/span>\n\n                    <\/a>\n                <\/article>\n                            <article class=\"block__industry-card\" role=\"listitem\">\n                    <a href=\"https:\/\/www.spb.eu\/fr\/secteurs\/retail-et-e-commerce\/\" class=\"block__card-link\">\n\n                        <!-- Icon (rendered via shortcode) -->\n                        <div class=\"block__icon-wrapper\">\n                            <span class=\"icon --retail-colored\" style=\"width: 100%; height: 100%\" aria-hidden=\"true\"><svg class=\"icon-svg\" viewBox=\"0 0 108 129\"><defs>\n<clipPath id=\"clip0_4301_90\">\n<rect width=\"107.588\" height=\"128.77\" fill=\"white\"\/>\n<\/clipPath>\n<\/defs><use href=\"#retail-colored\"><\/use><\/svg><\/span>                        <\/div>\n\n                        <!-- Industry Title -->\n                        <h3 class=\"block__industry-title\">\n                            Retail et e-commerce                        <\/h3>\n\n                        <!-- Industry Excerpt -->\n                        <p class=\"block__industry-excerpt\">\n                            Augmentez votre conversion, votre panier moyen et vos revenus r\u00e9currents en int\u00e9grant une assurance embarqu\u00e9e au moment du paiement ou post achat. R\u00e9duisez le risque per\u00e7u, transformez les r\u00e9clamations en exp\u00e9riences positives et renforcez la fid\u00e9lit\u00e9 client.                        <\/p>\n\n                        <!-- Learn More Link -->\n                        <span class=\"block__learn-more\">\n                            En savoir plus                            <svg class=\"block__arrow\" aria-hidden=\"true\" width=\"8\" height=\"10\" viewBox=\"0 0 8 10\" fill=\"none\" xmlns=\"http:\/\/www.w3.org\/2000\/svg\">\n                                <path d=\"M0 0L8 5L0 10V0Z\" fill=\"currentColor\"\/>\n                            <\/svg>\n                        <\/span>\n\n                    <\/a>\n                <\/article>\n                            <article class=\"block__industry-card\" role=\"listitem\">\n                    <a href=\"https:\/\/www.spb.eu\/fr\/secteurs\/banque-moyens-de-paiement\/\" class=\"block__card-link\">\n\n                        <!-- Icon (rendered via shortcode) -->\n                        <div class=\"block__icon-wrapper\">\n                            <span class=\"icon --bank-colored\" style=\"width: 100%; height: 100%\" aria-hidden=\"true\"><svg class=\"icon-svg\" viewBox=\"0 0 134 88\"><defs>\n<clipPath id=\"clip0_4748_451\">\n<rect width=\"133.66\" height=\"87.121\" fill=\"white\"\/>\n<\/clipPath>\n<\/defs><use href=\"#bank-colored\"><\/use><\/svg><\/span>                        <\/div>\n\n                        <!-- Industry Title -->\n                        <h3 class=\"block__industry-title\">\n                            Banque                        <\/h3>\n\n                        <!-- Industry Excerpt -->\n                        <p class=\"block__industry-excerpt\">\n                            G\u00e9n\u00e9rez plus de revenus et de fid\u00e9lit\u00e9 en int\u00e9grant une assurance embarqu\u00e9e, fluide, int\u00e9gr\u00e9e vos cartes, applications et parcours de paiement. Profitez d\u2019un impact commercial mesurable, sans complexit\u00e9 op\u00e9rationnelle.                        <\/p>\n\n                        <!-- Learn More Link -->\n                        <span class=\"block__learn-more\">\n                            En savoir plus                            <svg class=\"block__arrow\" aria-hidden=\"true\" width=\"8\" height=\"10\" viewBox=\"0 0 8 10\" fill=\"none\" xmlns=\"http:\/\/www.w3.org\/2000\/svg\">\n                                <path d=\"M0 0L8 5L0 10V0Z\" fill=\"currentColor\"\/>\n                            <\/svg>\n                        <\/span>\n\n                    <\/a>\n                <\/article>\n                            <article class=\"block__industry-card\" role=\"listitem\">\n                    <a href=\"https:\/\/www.spb.eu\/fr\/secteurs\/voyage\/\" class=\"block__card-link\">\n\n                        <!-- Icon (rendered via shortcode) -->\n                        <div class=\"block__icon-wrapper\">\n                            <span class=\"icon --travel-colored\" style=\"width: 100%; height: 100%\" aria-hidden=\"true\"><svg class=\"icon-svg\" viewBox=\"0 0 56 137\"><defs>\n<clipPath id=\"clip0_4748_1707\">\n<rect width=\"55.493\" height=\"136.105\" fill=\"white\"\/>\n<\/clipPath>\n<\/defs><use href=\"#travel-colored\"><\/use><\/svg><\/span>                        <\/div>\n\n                        <!-- Industry Title -->\n                        <h3 class=\"block__industry-title\">\n                            Voyage                        <\/h3>\n\n                        <!-- Industry Excerpt -->\n                        <p class=\"block__industry-excerpt\">\n                            Am\u00e9liorez vos taux de conversion et vos marges en int\u00e9grant une assurance voyage embarqu\u00e9e, depuis la r\u00e9servation jusqu\u2019au retour. Gr\u00e2ce \u00e0 un support mobile 24\/7, chaque impr\u00e9vu devient un moment de confiance et de satisfaction pour le voyageur.                        <\/p>\n\n                        <!-- Learn More Link -->\n                        <span class=\"block__learn-more\">\n                            En savoir plus                            <svg class=\"block__arrow\" aria-hidden=\"true\" width=\"8\" height=\"10\" viewBox=\"0 0 8 10\" fill=\"none\" xmlns=\"http:\/\/www.w3.org\/2000\/svg\">\n                                <path d=\"M0 0L8 5L0 10V0Z\" fill=\"currentColor\"\/>\n                            <\/svg>\n                        <\/span>\n\n                    <\/a>\n                <\/article>\n                            <article class=\"block__industry-card\" role=\"listitem\">\n                    <a href=\"https:\/\/www.spb.eu\/fr\/secteurs\/automobile\/\" class=\"block__card-link\">\n\n                        <!-- Icon (rendered via shortcode) -->\n                        <div class=\"block__icon-wrapper\">\n                            <span class=\"icon --automotive-colored\" style=\"width: 100%; height: 100%\" aria-hidden=\"true\"><svg class=\"icon-svg\" viewBox=\"0 0 142 68\"><defs>\n<clipPath id=\"clip0_4748_611\">\n<rect width=\"141.81\" height=\"67.8365\" fill=\"white\"\/>\n<\/clipPath>\n<\/defs><use href=\"#automotive-colored\"><\/use><\/svg><\/span>                        <\/div>\n\n                        <!-- Industry Title -->\n                        <h3 class=\"block__industry-title\">\n                            Automobile                        <\/h3>\n\n                        <!-- Industry Excerpt -->\n                        <p class=\"block__industry-excerpt\">\n                            Cr\u00e9ez de nouvelles sources de revenus et fid\u00e9lisez avec une garantie panne m\u00e9canique adapt\u00e9e \u00e0 tous les v\u00e9hicules. R\u00e9duisez les risques li\u00e9s \u00e0 la propri\u00e9t\u00e9 et engagez vos clients bien apr\u00e8s la vente.                        <\/p>\n\n                        <!-- Learn More Link -->\n                        <span class=\"block__learn-more\">\n                            En savoir plus                            <svg class=\"block__arrow\" aria-hidden=\"true\" width=\"8\" height=\"10\" viewBox=\"0 0 8 10\" fill=\"none\" xmlns=\"http:\/\/www.w3.org\/2000\/svg\">\n                                <path d=\"M0 0L8 5L0 10V0Z\" fill=\"currentColor\"\/>\n                            <\/svg>\n                        <\/span>\n\n                    <\/a>\n                <\/article>\n                    <\/div>\n\n    <\/div>\n<\/section>\n\n<section class=\"block --company-numbers --bg-white align wp-block-acf-company-numbers --prev--industries-grid --next--contact-expert\">\n    <div class=\"block__inner\">\n\n        <div class=\"block__header\">\n            <h2 class=\"block__title\">\n                &nbsp;            <\/h2>\n            <div class=\"block__text\">\n                <p>&nbsp;<\/p>\n            <\/div>\n\n        <\/div>\n\n        <!-- Numbers Grid: Number Items (Masonry Layout) -->\n                    <div class=\"block__numbers\">\n                \n                                    <div class=\"block__column\">\n                                                    <div class=\"block__number-item\" data-number-item>\n                                <div class=\"block__number-wrapper\">\n                                    \n                                    <span\n                                        class=\"block__number\"\n                                        data-number-target=\"40\"\n                                        data-animate=\"true\"\n                                    >\n                                        40                                    <\/span>\n\n                                                                            <span class=\"block__number-suffix\">M<\/span>\n                                                                    <\/div>\n\n                                                                    <p class=\"block__number-description\">\n                                        d&rsquo;assur\u00e9s                                    <\/p>\n                                                            <\/div>\n                                                    <div class=\"block__number-item\" data-number-item>\n                                <div class=\"block__number-wrapper\">\n                                                                            <span class=\"block__number-prefix\">&gt;<\/span>\n                                    \n                                    <span\n                                        class=\"block__number\"\n                                        data-number-target=\"2\"\n                                        data-animate=\"true\"\n                                    >\n                                        2                                    <\/span>\n\n                                                                            <span class=\"block__number-suffix\">M<\/span>\n                                                                    <\/div>\n\n                                                                    <p class=\"block__number-description\">\n                                        d&rsquo;assur\u00e9s dans le secteur des t\u00e9l\u00e9coms                                    <\/p>\n                                                            <\/div>\n                                            <\/div>\n                                    <div class=\"block__column\">\n                                                    <div class=\"block__number-item\" data-number-item>\n                                <div class=\"block__number-wrapper\">\n                                                                            <span class=\"block__number-prefix\">&gt;<\/span>\n                                    \n                                    <span\n                                        class=\"block__number\"\n                                        data-number-target=\"3.5\"\n                                        data-animate=\"true\"\n                                    >\n                                        3.5                                    <\/span>\n\n                                                                            <span class=\"block__number-suffix\">M<\/span>\n                                                                    <\/div>\n\n                                                                    <p class=\"block__number-description\">\n                                        d&rsquo;assur\u00e9s dans le secteur du retail                                    <\/p>\n                                                            <\/div>\n                                                    <div class=\"block__number-item\" data-number-item>\n                                <div class=\"block__number-wrapper\">\n                                                                            <span class=\"block__number-prefix\">&gt;<\/span>\n                                    \n                                    <span\n                                        class=\"block__number\"\n                                        data-number-target=\"8\"\n                                        data-animate=\"true\"\n                                    >\n                                        8                                    <\/span>\n\n                                                                            <span class=\"block__number-suffix\">M<\/span>\n                                                                    <\/div>\n\n                                                                    <p class=\"block__number-description\">\n                                        d&rsquo;assur\u00e9s dans le secteur du voyage                                    <\/p>\n                                                            <\/div>\n                                            <\/div>\n                            <\/div>\n        \n    <\/div>\n<\/section>\n\n<section class=\"block --contact-expert --bg-white align wp-block-acf-contact-expert --prev--company-numbers --next--insights-teaser\">\n    <div class=\"block__inner\">\n\n        <div class=\"block__card\">\n\n            <!-- Content Section (Purple background, left side on desktop) -->\n            <div class=\"block__content-section\">\n                <div class=\"block__content-wrapper\">\n\n                    <h2 class=\"block__title\">\n                        Vous ne trouvez pas votre secteur d&#039;activit\u00e9 ?                    <\/h2>\n\n                                            <div class=\"block__text\">\n                            <p>Partagez votre d\u00e9fi, et nous vous aiderons \u00e0 maximiser votre impact. <\/p>\n                        <\/div>\n                    \n                    <a href=\"\/contactez-nous\/\"\n                       class=\"button --blue-cerulean-to-white\"\n                       >\n                        Contactez un expert SPB                    <\/a>\n\n                <\/div>\n            <\/div>\n\n            <!-- Image Section (Grey background, right side on desktop) -->\n            <div class=\"block__image-section\">\n                <div class=\"block__icon --square\"><span class=\"icon --basic-square\" style=\"width: 100%; height: auto\" aria-hidden=\"true\"><svg class=\"icon-svg\" viewBox=\"0 0 100 100\"><use href=\"#basic-square\"><\/use><\/svg><\/span><\/div>\n                <div class=\"block__icon --circle\"><span class=\"icon --basic-circle\" style=\"width: 100%; height: auto\" aria-hidden=\"true\"><svg class=\"icon-svg\" viewBox=\"0 0 100 100\"><use href=\"#basic-circle\"><\/use><\/svg><\/span><\/div>\n                <div class=\"block__icon --triangle\"><span class=\"icon --basic-triangle-1\" style=\"width: 100%; height: auto\" aria-hidden=\"true\"><svg class=\"icon-svg\" viewBox=\"0 0 100 100\"><use href=\"#basic-triangle-1\"><\/use><\/svg><\/span><\/div>\n                <div class=\"block__image-wrapper\">\n                    <img decoding=\"async\"\n                        src=\"\/wp-content\/uploads\/2025\/12\/woman1.png\"\n                                                    srcset=\"\/wp-content\/uploads\/2025\/12\/woman1.png 522w, \/wp-content\/uploads\/2025\/12\/woman1-243x300.png 243w\"\n                                                alt=\"Vous ne trouvez pas votre secteur d&#039;activit\u00e9 ?\"\n                        class=\"block__image\"\n                        loading=\"lazy\"\n                    >\n                <\/div>\n            <\/div>\n\n        <\/div>\n\n    <\/div>\n<\/section>\n\n<section class=\"block --insights-teaser --grid-1-1-1 --bg-white align wp-block-acf-insights-teaser --last --prev--contact-expert\">\n    <div class=\"block__inner\">\n\n        <!-- Header: Title (left) + CTA Button (right) -->\n        <div class=\"block__header\">\n            <h2 class=\"block__title\">\n                Actualit\u00e9s li\u00e9es            <\/h2>\n\n                            <a href=\"https:\/\/www.spb.eu\/fr\/insights\/\"\n                   class=\"button --blue-cerulean-to-violet-700\">\n                    D\u00e9couvrir plus d&#039;actualit\u00e9s                <\/a>\n                    <\/div>\n\n        <!-- Insights Grid -->\n                    <!-- Empty State -->\n                    \n    <\/div>\n<\/section>\n","protected":false},"excerpt":{"rendered":"","protected":false},"author":9,"featured_media":0,"parent":0,"menu_order":0,"comment_status":"closed","ping_status":"closed","template":"","meta":{"_acf_changed":false,"footnotes":""},"class_list":["post-1341","page","type-page","status-publish","hentry"],"acf":[],"yoast_head":"<!-- This site is optimized with the Yoast SEO plugin v26.9 - https:\/\/yoast.com\/product\/yoast-seo-wordpress\/ -->\n<title>Nos secteurs d&#039;activit\u00e9 | SPB Group<\/title>\n<meta name=\"description\" content=\"Nous accompagnons les grands distributeurs en int\u00e9grant des solutions d\u2019assurance embarqu\u00e9e directement dans leurs services, pour toucher leurs clients finaux de mani\u00e8re simple et transparente.\" \/>\n<meta name=\"robots\" content=\"index, follow, max-snippet:-1, max-image-preview:large, max-video-preview:-1\" \/>\n<link rel=\"canonical\" href=\"https:\/\/www.spb.eu\/fr\/secteurs-dactivites\/\" \/>\n<meta property=\"og:locale\" content=\"fr_FR\" \/>\n<meta property=\"og:type\" content=\"article\" \/>\n<meta property=\"og:title\" content=\"Nos secteurs d&#039;activit\u00e9 | SPB Group\" \/>\n<meta property=\"og:description\" content=\"Nous accompagnons les grands distributeurs en int\u00e9grant des solutions d\u2019assurance embarqu\u00e9e directement dans leurs services, pour toucher leurs clients finaux de mani\u00e8re simple et transparente.\" \/>\n<meta property=\"og:url\" content=\"https:\/\/www.spb.eu\/fr\/secteurs-dactivites\/\" \/>\n<meta property=\"og:site_name\" content=\"SPB Group - Embedded insurance Creating impact\" \/>\n<meta property=\"article:modified_time\" content=\"2026-02-06T13:49:52+00:00\" \/>\n<meta name=\"twitter:card\" content=\"summary_large_image\" \/>\n<script type=\"application\/ld+json\" class=\"yoast-schema-graph\">{\"@context\":\"https:\/\/schema.org\",\"@graph\":[{\"@type\":\"WebPage\",\"@id\":\"https:\/\/www.spb.eu\/fr\/secteurs-dactivites\/\",\"url\":\"https:\/\/www.spb.eu\/fr\/secteurs-dactivites\/\",\"name\":\"Nos secteurs d'activit\u00e9 | SPB Group\",\"isPartOf\":{\"@id\":\"https:\/\/www.spb.eu\/fr\/#website\"},\"datePublished\":\"2026-01-21T11:11:06+00:00\",\"dateModified\":\"2026-02-06T13:49:52+00:00\",\"description\":\"Nous accompagnons les grands distributeurs en int\u00e9grant des solutions d\u2019assurance embarqu\u00e9e directement dans leurs services, pour toucher leurs clients finaux de mani\u00e8re simple et transparente.\",\"breadcrumb\":{\"@id\":\"https:\/\/www.spb.eu\/fr\/secteurs-dactivites\/#breadcrumb\"},\"inLanguage\":\"fr-FR\",\"potentialAction\":[{\"@type\":\"ReadAction\",\"target\":[\"https:\/\/www.spb.eu\/fr\/secteurs-dactivites\/\"]}]},{\"@type\":\"BreadcrumbList\",\"@id\":\"https:\/\/www.spb.eu\/fr\/secteurs-dactivites\/#breadcrumb\",\"itemListElement\":[{\"@type\":\"ListItem\",\"position\":1,\"name\":\"Home\",\"item\":\"https:\/\/www.spb.eu\/fr\/\"},{\"@type\":\"ListItem\",\"position\":2,\"name\":\"Secteurs d&rsquo;activit\u00e9s\"}]},{\"@type\":\"WebSite\",\"@id\":\"https:\/\/www.spb.eu\/fr\/#website\",\"url\":\"https:\/\/www.spb.eu\/fr\/\",\"name\":\"SPB Group - Embedded insurance Creating impact\",\"description\":\"\",\"potentialAction\":[{\"@type\":\"SearchAction\",\"target\":{\"@type\":\"EntryPoint\",\"urlTemplate\":\"https:\/\/www.spb.eu\/fr\/?s={search_term_string}\"},\"query-input\":{\"@type\":\"PropertyValueSpecification\",\"valueRequired\":true,\"valueName\":\"search_term_string\"}}],\"inLanguage\":\"fr-FR\"}]}<\/script>\n<!-- \/ Yoast SEO plugin. -->","yoast_head_json":{"title":"Nos secteurs d'activit\u00e9 | SPB Group","description":"Nous accompagnons les grands distributeurs en int\u00e9grant des solutions d\u2019assurance embarqu\u00e9e directement dans leurs services, pour toucher leurs clients finaux de mani\u00e8re simple et transparente.","robots":{"index":"index","follow":"follow","max-snippet":"max-snippet:-1","max-image-preview":"max-image-preview:large","max-video-preview":"max-video-preview:-1"},"canonical":"https:\/\/www.spb.eu\/fr\/secteurs-dactivites\/","og_locale":"fr_FR","og_type":"article","og_title":"Nos secteurs d'activit\u00e9 | SPB Group","og_description":"Nous accompagnons les grands distributeurs en int\u00e9grant des solutions d\u2019assurance embarqu\u00e9e directement dans leurs services, pour toucher leurs clients finaux de mani\u00e8re simple et transparente.","og_url":"https:\/\/www.spb.eu\/fr\/secteurs-dactivites\/","og_site_name":"SPB Group - Embedded insurance Creating impact","article_modified_time":"2026-02-06T13:49:52+00:00","twitter_card":"summary_large_image","schema":{"@context":"https:\/\/schema.org","@graph":[{"@type":"WebPage","@id":"https:\/\/www.spb.eu\/fr\/secteurs-dactivites\/","url":"https:\/\/www.spb.eu\/fr\/secteurs-dactivites\/","name":"Nos secteurs d'activit\u00e9 | SPB Group","isPartOf":{"@id":"https:\/\/www.spb.eu\/fr\/#website"},"datePublished":"2026-01-21T11:11:06+00:00","dateModified":"2026-02-06T13:49:52+00:00","description":"Nous accompagnons les grands distributeurs en int\u00e9grant des solutions d\u2019assurance embarqu\u00e9e directement dans leurs services, pour toucher leurs clients finaux de mani\u00e8re simple et transparente.","breadcrumb":{"@id":"https:\/\/www.spb.eu\/fr\/secteurs-dactivites\/#breadcrumb"},"inLanguage":"fr-FR","potentialAction":[{"@type":"ReadAction","target":["https:\/\/www.spb.eu\/fr\/secteurs-dactivites\/"]}]},{"@type":"BreadcrumbList","@id":"https:\/\/www.spb.eu\/fr\/secteurs-dactivites\/#breadcrumb","itemListElement":[{"@type":"ListItem","position":1,"name":"Home","item":"https:\/\/www.spb.eu\/fr\/"},{"@type":"ListItem","position":2,"name":"Secteurs d&rsquo;activit\u00e9s"}]},{"@type":"WebSite","@id":"https:\/\/www.spb.eu\/fr\/#website","url":"https:\/\/www.spb.eu\/fr\/","name":"SPB Group - Embedded insurance Creating impact","description":"","potentialAction":[{"@type":"SearchAction","target":{"@type":"EntryPoint","urlTemplate":"https:\/\/www.spb.eu\/fr\/?s={search_term_string}"},"query-input":{"@type":"PropertyValueSpecification","valueRequired":true,"valueName":"search_term_string"}}],"inLanguage":"fr-FR"}]}},"_links":{"self":[{"href":"https:\/\/www.spb.eu\/fr\/wp-json\/wp\/v2\/pages\/1341","targetHints":{"allow":["GET"]}}],"collection":[{"href":"https:\/\/www.spb.eu\/fr\/wp-json\/wp\/v2\/pages"}],"about":[{"href":"https:\/\/www.spb.eu\/fr\/wp-json\/wp\/v2\/types\/page"}],"author":[{"embeddable":true,"href":"https:\/\/www.spb.eu\/fr\/wp-json\/wp\/v2\/users\/9"}],"replies":[{"embeddable":true,"href":"https:\/\/www.spb.eu\/fr\/wp-json\/wp\/v2\/comments?post=1341"}],"version-history":[{"count":9,"href":"https:\/\/www.spb.eu\/fr\/wp-json\/wp\/v2\/pages\/1341\/revisions"}],"predecessor-version":[{"id":1413,"href":"https:\/\/www.spb.eu\/fr\/wp-json\/wp\/v2\/pages\/1341\/revisions\/1413"}],"wp:attachment":[{"href":"https:\/\/www.spb.eu\/fr\/wp-json\/wp\/v2\/media?parent=1341"}],"curies":[{"name":"wp","href":"https:\/\/api.w.org\/{rel}","templated":true}]}}