{"id":1331,"date":"2025-12-04T13:46:31","date_gmt":"2025-12-04T13:46:31","guid":{"rendered":"https:\/\/spb-wordpress-001-gvcsekfkh8cxdcef.francecentral-01.azurewebsites.net\/politique-de-confidentialite\/"},"modified":"2026-04-15T16:21:24","modified_gmt":"2026-04-15T16:21:24","slug":"politique-de-confidentialite","status":"publish","type":"page","link":"https:\/\/www.spb.eu\/fr\/politique-de-confidentialite\/","title":{"rendered":"Politique de confidentialit\u00e9"},"content":{"rendered":"<section class=\"block --hero-insight --bg-white align wp-block-acf-hero-insight --first --last\">\n    <div class=\"block__inner\">\n\n        <!-- Back Button -->\n        <div class=\"block__back\">\n            <a href=\"..\/\" class=\"block__back-link\">\n                <svg class=\"block__back-icon\" width=\"8\" height=\"12\" viewBox=\"0 0 8 12\" fill=\"none\" xmlns=\"http:\/\/www.w3.org\/2000\/svg\" aria-hidden=\"true\">\n                    <path d=\"M8 0L0 6L8 12V0Z\" fill=\"currentColor\"\/>\n                <\/svg>\n                <span class=\"block__back-text\">Back to overview<\/span>\n            <\/a>\n        <\/div>\n\n        <!-- Centered Content Section -->\n        <div class=\"block__content\">\n\n            <!-- Read Time + Date -->\n            <div class=\"block__meta\">\n                <span class=\"block__read-time\">5 minute read<\/span>\n                <span class=\"block__meta-separator\">\u2022<\/span>\n                <time class=\"block__date\" datetime=\"2025-12-04T13:46:31+00:00\">\n                    04\/12\/2025                <\/time>\n            <\/div>\n\n            <!-- Title (H1 in violet) -->\n            <h1 class=\"block__title\">\n                Privacy Policy            <\/h1>\n\n            <!-- Pills: Category and Tags -->\n            <div class=\"block__pills\">\n                \n                            <\/div>\n\n            <!-- WYSIWYG Content -->\n                            <div class=\"block__article-content\">\n                    <p style=\"text-align: left\">Consultez les politiques de confidentialit\u00e9 de nos entit\u00e9s pour comprendre comment chacune traite et prot\u00e8ge vos donn\u00e9es personnelles\u00a0:<\/p>\n<ul>\n<li style=\"list-style-type: none\">\n<ul>\n<li style=\"text-align: left\"><a href=\"\/wp-content\/uploads\/2026\/03\/260320_PrivacyPolicy_SPB-Benelux-FR.pdf\" target=\"_blank\" rel=\"noopener\">SPB Benelux (FR)<\/a> \/ <a href=\"\/wp-content\/uploads\/2026\/03\/260320_PrivacyPolicy_SPB-Benelux-NL.pdf\" target=\"_blank\" rel=\"noopener\">SPB Benelux (NL)<\/a><\/li>\n<li style=\"text-align: left\">SPB DACH<\/li>\n<li style=\"text-align: left\"><a href=\"\/wp-content\/uploads\/2026\/03\/260408_PrivacyPolcicy_SPB-France.pdf\" target=\"_blank\" rel=\"noopener\">SPB France<\/a>\n<ul>\n<li style=\"text-align: left\"><a href=\"\/wp-content\/uploads\/2026\/04\/260401_PrivacyPolicy_SPB-Iberica.pdf\">SPB Ib\u00e9rica<\/a><\/li>\n<\/ul>\n<p><\/li>\n<p><\/ul>\n<p><\/li>\n<p><\/ul>\n<p><\/p>\n<ul>\n<li style=\"text-align: left\"><a href=\"\/wp-content\/uploads\/2026\/03\/250211_PrivacyPolicy_SPB-Italia.pdf\" target=\"_blank\" rel=\"noopener\">SPB Italia<\/a><\/li>\n<li style=\"text-align: left\"><a href=\"\/wp-content\/uploads\/2026\/03\/260320_PrivacyPolicy_SPB-Polska.pdf\" target=\"_blank\" rel=\"noopener\">SPB Polska<\/a><\/li>\n<li style=\"text-align: left\"><a href=\"\/wp-content\/uploads\/2026\/03\/260320_PrivacyPolicy_SPB-UK.pdf\" target=\"_blank\" rel=\"noopener\">SPB UK &amp; Ireland<\/a><\/li>\n<\/ul>\n                <\/div>\n            \n        <\/div>\n\n    <\/div>\n<\/section>\n","protected":false},"excerpt":{"rendered":"","protected":false},"author":1,"featured_media":0,"parent":0,"menu_order":0,"comment_status":"closed","ping_status":"open","template":"","meta":{"_acf_changed":false,"footnotes":""},"class_list":["post-1331","page","type-page","status-publish","hentry"],"acf":[],"yoast_head":"<!-- This site is optimized with the Yoast SEO plugin v26.9 - https:\/\/yoast.com\/product\/yoast-seo-wordpress\/ -->\n<title>Politique de confidentialit\u00e9 | SPB Group<\/title>\n<meta name=\"description\" content=\"D\u00e9couvrez comment SPB collecte, prot\u00e8ge et utilise les donn\u00e9es personnelles en totale conformit\u00e9 avec les normes de confidentialit\u00e9 et de protection des donn\u00e9es.\" \/>\n<meta name=\"robots\" content=\"index, follow, max-snippet:-1, max-image-preview:large, max-video-preview:-1\" \/>\n<link rel=\"canonical\" href=\"https:\/\/www.spb.eu\/fr\/politique-de-confidentialite\/\" \/>\n<meta property=\"og:locale\" content=\"fr_FR\" \/>\n<meta property=\"og:type\" content=\"article\" \/>\n<meta property=\"og:title\" content=\"Politique de confidentialit\u00e9 | SPB Group\" \/>\n<meta property=\"og:description\" content=\"D\u00e9couvrez comment SPB collecte, prot\u00e8ge et utilise les donn\u00e9es personnelles en totale conformit\u00e9 avec les normes de confidentialit\u00e9 et de protection des donn\u00e9es.\" \/>\n<meta property=\"og:url\" content=\"https:\/\/www.spb.eu\/fr\/politique-de-confidentialite\/\" \/>\n<meta property=\"og:site_name\" content=\"SPB Group - Embedded insurance Creating impact\" \/>\n<meta property=\"article:modified_time\" content=\"2026-04-15T16:21:24+00:00\" \/>\n<meta name=\"twitter:card\" content=\"summary_large_image\" \/>\n<script type=\"application\/ld+json\" class=\"yoast-schema-graph\">{\"@context\":\"https:\/\/schema.org\",\"@graph\":[{\"@type\":\"WebPage\",\"@id\":\"https:\/\/www.spb.eu\/fr\/politique-de-confidentialite\/\",\"url\":\"https:\/\/www.spb.eu\/fr\/politique-de-confidentialite\/\",\"name\":\"Politique de confidentialit\u00e9 | SPB Group\",\"isPartOf\":{\"@id\":\"https:\/\/www.spb.eu\/fr\/#website\"},\"datePublished\":\"2025-12-04T13:46:31+00:00\",\"dateModified\":\"2026-04-15T16:21:24+00:00\",\"description\":\"D\u00e9couvrez comment SPB collecte, prot\u00e8ge et utilise les donn\u00e9es personnelles en totale conformit\u00e9 avec les normes de confidentialit\u00e9 et de protection des donn\u00e9es.\",\"breadcrumb\":{\"@id\":\"https:\/\/www.spb.eu\/fr\/politique-de-confidentialite\/#breadcrumb\"},\"inLanguage\":\"fr-FR\",\"potentialAction\":[{\"@type\":\"ReadAction\",\"target\":[\"https:\/\/www.spb.eu\/fr\/politique-de-confidentialite\/\"]}]},{\"@type\":\"BreadcrumbList\",\"@id\":\"https:\/\/www.spb.eu\/fr\/politique-de-confidentialite\/#breadcrumb\",\"itemListElement\":[{\"@type\":\"ListItem\",\"position\":1,\"name\":\"Home\",\"item\":\"https:\/\/www.spb.eu\/fr\/\"},{\"@type\":\"ListItem\",\"position\":2,\"name\":\"Politique de confidentialit\u00e9\"}]},{\"@type\":\"WebSite\",\"@id\":\"https:\/\/www.spb.eu\/fr\/#website\",\"url\":\"https:\/\/www.spb.eu\/fr\/\",\"name\":\"SPB Group - Embedded insurance Creating impact\",\"description\":\"\",\"potentialAction\":[{\"@type\":\"SearchAction\",\"target\":{\"@type\":\"EntryPoint\",\"urlTemplate\":\"https:\/\/www.spb.eu\/fr\/?s={search_term_string}\"},\"query-input\":{\"@type\":\"PropertyValueSpecification\",\"valueRequired\":true,\"valueName\":\"search_term_string\"}}],\"inLanguage\":\"fr-FR\"}]}<\/script>\n<!-- \/ Yoast SEO plugin. -->","yoast_head_json":{"title":"Politique de confidentialit\u00e9 | SPB Group","description":"D\u00e9couvrez comment SPB collecte, prot\u00e8ge et utilise les donn\u00e9es personnelles en totale conformit\u00e9 avec les normes de confidentialit\u00e9 et de protection des donn\u00e9es.","robots":{"index":"index","follow":"follow","max-snippet":"max-snippet:-1","max-image-preview":"max-image-preview:large","max-video-preview":"max-video-preview:-1"},"canonical":"https:\/\/www.spb.eu\/fr\/politique-de-confidentialite\/","og_locale":"fr_FR","og_type":"article","og_title":"Politique de confidentialit\u00e9 | SPB Group","og_description":"D\u00e9couvrez comment SPB collecte, prot\u00e8ge et utilise les donn\u00e9es personnelles en totale conformit\u00e9 avec les normes de confidentialit\u00e9 et de protection des donn\u00e9es.","og_url":"https:\/\/www.spb.eu\/fr\/politique-de-confidentialite\/","og_site_name":"SPB Group - Embedded insurance Creating impact","article_modified_time":"2026-04-15T16:21:24+00:00","twitter_card":"summary_large_image","schema":{"@context":"https:\/\/schema.org","@graph":[{"@type":"WebPage","@id":"https:\/\/www.spb.eu\/fr\/politique-de-confidentialite\/","url":"https:\/\/www.spb.eu\/fr\/politique-de-confidentialite\/","name":"Politique de confidentialit\u00e9 | SPB Group","isPartOf":{"@id":"https:\/\/www.spb.eu\/fr\/#website"},"datePublished":"2025-12-04T13:46:31+00:00","dateModified":"2026-04-15T16:21:24+00:00","description":"D\u00e9couvrez comment SPB collecte, prot\u00e8ge et utilise les donn\u00e9es personnelles en totale conformit\u00e9 avec les normes de confidentialit\u00e9 et de protection des donn\u00e9es.","breadcrumb":{"@id":"https:\/\/www.spb.eu\/fr\/politique-de-confidentialite\/#breadcrumb"},"inLanguage":"fr-FR","potentialAction":[{"@type":"ReadAction","target":["https:\/\/www.spb.eu\/fr\/politique-de-confidentialite\/"]}]},{"@type":"BreadcrumbList","@id":"https:\/\/www.spb.eu\/fr\/politique-de-confidentialite\/#breadcrumb","itemListElement":[{"@type":"ListItem","position":1,"name":"Home","item":"https:\/\/www.spb.eu\/fr\/"},{"@type":"ListItem","position":2,"name":"Politique de confidentialit\u00e9"}]},{"@type":"WebSite","@id":"https:\/\/www.spb.eu\/fr\/#website","url":"https:\/\/www.spb.eu\/fr\/","name":"SPB Group - Embedded insurance Creating impact","description":"","potentialAction":[{"@type":"SearchAction","target":{"@type":"EntryPoint","urlTemplate":"https:\/\/www.spb.eu\/fr\/?s={search_term_string}"},"query-input":{"@type":"PropertyValueSpecification","valueRequired":true,"valueName":"search_term_string"}}],"inLanguage":"fr-FR"}]}},"_links":{"self":[{"href":"https:\/\/www.spb.eu\/fr\/wp-json\/wp\/v2\/pages\/1331","targetHints":{"allow":["GET"]}}],"collection":[{"href":"https:\/\/www.spb.eu\/fr\/wp-json\/wp\/v2\/pages"}],"about":[{"href":"https:\/\/www.spb.eu\/fr\/wp-json\/wp\/v2\/types\/page"}],"author":[{"embeddable":true,"href":"https:\/\/www.spb.eu\/fr\/wp-json\/wp\/v2\/users\/1"}],"replies":[{"embeddable":true,"href":"https:\/\/www.spb.eu\/fr\/wp-json\/wp\/v2\/comments?post=1331"}],"version-history":[{"count":4,"href":"https:\/\/www.spb.eu\/fr\/wp-json\/wp\/v2\/pages\/1331\/revisions"}],"predecessor-version":[{"id":7704,"href":"https:\/\/www.spb.eu\/fr\/wp-json\/wp\/v2\/pages\/1331\/revisions\/7704"}],"wp:attachment":[{"href":"https:\/\/www.spb.eu\/fr\/wp-json\/wp\/v2\/media?parent=1331"}],"curies":[{"name":"wp","href":"https:\/\/api.w.org\/{rel}","templated":true}]}}