{"id":1327,"date":"2025-12-16T13:46:30","date_gmt":"2025-12-16T13:46:30","guid":{"rendered":"https:\/\/spb-wordpress-001-gvcsekfkh8cxdcef.francecentral-01.azurewebsites.net\/politique-dutilisation-des-cookies\/"},"modified":"2026-02-02T12:44:13","modified_gmt":"2026-02-02T12:44:13","slug":"politique-dutilisation-des-cookies","status":"publish","type":"page","link":"https:\/\/www.spb.eu\/fr\/politique-dutilisation-des-cookies\/","title":{"rendered":"Politique d&rsquo;utilisation des cookies"},"content":{"rendered":"\n<section class=\"block --hero-centered --bg-white align wp-block-acf-hero-centered --first --next--centered-content\" >\n    <div class=\"block__inner\">\n\n        <!-- Title (H1 with icon support) -->\n        <h1 class=\"block__title\">\n            Politique d&rsquo;utilisation des cookies        <\/h1>\n\n        <!-- Text Content (optional) -->\n        \n        <!-- CTA Buttons (both optional) -->\n        \n    <\/div>\n<\/section>\n\n<section class=\"block --centered-content --bg-white --text-start align wp-block-acf-centered-content --prev--hero-centered --next--centered-content\">\n    <div class=\"block__inner\">\n\n        <!-- Content container with max-width -->\n        <div class=\"block__content\">\n\n            <!-- Title -->\n            <h2 class=\"block__title\">\n                1. Qu&#039;est-ce qu&#039;un cookie ?            <\/h2>\n\n            <!-- Text content (optional) -->\n                            <div class=\"block__text\">\n                    <p>Un \u00ab cookie \u00bb (ou traceur) est une s\u00e9rie d&rsquo;informations, g\u00e9n\u00e9ralement de petite taille et identifi\u00e9es par un nom, qui peuvent \u00eatre transmises au navigateur de l&rsquo;utilisateur par un site web auquel il est connect\u00e9. Le navigateur web le conservera pendant un certain temps et le renverra au serveur web chaque fois que l&rsquo;utilisateur se reconnectera \u00e0 celui-ci.<\/p>\n<p>Les cookies ont de multiples usages : ils peuvent servir \u00e0 stocker un identifiant client pour un site marchand, l&rsquo;\u00e9tat actuel d&rsquo;un panier d&rsquo;achat, un identifiant permettant de suivre la navigation \u00e0 des fins statistiques ou publicitaires, etc.<\/p>\n                <\/div>\n            \n        <\/div>\n\n    <\/div>\n<\/section>\n\n<section class=\"block --centered-content --bg-white --text-start align wp-block-acf-centered-content --prev--centered-content --next--centered-content\">\n    <div class=\"block__inner\">\n\n        <!-- Content container with max-width -->\n        <div class=\"block__content\">\n\n            <!-- Title -->\n            <h2 class=\"block__title\">\n                2. Quels types de cookies sont utilis\u00e9s par le site et \u00e0 quelles fins ?            <\/h2>\n\n            <!-- Text content (optional) -->\n                            <div class=\"block__text\">\n                    <p>Lorsque vous visitez le Site, celui-ci enregistre votre adresse IP et utilise des cookies pour faciliter votre visite sur le site web, am\u00e9liorer votre exp\u00e9rience et compiler des statistiques.<\/p>\n<p>Les cookies utilis\u00e9s sur le Site sont les suivants :<\/p>\n<p>Cookies strictement n\u00e9cessaires :<br \/>\nCes cookies ne stockent aucune information permettant d&rsquo;identifier personnellement l&rsquo;utilisateur. Ils sont toutefois indispensables pour permettre la navigation sur le Site. Ils ne sont g\u00e9n\u00e9ralement d\u00e9finis qu&rsquo;en r\u00e9ponse \u00e0 des actions de l&rsquo;utilisateur qui constituent une demande de service, telles que le param\u00e9trage des pr\u00e9f\u00e9rences de confidentialit\u00e9, la connexion ou le remplissage de formulaires.<\/p>\n<p>Les cookies d&rsquo;authentification et de s\u00e9curit\u00e9 sont utilis\u00e9s, par exemple, pour identifier et reconna\u00eetre l&rsquo;utilisateur enregistr\u00e9 et lui permettre d&rsquo;acc\u00e9der au contenu ou \u00e0 la fonctionnalit\u00e9 demand\u00e9s.<\/p>\n<p>L&rsquo;utilisateur peut configurer son navigateur pour bloquer ou l&rsquo;alerter de la pr\u00e9sence de ces cookies, mais sans eux, les services demand\u00e9s par l&rsquo;utilisateur ne peuvent \u00eatre fournis.<\/p>\n<p>Cookies de performance :<br \/>\nCes cookies d&rsquo;analyse et de recherche sont utilis\u00e9s pour compter les visites et mesurer le trafic afin d&rsquo;\u00e9valuer et d&rsquo;am\u00e9liorer le Site. Ces cookies nous aident \u00e9galement \u00e0 savoir quelles sont les pages les plus et les moins populaires, \u00e0 voir comment les visiteurs naviguent sur le site, ainsi qu&rsquo;\u00e0 am\u00e9liorer le fonctionnement du Site et l&rsquo;exp\u00e9rience de l&rsquo;Utilisateur.<\/p>\n<p>Toutes les informations collect\u00e9es par ces cookies sont agr\u00e9g\u00e9es et donc anonymes.<br \/>\nL&rsquo;utilisateur peut configurer son navigateur pour bloquer ou l&rsquo;alerter de la pr\u00e9sence de ces cookies, et le blocage de ces cookies n&rsquo;affectera pas le service fourni.<\/p>\n<p>L&rsquo;utilisateur est inform\u00e9 que le site analyse les performances du site via Google Analytics.<\/p>\n<p>Les informations g\u00e9n\u00e9r\u00e9es par le cookie concernant l&rsquo;utilisation du site web (y compris les adresses IP des visiteurs) sont transmises et stock\u00e9es par Google sur des serveurs situ\u00e9s aux \u00c9tats-Unis. Google utilisera ces informations dans le but d&rsquo;\u00e9valuer l&rsquo;activit\u00e9 du site web, de compiler des rapports sur l&rsquo;activit\u00e9 du site web pour l&rsquo;exploitant du site et de fournir d&rsquo;autres services li\u00e9s \u00e0 l&rsquo;activit\u00e9 du site web et \u00e0 l&rsquo;utilisation d&rsquo;Internet. Google ne transmettra pas ces informations \u00e0 des tiers, sauf si la loi l&rsquo;y oblige ou si ces tiers agissent pour le compte de Google et sont tenus de respecter la confidentialit\u00e9. Google ne compare pas les adresses IP des visiteurs avec d&rsquo;autres informations d\u00e9tenues par Google.<\/p>\n                <\/div>\n            \n        <\/div>\n\n    <\/div>\n<\/section>\n\n<section class=\"block --centered-content --bg-white --text-start align wp-block-acf-centered-content --prev--centered-content --next--centered-content\">\n    <div class=\"block__inner\">\n\n        <!-- Content container with max-width -->\n        <div class=\"block__content\">\n\n            <!-- Title -->\n            <h2 class=\"block__title\">\n                3. Dur\u00e9e de conservation d&#039;un cookie            <\/h2>\n\n            <!-- Text content (optional) -->\n                            <div class=\"block__text\">\n                    <p>Les cookies ont une dur\u00e9e de vie de 13 mois \u00e0 compter du jour o\u00f9 l&rsquo;utilisateur donne son consentement \u00e0 leur utilisation. L&rsquo;utilisateur a la possibilit\u00e9 de les supprimer de son terminal \u00e0 tout moment, selon les m\u00e9thodes d\u00e9crites \u00e0 l&rsquo;article IV ci-dessous.<\/p>\n                <\/div>\n            \n        <\/div>\n\n    <\/div>\n<\/section>\n\n<section class=\"block --centered-content --bg-white --text-start align wp-block-acf-centered-content --prev--centered-content --next--centered-content\">\n    <div class=\"block__inner\">\n\n        <!-- Content container with max-width -->\n        <div class=\"block__content\">\n\n            <!-- Title -->\n            <h2 class=\"block__title\">\n                4. Configuration des cookies            <\/h2>\n\n            <!-- Text content (optional) -->\n                            <div class=\"block__text\">\n                    <p>L&rsquo;utilisateur peut d\u00e9sactiver l&rsquo;utilisation des cookies \u00e0 tout moment en se rendant dans son navigateur Internet :<\/p>\n<p>Dans Internet Explorer : dans le \u00ab Menu \u00bb, cliquez sur \u00ab Options Internet \u00bb, puis sur l&rsquo;onglet \u00ab Confidentialit\u00e9 \u00bb et configurez les cookies en cliquant sur \u00ab Sites \u00bb ou \u00ab Avanc\u00e9 \u00bb.<\/p>\n<p>Dans Microsoft Edge : cliquez sur \u00ab Menu \u00bb, puis sur \u00ab Param\u00e8tres \u00bb, puis sur l&rsquo;onglet \u00ab Cookies et autorisations de site \u00bb et acc\u00e9dez \u00e0 la section \u00ab G\u00e9rer et supprimer les cookies et les donn\u00e9es de site \u00bb.<br \/>\nDans Firefox : cliquez sur l&rsquo;onglet \u00ab Outils \u00bb, s\u00e9lectionnez le menu \u00ab Options \u00bb, choisissez \u00ab Vie priv\u00e9e \u00bb et cliquez sur \u00ab Afficher les cookies \u00bb.<\/p>\n<p>Dans Google Chrome : cliquez sur \u00ab Outils \u00bb, s\u00e9lectionnez \u00ab Options \u00bb, puis sur l&rsquo;onglet \u00ab Options avanc\u00e9es \u00bb et acc\u00e9dez \u00e0 la section \u00ab Confidentialit\u00e9 \u00bb, puis cliquez sur le bouton \u00ab Afficher les cookies \u00bb.<\/p>\n<p>Dans Safari : allez dans le menu \u00ab \u00c9dition \u00bb, puis \u00ab Pr\u00e9f\u00e9rences \u00bb, puis cliquez sur \u00ab S\u00e9curit\u00e9 \u00bb et \u00ab Afficher les cookies \u00bb.<\/p>\n                <\/div>\n            \n        <\/div>\n\n    <\/div>\n<\/section>\n\n<section class=\"block --centered-content --bg-white --text-start align wp-block-acf-centered-content --last --prev--centered-content\">\n    <div class=\"block__inner\">\n\n        <!-- Content container with max-width -->\n        <div class=\"block__content\">\n\n            <!-- Title -->\n            <h2 class=\"block__title\">\n                5. En savoir plus sur les cookies            <\/h2>\n\n            <!-- Text content (optional) -->\n                            <div class=\"block__text\">\n                    <p><a href=\"https:\/\/www.cnil.fr\/fr\/cookies-et-autres-traceurs\" target=\"_blank\" rel=\"noopener\">Sites web, cookies et autres traceurs | CNIL<\/a><\/p>\n                <\/div>\n            \n        <\/div>\n\n    <\/div>\n<\/section>\n","protected":false},"excerpt":{"rendered":"","protected":false},"author":1,"featured_media":0,"parent":0,"menu_order":0,"comment_status":"closed","ping_status":"closed","template":"","meta":{"_acf_changed":false,"footnotes":""},"class_list":["post-1327","page","type-page","status-publish","hentry"],"acf":[],"yoast_head":"<!-- This site is optimized with the Yoast SEO plugin v26.9 - https:\/\/yoast.com\/product\/yoast-seo-wordpress\/ -->\n<title>Politique en mati\u00e8re de cookies | SPB Group<\/title>\n<meta name=\"description\" content=\"D\u00e9couvrez comment SPB utilise les cookies pour garantir une navigation s\u00e9curis\u00e9e, fiable et conviviale.\" \/>\n<meta name=\"robots\" content=\"index, follow, max-snippet:-1, max-image-preview:large, max-video-preview:-1\" \/>\n<link rel=\"canonical\" href=\"https:\/\/www.spb.eu\/fr\/politique-dutilisation-des-cookies\/\" \/>\n<meta property=\"og:locale\" content=\"fr_FR\" \/>\n<meta property=\"og:type\" content=\"article\" \/>\n<meta property=\"og:title\" content=\"Politique en mati\u00e8re de cookies | SPB Group\" \/>\n<meta property=\"og:description\" content=\"D\u00e9couvrez comment SPB utilise les cookies pour garantir une navigation s\u00e9curis\u00e9e, fiable et conviviale.\" \/>\n<meta property=\"og:url\" content=\"https:\/\/www.spb.eu\/fr\/politique-dutilisation-des-cookies\/\" \/>\n<meta property=\"og:site_name\" content=\"SPB Group - Embedded insurance Creating impact\" \/>\n<meta property=\"article:modified_time\" content=\"2026-02-02T12:44:13+00:00\" \/>\n<meta name=\"twitter:card\" content=\"summary_large_image\" \/>\n<script type=\"application\/ld+json\" class=\"yoast-schema-graph\">{\"@context\":\"https:\/\/schema.org\",\"@graph\":[{\"@type\":\"WebPage\",\"@id\":\"https:\/\/www.spb.eu\/fr\/politique-dutilisation-des-cookies\/\",\"url\":\"https:\/\/www.spb.eu\/fr\/politique-dutilisation-des-cookies\/\",\"name\":\"Politique en mati\u00e8re de cookies | SPB Group\",\"isPartOf\":{\"@id\":\"https:\/\/www.spb.eu\/fr\/#website\"},\"datePublished\":\"2025-12-16T13:46:30+00:00\",\"dateModified\":\"2026-02-02T12:44:13+00:00\",\"description\":\"D\u00e9couvrez comment SPB utilise les cookies pour garantir une navigation s\u00e9curis\u00e9e, fiable et conviviale.\",\"breadcrumb\":{\"@id\":\"https:\/\/www.spb.eu\/fr\/politique-dutilisation-des-cookies\/#breadcrumb\"},\"inLanguage\":\"fr-FR\",\"potentialAction\":[{\"@type\":\"ReadAction\",\"target\":[\"https:\/\/www.spb.eu\/fr\/politique-dutilisation-des-cookies\/\"]}]},{\"@type\":\"BreadcrumbList\",\"@id\":\"https:\/\/www.spb.eu\/fr\/politique-dutilisation-des-cookies\/#breadcrumb\",\"itemListElement\":[{\"@type\":\"ListItem\",\"position\":1,\"name\":\"Home\",\"item\":\"https:\/\/www.spb.eu\/fr\/\"},{\"@type\":\"ListItem\",\"position\":2,\"name\":\"Politique d&rsquo;utilisation des cookies\"}]},{\"@type\":\"WebSite\",\"@id\":\"https:\/\/www.spb.eu\/fr\/#website\",\"url\":\"https:\/\/www.spb.eu\/fr\/\",\"name\":\"SPB Group - Embedded insurance Creating impact\",\"description\":\"\",\"potentialAction\":[{\"@type\":\"SearchAction\",\"target\":{\"@type\":\"EntryPoint\",\"urlTemplate\":\"https:\/\/www.spb.eu\/fr\/?s={search_term_string}\"},\"query-input\":{\"@type\":\"PropertyValueSpecification\",\"valueRequired\":true,\"valueName\":\"search_term_string\"}}],\"inLanguage\":\"fr-FR\"}]}<\/script>\n<!-- \/ Yoast SEO plugin. -->","yoast_head_json":{"title":"Politique en mati\u00e8re de cookies | SPB Group","description":"D\u00e9couvrez comment SPB utilise les cookies pour garantir une navigation s\u00e9curis\u00e9e, fiable et conviviale.","robots":{"index":"index","follow":"follow","max-snippet":"max-snippet:-1","max-image-preview":"max-image-preview:large","max-video-preview":"max-video-preview:-1"},"canonical":"https:\/\/www.spb.eu\/fr\/politique-dutilisation-des-cookies\/","og_locale":"fr_FR","og_type":"article","og_title":"Politique en mati\u00e8re de cookies | SPB Group","og_description":"D\u00e9couvrez comment SPB utilise les cookies pour garantir une navigation s\u00e9curis\u00e9e, fiable et conviviale.","og_url":"https:\/\/www.spb.eu\/fr\/politique-dutilisation-des-cookies\/","og_site_name":"SPB Group - Embedded insurance Creating impact","article_modified_time":"2026-02-02T12:44:13+00:00","twitter_card":"summary_large_image","schema":{"@context":"https:\/\/schema.org","@graph":[{"@type":"WebPage","@id":"https:\/\/www.spb.eu\/fr\/politique-dutilisation-des-cookies\/","url":"https:\/\/www.spb.eu\/fr\/politique-dutilisation-des-cookies\/","name":"Politique en mati\u00e8re de cookies | SPB Group","isPartOf":{"@id":"https:\/\/www.spb.eu\/fr\/#website"},"datePublished":"2025-12-16T13:46:30+00:00","dateModified":"2026-02-02T12:44:13+00:00","description":"D\u00e9couvrez comment SPB utilise les cookies pour garantir une navigation s\u00e9curis\u00e9e, fiable et conviviale.","breadcrumb":{"@id":"https:\/\/www.spb.eu\/fr\/politique-dutilisation-des-cookies\/#breadcrumb"},"inLanguage":"fr-FR","potentialAction":[{"@type":"ReadAction","target":["https:\/\/www.spb.eu\/fr\/politique-dutilisation-des-cookies\/"]}]},{"@type":"BreadcrumbList","@id":"https:\/\/www.spb.eu\/fr\/politique-dutilisation-des-cookies\/#breadcrumb","itemListElement":[{"@type":"ListItem","position":1,"name":"Home","item":"https:\/\/www.spb.eu\/fr\/"},{"@type":"ListItem","position":2,"name":"Politique d&rsquo;utilisation des cookies"}]},{"@type":"WebSite","@id":"https:\/\/www.spb.eu\/fr\/#website","url":"https:\/\/www.spb.eu\/fr\/","name":"SPB Group - Embedded insurance Creating impact","description":"","potentialAction":[{"@type":"SearchAction","target":{"@type":"EntryPoint","urlTemplate":"https:\/\/www.spb.eu\/fr\/?s={search_term_string}"},"query-input":{"@type":"PropertyValueSpecification","valueRequired":true,"valueName":"search_term_string"}}],"inLanguage":"fr-FR"}]}},"_links":{"self":[{"href":"https:\/\/www.spb.eu\/fr\/wp-json\/wp\/v2\/pages\/1327","targetHints":{"allow":["GET"]}}],"collection":[{"href":"https:\/\/www.spb.eu\/fr\/wp-json\/wp\/v2\/pages"}],"about":[{"href":"https:\/\/www.spb.eu\/fr\/wp-json\/wp\/v2\/types\/page"}],"author":[{"embeddable":true,"href":"https:\/\/www.spb.eu\/fr\/wp-json\/wp\/v2\/users\/1"}],"replies":[{"embeddable":true,"href":"https:\/\/www.spb.eu\/fr\/wp-json\/wp\/v2\/comments?post=1327"}],"version-history":[{"count":4,"href":"https:\/\/www.spb.eu\/fr\/wp-json\/wp\/v2\/pages\/1327\/revisions"}],"predecessor-version":[{"id":1334,"href":"https:\/\/www.spb.eu\/fr\/wp-json\/wp\/v2\/pages\/1327\/revisions\/1334"}],"wp:attachment":[{"href":"https:\/\/www.spb.eu\/fr\/wp-json\/wp\/v2\/media?parent=1327"}],"curies":[{"name":"wp","href":"https:\/\/api.w.org\/{rel}","templated":true}]}}