{"id":1323,"date":"2025-12-16T13:46:22","date_gmt":"2025-12-16T13:46:22","guid":{"rendered":"https:\/\/spb-wordpress-001-gvcsekfkh8cxdcef.francecentral-01.azurewebsites.net\/conditions-dutilisation\/"},"modified":"2026-02-02T12:28:12","modified_gmt":"2026-02-02T12:28:12","slug":"conditions-dutilisation","status":"publish","type":"page","link":"https:\/\/www.spb.eu\/fr\/conditions-dutilisation\/","title":{"rendered":"Conditions d&rsquo;utilisation"},"content":{"rendered":"\n<section class=\"block --centered-content --bg-white --text-start align wp-block-acf-centered-content --first --next--paragraph --next-diff-bg\">\n    <div class=\"block__inner\">\n\n        <!-- Content container with max-width -->\n        <div class=\"block__content\">\n\n            <!-- Title -->\n            <h2 class=\"block__title\">\n                Conditions d&#039;utilisation            <\/h2>\n\n            <!-- Text content (optional) -->\n                            <div class=\"block__text\">\n                    <p>Le site web, son contenu et ses services, ci-apr\u00e8s d\u00e9nomm\u00e9s collectivement \u00ab le site web \u00bb, sont publi\u00e9s par :<\/p>\n<p>SPB, Soci\u00e9t\u00e9 par actions simplifi\u00e9e au capital de 11 000 000 euros, immatricul\u00e9e au Registre du commerce et des soci\u00e9t\u00e9s (RCS) du Havre sous le num\u00e9ro 305 109 779 et \u00e0 l&rsquo;ORIAS (organisme de contr\u00f4le des interm\u00e9diaires d&rsquo;assurance) sous le num\u00e9ro 07 002 642 (www.orias.fr) en tant que courtier en assurances.<\/p>\n<p>Si\u00e8ge social : 71, quai Colbert \u2013 76095 LE HAVRE Cedex<\/p>\n<p>Les pr\u00e9sentes conditions g\u00e9n\u00e9rales d&rsquo;utilisation du Site, ci-apr\u00e8s d\u00e9nomm\u00e9es les \u00ab CGU \u00bb, d\u00e9finissent les conditions applicables entre l&rsquo;Utilisateur et SPB ainsi que les droits et obligations de chaque partie dans le cadre de l&rsquo;utilisation du Site.<\/p>\n<p>Toute utilisation du Site implique la consultation et l&rsquo;acceptation des pr\u00e9sentes CGU.<\/p>\n<p>Les CGU sont soumises au droit fran\u00e7ais.<\/p>\n<p>1. D\u00e9finitions<br \/>\nLes termes \u00e9num\u00e9r\u00e9s ci-dessous utilis\u00e9s dans les pr\u00e9sentes CGU et commen\u00e7ant par une majuscule s&rsquo;entendent comme suit, au singulier ou au pluriel, selon le contexte dans lequel ils sont utilis\u00e9s :<\/p>\n<p>1.1. CGU<\/p>\n<p>D\u00e9signe les pr\u00e9sentes conditions g\u00e9n\u00e9rales d&rsquo;utilisation destin\u00e9es \u00e0 r\u00e9gir les conditions d&rsquo;utilisation du Site par l&rsquo;Utilisateur.<\/p>\n<p>1.2. Contenu<\/p>\n<p>D\u00e9signe l&rsquo;ensemble des articles, photographies, illustrations, fichiers, questionnaires, fonctionnalit\u00e9s et plus g\u00e9n\u00e9ralement tout \u00e9l\u00e9ment existant au sein du Site.<\/p>\n<p>1.3. Espace utilisateur<\/p>\n<p>D\u00e9signe l&rsquo;espace personnel de l&rsquo;Utilisateur auquel celui-ci peut acc\u00e9der apr\u00e8s s&rsquo;\u00eatre authentifi\u00e9.<\/p>\n<p>1.4. Service<\/p>\n<p>D\u00e9signe l&rsquo;ensemble des services propos\u00e9s et mis \u00e0 la disposition des Utilisateurs au sein du Site. Les Services sont fournis via le Site soit par SPB, soit par des soci\u00e9t\u00e9s tierces sous leur responsabilit\u00e9 exclusive, ce que l&rsquo;Utilisateur reconna\u00eet et accepte.<\/p>\n<p>1.5. Site web<\/p>\n<p>D\u00e9signe le site web publi\u00e9 par SPB et tous les services et contenus qu&rsquo;il met \u00e0 la disposition des utilisateurs.<\/p>\n<p>1.6. Utilisateur<\/p>\n<p>D\u00e9signe la personne physique ayant acc\u00e8s au site web.<\/p>\n<p>2. Utilisation du site web par l&rsquo;utilisateur<\/p>\n<p>2.1. Acceptation des CGU<\/p>\n<p>L&rsquo;acc\u00e8s et l&rsquo;utilisation du Site web par l&rsquo;Utilisateur impliquent que ce dernier a pris connaissance, accepte sans r\u00e9serve et respecte les pr\u00e9sentes CGU.<br \/>\nLes CGU sont accessibles \u00e0 partir du lien \u00ab Conditions g\u00e9n\u00e9rales d&rsquo;utilisation \u00bb sur le site web.<\/p>\n<p>SPB se r\u00e9serve le droit de modifier les termes des pr\u00e9sentes CGU \u00e0 tout moment. Dans ce cas, les CGU modifi\u00e9es sont accessibles \u00e0 partir du lien \u00ab Conditions g\u00e9n\u00e9rales d&rsquo;utilisation \u00bb du site web.<\/p>\n<p>L&rsquo;acc\u00e8s au Site par l&rsquo;Utilisateur vaut acceptation des CGU modifi\u00e9es.<\/p>\n<p>2.2. Acc\u00e8s et s\u00e9curit\u00e9<\/p>\n<p>L&rsquo;acc\u00e8s au Site est non transf\u00e9rable et temporaire.<\/p>\n<p>2.3. R\u00e8gles d&rsquo;utilisation du site web<\/p>\n<p>L&rsquo;Utilisateur doit utiliser le Site de mani\u00e8re loyale et honn\u00eate, conform\u00e9ment \u00e0 sa finalit\u00e9 et \u00e0 son r\u00f4le, dans le respect de la loi et dans la plus stricte confidentialit\u00e9.<br \/>\nL&rsquo;utilisateur reconna\u00eet et accepte que le respect des pr\u00e9sentes CGU est une condition substantielle pour continuer \u00e0 acc\u00e9der au site web.<\/p>\n<p>SPB peut retirer l&rsquo;acc\u00e8s au site web ou \u00e0 certaines fonctionnalit\u00e9s du site web, sans pr\u00e9avis et sans devoir aucune compensation \u00e0 l&rsquo;utilisateur, en cas de violation par l&rsquo;utilisateur des dispositions des pr\u00e9sentes CGU rendant impossible le maintien de l&rsquo;acc\u00e8s au site web, sans pr\u00e9judice des dommages-int\u00e9r\u00eats qui pourraient \u00eatre r\u00e9clam\u00e9s par SPB.<\/p>\n<p>3. Description de la fonctionnalit\u00e9 et de l&rsquo;interop\u00e9rabilit\u00e9 du Site<\/p>\n<p>1. Principales caract\u00e9ristiques :<\/p>\n<p>Site Web pr\u00e9sentant l&rsquo;actualit\u00e9 du groupe SPB<\/p>\n<p>2. Fonctionnalit\u00e9s :<\/p>\n<p>Langue :<br \/>\nSite web et instructions en fran\u00e7ais et en anglais<\/p>\n<p>Tra\u00e7abilit\u00e9 des donn\u00e9es :<br \/>\nLes donn\u00e9es personnelles sont exclusivement destin\u00e9es \u00e0 SPB en tant que responsable du traitement.<\/p>\n<p>3. Interop\u00e9rabilit\u00e9 :<\/p>\n<p>Mat\u00e9riel et logiciels :<br \/>\nInternet Explorer 10 ou version ult\u00e9rieure (IE 8 et 9 avec limitations), Chrome derni\u00e8re version stable, Firefox derni\u00e8re version stable, Safari MacOS derni\u00e8re version stable, Safari Mobile iOS 7.x et versions ult\u00e9rieures, Android 4.x et versions ult\u00e9rieures<\/p>\n<p>4. Avertissement \/ contraintes techniques<\/p>\n<p>L&rsquo;utilisateur est inform\u00e9 des contraintes et limites du r\u00e9seau Internet, notamment en mati\u00e8re de :<br \/>\nla transmission des donn\u00e9es et les \u00e9ventuelles violations de donn\u00e9es ;<br \/>\nla continuit\u00e9 non garantie de l&rsquo;acc\u00e8s au Site ou aux diff\u00e9rents services propos\u00e9s par le Site ;<br \/>\ndes contraintes techniques qui ne rel\u00e8vent pas du contr\u00f4le et de la responsabilit\u00e9 de SPB.<\/p>\n<p>En aucun cas, SPB ne saurait \u00eatre tenue responsable de ces risques et de leurs cons\u00e9quences, qui peuvent \u00eatre pr\u00e9judiciables, quelle qu&rsquo;en soit l&rsquo;\u00e9tendue, \u00e0 l&rsquo;Utilisateur.<\/p>\n<p>Il appartient \u00e0 l&rsquo;Utilisateur de prendre toutes les mesures appropri\u00e9es pour prot\u00e9ger ses propres donn\u00e9es, logiciels et mat\u00e9riel informatique contre la contamination par des virus ou d&rsquo;autres formes d&rsquo;attaques pouvant circuler sur le Site.<\/p>\n<p>L&rsquo;Utilisateur ne peut tirer parti d&rsquo;aucune difficult\u00e9 d&rsquo;acc\u00e8s au Site pour acc\u00e9der aux informations ou aux services en violation des pr\u00e9sentes CGU.<\/p>\n<p>Des liens peuvent \u00eatre fournis vers d&rsquo;autres applications, sites web ou autres m\u00e9dias sociaux ou services fournis \u00e0 SPB par des soci\u00e9t\u00e9s tierces. SPB ne peut \u00eatre tenue responsable si le contenu de ces autres applications, sites web ou m\u00e9dias sociaux ou services enfreint les droits de tiers ou toute disposition l\u00e9gale ou r\u00e9glementaire en vigueur. Ces autres applications, sites web ou autres m\u00e9dias sociaux ou services sont fournis sous la responsabilit\u00e9 exclusive des soci\u00e9t\u00e9s qui les publient, ce que l&rsquo;Utilisateur reconna\u00eet et accepte express\u00e9ment.<br \/>\nL&rsquo;Utilisateur est inform\u00e9 du caract\u00e8re non fiable du r\u00e9seau Internet, notamment en termes de s\u00e9curit\u00e9 relative dans la transmission des donn\u00e9es, de continuit\u00e9 non garantie de l&rsquo;acc\u00e8s au Site, de performances non garanties en termes de volume et de vitesse de transmission des donn\u00e9es et de propagation de virus.<\/p>\n<p>\u00c0 cet \u00e9gard, SPB ne saurait \u00eatre tenue responsable des dommages r\u00e9sultant de virus de toute nature, de bogues ou de tout programme ou application incompatible avec l&rsquo;infrastructure utilis\u00e9e par l&rsquo;Utilisateur, ni des dommages subis par l&rsquo;Utilisateur \u00e0 la suite d&rsquo;une panne, d&rsquo;une interruption de maintenance, d&rsquo;un probl\u00e8me technique, d&rsquo;une interruption du r\u00e9seau t\u00e9l\u00e9phonique ou des r\u00e9seaux de t\u00e9l\u00e9communications, d&rsquo;une surcharge, d&rsquo;une n\u00e9gligence ou d&rsquo;une faute d&rsquo;un tiers ou de l&rsquo;Utilisateur, ou d&rsquo;une incompatibilit\u00e9 de la configuration informatique de l&rsquo;Utilisateur.<\/p>\n<p>Il appartient \u00e0 l&rsquo;Utilisateur de mettre en \u0153uvre une solution et des mesures de s\u00e9curit\u00e9 au sein de son ordinateur afin d&#8217;emp\u00eacher la propagation de virus.<br \/>\nIl appartient \u00e0 l&rsquo;Utilisateur de v\u00e9rifier l&rsquo;ad\u00e9quation des services et contenus propos\u00e9s via le Site \u00e0 ses besoins. L&rsquo;Utilisateur est seul responsable de toute d\u00e9cision de quelque nature que ce soit prise sur la base des informations fournies dans le Contenu ou les Services propos\u00e9s via le Site.<\/p>\n<p>5. Responsabilit\u00e9s<\/p>\n<p>5.1. Responsabilit\u00e9 de l&rsquo;Utilisateur<\/p>\n<p>L&rsquo;Utilisateur reste enti\u00e8rement et personnellement responsable de l&rsquo;utilisation du Site dans les conditions de droit commun.<br \/>\nIl incombe \u00e0 l&rsquo;Utilisateur d&rsquo;utiliser le Site conform\u00e9ment aux dispositions l\u00e9gales et r\u00e9glementaires en vigueur et aux stipulations des pr\u00e9sentes CGU.<\/p>\n<p>5.2. Responsabilit\u00e9 de SPB<\/p>\n<p>L&rsquo;utilisation du Site rel\u00e8ve de la seule responsabilit\u00e9, du seul contr\u00f4le et de la seule direction de l&rsquo;Utilisateur. SPB ne saurait en aucun cas \u00eatre tenue responsable de quelque dommage direct ou indirect que ce soit r\u00e9sultant de l&rsquo;utilisation par l&rsquo;Utilisateur du Site et des Services, \u00e0 quelque titre que ce soit et dans quelque circonstance que ce soit.<\/p>\n<p>\u00c0 cet \u00e9gard, l&rsquo;Utilisateur doit v\u00e9rifier que le Site et les Services sont adapt\u00e9s \u00e0 ses besoins, et utiliser le Site et les Services dans des conditions normales et conform\u00e9ment \u00e0 leur destination.<br \/>\nSPB n&rsquo;est en aucun cas responsable de la qualit\u00e9, de l&rsquo;actualit\u00e9, de l&rsquo;exhaustivit\u00e9 et de la v\u00e9racit\u00e9 des donn\u00e9es saisies par l&rsquo;utilisateur, sous son seul contr\u00f4le, sa seule responsabilit\u00e9 et sa seule direction.<\/p>\n<p>EN AUCUN CAS, SPB NE V\u00c9RIFIE OU NE CONTR\u00d4LE LA COH\u00c9RENCE OU LA PERTINENCE DES DONN\u00c9ES SAISIES PAR L&rsquo;UTILISATEUR SUR LE SITE LORS DE L&rsquo;UTILISATION DES SERVICES.<\/p>\n<p>L&rsquo;Utilisateur est donc inform\u00e9 que SPB ne saurait \u00eatre tenue responsable des dommages r\u00e9sultant :<br \/>\nl&rsquo;utilisation faite par l&rsquo;Utilisateur du Contenu mis \u00e0 sa disposition sur le Site et par le biais des Services, et en particulier l&rsquo;interpr\u00e9tation qu&rsquo;il en fera et les cons\u00e9quences de son utilisation ;<br \/>\nl&rsquo;enregistrement par l&rsquo;Utilisateur d&rsquo;informations incompl\u00e8tes ou erron\u00e9es.<\/p>\n<p>SPB ne sera pas responsable de toute inex\u00e9cution ou retard dans l&rsquo;ex\u00e9cution des Services caus\u00e9s par des \u00e9v\u00e9nements ind\u00e9pendants de sa volont\u00e9 ou des cas de force majeure tels que d\u00e9finis dans le Code civil.<\/p>\n<p>L&rsquo;ex\u00e9cution des pr\u00e9sentes CGU sera suspendue pendant toute la dur\u00e9e de la force majeure et les d\u00e9lais d&rsquo;ex\u00e9cution du Service seront prolong\u00e9s en cons\u00e9quence. SPB mettra tout en \u0153uvre pour mettre fin \u00e0 la force majeure ou trouver une solution lui permettant de remplir ses obligations contractuelles malgr\u00e9 la force majeure.<\/p>\n<p>6. Limitations de responsabilit\u00e9 concernant le Site<\/p>\n<p>Les informations fournies sur le Site sont uniquement \u00e0 titre g\u00e9n\u00e9ral et documentaire. SPB d\u00e9cline toute responsabilit\u00e9 quant \u00e0 l&rsquo;utilisation et l&rsquo;interpr\u00e9tation des informations publi\u00e9es sur le Site et leurs cons\u00e9quences \u00e9ventuelles.<\/p>\n<p>Il est pr\u00e9cis\u00e9 que SPB ne saurait \u00eatre tenue responsable des dommages directs ou indirects, mat\u00e9riels ou immat\u00e9riels, r\u00e9sultant de l&rsquo;utilisation du Site ou de l&rsquo;impossibilit\u00e9 d&rsquo;y acc\u00e9der, ou d&rsquo;un dysfonctionnement, d&rsquo;une interruption, d&rsquo;un virus, d&rsquo;un probl\u00e8me de connexion ou de syst\u00e8me, d&rsquo;actes de tiers, de cas de force majeure ou d&rsquo;\u00e9v\u00e9nements impr\u00e9visibles, emp\u00eachant l&rsquo;acc\u00e8s au Site ou \u00e0 l&rsquo;une de ses fonctionnalit\u00e9s.<\/p>\n<p>Le mat\u00e9riel utilis\u00e9 par l&rsquo;Utilisateur pour se connecter au Site reste sous la seule responsabilit\u00e9 de l&rsquo;Utilisateur. Il doit prendre toutes les mesures appropri\u00e9es pour prot\u00e9ger son mat\u00e9riel et ses propres donn\u00e9es, notamment en cas d&rsquo;attaques de virus via Internet. L&rsquo;Utilisateur est \u00e9galement seul responsable des sites et des donn\u00e9es qu&rsquo;il consulte.<\/p>\n<p>SPB ne peut \u00eatre tenue responsable de toute proc\u00e9dure judiciaire engag\u00e9e \u00e0 l&rsquo;encontre de l&rsquo;Utilisateur :<br \/>\n\u2013 r\u00e9sultant de l&rsquo;utilisation du Site ou de tout service accessible via Internet ;<br \/>\n\u2013 r\u00e9sultant du non-respect des pr\u00e9sentes CGU.<br \/>\nSPB n&rsquo;est pas responsable des dommages caus\u00e9s \u00e0 l&rsquo;Utilisateur, \u00e0 des tiers et\/ou \u00e0 leur \u00e9quipement \u00e0 la suite de la connexion ou de l&rsquo;utilisation du Site.<\/p>\n<p>7. Droits de propri\u00e9t\u00e9 intellectuelle<\/p>\n<p>7.1. Contenu et services du site Web<\/p>\n<p>Tous les contenus et services accessibles via le site Web et les services sont prot\u00e9g\u00e9s par des droits de propri\u00e9t\u00e9 intellectuelle d\u00e9tenus ou revendiqu\u00e9s par SPB, ses entit\u00e9s apparent\u00e9es ou utilis\u00e9s par SPB avec l&rsquo;autorisation des titulaires de ces droits.<\/p>\n<p>Ces Services et ce Contenu sont exclusivement destin\u00e9s \u00e0 l&rsquo;information et \u00e0 l&rsquo;usage personnel de l&rsquo;Utilisateur qui b\u00e9n\u00e9ficie d&rsquo;un droit d&rsquo;utilisation priv\u00e9, non collectif et non exclusif.<br \/>\nSauf autorisation expresse pr\u00e9alable de SPB, toute reproduction, repr\u00e9sentation et utilisation par l&rsquo;Utilisateur autres que celles vis\u00e9es ci-dessus sont interdites, notamment :<br \/>\ntoute adaptation, mise \u00e0 disposition du public sur demande ou non, distribution, rediffusion sous quelque forme que ce soit, mise en r\u00e9seau, communication publique, gratuite ou payante, de tout ou partie des \u0153uvres, services, marques et tous \u00e9l\u00e9ments prot\u00e9g\u00e9s ou susceptibles d&rsquo;\u00eatre prot\u00e9g\u00e9s par le droit de la propri\u00e9t\u00e9 intellectuelle reproduits sur le Site et dans les Services ;<br \/>\ntout lien, acc\u00e8s, modification, ajout ou suppression qui affecte le syst\u00e8me de traitement automatis\u00e9 de l&rsquo;\u00e9dition en ligne et modifie les conditions de publication ou la politique \u00e9ditoriale.<br \/>\nTout manquement de l&rsquo;Utilisateur \u00e0 ces obligations constituera une contrefa\u00e7on punissable en vertu des articles L.335-2 et suivants du Code de la propri\u00e9t\u00e9 intellectuelle.<\/p>\n<p>7.2. Bases de donn\u00e9es<\/p>\n<p>Conform\u00e9ment aux dispositions relatives \u00e0 la protection des bases de donn\u00e9es, SPB est le producteur et propri\u00e9taire de tout ou partie des bases de donn\u00e9es composant le Site.<br \/>\nEn acc\u00e9dant \u00e0 ce Site, l&rsquo;Utilisateur reconna\u00eet que les donn\u00e9es qu&rsquo;il contient sont prot\u00e9g\u00e9es par la loi ; il lui est notamment interdit d&rsquo;extraire, r\u00e9utiliser, stocker, reproduire, repr\u00e9senter ou conserver, directement ou indirectement, sur quelque support que ce soit, par quelque moyen et sous quelque forme que ce soit, tout ou partie du contenu qualitativement ou quantitativement substantiel des bases de donn\u00e9es figurant sur le Site web auxquelles il a acc\u00e8s, ainsi que d&rsquo;extraire ou de r\u00e9utiliser de mani\u00e8re r\u00e9p\u00e9t\u00e9e et syst\u00e9matique des parties qualitativement et quantitativement non substantielles du contenu, lorsque ces op\u00e9rations d\u00e9passent manifestement les conditions normales.<\/p>\n<p>7.3. Marques et signes distinctifs<\/p>\n<p>Sauf indication contraire, toutes les marques utilis\u00e9es sur le Site sont la propri\u00e9t\u00e9 de SPB ou de ses partenaires.<br \/>\nSauf autorisation expresse pr\u00e9alable de SPB et\/ou de ses partenaires, toute utilisation de cette marque et de toute autre marque, figurative ou non, affich\u00e9e et appartenant \u00e0 SPB ou \u00e0 des tiers expose l&rsquo;Utilisateur \u00e0 des poursuites judiciaires.<\/p>\n<p>8. Cookies<\/p>\n<p>Les informations relatives aux cookies utilis\u00e9s sur le Site sont disponibles dans la Politique de confidentialit\u00e9.<\/p>\n<p>9. Liens hypertextes<\/p>\n<p>Les informations accessibles via un lien vers d&rsquo;autres sites ne sont pas sous le contr\u00f4le de SPB, qui d\u00e9cline toute responsabilit\u00e9 quant \u00e0 leur contenu.<\/p>\n<p>10. Donn\u00e9es personnelles de l&rsquo;utilisateur<\/p>\n<p>Les donn\u00e9es communiqu\u00e9es \u00e0 SPB dans le cadre de l&rsquo;utilisation du Site sont trait\u00e9es au sens et dans le respect de la loi du 6 janvier 1978 modifi\u00e9e par la loi du 20 juin 2018 dite \u00ab Informatique et Libert\u00e9s \u00bb, conform\u00e9ment au R\u00e8glement g\u00e9n\u00e9ral sur la protection des donn\u00e9es.<\/p>\n<p>Dans ce contexte, le responsable du traitement des donn\u00e9es est SPB.<br \/>\nToutes les informations concernant le traitement des donn\u00e9es de l&rsquo;Utilisateur, leurs finalit\u00e9s, les droits de l&rsquo;Utilisateur et les obligations de SPB sont d\u00e9taill\u00e9es dans la Politique de confidentialit\u00e9 publi\u00e9e sur le Site.<\/p>\n<p>11. R\u00e9clamations \u2013 r\u00e9solution des litiges<\/p>\n<p>En cas de r\u00e9clamation, l&rsquo;Utilisateur peut contacter SPB :<br \/>\npar courrier postal : 71, quai Colbert, 76 600 Le Havre<br \/>\nLes CGU sont r\u00e9gies par le droit fran\u00e7ais. Tout litige relatif \u00e0 leur validit\u00e9, leur interpr\u00e9tation ou leur ex\u00e9cution sera soumis aux tribunaux fran\u00e7ais comp\u00e9tents.<\/p>\n<p>12. Autorit\u00e9 de contr\u00f4le<\/p>\n<p>L&rsquo;autorit\u00e9 de contr\u00f4le de SPB est l&rsquo;Autorit\u00e9 de Contr\u00f4le Prudentiel et de R\u00e9solution (ACPR), dont l&rsquo;adresse est la suivante :<br \/>\nACPR<br \/>\n4 Place de Budapest<br \/>\nCS 92459<br \/>\n75436 PARIS CEDEX 09<\/p>\n                <\/div>\n            \n        <\/div>\n\n    <\/div>\n<\/section>\n\n<p class=\"--last --prev--centered-content --prev-diff-bg\"><\/p>\n","protected":false},"excerpt":{"rendered":"","protected":false},"author":1,"featured_media":0,"parent":0,"menu_order":0,"comment_status":"closed","ping_status":"closed","template":"","meta":{"_acf_changed":false,"footnotes":""},"class_list":["post-1323","page","type-page","status-publish","hentry"],"acf":[],"yoast_head":"<!-- This site is optimized with the Yoast SEO plugin v26.9 - https:\/\/yoast.com\/product\/yoast-seo-wordpress\/ -->\n<title>Conditions d&#039;utilisation | SPB Group<\/title>\n<meta name=\"description\" content=\"Consultez les conditions d&#039;utilisation de SPB pour comprendre les conditions r\u00e9gissant l&#039;utilisation de nos solutions.\" \/>\n<meta name=\"robots\" content=\"index, follow, max-snippet:-1, max-image-preview:large, max-video-preview:-1\" \/>\n<link rel=\"canonical\" href=\"https:\/\/www.spb.eu\/fr\/conditions-dutilisation\/\" \/>\n<meta property=\"og:locale\" content=\"fr_FR\" \/>\n<meta property=\"og:type\" content=\"article\" \/>\n<meta property=\"og:title\" content=\"Conditions d&#039;utilisation | SPB Group\" \/>\n<meta property=\"og:description\" content=\"Consultez les conditions d&#039;utilisation de SPB pour comprendre les conditions r\u00e9gissant l&#039;utilisation de nos solutions.\" \/>\n<meta property=\"og:url\" content=\"https:\/\/www.spb.eu\/fr\/conditions-dutilisation\/\" \/>\n<meta property=\"og:site_name\" content=\"SPB Group - Embedded insurance Creating impact\" \/>\n<meta property=\"article:modified_time\" content=\"2026-02-02T12:28:12+00:00\" \/>\n<meta name=\"twitter:card\" content=\"summary_large_image\" \/>\n<script type=\"application\/ld+json\" class=\"yoast-schema-graph\">{\"@context\":\"https:\/\/schema.org\",\"@graph\":[{\"@type\":\"WebPage\",\"@id\":\"https:\/\/www.spb.eu\/fr\/conditions-dutilisation\/\",\"url\":\"https:\/\/www.spb.eu\/fr\/conditions-dutilisation\/\",\"name\":\"Conditions d'utilisation | SPB Group\",\"isPartOf\":{\"@id\":\"https:\/\/www.spb.eu\/fr\/#website\"},\"datePublished\":\"2025-12-16T13:46:22+00:00\",\"dateModified\":\"2026-02-02T12:28:12+00:00\",\"description\":\"Consultez les conditions d'utilisation de SPB pour comprendre les conditions r\u00e9gissant l'utilisation de nos solutions.\",\"breadcrumb\":{\"@id\":\"https:\/\/www.spb.eu\/fr\/conditions-dutilisation\/#breadcrumb\"},\"inLanguage\":\"fr-FR\",\"potentialAction\":[{\"@type\":\"ReadAction\",\"target\":[\"https:\/\/www.spb.eu\/fr\/conditions-dutilisation\/\"]}]},{\"@type\":\"BreadcrumbList\",\"@id\":\"https:\/\/www.spb.eu\/fr\/conditions-dutilisation\/#breadcrumb\",\"itemListElement\":[{\"@type\":\"ListItem\",\"position\":1,\"name\":\"Home\",\"item\":\"https:\/\/www.spb.eu\/fr\/\"},{\"@type\":\"ListItem\",\"position\":2,\"name\":\"Conditions d&rsquo;utilisation\"}]},{\"@type\":\"WebSite\",\"@id\":\"https:\/\/www.spb.eu\/fr\/#website\",\"url\":\"https:\/\/www.spb.eu\/fr\/\",\"name\":\"SPB Group - Embedded insurance Creating impact\",\"description\":\"\",\"potentialAction\":[{\"@type\":\"SearchAction\",\"target\":{\"@type\":\"EntryPoint\",\"urlTemplate\":\"https:\/\/www.spb.eu\/fr\/?s={search_term_string}\"},\"query-input\":{\"@type\":\"PropertyValueSpecification\",\"valueRequired\":true,\"valueName\":\"search_term_string\"}}],\"inLanguage\":\"fr-FR\"}]}<\/script>\n<!-- \/ Yoast SEO plugin. -->","yoast_head_json":{"title":"Conditions d'utilisation | SPB Group","description":"Consultez les conditions d'utilisation de SPB pour comprendre les conditions r\u00e9gissant l'utilisation de nos solutions.","robots":{"index":"index","follow":"follow","max-snippet":"max-snippet:-1","max-image-preview":"max-image-preview:large","max-video-preview":"max-video-preview:-1"},"canonical":"https:\/\/www.spb.eu\/fr\/conditions-dutilisation\/","og_locale":"fr_FR","og_type":"article","og_title":"Conditions d'utilisation | SPB Group","og_description":"Consultez les conditions d'utilisation de SPB pour comprendre les conditions r\u00e9gissant l'utilisation de nos solutions.","og_url":"https:\/\/www.spb.eu\/fr\/conditions-dutilisation\/","og_site_name":"SPB Group - Embedded insurance Creating impact","article_modified_time":"2026-02-02T12:28:12+00:00","twitter_card":"summary_large_image","schema":{"@context":"https:\/\/schema.org","@graph":[{"@type":"WebPage","@id":"https:\/\/www.spb.eu\/fr\/conditions-dutilisation\/","url":"https:\/\/www.spb.eu\/fr\/conditions-dutilisation\/","name":"Conditions d'utilisation | SPB Group","isPartOf":{"@id":"https:\/\/www.spb.eu\/fr\/#website"},"datePublished":"2025-12-16T13:46:22+00:00","dateModified":"2026-02-02T12:28:12+00:00","description":"Consultez les conditions d'utilisation de SPB pour comprendre les conditions r\u00e9gissant l'utilisation de nos solutions.","breadcrumb":{"@id":"https:\/\/www.spb.eu\/fr\/conditions-dutilisation\/#breadcrumb"},"inLanguage":"fr-FR","potentialAction":[{"@type":"ReadAction","target":["https:\/\/www.spb.eu\/fr\/conditions-dutilisation\/"]}]},{"@type":"BreadcrumbList","@id":"https:\/\/www.spb.eu\/fr\/conditions-dutilisation\/#breadcrumb","itemListElement":[{"@type":"ListItem","position":1,"name":"Home","item":"https:\/\/www.spb.eu\/fr\/"},{"@type":"ListItem","position":2,"name":"Conditions d&rsquo;utilisation"}]},{"@type":"WebSite","@id":"https:\/\/www.spb.eu\/fr\/#website","url":"https:\/\/www.spb.eu\/fr\/","name":"SPB Group - Embedded insurance Creating impact","description":"","potentialAction":[{"@type":"SearchAction","target":{"@type":"EntryPoint","urlTemplate":"https:\/\/www.spb.eu\/fr\/?s={search_term_string}"},"query-input":{"@type":"PropertyValueSpecification","valueRequired":true,"valueName":"search_term_string"}}],"inLanguage":"fr-FR"}]}},"_links":{"self":[{"href":"https:\/\/www.spb.eu\/fr\/wp-json\/wp\/v2\/pages\/1323","targetHints":{"allow":["GET"]}}],"collection":[{"href":"https:\/\/www.spb.eu\/fr\/wp-json\/wp\/v2\/pages"}],"about":[{"href":"https:\/\/www.spb.eu\/fr\/wp-json\/wp\/v2\/types\/page"}],"author":[{"embeddable":true,"href":"https:\/\/www.spb.eu\/fr\/wp-json\/wp\/v2\/users\/1"}],"replies":[{"embeddable":true,"href":"https:\/\/www.spb.eu\/fr\/wp-json\/wp\/v2\/comments?post=1323"}],"version-history":[{"count":3,"href":"https:\/\/www.spb.eu\/fr\/wp-json\/wp\/v2\/pages\/1323\/revisions"}],"predecessor-version":[{"id":1326,"href":"https:\/\/www.spb.eu\/fr\/wp-json\/wp\/v2\/pages\/1323\/revisions\/1326"}],"wp:attachment":[{"href":"https:\/\/www.spb.eu\/fr\/wp-json\/wp\/v2\/media?parent=1323"}],"curies":[{"name":"wp","href":"https:\/\/api.w.org\/{rel}","templated":true}]}}