{"id":1287,"date":"2025-12-16T13:46:10","date_gmt":"2025-12-16T13:46:10","guid":{"rendered":"https:\/\/spb-wordpress-001-gvcsekfkh8cxdcef.francecentral-01.azurewebsites.net\/mentions-legales\/"},"modified":"2026-02-09T10:41:07","modified_gmt":"2026-02-09T10:41:07","slug":"mentions-legales","status":"publish","type":"page","link":"https:\/\/www.spb.eu\/fr\/mentions-legales\/","title":{"rendered":"Mentions l\u00e9gales"},"content":{"rendered":"\n<section class=\"block --centered-content --bg-white --text-start align wp-block-acf-centered-content --first --last\">\n    <div class=\"block__inner\">\n\n        <!-- Content container with max-width -->\n        <div class=\"block__content\">\n\n            <!-- Title -->\n            <h2 class=\"block__title\">\n                Mentions l\u00e9gales            <\/h2>\n\n            <!-- Text content (optional) -->\n                            <div class=\"block__text\">\n                    <p>\u00c9DITEUR DU SITE WEB ET DES SERVICES<br \/>\nSPB, Soci\u00e9t\u00e9 par Actions Simplifi\u00e9e au capital de 11 000 000 euros, immatricul\u00e9e au Registre du Commerce et des Soci\u00e9t\u00e9s (RCS) du Havre sous le num\u00e9ro 305 109 779 et aupr\u00e8s de l&rsquo;ORIAS (organisme de r\u00e9gulation des interm\u00e9diaires d&rsquo;assurance) sous le num\u00e9ro 07 002 642 (www.orias.fr) en tant que courtier en assurances,<\/p>\n<p>Si\u00e8ge social : 71, quai Colbert \u2013 76095 Le Havre<\/p>\n<p>T\u00e9l\u00e9phone : +33 (0)2 32 74 20 20<\/p>\n<p>E-mail : contact@spb.eu<\/p>\n<p>SPB est soumise au contr\u00f4le de l&rsquo;Autorit\u00e9 de Contr\u00f4le Prudentiel et de R\u00e9solution (ACPR) situ\u00e9e au 4, Place de Budapest \u2013 CS 92459 \u2013 75439 Paris Cedex 09.<\/p>\n<p>Directeur de la publication : Mathieu S\u00c9BASTIEN, Pr\u00e9sident<\/p>\n<p>H\u00c9BERGEMENT DU SITE ET DES SERVICES<br \/>\nCe site est h\u00e9berg\u00e9 par Microsoft en France<\/p>\n                <\/div>\n            \n        <\/div>\n\n    <\/div>\n<\/section>\n","protected":false},"excerpt":{"rendered":"","protected":false},"author":1,"featured_media":0,"parent":0,"menu_order":0,"comment_status":"closed","ping_status":"closed","template":"","meta":{"_acf_changed":false,"footnotes":""},"class_list":["post-1287","page","type-page","status-publish","hentry"],"acf":[],"yoast_head":"<!-- This site is optimized with the Yoast SEO plugin v26.9 - https:\/\/yoast.com\/product\/yoast-seo-wordpress\/ -->\n<title>Mentions l\u00e9gales | SPB Group<\/title>\n<meta name=\"description\" content=\"Acc\u00e9dez aux informations l\u00e9gales de SPB, notamment aux d\u00e9tails sur l&#039;entreprise, aux informations r\u00e9glementaires et aux engagements en mati\u00e8re de conformit\u00e9, afin de garantir une utilisation transparente et s\u00e9curis\u00e9e de nos services.\" \/>\n<meta name=\"robots\" content=\"index, follow, max-snippet:-1, max-image-preview:large, max-video-preview:-1\" \/>\n<link rel=\"canonical\" href=\"https:\/\/www.spb.eu\/fr\/mentions-legales\/\" \/>\n<meta property=\"og:locale\" content=\"fr_FR\" \/>\n<meta property=\"og:type\" content=\"article\" \/>\n<meta property=\"og:title\" content=\"Mentions l\u00e9gales | SPB Group\" \/>\n<meta property=\"og:description\" content=\"Acc\u00e9dez aux informations l\u00e9gales de SPB, notamment aux d\u00e9tails sur l&#039;entreprise, aux informations r\u00e9glementaires et aux engagements en mati\u00e8re de conformit\u00e9, afin de garantir une utilisation transparente et s\u00e9curis\u00e9e de nos services.\" \/>\n<meta property=\"og:url\" content=\"https:\/\/www.spb.eu\/fr\/mentions-legales\/\" \/>\n<meta property=\"og:site_name\" content=\"SPB Group - Embedded insurance Creating impact\" \/>\n<meta property=\"article:modified_time\" content=\"2026-02-09T10:41:07+00:00\" \/>\n<meta name=\"twitter:card\" content=\"summary_large_image\" \/>\n<script type=\"application\/ld+json\" class=\"yoast-schema-graph\">{\"@context\":\"https:\/\/schema.org\",\"@graph\":[{\"@type\":\"WebPage\",\"@id\":\"https:\/\/www.spb.eu\/fr\/mentions-legales\/\",\"url\":\"https:\/\/www.spb.eu\/fr\/mentions-legales\/\",\"name\":\"Mentions l\u00e9gales | SPB Group\",\"isPartOf\":{\"@id\":\"https:\/\/www.spb.eu\/fr\/#website\"},\"datePublished\":\"2025-12-16T13:46:10+00:00\",\"dateModified\":\"2026-02-09T10:41:07+00:00\",\"description\":\"Acc\u00e9dez aux informations l\u00e9gales de SPB, notamment aux d\u00e9tails sur l'entreprise, aux informations r\u00e9glementaires et aux engagements en mati\u00e8re de conformit\u00e9, afin de garantir une utilisation transparente et s\u00e9curis\u00e9e de nos services.\",\"breadcrumb\":{\"@id\":\"https:\/\/www.spb.eu\/fr\/mentions-legales\/#breadcrumb\"},\"inLanguage\":\"fr-FR\",\"potentialAction\":[{\"@type\":\"ReadAction\",\"target\":[\"https:\/\/www.spb.eu\/fr\/mentions-legales\/\"]}]},{\"@type\":\"BreadcrumbList\",\"@id\":\"https:\/\/www.spb.eu\/fr\/mentions-legales\/#breadcrumb\",\"itemListElement\":[{\"@type\":\"ListItem\",\"position\":1,\"name\":\"Home\",\"item\":\"https:\/\/www.spb.eu\/fr\/\"},{\"@type\":\"ListItem\",\"position\":2,\"name\":\"Mentions l\u00e9gales\"}]},{\"@type\":\"WebSite\",\"@id\":\"https:\/\/www.spb.eu\/fr\/#website\",\"url\":\"https:\/\/www.spb.eu\/fr\/\",\"name\":\"SPB Group - Embedded insurance Creating impact\",\"description\":\"\",\"potentialAction\":[{\"@type\":\"SearchAction\",\"target\":{\"@type\":\"EntryPoint\",\"urlTemplate\":\"https:\/\/www.spb.eu\/fr\/?s={search_term_string}\"},\"query-input\":{\"@type\":\"PropertyValueSpecification\",\"valueRequired\":true,\"valueName\":\"search_term_string\"}}],\"inLanguage\":\"fr-FR\"}]}<\/script>\n<!-- \/ Yoast SEO plugin. -->","yoast_head_json":{"title":"Mentions l\u00e9gales | SPB Group","description":"Acc\u00e9dez aux informations l\u00e9gales de SPB, notamment aux d\u00e9tails sur l'entreprise, aux informations r\u00e9glementaires et aux engagements en mati\u00e8re de conformit\u00e9, afin de garantir une utilisation transparente et s\u00e9curis\u00e9e de nos services.","robots":{"index":"index","follow":"follow","max-snippet":"max-snippet:-1","max-image-preview":"max-image-preview:large","max-video-preview":"max-video-preview:-1"},"canonical":"https:\/\/www.spb.eu\/fr\/mentions-legales\/","og_locale":"fr_FR","og_type":"article","og_title":"Mentions l\u00e9gales | SPB Group","og_description":"Acc\u00e9dez aux informations l\u00e9gales de SPB, notamment aux d\u00e9tails sur l'entreprise, aux informations r\u00e9glementaires et aux engagements en mati\u00e8re de conformit\u00e9, afin de garantir une utilisation transparente et s\u00e9curis\u00e9e de nos services.","og_url":"https:\/\/www.spb.eu\/fr\/mentions-legales\/","og_site_name":"SPB Group - Embedded insurance Creating impact","article_modified_time":"2026-02-09T10:41:07+00:00","twitter_card":"summary_large_image","schema":{"@context":"https:\/\/schema.org","@graph":[{"@type":"WebPage","@id":"https:\/\/www.spb.eu\/fr\/mentions-legales\/","url":"https:\/\/www.spb.eu\/fr\/mentions-legales\/","name":"Mentions l\u00e9gales | SPB Group","isPartOf":{"@id":"https:\/\/www.spb.eu\/fr\/#website"},"datePublished":"2025-12-16T13:46:10+00:00","dateModified":"2026-02-09T10:41:07+00:00","description":"Acc\u00e9dez aux informations l\u00e9gales de SPB, notamment aux d\u00e9tails sur l'entreprise, aux informations r\u00e9glementaires et aux engagements en mati\u00e8re de conformit\u00e9, afin de garantir une utilisation transparente et s\u00e9curis\u00e9e de nos services.","breadcrumb":{"@id":"https:\/\/www.spb.eu\/fr\/mentions-legales\/#breadcrumb"},"inLanguage":"fr-FR","potentialAction":[{"@type":"ReadAction","target":["https:\/\/www.spb.eu\/fr\/mentions-legales\/"]}]},{"@type":"BreadcrumbList","@id":"https:\/\/www.spb.eu\/fr\/mentions-legales\/#breadcrumb","itemListElement":[{"@type":"ListItem","position":1,"name":"Home","item":"https:\/\/www.spb.eu\/fr\/"},{"@type":"ListItem","position":2,"name":"Mentions l\u00e9gales"}]},{"@type":"WebSite","@id":"https:\/\/www.spb.eu\/fr\/#website","url":"https:\/\/www.spb.eu\/fr\/","name":"SPB Group - Embedded insurance Creating impact","description":"","potentialAction":[{"@type":"SearchAction","target":{"@type":"EntryPoint","urlTemplate":"https:\/\/www.spb.eu\/fr\/?s={search_term_string}"},"query-input":{"@type":"PropertyValueSpecification","valueRequired":true,"valueName":"search_term_string"}}],"inLanguage":"fr-FR"}]}},"_links":{"self":[{"href":"https:\/\/www.spb.eu\/fr\/wp-json\/wp\/v2\/pages\/1287","targetHints":{"allow":["GET"]}}],"collection":[{"href":"https:\/\/www.spb.eu\/fr\/wp-json\/wp\/v2\/pages"}],"about":[{"href":"https:\/\/www.spb.eu\/fr\/wp-json\/wp\/v2\/types\/page"}],"author":[{"embeddable":true,"href":"https:\/\/www.spb.eu\/fr\/wp-json\/wp\/v2\/users\/1"}],"replies":[{"embeddable":true,"href":"https:\/\/www.spb.eu\/fr\/wp-json\/wp\/v2\/comments?post=1287"}],"version-history":[{"count":4,"href":"https:\/\/www.spb.eu\/fr\/wp-json\/wp\/v2\/pages\/1287\/revisions"}],"predecessor-version":[{"id":2468,"href":"https:\/\/www.spb.eu\/fr\/wp-json\/wp\/v2\/pages\/1287\/revisions\/2468"}],"wp:attachment":[{"href":"https:\/\/www.spb.eu\/fr\/wp-json\/wp\/v2\/media?parent=1287"}],"curies":[{"name":"wp","href":"https:\/\/api.w.org\/{rel}","templated":true}]}}