{"id":2320,"date":"2025-12-16T13:46:22","date_gmt":"2025-12-16T13:46:22","guid":{"rendered":"https:\/\/spb-wordpress-001-gvcsekfkh8cxdcef.francecentral-01.azurewebsites.net\/condiciones-del-servicio\/"},"modified":"2026-02-06T13:46:24","modified_gmt":"2026-02-06T13:46:24","slug":"condiciones-del-servicio","status":"publish","type":"page","link":"https:\/\/www.spb.eu\/es\/condiciones-del-servicio\/","title":{"rendered":"Condiciones del servicio"},"content":{"rendered":"\n<section class=\"block --centered-content --bg-white --text-start align wp-block-acf-centered-content --first --next--paragraph --next-diff-bg\">\n    <div class=\"block__inner\">\n\n        <!-- Content container with max-width -->\n        <div class=\"block__content\">\n\n            <!-- Title -->\n            <h2 class=\"block__title\">\n                Condiciones del servicio            <\/h2>\n\n            <!-- Text content (optional) -->\n                            <div class=\"block__text\">\n                    <p>El sitio web y sus contenidos y servicios, en lo sucesivo denominados conjuntamente \u00abel sitio web\u00bb, son publicados por:<br \/>\nSPB, Sociedad por acciones simplificada con un capital de 11 000 000 euros, inscrita en el Registro Mercantil y de Sociedades de Le Havre con el n\u00famero 305 109 779 y en la ORIAS (asociaci\u00f3n de intermediarios de seguros) con el n\u00famero 07 002 642 (www.orias.fr) como corredor de seguros.<br \/>\nDomicilio social: 71, quai Colbert \u2013 76095 LE HAVRE Cedex<br \/>\nLas presentes condiciones generales de uso del sitio web, en adelante denominadas \u00abCGU\u00bb, definen las condiciones aplicables entre el Usuario y SPB, as\u00ed como los derechos y obligaciones de cada una de las partes en relaci\u00f3n con el uso del sitio web.<br \/>\nCualquier uso del Sitio web implica la consulta y la aceptaci\u00f3n de las presentes CGU.<br \/>\nLas CGU est\u00e1n sujetas a la legislaci\u00f3n francesa.<br \/>\n1. Definiciones<br \/>\nLos t\u00e9rminos que figuran a continuaci\u00f3n, utilizados en las presentes CGU y que comienzan con may\u00fascula, se entender\u00e1n como sigue, ya sea en singular o en plural, seg\u00fan el contexto en que se utilicen:<br \/>\n1.1. CGU<br \/>\nSe refiere a las presentes condiciones generales de uso destinadas a regular las condiciones de uso del sitio web por parte del usuario.<br \/>\n1.2. Contenido<br \/>\nSe refiere a todos los art\u00edculos, fotograf\u00edas, ilustraciones, archivos, cuestionarios, funcionalidades y, en general, cualquier elemento existente en el Sitio web.<br \/>\n1.3. Espacio de usuario<br \/>\nSe refiere al espacio personal del Usuario al que este puede acceder tras autenticarse.<br \/>\n1.4. Servicio<br \/>\nSe refiere a todos los servicios ofrecidos y puestos a disposici\u00f3n de los usuarios en el sitio web. Los servicios son prestados a trav\u00e9s del sitio web por SPB o por terceras empresas bajo su exclusiva responsabilidad, lo que el usuario reconoce y acepta.<br \/>\n1.5. Sitio web<br \/>\nSe refiere al sitio web publicado por SPB y a todos los Servicios y Contenidos que pone a disposici\u00f3n de los Usuarios.<br \/>\n1.6. Usuario<br \/>\nSe refiere a la persona f\u00edsica que tiene acceso al sitio web.<br \/>\n2. Uso del sitio web por parte del usuario<br \/>\n2.1. Aceptaci\u00f3n de las CGU<br \/>\nEl acceso y uso del sitio web por parte del usuario implica el conocimiento, la aceptaci\u00f3n sin reservas y el cumplimiento de las presentes CGU.<br \/>\nSe puede acceder a las CGU desde el enlace \u00abCondiciones generales de uso\u00bb del sitio web.<br \/>\nSPB se reserva el derecho de modificar las condiciones de las presentes CGU en cualquier momento. En tal caso, se podr\u00e1 acceder a las CGU modificadas desde el enlace \u00abCondiciones generales de uso\u00bb del sitio web.<br \/>\nEl acceso al sitio web por parte del usuario implicar\u00e1 la aceptaci\u00f3n de las CGU modificadas.<br \/>\n2.2. Acceso y seguridad<br \/>\nEl acceso al sitio web es intransferible y temporal.<br \/>\n2.3. Normas de uso del sitio web<br \/>\nEl Usuario utilizar\u00e1 el Sitio web de forma leal y honesta, de acuerdo con su finalidad y funci\u00f3n, respetando la ley y con la m\u00e1s estricta confidencialidad.<br \/>\nEl Usuario reconoce y acepta que el cumplimiento de las presentes CGU es una condici\u00f3n esencial para el acceso continuado al Sitio web.<br \/>\nSPB podr\u00e1 retirar el acceso al sitio web o a determinadas funcionalidades del mismo, sin previo aviso y sin deber al usuario indemnizaci\u00f3n alguna, en caso de incumplimiento por parte del usuario de las disposiciones de las presentes CGU que imposibiliten el mantenimiento del acceso al sitio web, sin perjuicio de los da\u00f1os y perjuicios que pueda reclamar SPB.<br \/>\n3. Descripci\u00f3n de la funcionalidad e interoperabilidad del Sitio web<br \/>\n1. Caracter\u00edsticas principales:<br \/>\nSitio web que presenta las noticias del Grupo SPB<br \/>\n2. Funcionalidades:<br \/>\nIdioma:<br \/>\nSitio web e instrucciones en franc\u00e9s e ingl\u00e9s<br \/>\nTrazabilidad de los datos:<br \/>\nLos datos personales est\u00e1n destinados exclusivamente a SPB como responsable del tratamiento.<br \/>\n3. Interoperabilidad:<br \/>\nHardware y software:<br \/>\nInternet Explorer 10 o posterior (IE 8 y 9 con limitaciones), Chrome \u00faltima versi\u00f3n estable, Firefox \u00faltima versi\u00f3n estable, Safari MacOS \u00faltima versi\u00f3n estable, Safari Mobile iOS 7.x y superior, Android 4.x y superior<br \/>\n4. Advertencia\/limitaciones t\u00e9cnicas<br \/>\nSe informa al usuario de las restricciones y limitaciones de la red de Internet, en particular en lo que se refiere a:<br \/>\ntransmisi\u00f3n de datos y posibles violaciones de datos;<br \/>\nla continuidad no garantizada en el acceso al sitio web o a los distintos servicios ofrecidos por el sitio web;<br \/>\nlas limitaciones t\u00e9cnicas que escapan al control y la responsabilidad de SPB.<br \/>\nEn ning\u00fan caso SPB podr\u00e1 ser considerada responsable de estos riesgos y sus consecuencias, que pueden ser perjudiciales, independientemente de su alcance, para el Usuario.<br \/>\nEs responsabilidad del Usuario tomar todas las medidas adecuadas para proteger sus propios datos, software y hardware contra la contaminaci\u00f3n por virus u otras formas de ataque que puedan circular por el Sitio web.<br \/>\nEl Usuario no podr\u00e1 aprovechar ninguna dificultad en el acceso al Sitio web para acceder a la informaci\u00f3n o a los servicios infringiendo las presentes CGU.<br \/>\nSe pueden proporcionar enlaces a otras aplicaciones, sitios web u otras redes sociales o servicios prestados por terceras empresas a SPB. SPB no se hace responsable si el contenido de dichas otras aplicaciones, sitios web u otras redes sociales o servicios infringe los derechos de terceros o cualquier disposici\u00f3n legal o reglamentaria vigente. Estas otras aplicaciones, sitios web u otras redes sociales o servicios se proporcionan bajo la exclusiva responsabilidad de las empresas que los publican, lo que el Usuario reconoce y acepta expresamente.<br \/>\nSe informa al Usuario de la falta de fiabilidad de la red Internet, especialmente en lo que se refiere a la seguridad relativa en la transmisi\u00f3n de datos, a la continuidad no garantizada del acceso al Sitio web, al rendimiento no garantizado en t\u00e9rminos de volumen y velocidad de transmisi\u00f3n de datos y a la propagaci\u00f3n de virus.<br \/>\nA este respecto, SPB no se hace responsable de los da\u00f1os derivados de virus de cualquier tipo, errores o cualquier programa o aplicaci\u00f3n incompatible con la infraestructura utilizada por el Usuario, ni de los da\u00f1os sufridos por el Usuario como consecuencia de una aver\u00eda, interrupci\u00f3n del mantenimiento, problema t\u00e9cnico, interrupci\u00f3n de la red telef\u00f3nica o de las redes de telecomunicaciones, sobrecarga, negligencia o culpa de un tercero o del Usuario, o de una incompatibilidad de la configuraci\u00f3n inform\u00e1tica del Usuario.<br \/>\nEl Usuario es responsable de implementar una soluci\u00f3n y medidas de seguridad en su ordenador para evitar la propagaci\u00f3n de virus.<br \/>\nEs responsabilidad del Usuario comprobar la idoneidad de los servicios y contenidos ofrecidos a trav\u00e9s del Sitio Web para sus necesidades. El Usuario es el \u00fanico responsable de cualquier decisi\u00f3n de cualquier naturaleza que tome bas\u00e1ndose en la informaci\u00f3n proporcionada en los Contenidos o los Servicios ofrecidos a trav\u00e9s del Sitio Web.<br \/>\n5. Responsabilidades<br \/>\n5.1. Responsabilidad del Usuario<br \/>\nEl Usuario es plenamente responsable del uso que haga del Sitio web en las condiciones previstas por el derecho com\u00fan.<br \/>\nEs responsabilidad del Usuario utilizar el Sitio web de conformidad con las disposiciones legales y reglamentarias vigentes y con las estipulaciones de las presentes CGU.<br \/>\n5.2. Responsabilidad de SPB<br \/>\nEl uso del sitio web es responsabilidad exclusiva del usuario, que lo controla y dirige. SPB no se hace responsable en ning\u00fan caso de los da\u00f1os directos o indirectos que puedan derivarse del uso que el usuario haga del sitio web y de los servicios, en cualquier capacidad y bajo cualquier circunstancia.<br \/>\nA este respecto, el Usuario deber\u00e1 validar la idoneidad del Sitio web y de los Servicios para sus necesidades, y utilizar el Sitio web y los Servicios en condiciones normales y de conformidad con su finalidad.<br \/>\nSPB no se hace responsable en modo alguno de la calidad, puntualidad, integridad y veracidad de los datos introducidos por el usuario, bajo su exclusivo control, responsabilidad y direcci\u00f3n.<br \/>\nBAJO NINGUNA CIRCUNSTANCIA SPB VERIFICA O COMPRUEBA LA COHERENCIA O PERTINENCIA DE LOS DATOS INTRODUCIDOS POR EL USUARIO EN EL SITIO WEB AL UTILIZAR LOS SERVICIOS.<br \/>\nPor lo tanto, se informa al Usuario de que SPB no ser\u00e1 responsable de ning\u00fan da\u00f1o que resulte de:<br \/>\nel uso que el Usuario haga del Contenido puesto a su disposici\u00f3n en el Sitio web y a trav\u00e9s de los Servicios y, en particular, la interpretaci\u00f3n que el Usuario haga del mismo y las consecuencias de su uso;<br \/>\nel registro por parte del Usuario de informaci\u00f3n incompleta o err\u00f3nea.<br \/>\nSPB no ser\u00e1 responsable del incumplimiento o retraso en la prestaci\u00f3n de los Servicios causados por acontecimientos ajenos a su control o por causas de fuerza mayor, tal y como se definen en el C\u00f3digo Civil franc\u00e9s.<br \/>\nLa ejecuci\u00f3n de las presentes CGU se suspender\u00e1 mientras dure el caso de fuerza mayor y los plazos de ejecuci\u00f3n del Servicio se prorrogar\u00e1n en consecuencia. SPB har\u00e1 todo lo posible para poner fin al caso de fuerza mayor o para encontrar una soluci\u00f3n que le permita cumplir con sus obligaciones contractuales a pesar del caso de fuerza mayor.<br \/>\n6. Limitaciones de responsabilidad relativas al Sitio web<br \/>\nLa informaci\u00f3n proporcionada en el Sitio web tiene \u00fanicamente fines generales y documentales. SPB declina toda responsabilidad por el uso y la interpretaci\u00f3n de la informaci\u00f3n publicada en el Sitio web y sus posibles consecuencias.<br \/>\nSe especifica que SPB no se hace responsable de los da\u00f1os directos o indirectos, materiales o inmateriales, que resulten del uso del Sitio web o de la imposibilidad de acceder a \u00e9l, o de un mal funcionamiento, una interrupci\u00f3n, un virus o un problema de conexi\u00f3n o del sistema, actos de terceros, casos de fuerza mayor o acontecimientos imprevistos que impidan el acceso al Sitio web o a alguna de sus funcionalidades.<br \/>\nEl equipo utilizado por el Usuario para conectarse al Sitio web es responsabilidad exclusiva del Usuario. Este debe tomar todas las medidas adecuadas para proteger su equipo y sus propios datos, especialmente en caso de ataques de virus a trav\u00e9s de Internet. El Usuario tambi\u00e9n es el \u00fanico responsable de los sitios y datos que consulta.<br \/>\nSPB no se hace responsable de ning\u00fan procedimiento judicial contra el Usuario:<br \/>\n\u2013 como resultado del uso del sitio web o de cualquier servicio accesible a trav\u00e9s de Internet;<br \/>\n\u2013 como consecuencia del incumplimiento de las presentes CGU.<br \/>\nSPB no se hace responsable de los da\u00f1os causados al Usuario, a terceros y\/o a sus equipos como consecuencia de la conexi\u00f3n o el uso del Sitio web.<br \/>\n7. Derechos de propiedad intelectual<br \/>\n7.1. Contenido y servicios del sitio web<br \/>\nTodo el Contenido y los Servicios accesibles a trav\u00e9s del Sitio web y los Servicios est\u00e1n protegidos por derechos de propiedad intelectual, propiedad o reivindicados por SPB, sus entidades relacionadas o utilizados por SPB con el permiso de los propietarios de dichos derechos.<br \/>\nEstos Servicios y este Contenido est\u00e1n destinados exclusivamente a la informaci\u00f3n y al uso personal del Usuario, que se beneficia de un derecho de uso privado, no colectivo y no exclusivo.<br \/>\nSalvo autorizaci\u00f3n expresa previa de SPB, quedan prohibidas todas las reproducciones, representaciones y usos por parte del usuario distintos de los mencionados anteriormente, en particular:<br \/>\ncualquier adaptaci\u00f3n, puesta a disposici\u00f3n del p\u00fablico, previa solicitud o no, distribuci\u00f3n, retransmisi\u00f3n en cualquier forma, puesta en red, comunicaci\u00f3n p\u00fablica, gratuita o onerosa, de la totalidad o parte de las obras, servicios, marcas y todos los elementos protegidos o susceptibles de estar protegidos por la legislaci\u00f3n sobre propiedad intelectual reproducidos en el Sitio web y en los Servicios;<br \/>\ncualquier enlace, acceso, modificaci\u00f3n, adici\u00f3n o supresi\u00f3n que afecte al sistema de tratamiento automatizado de la edici\u00f3n en l\u00ednea y modifique las condiciones de publicaci\u00f3n o la pol\u00edtica editorial.<br \/>\nEl incumplimiento por parte del Usuario de estas obligaciones constituir\u00e1 una infracci\u00f3n punible en virtud de los art\u00edculos L.335-2 y siguientes del C\u00f3digo de la Propiedad Intelectual franc\u00e9s.<br \/>\n7.2. Bases de datos<br \/>\nDe conformidad con las disposiciones relativas a la protecci\u00f3n de las bases de datos, SPB es el productor y propietario de la totalidad o parte de las bases de datos que componen el Sitio web.<br \/>\nAl acceder a este Sitio web, el Usuario reconoce que los datos que contiene est\u00e1n protegidos legalmente; se proh\u00edbe al Usuario, en particular, extraer, reutilizar, almacenar, reproducir, representar o conservar, directa o indirectamente, en cualquier soporte, por cualquier medio y en cualquier forma, la totalidad o parte del contenido cualitativa o cuantitativamente sustancial de las bases de datos que aparecen en el sitio web al que tiene acceso, as\u00ed como extraer o reutilizar de forma repetida y sistem\u00e1tica partes cualitativa y cuantitativamente insustanciales del contenido, cuando estas operaciones excedan claramente las condiciones normales.<br \/>\n7.3. Marcas comerciales y signos distintivos<br \/>\nSalvo que se especifique lo contrario, todas las marcas comerciales utilizadas en el Sitio web son propiedad de SPB o de sus socios.<br \/>\nSalvo autorizaci\u00f3n expresa previa de SPB y\/o sus socios, cualquier uso de esta marca comercial y de cualquier otra marca comercial, figurativa o no, que se muestre y pertenezca a SPB o a terceros, expone al Usuario a procedimientos legales.<br \/>\n8. Cookies<br \/>\nLa informaci\u00f3n sobre las cookies utilizadas en el Sitio web se encuentra en la Pol\u00edtica de privacidad.<br \/>\n9. Hiperv\u00ednculos<br \/>\nSPB no controla la informaci\u00f3n accesible a trav\u00e9s de enlaces a otros sitios web y declina toda responsabilidad por su contenido.<br \/>\n10. Datos personales del usuario<br \/>\nLos datos comunicados a SPB en el marco de la utilizaci\u00f3n del sitio web se tratan de conformidad con la ley de 6 de enero de 1978, modificada por la ley de 20 de junio de 2018, conocida como Informatique et Libert\u00e9s (Ley francesa de protecci\u00f3n de datos), de conformidad con el Reglamento General de Protecci\u00f3n de Datos.<br \/>\nEn este contexto, el responsable del tratamiento de los datos es SPB.<br \/>\nToda la informaci\u00f3n relativa al tratamiento de los datos del Usuario, sus finalidades, los derechos del Usuario y las obligaciones de SPB se detallan en la Pol\u00edtica de Privacidad publicada en el Sitio web.<br \/>\n11. Reclamaciones &#8211; resoluci\u00f3n de litigios<br \/>\nEn caso de reclamaci\u00f3n, el Usuario puede ponerse en contacto con SPB:<br \/>\npor correo postal: 71, quai Colbert, 76 600 Le Havre<br \/>\nLas CGU se rigen por la legislaci\u00f3n francesa. Cualquier controversia relativa a su validez, interpretaci\u00f3n o ejecuci\u00f3n se someter\u00e1 a los tribunales franceses competentes.<br \/>\n12. Autoridad de control<br \/>\nLa autoridad de control de SPB es la Autorit\u00e9 de Contr\u00f4le Prudentiel et de R\u00e9solution (Autoridad de Control Prudencial y de Resoluci\u00f3n), con domicilio en la siguiente direcci\u00f3n:<br \/>\nACPR<br \/>\n4 Place de Budapest<br \/>\nCS 92459<br \/>\n75436 PAR\u00cdS CEDEX 09<\/p>\n                <\/div>\n            \n        <\/div>\n\n    <\/div>\n<\/section>\n\n<p class=\"--last --prev--centered-content --prev-diff-bg\"><\/p>\n","protected":false},"excerpt":{"rendered":"","protected":false},"author":1,"featured_media":0,"parent":0,"menu_order":0,"comment_status":"closed","ping_status":"closed","template":"","meta":{"_acf_changed":false,"footnotes":""},"class_list":["post-2320","page","type-page","status-publish","hentry"],"acf":[],"yoast_head":"<!-- This site is optimized with the Yoast SEO plugin v26.9 - https:\/\/yoast.com\/product\/yoast-seo-wordpress\/ -->\n<title>Condiciones del servicio | SPB Group<\/title>\n<meta name=\"description\" content=\"Consulte las condiciones de uso de SPB para conocer las condiciones que rigen el uso de nuestras soluciones.\" \/>\n<meta name=\"robots\" content=\"index, follow, max-snippet:-1, max-image-preview:large, max-video-preview:-1\" \/>\n<link rel=\"canonical\" href=\"https:\/\/www.spb.eu\/es\/condiciones-del-servicio\/\" \/>\n<meta property=\"og:locale\" content=\"es_ES\" \/>\n<meta property=\"og:type\" content=\"article\" \/>\n<meta property=\"og:title\" content=\"Condiciones del servicio | SPB Group\" \/>\n<meta property=\"og:description\" content=\"Consulte las condiciones de uso de SPB para conocer las condiciones que rigen el uso de nuestras soluciones.\" \/>\n<meta property=\"og:url\" content=\"https:\/\/www.spb.eu\/es\/condiciones-del-servicio\/\" \/>\n<meta property=\"og:site_name\" content=\"SPB Group - Embedded insurance Creating impact\" \/>\n<meta property=\"article:modified_time\" content=\"2026-02-06T13:46:24+00:00\" \/>\n<meta name=\"twitter:card\" content=\"summary_large_image\" \/>\n<script type=\"application\/ld+json\" class=\"yoast-schema-graph\">{\"@context\":\"https:\/\/schema.org\",\"@graph\":[{\"@type\":\"WebPage\",\"@id\":\"https:\/\/www.spb.eu\/es\/condiciones-del-servicio\/\",\"url\":\"https:\/\/www.spb.eu\/es\/condiciones-del-servicio\/\",\"name\":\"Condiciones del servicio | SPB Group\",\"isPartOf\":{\"@id\":\"https:\/\/www.spb.eu\/es\/#website\"},\"datePublished\":\"2025-12-16T13:46:22+00:00\",\"dateModified\":\"2026-02-06T13:46:24+00:00\",\"description\":\"Consulte las condiciones de uso de SPB para conocer las condiciones que rigen el uso de nuestras soluciones.\",\"breadcrumb\":{\"@id\":\"https:\/\/www.spb.eu\/es\/condiciones-del-servicio\/#breadcrumb\"},\"inLanguage\":\"es\",\"potentialAction\":[{\"@type\":\"ReadAction\",\"target\":[\"https:\/\/www.spb.eu\/es\/condiciones-del-servicio\/\"]}]},{\"@type\":\"BreadcrumbList\",\"@id\":\"https:\/\/www.spb.eu\/es\/condiciones-del-servicio\/#breadcrumb\",\"itemListElement\":[{\"@type\":\"ListItem\",\"position\":1,\"name\":\"Home\",\"item\":\"https:\/\/www.spb.eu\/es\/\"},{\"@type\":\"ListItem\",\"position\":2,\"name\":\"Condiciones del servicio\"}]},{\"@type\":\"WebSite\",\"@id\":\"https:\/\/www.spb.eu\/es\/#website\",\"url\":\"https:\/\/www.spb.eu\/es\/\",\"name\":\"SPB Group - Embedded insurance Creating impact\",\"description\":\"\",\"potentialAction\":[{\"@type\":\"SearchAction\",\"target\":{\"@type\":\"EntryPoint\",\"urlTemplate\":\"https:\/\/www.spb.eu\/es\/?s={search_term_string}\"},\"query-input\":{\"@type\":\"PropertyValueSpecification\",\"valueRequired\":true,\"valueName\":\"search_term_string\"}}],\"inLanguage\":\"es\"}]}<\/script>\n<!-- \/ Yoast SEO plugin. -->","yoast_head_json":{"title":"Condiciones del servicio | SPB Group","description":"Consulte las condiciones de uso de SPB para conocer las condiciones que rigen el uso de nuestras soluciones.","robots":{"index":"index","follow":"follow","max-snippet":"max-snippet:-1","max-image-preview":"max-image-preview:large","max-video-preview":"max-video-preview:-1"},"canonical":"https:\/\/www.spb.eu\/es\/condiciones-del-servicio\/","og_locale":"es_ES","og_type":"article","og_title":"Condiciones del servicio | SPB Group","og_description":"Consulte las condiciones de uso de SPB para conocer las condiciones que rigen el uso de nuestras soluciones.","og_url":"https:\/\/www.spb.eu\/es\/condiciones-del-servicio\/","og_site_name":"SPB Group - Embedded insurance Creating impact","article_modified_time":"2026-02-06T13:46:24+00:00","twitter_card":"summary_large_image","schema":{"@context":"https:\/\/schema.org","@graph":[{"@type":"WebPage","@id":"https:\/\/www.spb.eu\/es\/condiciones-del-servicio\/","url":"https:\/\/www.spb.eu\/es\/condiciones-del-servicio\/","name":"Condiciones del servicio | SPB Group","isPartOf":{"@id":"https:\/\/www.spb.eu\/es\/#website"},"datePublished":"2025-12-16T13:46:22+00:00","dateModified":"2026-02-06T13:46:24+00:00","description":"Consulte las condiciones de uso de SPB para conocer las condiciones que rigen el uso de nuestras soluciones.","breadcrumb":{"@id":"https:\/\/www.spb.eu\/es\/condiciones-del-servicio\/#breadcrumb"},"inLanguage":"es","potentialAction":[{"@type":"ReadAction","target":["https:\/\/www.spb.eu\/es\/condiciones-del-servicio\/"]}]},{"@type":"BreadcrumbList","@id":"https:\/\/www.spb.eu\/es\/condiciones-del-servicio\/#breadcrumb","itemListElement":[{"@type":"ListItem","position":1,"name":"Home","item":"https:\/\/www.spb.eu\/es\/"},{"@type":"ListItem","position":2,"name":"Condiciones del servicio"}]},{"@type":"WebSite","@id":"https:\/\/www.spb.eu\/es\/#website","url":"https:\/\/www.spb.eu\/es\/","name":"SPB Group - Embedded insurance Creating impact","description":"","potentialAction":[{"@type":"SearchAction","target":{"@type":"EntryPoint","urlTemplate":"https:\/\/www.spb.eu\/es\/?s={search_term_string}"},"query-input":{"@type":"PropertyValueSpecification","valueRequired":true,"valueName":"search_term_string"}}],"inLanguage":"es"}]}},"_links":{"self":[{"href":"https:\/\/www.spb.eu\/es\/wp-json\/wp\/v2\/pages\/2320","targetHints":{"allow":["GET"]}}],"collection":[{"href":"https:\/\/www.spb.eu\/es\/wp-json\/wp\/v2\/pages"}],"about":[{"href":"https:\/\/www.spb.eu\/es\/wp-json\/wp\/v2\/types\/page"}],"author":[{"embeddable":true,"href":"https:\/\/www.spb.eu\/es\/wp-json\/wp\/v2\/users\/1"}],"replies":[{"embeddable":true,"href":"https:\/\/www.spb.eu\/es\/wp-json\/wp\/v2\/comments?post=2320"}],"version-history":[{"count":1,"href":"https:\/\/www.spb.eu\/es\/wp-json\/wp\/v2\/pages\/2320\/revisions"}],"predecessor-version":[{"id":2321,"href":"https:\/\/www.spb.eu\/es\/wp-json\/wp\/v2\/pages\/2320\/revisions\/2321"}],"wp:attachment":[{"href":"https:\/\/www.spb.eu\/es\/wp-json\/wp\/v2\/media?parent=2320"}],"curies":[{"name":"wp","href":"https:\/\/api.w.org\/{rel}","templated":true}]}}