{"id":2318,"date":"2025-12-16T13:46:42","date_gmt":"2025-12-16T13:46:42","guid":{"rendered":"https:\/\/spb-wordpress-001-gvcsekfkh8cxdcef.francecentral-01.azurewebsites.net\/politica-de-contratacion\/"},"modified":"2026-02-06T13:45:36","modified_gmt":"2026-02-06T13:45:36","slug":"politica-de-contratacion","status":"publish","type":"page","link":"https:\/\/www.spb.eu\/es\/politica-de-contratacion\/","title":{"rendered":"Pol\u00edtica de contrataci\u00f3n"},"content":{"rendered":"\n<section class=\"block --centered-content --bg-white --text-start align wp-block-acf-centered-content --first --next--centered-content\">\n    <div class=\"block__inner\">\n\n        <!-- Content container with max-width -->\n        <div class=\"block__content\">\n\n            <!-- Title -->\n            <h2 class=\"block__title\">\n                Pol\u00edtica de contrataci\u00f3n de SPB            <\/h2>\n\n            <!-- Text content (optional) -->\n                            <div class=\"block__text\">\n                    <p><strong><em>\u00daltima actualizaci\u00f3n: 2 de abril de 2025<\/em><\/strong><\/p>\n<p>Esta pol\u00edtica establece los principios y directrices para la protecci\u00f3n de sus datos personales y tiene como objetivo informarle sobre:<\/p>\n<ul>\n<li>Los datos personales que SPB procesa y los motivos del procesamiento llevado a cabo en el contexto de sus actividades.<br \/>\n\u2022 C\u00f3mo se utilizan esos datos personales;<br \/>\n\u2022 Sus derechos sobre sus datos personales.<\/li>\n<\/ul>\n<p>SPB (en adelante, \u00abSPB\u00bb) sit\u00faa la protecci\u00f3n de los datos personales en el centro de su actividad de contrataci\u00f3n. La presente pol\u00edtica establece los principios y directrices para la protecci\u00f3n de sus datos personales y tiene por objeto informarle sobre:<br \/>\u2022 Los datos personales que SPB trata y los motivos del tratamiento llevado a cabo en el contexto de su actividad de contrataci\u00f3n;<br \/>\u2022 C\u00f3mo se utilizan esos datos personales;<br \/>\u2022 Sus derechos sobre sus datos personales.<\/p>\n<p>La presente Pol\u00edtica se aplica al tratamiento de datos personales realizado por SPB en el marco de su actividad de contrataci\u00f3n. Todas las operaciones de tratamiento de sus datos personales se llevan a cabo de conformidad con la normativa vigente y, en particular, con el Reglamento General de Protecci\u00f3n de Datos, la Ley n.\u00ba 78-17 \u00abInformatique, Files et Libert\u00e9s\u00bb de 6 de enero de 1978, en su versi\u00f3n modificada, as\u00ed como sus decretos de aplicaci\u00f3n.<br \/>Los t\u00e9rminos en may\u00fasculas se definen en el glosario de la presente Pol\u00edtica (v\u00e9ase el art\u00edculo X \u00abGlosario\u00bb de la Pol\u00edtica).<\/p>\n<p><strong>Identidad del responsable del tratamiento<\/strong><br \/>Los datos recopilados durante el examen de su solicitud son objeto de un tratamiento inform\u00e1tico por parte del departamento de recursos humanos de SPB, 71 QUAI COLBERT 76600 LE HAVRE (Sociedad an\u00f3nima simplificada, inscrita en el Registro Mercantil y de Sociedades de Le Havre con el n\u00famero 305109779, con domicilio social en 71 QUAI COLBERT 76600 LE HAVRE), lo que le permite gestionar el proceso de selecci\u00f3n de sus futuros empleados.<\/p>\n<p><strong>\u00bfCu\u00e1les son las finalidades del tratamiento realizado por SPB y su base jur\u00eddica?<\/strong><br \/>Las finalidades y la base jur\u00eddica del tratamiento realizado por el departamento de Recursos Humanos son las siguientes:<\/p>\n<table>\n<tbody>\n<tr>\n<td><strong>Finalidades<\/strong><\/td>\n<td><strong>Fundamento(s) jur\u00eddico(s)<\/strong><\/td>\n<\/tr>\n<tr>\n<td>B\u00fasqueda de perfiles adecuados para cubrir un puesto de trabajo: uso de sitios web que ofrecen ofertas de empleo en Internet a los candidatos (Welcome to the jungle, Indeed, etc.).<\/td>\n<td>Inter\u00e9s leg\u00edtimo<\/td>\n<\/tr>\n<tr>\n<td>Preselecci\u00f3n de candidatos: an\u00e1lisis, recepci\u00f3n, almacenamiento, clasificaci\u00f3n de CV y cartas de presentaci\u00f3n, as\u00ed como cualquier otro documento.<\/td>\n<td>Inter\u00e9s leg\u00edtimo<\/td>\n<\/tr>\n<tr>\n<td>Documentos de solicitud (incluidos los portfolios) enviados por correo postal, correo electr\u00f3nico y sitios web que ofrecen ofertas de empleo en Internet a los candidatos.<\/td>\n<td>Ejecuci\u00f3n del contrato (medidas precontractuales)<\/td>\n<\/tr>\n<tr>\n<td>Contactar con el candidato para evaluar su capacidad para desempe\u00f1ar un puesto de trabajo y medir sus habilidades profesionales (tratamiento de la informaci\u00f3n recopilada durante las entrevistas telef\u00f3nicas, por correo electr\u00f3nico, por videoconferencia y presenciales).<\/td>\n<td>Inter\u00e9s leg\u00edtimo Ejecuci\u00f3n del contrato (medidas precontractuales)<\/td>\n<\/tr>\n<tr>\n<td>Comparaci\u00f3n con los antiguos empleadores del candidato: para evaluar la capacidad del candidato para desempe\u00f1ar un puesto de trabajo<\/td>\n<td>Consentimiento<\/td>\n<\/tr>\n<tr>\n<td>Cumplimiento de formalidades legales obligatorias<\/td>\n<td>Obligaci\u00f3n legal<\/td>\n<\/tr>\n<tr>\n<td>Alimentar el expediente administrativo de los candidatos seleccionados.<\/td>\n<td>Ejecuci\u00f3n del contrato (medidas precontractuales<\/td>\n<\/tr>\n<\/tbody>\n<\/table>\n                <\/div>\n            \n        <\/div>\n\n    <\/div>\n<\/section>\n\n<section class=\"block --centered-content --bg-white --text-start align wp-block-acf-centered-content --prev--centered-content --next--centered-content\">\n    <div class=\"block__inner\">\n\n        <!-- Content container with max-width -->\n        <div class=\"block__content\">\n\n            <!-- Title -->\n            <h2 class=\"block__title\">\n                \u00bfQu\u00e9 datos personales recopila SPB?            <\/h2>\n\n            <!-- Text content (optional) -->\n                            <div class=\"block__text\">\n                    <p>Para cumplir con estos fines, durante la fase de selecci\u00f3n solo se solicitar\u00e1 la informaci\u00f3n personal estrictamente necesaria para evaluar su capacidad para desempe\u00f1ar el puesto ofrecido o en la medida de sus capacidades profesionales. A tal fin, le pediremos datos relativos a los t\u00edtulos que haya obtenido, su experiencia profesional y sus competencias y habilidades profesionales en relaci\u00f3n con el puesto ofrecido. El suministro de esta informaci\u00f3n es una condici\u00f3n para la celebraci\u00f3n de su contrato de trabajo.<br \/>\nSi no facilita estos datos, no podr\u00e1 participar en el proceso de selecci\u00f3n.<br \/>\nSi su candidatura es seleccionada para la celebraci\u00f3n de un contrato de trabajo, le pediremos la informaci\u00f3n y los documentos justificativos necesarios para completar los tr\u00e1mites obligatorios. La transmisi\u00f3n de esta informaci\u00f3n es una condici\u00f3n para la celebraci\u00f3n del contrato de trabajo de los candidatos seleccionados.<br \/>\nAdem\u00e1s, la comunicaci\u00f3n de determinadas categor\u00edas de informaci\u00f3n y documentos justificativos (estado civil, domicilio, n\u00famero de registro de la seguridad social, regularidad de la residencia, etc.) tiene car\u00e1cter reglamentario para las solicitudes seleccionadas. Por consiguiente, la no comunicaci\u00f3n de estos datos imposibilitar\u00e1 la celebraci\u00f3n del contrato de trabajo.<\/p>\n                <\/div>\n            \n        <\/div>\n\n    <\/div>\n<\/section>\n\n<section class=\"block --centered-content --bg-white --text-start align wp-block-acf-centered-content --prev--centered-content --next--centered-content\">\n    <div class=\"block__inner\">\n\n        <!-- Content container with max-width -->\n        <div class=\"block__content\">\n\n            <!-- Title -->\n            <h2 class=\"block__title\">\n                \u00bfCu\u00e1nto tiempo se conservan sus datos personales?            <\/h2>\n\n            <!-- Text content (optional) -->\n                            <div class=\"block__text\">\n                    <p>Los datos relativos a los candidatos seleccionados se integrar\u00e1n en su expediente administrativo y se conservar\u00e1n durante el periodo de conservaci\u00f3n aplicable al mismo (es decir, hasta cinco a\u00f1os despu\u00e9s de la finalizaci\u00f3n de la relaci\u00f3n laboral).<br \/>\nLos datos relativos a los candidatos que no hayan llegado a la fase final de selecci\u00f3n se suprimir\u00e1n sin demora, tan pronto como se cierre el procedimiento de contrataci\u00f3n para el puesto en cuesti\u00f3n.<\/p>\n                <\/div>\n            \n        <\/div>\n\n    <\/div>\n<\/section>\n\n<section class=\"block --centered-content --bg-white --text-start align wp-block-acf-centered-content --prev--centered-content --next--centered-content\">\n    <div class=\"block__inner\">\n\n        <!-- Content container with max-width -->\n        <div class=\"block__content\">\n\n            <!-- Title -->\n            <h2 class=\"block__title\">\n                \u00bfQui\u00e9nes son los destinatarios de los datos recopilados durante el examen de su solicitud?            <\/h2>\n\n            <!-- Text content (optional) -->\n                            <div class=\"block__text\">\n                    <p>Su expediente se trata de forma confidencial. Solo los responsables de los departamentos interesados en su candidatura (responsables de contrataci\u00f3n, directivos, etc.) tienen acceso a los datos personales que contiene. En caso de resultado positivo en el proceso de selecci\u00f3n, con el fin de finalizar la contrataci\u00f3n, el departamento de recursos humanos deber\u00e1 transmitir parte de la informaci\u00f3n recopilada a las organizaciones informadas de su contrataci\u00f3n (en particular, el seguro de desempleo, el seguro m\u00e9dico, la jubilaci\u00f3n y el seguro mutuo).<\/p>\n                <\/div>\n            \n        <\/div>\n\n    <\/div>\n<\/section>\n\n<section class=\"block --centered-content --bg-white --text-start align wp-block-acf-centered-content --prev--centered-content --next--centered-content\">\n    <div class=\"block__inner\">\n\n        <!-- Content container with max-width -->\n        <div class=\"block__content\">\n\n            <!-- Title -->\n            <h2 class=\"block__title\">\n                Sus datos personales pueden ser transferidos fuera de la Uni\u00f3n Europea            <\/h2>\n\n            <!-- Text content (optional) -->\n                            <div class=\"block__text\">\n                    <p>Los datos personales tratados por SPB se alojan dentro de la Uni\u00f3n Europea (UE) o del Espacio Econ\u00f3mico Europeo (EEE).<\/p>\n<p>Sin embargo, dentro de los l\u00edmites estrictos necesarios para la prestaci\u00f3n de determinados servicios espec\u00edficos, SPB puede recurrir a subcontratistas que realizan actividades de tratamiento fuera de la UE y algunos datos personales que le conciernen pueden serles comunicados para las necesidades estrictas de sus misiones. En este caso, antes de cualquier transferencia, SPB se compromete a celebrar con estos subcontratistas cl\u00e1usulas contractuales tipo de la Comisi\u00f3n Europea o cualquier otra garant\u00eda adecuada necesaria para la supervisi\u00f3n y la seguridad de estas transferencias de datos personales. Para obtener m\u00e1s informaci\u00f3n al respecto, le invitamos a ponerse en contacto con nosotros a trav\u00e9s de los datos de contacto estipulados en el art\u00edculo VIII de la Pol\u00edtica.<\/p>\n                <\/div>\n            \n        <\/div>\n\n    <\/div>\n<\/section>\n\n<section class=\"block --centered-content --bg-white --text-start align wp-block-acf-centered-content --prev--centered-content --next--centered-content\">\n    <div class=\"block__inner\">\n\n        <!-- Content container with max-width -->\n        <div class=\"block__content\">\n\n            <!-- Title -->\n            <h2 class=\"block__title\">\n                \u00bfEst\u00e1n protegidos sus datos personales?            <\/h2>\n\n            <!-- Text content (optional) -->\n                            <div class=\"block__text\">\n                    <p>SPB se compromete a tomar todas las medidas necesarias para garantizar la seguridad y la confidencialidad de los datos personales. En particular, SPB aplica todas las medidas t\u00e9cnicas y organizativas adecuadas para garantizar la seguridad y la confidencialidad de los datos personales tratados y para evitar que sean alterados, da\u00f1ados o comunicados a terceros no autorizados, garantizando un nivel de seguridad adecuado a los riesgos asociados al tratamiento y a la naturaleza de los datos personales que se protegen. Entre las medidas t\u00e9cnicas y organizativas aplicadas se incluyen las siguientes:<br \/>\n\u2013 La protecci\u00f3n del Sitio mediante un conjunto de sistemas de protecci\u00f3n (por ejemplo, cortafuegos);<br \/>\n\u2013 Supervisi\u00f3n de los flujos para detectar posibles anomal\u00edas;<br \/>\n\u2013 Registro de eventos;<br \/>\n\u2013 Formaci\u00f3n y sensibilizaci\u00f3n de los empleados con acceso a los Datos Personales;<br \/>\n\u2013 El cifrado de los datos personales tratados;<br \/>\n\u2013 Acceso restringido a los datos personales tratados a las personas que deben conocerlos;<br \/>\n\u2013 Protecci\u00f3n de los puestos de trabajo de los empleados.<br \/>\n\u2013 Implementaci\u00f3n de un sistema de copias de seguridad;<br \/>\n\u2013 La seguridad f\u00edsica de los edificios que albergan los datos personales (sistemas seguros para acceder a los edificios, aislamiento de las instalaciones sensibles que cuentan con equipos de alarma que se comprueban peri\u00f3dicamente);<br \/>\n\u2013 La seguridad de los equipos (cuyo acceso solo es posible mediante el uso de un nombre de usuario y una contrase\u00f1a);<br \/>\n\u2013 La implantaci\u00f3n de una carta de TI dentro de la empresa;<br \/>\n\u2013 La auditor\u00eda de los sistemas de informaci\u00f3n de la empresa.<br \/>\nAdem\u00e1s, en caso de violaci\u00f3n de los Datos Personales en el sentido del art\u00edculo 4 del RGPD que afecte a sus Datos Personales (destrucci\u00f3n, p\u00e9rdida, alteraci\u00f3n o divulgaci\u00f3n), SPB se compromete a cumplir con la obligaci\u00f3n de notificar las violaciones de Datos Personales, en particular a la CNIL.<\/p>\n                <\/div>\n            \n        <\/div>\n\n    <\/div>\n<\/section>\n\n<section class=\"block --centered-content --bg-white --text-start align wp-block-acf-centered-content --prev--centered-content --next--centered-content\">\n    <div class=\"block__inner\">\n\n        <!-- Content container with max-width -->\n        <div class=\"block__content\">\n\n            <!-- Title -->\n            <h2 class=\"block__title\">\n                \u00bfCu\u00e1les son sus derechos sobre sus datos personales y c\u00f3mo puede ejercerlos?            <\/h2>\n\n            <!-- Text content (optional) -->\n                            <div class=\"block__text\">\n                    <p>Tiene derecho a acceder a sus datos personales. Tambi\u00e9n tiene derecho a rectificar y suprimir estos datos, as\u00ed como a oponerse a su tratamiento.<\/p>\n<p>Estos derechos pueden ejercerse:<\/p>\n<p>\u2013 Enviando un correo electr\u00f3nico a la siguiente direcci\u00f3n:<a href=\"mailto:spb-dpo@spb.eu\">spb-dpo@spb.eu<\/a> ;<br \/>\u2013 O bien a la siguiente direcci\u00f3n postal: SPB \u2013 Delegado de Protecci\u00f3n de Datos 10, avenue de l\u2019Arche 92400 Courbevoie.<\/p>\n<p>SPB se compromete a responder a sus solicitudes de ejercicio de sus derechos lo antes posible y, en cualquier caso, dentro de los plazos legales.<\/p>\n                <\/div>\n            \n        <\/div>\n\n    <\/div>\n<\/section>\n\n<section class=\"block --centered-content --bg-white --text-start align wp-block-acf-centered-content --prev--centered-content --next--centered-content\">\n    <div class=\"block__inner\">\n\n        <!-- Content container with max-width -->\n        <div class=\"block__content\">\n\n            <!-- Title -->\n            <h2 class=\"block__title\">\n                C\u00f3mo ponerse en contacto con el responsable de protecci\u00f3n de datos            <\/h2>\n\n            <!-- Text content (optional) -->\n                            <div class=\"block__text\">\n                    <p>Puede ponerse en contacto con el responsable de protecci\u00f3n de datos en la siguiente direcci\u00f3n:<br \/>\nSPB &#8211; Delegado de Protecci\u00f3n de Datos<br \/>\n10 avenue de l\u2019Arche<br \/>\n92400 COURBEVOIE<br \/>\nSi, tras ponerse en contacto con nosotros, considera que no se han respetado sus derechos sobre sus datos, puede presentar una reclamaci\u00f3n ante la Commission Nationale de l\u2019Informatique et des Libert\u00e9s (3 place de Fontenoy \u2013 TSA 80715 \u2013 75334 Paris cedex 07; tel.: 01 53 73 22 22).<\/p>\n                <\/div>\n            \n        <\/div>\n\n    <\/div>\n<\/section>\n\n<section class=\"block --centered-content --bg-white --text-start align wp-block-acf-centered-content --last --prev--centered-content\">\n    <div class=\"block__inner\">\n\n        <!-- Content container with max-width -->\n        <div class=\"block__content\">\n\n            <!-- Title -->\n            <h2 class=\"block__title\">\n                Glosario            <\/h2>\n\n            <!-- Text content (optional) -->\n                            <div class=\"block__text\">\n                    <p>Cada t\u00e9rmino que comienza con may\u00fascula tiene el significado que se le da a continuaci\u00f3n: \u00abDestinatario\u00bb: se refiere al servicio, empresa u organizaci\u00f3n que recibe la comunicaci\u00f3n y puede acceder a sus datos personales. \u00abDatos personales\u00bb: se refiere a cualquier informaci\u00f3n relacionada con una persona f\u00edsica identificada o identificable. \u00abPol\u00edtica de privacidad\u00bb y \u00abPol\u00edtica\u00bb: se refiere a la presente pol\u00edtica que describe las medidas adoptadas para el Tratamiento, el uso y la gesti\u00f3n de los Datos personales que le conciernen y sus derechos como interesado en el Tratamiento. \u00abResponsable del tratamiento\u00bb: se refiere a la persona f\u00edsica que determina los fines y los medios de un Tratamiento (es decir, la finalidad y la forma en que se lleva a cabo). \u00abTratamiento\u00bb: se refiere a cualquier operaci\u00f3n o conjunto de operaciones relacionadas con los datos personales. \u00abViolaci\u00f3n de datos personales\u00bb: se refiere a un incidente de seguridad caracterizado, de forma accidental o il\u00edcita, por la destrucci\u00f3n, p\u00e9rdida, alteraci\u00f3n, divulgaci\u00f3n o acceso no autorizados de datos personales. \u00abEncargado del tratamiento\u00bb: se refiere a cualquier persona f\u00edsica o jur\u00eddica que trate datos personales en nombre del responsable del tratamiento.<\/p>\n                <\/div>\n            \n        <\/div>\n\n    <\/div>\n<\/section>\n","protected":false},"excerpt":{"rendered":"","protected":false},"author":1,"featured_media":0,"parent":0,"menu_order":0,"comment_status":"closed","ping_status":"closed","template":"","meta":{"_acf_changed":false,"footnotes":""},"class_list":["post-2318","page","type-page","status-publish","hentry"],"acf":[],"yoast_head":"<!-- This site is optimized with the Yoast SEO plugin v26.9 - https:\/\/yoast.com\/product\/yoast-seo-wordpress\/ -->\n<title>Pol\u00edtica de contrataci\u00f3n | SPB Group<\/title>\n<meta name=\"description\" content=\"La pol\u00edtica de contrataci\u00f3n de SPB se basa en la equidad, la transparencia y la igualdad de oportunidades, lo que garantiza un proceso de contrataci\u00f3n coherente, inclusivo y conforme a la normativa.\" \/>\n<meta name=\"robots\" content=\"index, follow, max-snippet:-1, max-image-preview:large, max-video-preview:-1\" \/>\n<link rel=\"canonical\" href=\"https:\/\/www.spb.eu\/es\/politica-de-contratacion\/\" \/>\n<meta property=\"og:locale\" content=\"es_ES\" \/>\n<meta property=\"og:type\" content=\"article\" \/>\n<meta property=\"og:title\" content=\"Pol\u00edtica de contrataci\u00f3n | SPB Group\" \/>\n<meta property=\"og:description\" content=\"La pol\u00edtica de contrataci\u00f3n de SPB se basa en la equidad, la transparencia y la igualdad de oportunidades, lo que garantiza un proceso de contrataci\u00f3n coherente, inclusivo y conforme a la normativa.\" \/>\n<meta property=\"og:url\" content=\"https:\/\/www.spb.eu\/es\/politica-de-contratacion\/\" \/>\n<meta property=\"og:site_name\" content=\"SPB Group - Embedded insurance Creating impact\" \/>\n<meta property=\"article:modified_time\" content=\"2026-02-06T13:45:36+00:00\" \/>\n<meta name=\"twitter:card\" content=\"summary_large_image\" \/>\n<script type=\"application\/ld+json\" class=\"yoast-schema-graph\">{\"@context\":\"https:\/\/schema.org\",\"@graph\":[{\"@type\":\"WebPage\",\"@id\":\"https:\/\/www.spb.eu\/es\/politica-de-contratacion\/\",\"url\":\"https:\/\/www.spb.eu\/es\/politica-de-contratacion\/\",\"name\":\"Pol\u00edtica de contrataci\u00f3n | SPB Group\",\"isPartOf\":{\"@id\":\"https:\/\/www.spb.eu\/es\/#website\"},\"datePublished\":\"2025-12-16T13:46:42+00:00\",\"dateModified\":\"2026-02-06T13:45:36+00:00\",\"description\":\"La pol\u00edtica de contrataci\u00f3n de SPB se basa en la equidad, la transparencia y la igualdad de oportunidades, lo que garantiza un proceso de contrataci\u00f3n coherente, inclusivo y conforme a la normativa.\",\"breadcrumb\":{\"@id\":\"https:\/\/www.spb.eu\/es\/politica-de-contratacion\/#breadcrumb\"},\"inLanguage\":\"es\",\"potentialAction\":[{\"@type\":\"ReadAction\",\"target\":[\"https:\/\/www.spb.eu\/es\/politica-de-contratacion\/\"]}]},{\"@type\":\"BreadcrumbList\",\"@id\":\"https:\/\/www.spb.eu\/es\/politica-de-contratacion\/#breadcrumb\",\"itemListElement\":[{\"@type\":\"ListItem\",\"position\":1,\"name\":\"Home\",\"item\":\"https:\/\/www.spb.eu\/es\/\"},{\"@type\":\"ListItem\",\"position\":2,\"name\":\"Pol\u00edtica de contrataci\u00f3n\"}]},{\"@type\":\"WebSite\",\"@id\":\"https:\/\/www.spb.eu\/es\/#website\",\"url\":\"https:\/\/www.spb.eu\/es\/\",\"name\":\"SPB Group - Embedded insurance Creating impact\",\"description\":\"\",\"potentialAction\":[{\"@type\":\"SearchAction\",\"target\":{\"@type\":\"EntryPoint\",\"urlTemplate\":\"https:\/\/www.spb.eu\/es\/?s={search_term_string}\"},\"query-input\":{\"@type\":\"PropertyValueSpecification\",\"valueRequired\":true,\"valueName\":\"search_term_string\"}}],\"inLanguage\":\"es\"}]}<\/script>\n<!-- \/ Yoast SEO plugin. -->","yoast_head_json":{"title":"Pol\u00edtica de contrataci\u00f3n | SPB Group","description":"La pol\u00edtica de contrataci\u00f3n de SPB se basa en la equidad, la transparencia y la igualdad de oportunidades, lo que garantiza un proceso de contrataci\u00f3n coherente, inclusivo y conforme a la normativa.","robots":{"index":"index","follow":"follow","max-snippet":"max-snippet:-1","max-image-preview":"max-image-preview:large","max-video-preview":"max-video-preview:-1"},"canonical":"https:\/\/www.spb.eu\/es\/politica-de-contratacion\/","og_locale":"es_ES","og_type":"article","og_title":"Pol\u00edtica de contrataci\u00f3n | SPB Group","og_description":"La pol\u00edtica de contrataci\u00f3n de SPB se basa en la equidad, la transparencia y la igualdad de oportunidades, lo que garantiza un proceso de contrataci\u00f3n coherente, inclusivo y conforme a la normativa.","og_url":"https:\/\/www.spb.eu\/es\/politica-de-contratacion\/","og_site_name":"SPB Group - Embedded insurance Creating impact","article_modified_time":"2026-02-06T13:45:36+00:00","twitter_card":"summary_large_image","schema":{"@context":"https:\/\/schema.org","@graph":[{"@type":"WebPage","@id":"https:\/\/www.spb.eu\/es\/politica-de-contratacion\/","url":"https:\/\/www.spb.eu\/es\/politica-de-contratacion\/","name":"Pol\u00edtica de contrataci\u00f3n | SPB Group","isPartOf":{"@id":"https:\/\/www.spb.eu\/es\/#website"},"datePublished":"2025-12-16T13:46:42+00:00","dateModified":"2026-02-06T13:45:36+00:00","description":"La pol\u00edtica de contrataci\u00f3n de SPB se basa en la equidad, la transparencia y la igualdad de oportunidades, lo que garantiza un proceso de contrataci\u00f3n coherente, inclusivo y conforme a la normativa.","breadcrumb":{"@id":"https:\/\/www.spb.eu\/es\/politica-de-contratacion\/#breadcrumb"},"inLanguage":"es","potentialAction":[{"@type":"ReadAction","target":["https:\/\/www.spb.eu\/es\/politica-de-contratacion\/"]}]},{"@type":"BreadcrumbList","@id":"https:\/\/www.spb.eu\/es\/politica-de-contratacion\/#breadcrumb","itemListElement":[{"@type":"ListItem","position":1,"name":"Home","item":"https:\/\/www.spb.eu\/es\/"},{"@type":"ListItem","position":2,"name":"Pol\u00edtica de contrataci\u00f3n"}]},{"@type":"WebSite","@id":"https:\/\/www.spb.eu\/es\/#website","url":"https:\/\/www.spb.eu\/es\/","name":"SPB Group - Embedded insurance Creating impact","description":"","potentialAction":[{"@type":"SearchAction","target":{"@type":"EntryPoint","urlTemplate":"https:\/\/www.spb.eu\/es\/?s={search_term_string}"},"query-input":{"@type":"PropertyValueSpecification","valueRequired":true,"valueName":"search_term_string"}}],"inLanguage":"es"}]}},"_links":{"self":[{"href":"https:\/\/www.spb.eu\/es\/wp-json\/wp\/v2\/pages\/2318","targetHints":{"allow":["GET"]}}],"collection":[{"href":"https:\/\/www.spb.eu\/es\/wp-json\/wp\/v2\/pages"}],"about":[{"href":"https:\/\/www.spb.eu\/es\/wp-json\/wp\/v2\/types\/page"}],"author":[{"embeddable":true,"href":"https:\/\/www.spb.eu\/es\/wp-json\/wp\/v2\/users\/1"}],"replies":[{"embeddable":true,"href":"https:\/\/www.spb.eu\/es\/wp-json\/wp\/v2\/comments?post=2318"}],"version-history":[{"count":1,"href":"https:\/\/www.spb.eu\/es\/wp-json\/wp\/v2\/pages\/2318\/revisions"}],"predecessor-version":[{"id":2319,"href":"https:\/\/www.spb.eu\/es\/wp-json\/wp\/v2\/pages\/2318\/revisions\/2319"}],"wp:attachment":[{"href":"https:\/\/www.spb.eu\/es\/wp-json\/wp\/v2\/media?parent=2318"}],"curies":[{"name":"wp","href":"https:\/\/api.w.org\/{rel}","templated":true}]}}