{"id":2304,"date":"2025-12-16T13:46:30","date_gmt":"2025-12-16T13:46:30","guid":{"rendered":"https:\/\/spb-wordpress-001-gvcsekfkh8cxdcef.francecentral-01.azurewebsites.net\/politica-de-uso-de-cookies\/"},"modified":"2026-02-06T13:32:46","modified_gmt":"2026-02-06T13:32:46","slug":"politica-de-uso-de-cookies","status":"publish","type":"page","link":"https:\/\/www.spb.eu\/es\/politica-de-uso-de-cookies\/","title":{"rendered":"Pol\u00edtica de uso de cookies"},"content":{"rendered":"\n<section class=\"block --hero-centered --bg-white align wp-block-acf-hero-centered --first --next--centered-content\" >\n    <div class=\"block__inner\">\n\n        <!-- Title (H1 with icon support) -->\n        <h1 class=\"block__title\">\n            Pol\u00edtica de uso de cookies        <\/h1>\n\n        <!-- Text Content (optional) -->\n        \n        <!-- CTA Buttons (both optional) -->\n        \n    <\/div>\n<\/section>\n\n<section class=\"block --centered-content --bg-white --text-start align wp-block-acf-centered-content --prev--hero-centered --next--centered-content\">\n    <div class=\"block__inner\">\n\n        <!-- Content container with max-width -->\n        <div class=\"block__content\">\n\n            <!-- Title -->\n            <h2 class=\"block__title\">\n                1. \u00bfQu\u00e9 es una cookie?            <\/h2>\n\n            <!-- Text content (optional) -->\n                            <div class=\"block__text\">\n                    <p>Una \u00abcookie\u00bb (o rastreador) es una serie de datos, generalmente peque\u00f1os e identificados por un nombre, que pueden ser transmitidos al navegador del usuario por un sitio web al que est\u00e1 conectado. El navegador web los conservar\u00e1 durante un determinado periodo de tiempo y los enviar\u00e1 de vuelta al servidor web cada vez que el usuario se vuelva a conectar a \u00e9l.<br \/>\nLas cookies tienen m\u00faltiples usos: pueden utilizarse para almacenar un identificador de cliente para un sitio comercial, el estado actual de un carrito de la compra, un identificador para rastrear la navegaci\u00f3n con fines estad\u00edsticos o publicitarios, etc<\/p>\n                <\/div>\n            \n        <\/div>\n\n    <\/div>\n<\/section>\n\n<section class=\"block --centered-content --bg-white --text-start align wp-block-acf-centered-content --prev--centered-content --next--centered-content\">\n    <div class=\"block__inner\">\n\n        <!-- Content container with max-width -->\n        <div class=\"block__content\">\n\n            <!-- Title -->\n            <h2 class=\"block__title\">\n                2. \u00bfQu\u00e9 tipos de cookies utiliza el sitio y con qu\u00e9 fines?            <\/h2>\n\n            <!-- Text content (optional) -->\n                            <div class=\"block__text\">\n                    <p>Al visitar el Sitio, este almacena la direcci\u00f3n IP del Usuario y utiliza cookies para facilitar la visita del Usuario al sitio web, mejorar su experiencia y recopilar estad\u00edsticas.<br \/>\nLas cookies utilizadas en el Sitio son las siguientes:<br \/>\nCookies estrictamente necesarias:<br \/>\nEstas cookies no almacenan ninguna informaci\u00f3n de identificaci\u00f3n personal. Sin embargo, son esenciales para permitir la navegaci\u00f3n en el Sitio. Por lo general, solo se definen en respuesta a acciones realizadas por el Usuario, que equivalen a una solicitud de servicio, como establecer preferencias de privacidad, iniciar sesi\u00f3n o rellenar formularios.<br \/>\nLas cookies de autenticaci\u00f3n y seguridad se utilizan, por ejemplo, para identificar y reconocer al usuario registrado y permitirle acceder al contenido o la funcionalidad solicitados.<br \/>\nEl usuario puede configurar su navegador para bloquear o alertarle de la presencia de estas cookies, pero sin ellas no se pueden prestar los servicios solicitados por el usuario.<br \/>\nCookies de rendimiento:<br \/>\nEstas cookies de an\u00e1lisis y b\u00fasqueda se utilizan para contar las visitas y medir el tr\u00e1fico con el fin de evaluar y mejorar el Sitio. Estas cookies tambi\u00e9n nos ayudan a saber qu\u00e9 p\u00e1ginas son las m\u00e1s y menos populares, y a ver c\u00f3mo navegan los visitantes por el sitio, as\u00ed como a mejorar el funcionamiento del Sitio y la experiencia del Usuario.<br \/>\nToda la informaci\u00f3n recopilada por estas cookies es agregada y, por lo tanto, an\u00f3nima.<br \/>\nEl usuario puede configurar su navegador para bloquear o alertarle de la presencia de estas cookies, y el bloqueo de estas cookies no afectar\u00e1 al servicio prestado.<br \/>\nSe informa al usuario de que el sitio web analiza el rendimiento del sitio web a trav\u00e9s de Google Analytics.<br \/>\nLa informaci\u00f3n generada por la cookie sobre el uso del sitio web (incluidas las direcciones IP de los visitantes) se transmite y almacena por Google en servidores en los Estados Unidos. Google utilizar\u00e1 esta informaci\u00f3n con el fin de evaluar la actividad del sitio web, recopilar informes sobre la actividad del sitio web para el operador del mismo y prestar otros servicios relacionados con la actividad del sitio web y el uso de Internet. Google no transmitir\u00e1 esta informaci\u00f3n a terceros, salvo que as\u00ed lo exija la ley o que dichos terceros act\u00faen en nombre de Google y est\u00e9n obligados a mantener la confidencialidad. Google no compara las direcciones IP de los visitantes con ninguna otra informaci\u00f3n que obre en su poder.<\/p>\n                <\/div>\n            \n        <\/div>\n\n    <\/div>\n<\/section>\n\n<section class=\"block --centered-content --bg-white --text-start align wp-block-acf-centered-content --prev--centered-content --next--centered-content\">\n    <div class=\"block__inner\">\n\n        <!-- Content container with max-width -->\n        <div class=\"block__content\">\n\n            <!-- Title -->\n            <h2 class=\"block__title\">\n                3. Duraci\u00f3n del almacenamiento de una cookie            <\/h2>\n\n            <!-- Text content (optional) -->\n                            <div class=\"block__text\">\n                    <p>Las cookies tienen una vida \u00fatil de 13 meses a partir del d\u00eda en que el usuario da su consentimiento para su uso. El usuario tiene la posibilidad de eliminarlas de su terminal en cualquier momento, seg\u00fan los m\u00e9todos descritos en el art\u00edculo IV m\u00e1s abajo.<\/p>\n                <\/div>\n            \n        <\/div>\n\n    <\/div>\n<\/section>\n\n<section class=\"block --centered-content --bg-white --text-start align wp-block-acf-centered-content --prev--centered-content --next--centered-content\">\n    <div class=\"block__inner\">\n\n        <!-- Content container with max-width -->\n        <div class=\"block__content\">\n\n            <!-- Title -->\n            <h2 class=\"block__title\">\n                4. Configuraci\u00f3n de las cookies            <\/h2>\n\n            <!-- Text content (optional) -->\n                            <div class=\"block__text\">\n                    <p>El usuario puede desactivar el uso de cookies en cualquier momento desde su navegador de Internet:<br \/>\nEn Internet Explorer: en el \u00abMen\u00fa\u00bb, haga clic en \u00abOpciones de Internet\u00bb, luego en la pesta\u00f1a \u00abConfidencialidad\u00bb y configure las cookies haciendo clic en \u00abSitios\u00bb o \u00abAvanzado\u00bb.<br \/>\nEn Microsoft Edge: haga clic en \u00abMen\u00fa\u00bb, luego en \u00abConfiguraci\u00f3n\u00bb, luego en la pesta\u00f1a \u00abCookies y permisos del sitio\u00bb y acceda a la secci\u00f3n \u00abAdministrar y eliminar cookies y datos del sitio\u00bb.<br \/>\nEn Firefox: haga clic en la pesta\u00f1a \u00abHerramientas\u00bb, seleccione el men\u00fa \u00abOpciones\u00bb, elija \u00abPrivacidad\u00bb y haga clic en \u00abMostrar cookies\u00bb.<br \/>\nEn Google Chrome: haga clic en \u00abHerramientas\u00bb, seleccione \u00abOpciones\u00bb, luego en la pesta\u00f1a \u00abOpciones avanzadas\u00bb y acceda a la secci\u00f3n \u00abPrivacidad\u00bb, luego haga clic en el bot\u00f3n \u00abMostrar cookies\u00bb.<br \/>\nEn Safari: vaya al men\u00fa \u00abEditar\u00bb, luego a \u00abPreferencias\u00bb, haga clic en \u00abSeguridad\u00bb y \u00abMostrar cookies\u00bb.<\/p>\n                <\/div>\n            \n        <\/div>\n\n    <\/div>\n<\/section>\n\n<section class=\"block --centered-content --bg-white --text-start align wp-block-acf-centered-content --last --prev--centered-content\">\n    <div class=\"block__inner\">\n\n        <!-- Content container with max-width -->\n        <div class=\"block__content\">\n\n            <!-- Title -->\n            <h2 class=\"block__title\">\n                5. M\u00e1s informaci\u00f3n sobre las cookies            <\/h2>\n\n            <!-- Text content (optional) -->\n                            <div class=\"block__text\">\n                    <p><a href=\"https:\/\/www.cnil.fr\/fr\/cookies-et-autres-traceurs\">Sitios web, cookies y otros rastreadores | CNIL<\/a><\/p>\n                <\/div>\n            \n        <\/div>\n\n    <\/div>\n<\/section>\n","protected":false},"excerpt":{"rendered":"","protected":false},"author":1,"featured_media":0,"parent":0,"menu_order":0,"comment_status":"closed","ping_status":"closed","template":"","meta":{"_acf_changed":false,"footnotes":""},"class_list":["post-2304","page","type-page","status-publish","hentry"],"acf":[],"yoast_head":"<!-- This site is optimized with the Yoast SEO plugin v26.9 - https:\/\/yoast.com\/product\/yoast-seo-wordpress\/ -->\n<title>Pol\u00edtica de cookies | SPB Group<\/title>\n<meta name=\"description\" content=\"Descubra c\u00f3mo SPB utiliza las cookies para garantizar una navegaci\u00f3n segura, fiable y f\u00e1cil de usar.\" \/>\n<meta name=\"robots\" content=\"index, follow, max-snippet:-1, max-image-preview:large, max-video-preview:-1\" \/>\n<link rel=\"canonical\" href=\"https:\/\/www.spb.eu\/es\/politica-de-uso-de-cookies\/\" \/>\n<meta property=\"og:locale\" content=\"es_ES\" \/>\n<meta property=\"og:type\" content=\"article\" \/>\n<meta property=\"og:title\" content=\"Pol\u00edtica de cookies | SPB Group\" \/>\n<meta property=\"og:description\" content=\"Descubra c\u00f3mo SPB utiliza las cookies para garantizar una navegaci\u00f3n segura, fiable y f\u00e1cil de usar.\" \/>\n<meta property=\"og:url\" content=\"https:\/\/www.spb.eu\/es\/politica-de-uso-de-cookies\/\" \/>\n<meta property=\"og:site_name\" content=\"SPB Group - Embedded insurance Creating impact\" \/>\n<meta property=\"article:modified_time\" content=\"2026-02-06T13:32:46+00:00\" \/>\n<meta name=\"twitter:card\" content=\"summary_large_image\" \/>\n<script type=\"application\/ld+json\" class=\"yoast-schema-graph\">{\"@context\":\"https:\/\/schema.org\",\"@graph\":[{\"@type\":\"WebPage\",\"@id\":\"https:\/\/www.spb.eu\/es\/politica-de-uso-de-cookies\/\",\"url\":\"https:\/\/www.spb.eu\/es\/politica-de-uso-de-cookies\/\",\"name\":\"Pol\u00edtica de cookies | SPB Group\",\"isPartOf\":{\"@id\":\"https:\/\/www.spb.eu\/es\/#website\"},\"datePublished\":\"2025-12-16T13:46:30+00:00\",\"dateModified\":\"2026-02-06T13:32:46+00:00\",\"description\":\"Descubra c\u00f3mo SPB utiliza las cookies para garantizar una navegaci\u00f3n segura, fiable y f\u00e1cil de usar.\",\"breadcrumb\":{\"@id\":\"https:\/\/www.spb.eu\/es\/politica-de-uso-de-cookies\/#breadcrumb\"},\"inLanguage\":\"es\",\"potentialAction\":[{\"@type\":\"ReadAction\",\"target\":[\"https:\/\/www.spb.eu\/es\/politica-de-uso-de-cookies\/\"]}]},{\"@type\":\"BreadcrumbList\",\"@id\":\"https:\/\/www.spb.eu\/es\/politica-de-uso-de-cookies\/#breadcrumb\",\"itemListElement\":[{\"@type\":\"ListItem\",\"position\":1,\"name\":\"Home\",\"item\":\"https:\/\/www.spb.eu\/es\/\"},{\"@type\":\"ListItem\",\"position\":2,\"name\":\"Pol\u00edtica de uso de cookies\"}]},{\"@type\":\"WebSite\",\"@id\":\"https:\/\/www.spb.eu\/es\/#website\",\"url\":\"https:\/\/www.spb.eu\/es\/\",\"name\":\"SPB Group - Embedded insurance Creating impact\",\"description\":\"\",\"potentialAction\":[{\"@type\":\"SearchAction\",\"target\":{\"@type\":\"EntryPoint\",\"urlTemplate\":\"https:\/\/www.spb.eu\/es\/?s={search_term_string}\"},\"query-input\":{\"@type\":\"PropertyValueSpecification\",\"valueRequired\":true,\"valueName\":\"search_term_string\"}}],\"inLanguage\":\"es\"}]}<\/script>\n<!-- \/ Yoast SEO plugin. -->","yoast_head_json":{"title":"Pol\u00edtica de cookies | SPB Group","description":"Descubra c\u00f3mo SPB utiliza las cookies para garantizar una navegaci\u00f3n segura, fiable y f\u00e1cil de usar.","robots":{"index":"index","follow":"follow","max-snippet":"max-snippet:-1","max-image-preview":"max-image-preview:large","max-video-preview":"max-video-preview:-1"},"canonical":"https:\/\/www.spb.eu\/es\/politica-de-uso-de-cookies\/","og_locale":"es_ES","og_type":"article","og_title":"Pol\u00edtica de cookies | SPB Group","og_description":"Descubra c\u00f3mo SPB utiliza las cookies para garantizar una navegaci\u00f3n segura, fiable y f\u00e1cil de usar.","og_url":"https:\/\/www.spb.eu\/es\/politica-de-uso-de-cookies\/","og_site_name":"SPB Group - Embedded insurance Creating impact","article_modified_time":"2026-02-06T13:32:46+00:00","twitter_card":"summary_large_image","schema":{"@context":"https:\/\/schema.org","@graph":[{"@type":"WebPage","@id":"https:\/\/www.spb.eu\/es\/politica-de-uso-de-cookies\/","url":"https:\/\/www.spb.eu\/es\/politica-de-uso-de-cookies\/","name":"Pol\u00edtica de cookies | SPB Group","isPartOf":{"@id":"https:\/\/www.spb.eu\/es\/#website"},"datePublished":"2025-12-16T13:46:30+00:00","dateModified":"2026-02-06T13:32:46+00:00","description":"Descubra c\u00f3mo SPB utiliza las cookies para garantizar una navegaci\u00f3n segura, fiable y f\u00e1cil de usar.","breadcrumb":{"@id":"https:\/\/www.spb.eu\/es\/politica-de-uso-de-cookies\/#breadcrumb"},"inLanguage":"es","potentialAction":[{"@type":"ReadAction","target":["https:\/\/www.spb.eu\/es\/politica-de-uso-de-cookies\/"]}]},{"@type":"BreadcrumbList","@id":"https:\/\/www.spb.eu\/es\/politica-de-uso-de-cookies\/#breadcrumb","itemListElement":[{"@type":"ListItem","position":1,"name":"Home","item":"https:\/\/www.spb.eu\/es\/"},{"@type":"ListItem","position":2,"name":"Pol\u00edtica de uso de cookies"}]},{"@type":"WebSite","@id":"https:\/\/www.spb.eu\/es\/#website","url":"https:\/\/www.spb.eu\/es\/","name":"SPB Group - Embedded insurance Creating impact","description":"","potentialAction":[{"@type":"SearchAction","target":{"@type":"EntryPoint","urlTemplate":"https:\/\/www.spb.eu\/es\/?s={search_term_string}"},"query-input":{"@type":"PropertyValueSpecification","valueRequired":true,"valueName":"search_term_string"}}],"inLanguage":"es"}]}},"_links":{"self":[{"href":"https:\/\/www.spb.eu\/es\/wp-json\/wp\/v2\/pages\/2304","targetHints":{"allow":["GET"]}}],"collection":[{"href":"https:\/\/www.spb.eu\/es\/wp-json\/wp\/v2\/pages"}],"about":[{"href":"https:\/\/www.spb.eu\/es\/wp-json\/wp\/v2\/types\/page"}],"author":[{"embeddable":true,"href":"https:\/\/www.spb.eu\/es\/wp-json\/wp\/v2\/users\/1"}],"replies":[{"embeddable":true,"href":"https:\/\/www.spb.eu\/es\/wp-json\/wp\/v2\/comments?post=2304"}],"version-history":[{"count":1,"href":"https:\/\/www.spb.eu\/es\/wp-json\/wp\/v2\/pages\/2304\/revisions"}],"predecessor-version":[{"id":2305,"href":"https:\/\/www.spb.eu\/es\/wp-json\/wp\/v2\/pages\/2304\/revisions\/2305"}],"wp:attachment":[{"href":"https:\/\/www.spb.eu\/es\/wp-json\/wp\/v2\/media?parent=2304"}],"curies":[{"name":"wp","href":"https:\/\/api.w.org\/{rel}","templated":true}]}}