{"id":1993,"date":"2026-01-22T11:25:05","date_gmt":"2026-01-22T11:25:05","guid":{"rendered":"https:\/\/spb-wordpress-001-gvcsekfkh8cxdcef.francecentral-01.azurewebsites.net\/unser-ansatz\/"},"modified":"2026-02-05T14:14:49","modified_gmt":"2026-02-05T14:14:49","slug":"unser-ansatz","status":"publish","type":"page","link":"https:\/\/www.spb.eu\/de\/unser-ansatz\/","title":{"rendered":"Unser Ansatz"},"content":{"rendered":"\n<section class=\"block --hero-standard --bg-white align wp-block-acf-hero-standard --first --next--expertises-grid\">\n    <div class=\"block__inner\">\n        <div class=\"block__grid\">\n\n            <!-- Title Column (Left) -->\n            <div class=\"block__content block__title-wrapper\">\n                <h1 class=\"block__title\">\n                    Unser Ansatz                <\/h1>\n            <\/div>\n\n            <!-- Text Column (Right) -->\n            <div class=\"block__content block__text-wrapper\">\n                                    <div class=\"block__text\">\n                        <p>Unser Fokus auf Wirkung unterscheidet uns von anderen \u2013 Wirkung auf Ihre Gesch\u00e4ftsperformance, Ihren Ruf und das Kundenerlebnis. Als europ\u00e4ischer Marktf\u00fchrer f\u00fcr Embedded Insurance wissen wir, worauf es unseren Kunden wirklich ankommt. Deshalb geben wir bei jedem Projekt und gegen\u00fcber jedem Kunden bis zu neun konkrete Leistungsversprechen ab.<\/p>\n                    <\/div>\n                            <\/div>\n\n        <\/div>\n    <\/div>\n<\/section>\n\n<section class=\"block --expertises-grid --bg-white align wp-block-acf-expertises-grid --last --prev--hero-standard\">\n    <div class=\"block__inner\">\n\n        <!-- Block Title -->\n        <h2 class=\"block__title\">\n            Entdecken Sie unsere unterst\u00fctzten Kompetenzen        <\/h2>\n\n        <!-- Expertises Grid -->\n        <div class=\"block__grid\" role=\"list\">\n                            <article class=\"block__expertise-card\" role=\"listitem\">\n                    <a href=\"https:\/\/www.spb.eu\/de\/expertise\/mehrwertprogramme\/\" class=\"block__card-link\">\n\n                        <!-- Expertise Title -->\n                        <h3 class=\"block__expertise-title\">\n                            Mehrwertprogramme                        <\/h3>\n\n                        <!-- Expertise Excerpt -->\n                        <p class=\"block__expertise-excerpt\">\n                            Wir bezeichnen sie als Mehrwertprogramme, weil sie messbare wirtschaftliche Auswirkungen haben.                        <\/p>\n\n                        <!-- Learn More Link -->\n                        <span class=\"block__learn-more\">\n                            Weitere Informationen                            <svg class=\"block__arrow\" aria-hidden=\"true\" width=\"8\" height=\"10\" viewBox=\"0 0 8 10\" fill=\"none\" xmlns=\"http:\/\/www.w3.org\/2000\/svg\">\n                                <path d=\"M0 0L8 5L0 10V0Z\" fill=\"currentColor\"\/>\n                            <\/svg>\n                        <\/span>\n\n                    <\/a>\n                <\/article>\n                            <article class=\"block__expertise-card\" role=\"listitem\">\n                    <a href=\"https:\/\/www.spb.eu\/de\/expertise\/umfassende-expertise\/\" class=\"block__card-link\">\n\n                        <!-- Expertise Title -->\n                        <h3 class=\"block__expertise-title\">\n                            End-to-End-Kompetenz                        <\/h3>\n\n                        <!-- Expertise Excerpt -->\n                        <p class=\"block__expertise-excerpt\">\n                            SPB ist ein Partner, der Sie in jeder Phase unterst\u00fctzt. Von der ersten Planung und Konzeption bis hin zur operativen Umsetzung und kontinuierlichen Verbesserung \u2013 wir machen es m\u00f6glich. Weniger Komplexit\u00e4t f\u00fcr Sie                        <\/p>\n\n                        <!-- Learn More Link -->\n                        <span class=\"block__learn-more\">\n                            Weitere Informationen                            <svg class=\"block__arrow\" aria-hidden=\"true\" width=\"8\" height=\"10\" viewBox=\"0 0 8 10\" fill=\"none\" xmlns=\"http:\/\/www.w3.org\/2000\/svg\">\n                                <path d=\"M0 0L8 5L0 10V0Z\" fill=\"currentColor\"\/>\n                            <\/svg>\n                        <\/span>\n\n                    <\/a>\n                <\/article>\n                            <article class=\"block__expertise-card\" role=\"listitem\">\n                    <a href=\"https:\/\/www.spb.eu\/de\/expertise\/technische-und-berichtsfunktionen\/\" class=\"block__card-link\">\n\n                        <!-- Expertise Title -->\n                        <h3 class=\"block__expertise-title\">\n                            Technische und Berichtsfunktionen                        <\/h3>\n\n                        <!-- Expertise Excerpt -->\n                        <p class=\"block__expertise-excerpt\">\n                            Unsere Grundlage ist versicherungsmathematische Exzellenz: Kompetenzen in mehreren L\u00e4ndern und f\u00fcr mehrere Produkte, die es uns erm\u00f6glichen, f\u00fcr unsere Partner die besten Garantien zum besten Preis zu erzielen.                         <\/p>\n\n                        <!-- Learn More Link -->\n                        <span class=\"block__learn-more\">\n                            Weitere Informationen                            <svg class=\"block__arrow\" aria-hidden=\"true\" width=\"8\" height=\"10\" viewBox=\"0 0 8 10\" fill=\"none\" xmlns=\"http:\/\/www.w3.org\/2000\/svg\">\n                                <path d=\"M0 0L8 5L0 10V0Z\" fill=\"currentColor\"\/>\n                            <\/svg>\n                        <\/span>\n\n                    <\/a>\n                <\/article>\n                            <article class=\"block__expertise-card\" role=\"listitem\">\n                    <a href=\"https:\/\/www.spb.eu\/de\/expertise\/innovation-technologie\/\" class=\"block__card-link\">\n\n                        <!-- Expertise Title -->\n                        <h3 class=\"block__expertise-title\">\n                            Innovation &#038; Technologie                        <\/h3>\n\n                        <!-- Expertise Excerpt -->\n                        <p class=\"block__expertise-excerpt\">\n                            SPB nutzt fortschrittliche Technologien, um schnellere, intelligentere und besser vernetzte integrierte Versicherungsl\u00f6sungen anzubieten.                         <\/p>\n\n                        <!-- Learn More Link -->\n                        <span class=\"block__learn-more\">\n                            Weitere Informationen                            <svg class=\"block__arrow\" aria-hidden=\"true\" width=\"8\" height=\"10\" viewBox=\"0 0 8 10\" fill=\"none\" xmlns=\"http:\/\/www.w3.org\/2000\/svg\">\n                                <path d=\"M0 0L8 5L0 10V0Z\" fill=\"currentColor\"\/>\n                            <\/svg>\n                        <\/span>\n\n                    <\/a>\n                <\/article>\n                            <article class=\"block__expertise-card\" role=\"listitem\">\n                    <a href=\"https:\/\/www.spb.eu\/de\/expertise\/omnichannel\/\" class=\"block__card-link\">\n\n                        <!-- Expertise Title -->\n                        <h3 class=\"block__expertise-title\">\n                            Omnichannel                        <\/h3>\n\n                        <!-- Expertise Excerpt -->\n                        <p class=\"block__expertise-excerpt\">\n                            SPB unterst\u00fctzt seine Partner mit modernsten Omnichannel-L\u00f6sungen und sorgt so daf\u00fcr, dass Endkunden an allen Kontaktpunkten einen nahtlosen Support genie\u00dfen. Dieser Ansatz st\u00e4rkt die Markentreue und verbessert das Kundenerlebnis insgesamt.                        <\/p>\n\n                        <!-- Learn More Link -->\n                        <span class=\"block__learn-more\">\n                            Weitere Informationen                            <svg class=\"block__arrow\" aria-hidden=\"true\" width=\"8\" height=\"10\" viewBox=\"0 0 8 10\" fill=\"none\" xmlns=\"http:\/\/www.w3.org\/2000\/svg\">\n                                <path d=\"M0 0L8 5L0 10V0Z\" fill=\"currentColor\"\/>\n                            <\/svg>\n                        <\/span>\n\n                    <\/a>\n                <\/article>\n                            <article class=\"block__expertise-card\" role=\"listitem\">\n                    <a href=\"https:\/\/www.spb.eu\/de\/expertise\/operative-exzellenz\/\" class=\"block__card-link\">\n\n                        <!-- Expertise Title -->\n                        <h3 class=\"block__expertise-title\">\n                            Operative Exzellenz                        <\/h3>\n\n                        <!-- Expertise Excerpt -->\n                        <p class=\"block__expertise-excerpt\">\n                            Bei SPB wird Operational Excellence durch fundiertes Management-Know-how und bew\u00e4hrte operative Reife vorangetrieben.                         <\/p>\n\n                        <!-- Learn More Link -->\n                        <span class=\"block__learn-more\">\n                            Weitere Informationen                            <svg class=\"block__arrow\" aria-hidden=\"true\" width=\"8\" height=\"10\" viewBox=\"0 0 8 10\" fill=\"none\" xmlns=\"http:\/\/www.w3.org\/2000\/svg\">\n                                <path d=\"M0 0L8 5L0 10V0Z\" fill=\"currentColor\"\/>\n                            <\/svg>\n                        <\/span>\n\n                    <\/a>\n                <\/article>\n                            <article class=\"block__expertise-card\" role=\"listitem\">\n                    <a href=\"https:\/\/www.spb.eu\/de\/expertise\/esg\/\" class=\"block__card-link\">\n\n                        <!-- Expertise Title -->\n                        <h3 class=\"block__expertise-title\">\n                            ESG                        <\/h3>\n\n                        <!-- Expertise Excerpt -->\n                        <p class=\"block__expertise-excerpt\">\n                            ESG ist die Grundlage daf\u00fcr, wie wir arbeiten und langfristigen Wert f\u00fcr unsere Partner, Kunden und die Gesellschaft schaffen. Durch die Integration von Umweltverantwortung, sozialer Wirkung und starker Unternehmensf\u00fchrung in unser Gesch\u00e4ftsmodell st\u00e4rken wir das Risikomanagement.                        <\/p>\n\n                        <!-- Learn More Link -->\n                        <span class=\"block__learn-more\">\n                            Weitere Informationen                            <svg class=\"block__arrow\" aria-hidden=\"true\" width=\"8\" height=\"10\" viewBox=\"0 0 8 10\" fill=\"none\" xmlns=\"http:\/\/www.w3.org\/2000\/svg\">\n                                <path d=\"M0 0L8 5L0 10V0Z\" fill=\"currentColor\"\/>\n                            <\/svg>\n                        <\/span>\n\n                    <\/a>\n                <\/article>\n                            <article class=\"block__expertise-card\" role=\"listitem\">\n                    <a href=\"https:\/\/www.spb.eu\/de\/expertise\/kreislaufwirtschaft\/\" class=\"block__card-link\">\n\n                        <!-- Expertise Title -->\n                        <h3 class=\"block__expertise-title\">\n                            Kreislaufwirtschaft                        <\/h3>\n\n                        <!-- Expertise Excerpt -->\n                        <p class=\"block__expertise-excerpt\">\n                            Wir bei SPB sind davon \u00fcberzeugt, dass die Kreislaufwirtschaft f\u00fcr die Bereitstellung effizienter, verantwortungsbewusster und kundenorientierter Versicherungsl\u00f6sungen unerl\u00e4sslich ist.                         <\/p>\n\n                        <!-- Learn More Link -->\n                        <span class=\"block__learn-more\">\n                            Weitere Informationen                            <svg class=\"block__arrow\" aria-hidden=\"true\" width=\"8\" height=\"10\" viewBox=\"0 0 8 10\" fill=\"none\" xmlns=\"http:\/\/www.w3.org\/2000\/svg\">\n                                <path d=\"M0 0L8 5L0 10V0Z\" fill=\"currentColor\"\/>\n                            <\/svg>\n                        <\/span>\n\n                    <\/a>\n                <\/article>\n                            <article class=\"block__expertise-card\" role=\"listitem\">\n                    <a href=\"https:\/\/www.spb.eu\/de\/expertise\/compliance\/\" class=\"block__card-link\">\n\n                        <!-- Expertise Title -->\n                        <h3 class=\"block__expertise-title\">\n                            Compliance                        <\/h3>\n\n                        <!-- Expertise Excerpt -->\n                        <p class=\"block__expertise-excerpt\">\n                            Die Notwendigkeit, finanzielle und rechtliche Anforderungen zu erf\u00fcllen, ist fest in allen Prozessen bei SPB verankert.                         <\/p>\n\n                        <!-- Learn More Link -->\n                        <span class=\"block__learn-more\">\n                            Weitere Informationen                            <svg class=\"block__arrow\" aria-hidden=\"true\" width=\"8\" height=\"10\" viewBox=\"0 0 8 10\" fill=\"none\" xmlns=\"http:\/\/www.w3.org\/2000\/svg\">\n                                <path d=\"M0 0L8 5L0 10V0Z\" fill=\"currentColor\"\/>\n                            <\/svg>\n                        <\/span>\n\n                    <\/a>\n                <\/article>\n                                <\/div>\n\n    <\/div>\n<\/section>\n","protected":false},"excerpt":{"rendered":"","protected":false},"author":9,"featured_media":0,"parent":0,"menu_order":0,"comment_status":"closed","ping_status":"closed","template":"","meta":{"_acf_changed":false,"footnotes":""},"class_list":["post-1993","page","type-page","status-publish","hentry"],"acf":[],"yoast_head":"<!-- This site is optimized with the Yoast SEO plugin v26.9 - https:\/\/yoast.com\/product\/yoast-seo-wordpress\/ -->\n<title>Unser Ansatz | SPB Group<\/title>\n<meta name=\"description\" content=\"Unser Fokus auf Wirkung zeichnet uns aus \u2013 Wirkung auf Ihre Gesch\u00e4ftsleistung, Ihren Ruf und das Kundenerlebnis.\" \/>\n<meta name=\"robots\" content=\"index, follow, max-snippet:-1, max-image-preview:large, max-video-preview:-1\" \/>\n<link rel=\"canonical\" href=\"https:\/\/www.spb.eu\/de\/unser-ansatz\/\" \/>\n<meta property=\"og:locale\" content=\"de_DE\" \/>\n<meta property=\"og:type\" content=\"article\" \/>\n<meta property=\"og:title\" content=\"Unser Ansatz | SPB Group\" \/>\n<meta property=\"og:description\" content=\"Unser Fokus auf Wirkung zeichnet uns aus \u2013 Wirkung auf Ihre Gesch\u00e4ftsleistung, Ihren Ruf und das Kundenerlebnis.\" \/>\n<meta property=\"og:url\" content=\"https:\/\/www.spb.eu\/de\/unser-ansatz\/\" \/>\n<meta property=\"og:site_name\" content=\"SPB Group - Embedded insurance Creating impact\" \/>\n<meta property=\"article:modified_time\" content=\"2026-02-05T14:14:49+00:00\" \/>\n<meta name=\"twitter:card\" content=\"summary_large_image\" \/>\n<script type=\"application\/ld+json\" class=\"yoast-schema-graph\">{\"@context\":\"https:\/\/schema.org\",\"@graph\":[{\"@type\":\"WebPage\",\"@id\":\"https:\/\/www.spb.eu\/de\/unser-ansatz\/\",\"url\":\"https:\/\/www.spb.eu\/de\/unser-ansatz\/\",\"name\":\"Unser Ansatz | SPB Group\",\"isPartOf\":{\"@id\":\"https:\/\/www.spb.eu\/de\/#website\"},\"datePublished\":\"2026-01-22T11:25:05+00:00\",\"dateModified\":\"2026-02-05T14:14:49+00:00\",\"description\":\"Unser Fokus auf Wirkung zeichnet uns aus \u2013 Wirkung auf Ihre Gesch\u00e4ftsleistung, Ihren Ruf und das Kundenerlebnis.\",\"breadcrumb\":{\"@id\":\"https:\/\/www.spb.eu\/de\/unser-ansatz\/#breadcrumb\"},\"inLanguage\":\"de\",\"potentialAction\":[{\"@type\":\"ReadAction\",\"target\":[\"https:\/\/www.spb.eu\/de\/unser-ansatz\/\"]}]},{\"@type\":\"BreadcrumbList\",\"@id\":\"https:\/\/www.spb.eu\/de\/unser-ansatz\/#breadcrumb\",\"itemListElement\":[{\"@type\":\"ListItem\",\"position\":1,\"name\":\"Home\",\"item\":\"https:\/\/www.spb.eu\/de\/\"},{\"@type\":\"ListItem\",\"position\":2,\"name\":\"Unser Ansatz\"}]},{\"@type\":\"WebSite\",\"@id\":\"https:\/\/www.spb.eu\/de\/#website\",\"url\":\"https:\/\/www.spb.eu\/de\/\",\"name\":\"SPB Group - Embedded insurance Creating impact\",\"description\":\"\",\"potentialAction\":[{\"@type\":\"SearchAction\",\"target\":{\"@type\":\"EntryPoint\",\"urlTemplate\":\"https:\/\/www.spb.eu\/de\/?s={search_term_string}\"},\"query-input\":{\"@type\":\"PropertyValueSpecification\",\"valueRequired\":true,\"valueName\":\"search_term_string\"}}],\"inLanguage\":\"de\"}]}<\/script>\n<!-- \/ Yoast SEO plugin. -->","yoast_head_json":{"title":"Unser Ansatz | SPB Group","description":"Unser Fokus auf Wirkung zeichnet uns aus \u2013 Wirkung auf Ihre Gesch\u00e4ftsleistung, Ihren Ruf und das Kundenerlebnis.","robots":{"index":"index","follow":"follow","max-snippet":"max-snippet:-1","max-image-preview":"max-image-preview:large","max-video-preview":"max-video-preview:-1"},"canonical":"https:\/\/www.spb.eu\/de\/unser-ansatz\/","og_locale":"de_DE","og_type":"article","og_title":"Unser Ansatz | SPB Group","og_description":"Unser Fokus auf Wirkung zeichnet uns aus \u2013 Wirkung auf Ihre Gesch\u00e4ftsleistung, Ihren Ruf und das Kundenerlebnis.","og_url":"https:\/\/www.spb.eu\/de\/unser-ansatz\/","og_site_name":"SPB Group - Embedded insurance Creating impact","article_modified_time":"2026-02-05T14:14:49+00:00","twitter_card":"summary_large_image","schema":{"@context":"https:\/\/schema.org","@graph":[{"@type":"WebPage","@id":"https:\/\/www.spb.eu\/de\/unser-ansatz\/","url":"https:\/\/www.spb.eu\/de\/unser-ansatz\/","name":"Unser Ansatz | SPB Group","isPartOf":{"@id":"https:\/\/www.spb.eu\/de\/#website"},"datePublished":"2026-01-22T11:25:05+00:00","dateModified":"2026-02-05T14:14:49+00:00","description":"Unser Fokus auf Wirkung zeichnet uns aus \u2013 Wirkung auf Ihre Gesch\u00e4ftsleistung, Ihren Ruf und das Kundenerlebnis.","breadcrumb":{"@id":"https:\/\/www.spb.eu\/de\/unser-ansatz\/#breadcrumb"},"inLanguage":"de","potentialAction":[{"@type":"ReadAction","target":["https:\/\/www.spb.eu\/de\/unser-ansatz\/"]}]},{"@type":"BreadcrumbList","@id":"https:\/\/www.spb.eu\/de\/unser-ansatz\/#breadcrumb","itemListElement":[{"@type":"ListItem","position":1,"name":"Home","item":"https:\/\/www.spb.eu\/de\/"},{"@type":"ListItem","position":2,"name":"Unser Ansatz"}]},{"@type":"WebSite","@id":"https:\/\/www.spb.eu\/de\/#website","url":"https:\/\/www.spb.eu\/de\/","name":"SPB Group - Embedded insurance Creating impact","description":"","potentialAction":[{"@type":"SearchAction","target":{"@type":"EntryPoint","urlTemplate":"https:\/\/www.spb.eu\/de\/?s={search_term_string}"},"query-input":{"@type":"PropertyValueSpecification","valueRequired":true,"valueName":"search_term_string"}}],"inLanguage":"de"}]}},"_links":{"self":[{"href":"https:\/\/www.spb.eu\/de\/wp-json\/wp\/v2\/pages\/1993","targetHints":{"allow":["GET"]}}],"collection":[{"href":"https:\/\/www.spb.eu\/de\/wp-json\/wp\/v2\/pages"}],"about":[{"href":"https:\/\/www.spb.eu\/de\/wp-json\/wp\/v2\/types\/page"}],"author":[{"embeddable":true,"href":"https:\/\/www.spb.eu\/de\/wp-json\/wp\/v2\/users\/9"}],"replies":[{"embeddable":true,"href":"https:\/\/www.spb.eu\/de\/wp-json\/wp\/v2\/comments?post=1993"}],"version-history":[{"count":1,"href":"https:\/\/www.spb.eu\/de\/wp-json\/wp\/v2\/pages\/1993\/revisions"}],"predecessor-version":[{"id":1994,"href":"https:\/\/www.spb.eu\/de\/wp-json\/wp\/v2\/pages\/1993\/revisions\/1994"}],"wp:attachment":[{"href":"https:\/\/www.spb.eu\/de\/wp-json\/wp\/v2\/media?parent=1993"}],"curies":[{"name":"wp","href":"https:\/\/api.w.org\/{rel}","templated":true}]}}