{"id":1985,"date":"2025-12-16T13:46:22","date_gmt":"2025-12-16T13:46:22","guid":{"rendered":"https:\/\/spb-wordpress-001-gvcsekfkh8cxdcef.francecentral-01.azurewebsites.net\/nutzungsbedingungen\/"},"modified":"2026-02-05T14:12:11","modified_gmt":"2026-02-05T14:12:11","slug":"nutzungsbedingungen","status":"publish","type":"page","link":"https:\/\/www.spb.eu\/de\/nutzungsbedingungen\/","title":{"rendered":"Nutzungsbedingungen"},"content":{"rendered":"\n<section class=\"block --centered-content --bg-white --text-start align wp-block-acf-centered-content --first --next--paragraph --next-diff-bg\">\n    <div class=\"block__inner\">\n\n        <!-- Content container with max-width -->\n        <div class=\"block__content\">\n\n            <!-- Title -->\n            <h2 class=\"block__title\">\n                Nutzungsbedingungen            <\/h2>\n\n            <!-- Text content (optional) -->\n                            <div class=\"block__text\">\n                    <p>Die Website und ihre Inhalte und Dienste, im Folgenden zusammenfassend als \u201eWebsite\u201c bezeichnet, werden ver\u00f6ffentlicht von:<br \/>\nSPB, Soci\u00e9t\u00e9 par actions simplifi\u00e9e (vereinfachte Aktiengesellschaft) mit einem Kapital von 11.000.000 Euro, eingetragen im Handels- und Gesellschaftsregister (RCS) von Le Havre unter der Nummer 305 109 779 und bei der ORIAS (Verband der Versicherungsvermittler) unter der Nummer 07 002 642 (www.orias.fr) als Versicherungsmakler.<br \/>\nFirmensitz: 71, quai Colbert \u2013 76095 LE HAVRE Cedex<br \/>\nDie vorliegenden Allgemeinen Nutzungsbedingungen der Website, im Folgenden \u201eANB\u201d genannt, legen die zwischen dem Nutzer und SPB geltenden Bedingungen sowie die Rechte und Pflichten jeder Partei im Zusammenhang mit der Nutzung der Website fest.<br \/>\nJede Nutzung der Website setzt die Kenntnisnahme und Akzeptanz dieser ANB voraus.<br \/>\nDiese ANB unterliegen franz\u00f6sischem Recht.<br \/>\n1. Begriffsbestimmungen<br \/>\nDie nachstehend aufgef\u00fchrten Begriffe, die in diesen ANB verwendet werden und mit einem Gro\u00dfbuchstaben beginnen, sind je nach Kontext ihrer Verwendung im Singular oder Plural wie folgt zu verstehen:<br \/>\n1.1. ANB<br \/>\nBezieht sich auf diese Allgemeinen Nutzungsbedingungen, die die Nutzungsbedingungen der Website durch den Nutzer regeln sollen.<br \/>\n1.2. Inhalt<br \/>\nBezieht sich auf alle Artikel, Fotos, Illustrationen, Dateien, Frageb\u00f6gen, Funktionen und ganz allgemein alle Elemente, die auf der Website vorhanden sind.<br \/>\n1.3. Benutzerbereich<br \/>\nBezieht sich auf den pers\u00f6nlichen Bereich des Nutzers, auf den dieser nach seiner Authentifizierung zugreifen kann.<br \/>\n1.4. Dienst<br \/>\nBezieht sich auf alle Dienste, die den Benutzern auf der Website angeboten und zur Verf\u00fcgung gestellt werden. Die Dienste werden \u00fcber die Website entweder von SPB oder von Drittunternehmen unter deren alleiniger Verantwortung bereitgestellt, was der Benutzer anerkennt und akzeptiert.<br \/>\n1.5. Website<br \/>\nBezieht sich auf die von SPB ver\u00f6ffentlichte Website und alle Dienste und Inhalte, die sie den Benutzern zur Verf\u00fcgung stellt.<br \/>\n1.6. Benutzer<br \/>\nBezieht sich auf die nat\u00fcrliche Person, die Zugang zur Website hat.<br \/>\n2. Nutzung der Website durch den Nutzer<br \/>\n2.1. Annahme der AGB<br \/>\nDer Zugriff auf die Website und deren Nutzung durch den Nutzer setzt voraus, dass dieser die vorliegenden ANB kennt, vorbehaltlos akzeptiert und einh\u00e4lt.<br \/>\nDie ANB sind \u00fcber den Link \u201eAllgemeine Nutzungsbedingungen\u201d auf der Website abrufbar.<br \/>\nSPB beh\u00e4lt sich das Recht vor, die Bestimmungen dieser ANB jederzeit zu \u00e4ndern. In diesem Fall k\u00f6nnen die ge\u00e4nderten ANB \u00fcber den Link \u201eAllgemeine Nutzungsbedingungen\u201d auf der Website abgerufen werden.<br \/>\nDer Zugriff auf die Website durch den Nutzer gilt als Zustimmung zu den ge\u00e4nderten ANB.<br \/>\n2.2. Zugang und Sicherheit<br \/>\nDer Zugang zur Website ist nicht \u00fcbertragbar und vor\u00fcbergehend.<br \/>\n2.3. Regeln f\u00fcr die Nutzung der Website<br \/>\nDer Nutzer hat die Website fair und ehrlich, entsprechend ihrem Zweck und ihrer Funktion, unter Einhaltung der Gesetze und unter strengster Wahrung der Vertraulichkeit zu nutzen.<br \/>\nDer Nutzer erkennt an und akzeptiert, dass die Einhaltung dieser ANB eine wesentliche Voraussetzung f\u00fcr den weiteren Zugang zur Website ist.<br \/>\nSPB kann den Zugang zur Website oder zu bestimmten Funktionen der Website ohne Vorank\u00fcndigung und ohne jegliche Entsch\u00e4digungspflicht gegen\u00fcber dem Nutzer entziehen, wenn der Nutzer gegen die Bestimmungen dieser ANB verst\u00f6\u00dft und dadurch der Zugang zur Website unm\u00f6glich wird, unbeschadet etwaiger Schadensersatzanspr\u00fcche von SPB.<br \/>\n3. Beschreibung der Funktionalit\u00e4t und Interoperabilit\u00e4t der Website<br \/>\n1. Hauptmerkmale:<br \/>\nWebsite mit Nachrichten \u00fcber die SPB Group<br \/>\n2. Funktionen:<br \/>\nSprache:<br \/>\nWebsite und Anweisungen auf Franz\u00f6sisch und Englisch<br \/>\nR\u00fcckverfolgbarkeit der Daten:<br \/>\nDie personenbezogenen Daten sind ausschlie\u00dflich f\u00fcr SPB als Datenverantwortlicher bestimmt.<br \/>\n3. Interoperabilit\u00e4t:<br \/>\nHardware und Software:<br \/>\nInternet Explorer 10 oder h\u00f6her (IE 8 und 9 mit Einschr\u00e4nkungen), Chrome neueste stabile Version, Firefox neueste stabile Version, Safari MacOS neueste stabile Version, Safari Mobile iOS 7.x und h\u00f6her, Android 4.x und h\u00f6her<br \/>\n4. Warnhinweis\/technische Einschr\u00e4nkungen<br \/>\nDer Nutzer wird \u00fcber die Einschr\u00e4nkungen und Grenzen des Internets informiert, insbesondere in Bezug auf:<br \/>\nDaten\u00fcbertragung und m\u00f6glichen Datenverst\u00f6\u00dfen;<br \/>\nnicht garantierte Kontinuit\u00e4t beim Zugriff auf die Website oder die verschiedenen von der Website angebotenen Dienste;<br \/>\ntechnische Einschr\u00e4nkungen, die au\u00dferhalb der Kontrolle und Verantwortung von SPB liegen.<br \/>\nSPB kann unter keinen Umst\u00e4nden f\u00fcr diese Risiken und deren Folgen haftbar gemacht werden, die f\u00fcr den Nutzer unabh\u00e4ngig von ihrem Ausma\u00df nachteilig sein k\u00f6nnen.<br \/>\nEs liegt in der Verantwortung des Nutzers, alle geeigneten Ma\u00dfnahmen zu ergreifen, um seine eigenen Daten, Software und Hardware vor einer Infizierung durch Viren oder andere Formen von Angriffen zu sch\u00fctzen, die \u00fcber die Website verbreitet werden k\u00f6nnen.<br \/>\nDer Nutzer darf Schwierigkeiten beim Zugriff auf die Website nicht ausnutzen, um unter Versto\u00df gegen diese ANB auf die Informationen oder Dienste zuzugreifen.<br \/>\nEs k\u00f6nnen Links zu anderen Anwendungen, Websites oder anderen sozialen Medien oder Diensten bereitgestellt werden, die von Drittunternehmen f\u00fcr SPB bereitgestellt werden. SPB kann nicht haftbar gemacht werden, wenn der Inhalt dieser anderen Anwendungen, Websites oder sozialen Medien oder Dienste die Rechte Dritter oder geltende gesetzliche oder beh\u00f6rdliche Bestimmungen verletzt. Diese anderen Anwendungen, Websites oder anderen sozialen Medien oder Dienste werden unter der alleinigen Verantwortung der Unternehmen bereitgestellt, die sie ver\u00f6ffentlichen, was der Nutzer ausdr\u00fccklich anerkennt und akzeptiert.<br \/>\nDer Nutzer wird auf die Unzuverl\u00e4ssigkeit des Internets hingewiesen, insbesondere hinsichtlich der relativen Sicherheit bei der Daten\u00fcbertragung, der nicht garantierten Kontinuit\u00e4t des Zugriffs auf die Website, der nicht garantierten Leistung in Bezug auf das Volumen und die Geschwindigkeit der Daten\u00fcbertragung sowie der Verbreitung von Viren.<br \/>\nIn diesem Zusammenhang kann SPB nicht f\u00fcr Sch\u00e4den haftbar gemacht werden, die durch Viren jeglicher Art, Bugs oder Programme oder Anwendungen entstehen, die mit der vom Nutzer verwendeten Infrastruktur nicht kompatibel sind, noch f\u00fcr Sch\u00e4den, die dem Nutzer durch einen Ausfall, eine Wartungsunterbrechung, ein technisches Problem, eine Unterbrechung des Telefon- oder Telekommunikationsnetzes, eine \u00dcberlastung, Fahrl\u00e4ssigkeit oder Verschulden eines Dritten oder des Nutzers oder eine Inkompatibilit\u00e4t der Computerkonfiguration des Nutzers entstehen.<br \/>\nDer Nutzer ist daf\u00fcr verantwortlich, eine L\u00f6sung und Sicherheitsma\u00dfnahmen auf seinem Computer zu implementieren, um die Verbreitung von Viren zu verhindern.<br \/>\nEs liegt in der Verantwortung des Nutzers, die Eignung der \u00fcber die Website angebotenen Dienste und Inhalte f\u00fcr seine Bed\u00fcrfnisse zu \u00fcberpr\u00fcfen. Der Nutzer ist allein verantwortlich f\u00fcr jede Entscheidung jeglicher Art, die auf der Grundlage der in den Inhalten oder den \u00fcber die Website angebotenen Diensten bereitgestellten Informationen getroffen wird.<br \/>\n5. Verantwortlichkeiten<br \/>\n5.1. Verantwortung des Nutzers<br \/>\nDer Nutzer bleibt unter den Bedingungen des allgemeinen Rechts vollst\u00e4ndig und pers\u00f6nlich f\u00fcr die Nutzung der Website verantwortlich.<br \/>\nEs liegt in der Verantwortung des Nutzers, die Website in \u00dcbereinstimmung mit den geltenden gesetzlichen und beh\u00f6rdlichen Bestimmungen und den Bestimmungen dieser ANB zu nutzen.<br \/>\n5.2. Haftung von SPB<br \/>\nDie Nutzung der Website erfolgt unter der alleinigen Verantwortung, Kontrolle und Leitung des Nutzers. SPB kann unter keinen Umst\u00e4nden f\u00fcr direkte oder indirekte Sch\u00e4den haftbar gemacht werden, die sich aus der Nutzung der Website und der Dienste durch den Nutzer in jeglicher Eigenschaft und unter jeglichen Umst\u00e4nden ergeben.<br \/>\nIn diesem Zusammenhang hat der Nutzer die Eignung der Website und der Dienste f\u00fcr seine Bed\u00fcrfnisse zu \u00fcberpr\u00fcfen und die Website und die Dienste unter normalen Bedingungen und gem\u00e4\u00df ihrem Zweck zu nutzen.<br \/>\nSPB ist in keiner Weise verantwortlich f\u00fcr die Qualit\u00e4t, Aktualit\u00e4t, Vollst\u00e4ndigkeit und Richtigkeit der vom Nutzer unter seiner alleinigen Kontrolle, Verantwortung und Anleitung eingegebenen Daten.<br \/>\nSPB \u00dcBERPR\u00dcFT ODER KONTROLLIERT UNTER KEINEN UMST\u00c4NDEN DIE KONSISTENZ ODER RELEVANZ DER VOM NUTZER BEI DER NUTZUNG DER DIENSTE AUF DER WEBSITE EINGEGEBENEN DATEN.<br \/>\nDer Nutzer wird daher darauf hingewiesen, dass SPB nicht f\u00fcr Sch\u00e4den haftet, die sich ergeben aus:<br \/>\ndie Nutzung der ihm auf der Website und \u00fcber die Dienste zur Verf\u00fcgung gestellten Inhalte durch den Nutzer, insbesondere die Auslegung dieser Inhalte durch den Nutzer und die Folgen ihrer Nutzung;<br \/>\ndie Erfassung unvollst\u00e4ndiger oder fehlerhafter Informationen durch den Nutzer.<br \/>\nSPB haftet nicht f\u00fcr die Nichterf\u00fcllung oder Verz\u00f6gerung der Erbringung der Dienste, die durch Ereignisse au\u00dferhalb seiner Kontrolle oder durch h\u00f6here Gewalt im Sinne des Code civil (franz\u00f6sisches Zivilgesetzbuch) verursacht werden.<br \/>\nDie Ausf\u00fchrung dieser ANB wird f\u00fcr die Dauer des Falles h\u00f6herer Gewalt ausgesetzt und die Leistungsfristen des Dienstes werden entsprechend verl\u00e4ngert. SPB wird sich nach besten Kr\u00e4ften bem\u00fchen, den Fall h\u00f6herer Gewalt zu beenden oder eine L\u00f6sung zu finden, die es ihr erm\u00f6glicht, ihre vertraglichen Verpflichtungen trotz des Falles h\u00f6herer Gewalt zu erf\u00fcllen.<br \/>\n6. Haftungsbeschr\u00e4nkungen in Bezug auf die Website<br \/>\nDie auf der Website bereitgestellten Informationen dienen ausschlie\u00dflich allgemeinen und dokumentarischen Zwecken. SPB lehnt jede Verantwortung f\u00fcr die Nutzung und Auslegung der auf der Website ver\u00f6ffentlichten Informationen und deren m\u00f6gliche Folgen ab.<br \/>\nEs wird darauf hingewiesen, dass SPB nicht f\u00fcr direkte oder indirekte, materielle oder immaterielle Sch\u00e4den haftbar gemacht werden kann, die sich aus der Nutzung der Website oder der Unm\u00f6glichkeit des Zugriffs auf diese, aus einer Fehlfunktion, einer Unterbrechung, einem Virus oder einem Verbindungs- oder Systemproblem, Handlungen Dritter, F\u00e4llen h\u00f6herer Gewalt oder unvorhergesehenen Ereignissen ergeben, die den Zugriff auf die Website oder eine ihrer Funktionen verhindern.<br \/>\nDie vom Nutzer f\u00fcr die Verbindung mit der Website verwendeten Ger\u00e4te unterliegen der alleinigen Verantwortung des Nutzers. Er muss alle geeigneten Ma\u00dfnahmen zum Schutz seiner Ger\u00e4te und seiner eigenen Daten ergreifen, insbesondere im Falle von Virenangriffen \u00fcber das Internet. Der Nutzer ist auch allein verantwortlich f\u00fcr die von ihm aufgerufenen Websites und Daten.<br \/>\nSPB kann nicht f\u00fcr rechtliche Schritte gegen den Nutzer haftbar gemacht werden:<br \/>\n\u2013 aufgrund der Nutzung der Website oder eines \u00fcber das Internet zug\u00e4nglichen Dienstes;<br \/>\n\u2013 aufgrund der Nichteinhaltung dieser ANB.<br \/>\nSPB haftet nicht f\u00fcr Sch\u00e4den, die dem Nutzer, Dritten und\/oder deren Ger\u00e4ten durch die Verbindung mit oder die Nutzung der Website entstehen.<br \/>\n7. Rechte an geistigem Eigentum<br \/>\n7.1. Inhalte und Dienste der Website<br \/>\nAlle \u00fcber die Website und die Dienste zug\u00e4nglichen Inhalte und Dienste sind durch geistige Eigentumsrechte gesch\u00fctzt, die SPB, seinen verbundenen Unternehmen geh\u00f6ren oder von diesen beansprucht werden oder die SPB mit Genehmigung der Inhaber dieser Rechte nutzt.<br \/>\nDiese Dienste und Inhalte sind ausschlie\u00dflich f\u00fcr die Information und den pers\u00f6nlichen Gebrauch des Nutzers bestimmt, der ein privates, nicht kollektives und nicht exklusives Nutzungsrecht genie\u00dft.<br \/>\nSofern nicht ausdr\u00fccklich im Voraus von SPB genehmigt, sind alle anderen als die oben genannten Vervielf\u00e4ltigungen, Darstellungen und Nutzungen durch den Nutzer verboten, insbesondere:<br \/>\njede Anpassung, Bereitstellung f\u00fcr die \u00d6ffentlichkeit auf deren Wunsch oder ohne deren Wunsch, Verbreitung, Weiterverbreitung in jeglicher Form, Vernetzung, \u00f6ffentliche Wiedergabe, ob kostenlos oder gegen Entgelt, aller oder eines Teils der Werke, Dienste, Marken und aller Elemente, die durch das Recht des geistigen Eigentums gesch\u00fctzt sind oder gesch\u00fctzt werden k\u00f6nnten und auf der Website und in den Diensten wiedergegeben werden;<br \/>\njeder Link, jeder Zugriff, jede \u00c4nderung, jeder Zusatz oder jede Streichung, die das automatisierte Verarbeitungssystem der Online-Ausgabe beeintr\u00e4chtigen und die Ver\u00f6ffentlichungsbedingungen oder die redaktionelle Politik ver\u00e4ndern.<br \/>\nJede Nichteinhaltung dieser Verpflichtungen durch den Nutzer stellt eine Verletzung dar, die gem\u00e4\u00df Artikel L.335-2 ff. des Code de la propri\u00e9t\u00e9 intellectuelle (franz\u00f6sisches Gesetz \u00fcber geistiges Eigentum) strafbar ist.<br \/>\n7.2. Datenbanken<br \/>\nGem\u00e4\u00df den Bestimmungen zum Schutz von Datenbanken ist SPB Hersteller und Eigent\u00fcmer aller oder eines Teils der Datenbanken, aus denen die Website besteht.<br \/>\nMit dem Zugriff auf diese Website erkennt der Nutzer an, dass die darin enthaltenen Daten gesetzlich gesch\u00fctzt sind; dem Nutzer ist es insbesondere untersagt, wiederzuverwenden, zu speichern, zu reproduzieren, darzustellen oder aufzubewahren, weder direkt noch indirekt, auf welchem Medium auch immer, mit welchen Mitteln und in welcher Form auch immer, den qualitativ oder quantitativ wesentlichen Inhalt der Datenbanken, die auf der Website erscheinen, zu denen er Zugang hat, ganz oder teilweise, sowie wiederholt und systematisch qualitativ und quantitativ unwesentliche Teile des Inhalts zu extrahieren oder wiederzuverwenden, wenn diese Vorg\u00e4nge eindeutig \u00fcber die normalen Bedingungen hinausgehen.<br \/>\n7.3. Marken und Kennzeichen<br \/>\nSofern nicht anders angegeben, sind alle auf der Website verwendeten Markenzeichen Eigentum von SPB oder seinen Partnern.<br \/>\nSofern nicht ausdr\u00fccklich im Voraus von SPB und\/oder seinen Partnern genehmigt, setzt sich der Nutzer bei jeder Verwendung dieser Marke und anderer Marken, unabh\u00e4ngig davon, ob es sich um Bildmarken handelt oder nicht, die angezeigt werden und SPB oder Dritten geh\u00f6ren, rechtlichen Schritten aus.<br \/>\n8. Cookies<br \/>\nInformationen \u00fcber die auf der Website verwendeten Cookies finden Sie in der Datenschutzerkl\u00e4rung.<br \/>\n9. Hyperlinks<br \/>\nAlle Informationen, die \u00fcber einen Link zu anderen Websites zug\u00e4nglich sind, unterliegen nicht der Kontrolle von SPB, das jegliche Verantwortung f\u00fcr deren Inhalt ablehnt.<br \/>\n10. Personenbezogene Daten des Nutzers<br \/>\nDie Daten, die SPB im Rahmen der Nutzung der Website \u00fcbermittelt werden, werden im Sinne und in \u00dcbereinstimmung mit dem Gesetz vom 6. Januar 1978, ge\u00e4ndert durch das Gesetz vom 20. Juni 2018, bekannt als \u201eInformatique et Libert\u00e9s\u201d (franz\u00f6sisches Datenschutzgesetz), in \u00dcbereinstimmung mit der Datenschutz-Grundverordnung verarbeitet.<br \/>\nIn diesem Zusammenhang ist SPB der f\u00fcr die Datenverarbeitung Verantwortliche.<br \/>\nAlle Informationen \u00fcber die Verarbeitung der Daten des Nutzers, deren Zwecke, die Rechte des Nutzers und die Pflichten von SPB sind in der auf der Website ver\u00f6ffentlichten Datenschutzerkl\u00e4rung detailliert aufgef\u00fchrt.<br \/>\n11. Beschwerden \u2013 Streitbeilegung<br \/>\nIm Falle einer Beschwerde kann sich der Nutzer an SPB wenden:<br \/>\nper Post: 71, quai Colbert, 76 600 Le Havre<br \/>\nDie AGBU unterliegen franz\u00f6sischem Recht. Alle Streitigkeiten hinsichtlich ihrer G\u00fcltigkeit, Auslegung oder Ausf\u00fchrung werden den zust\u00e4ndigen franz\u00f6sischen Gerichten vorgelegt.<br \/>\n12. Aufsichtsbeh\u00f6rde<br \/>\nDie Aufsichtsbeh\u00f6rde von SPB ist die Autorit\u00e9 de Contr\u00f4le Prudentiel et de R\u00e9solution (franz\u00f6sische Aufsichts- und Abwicklungsbeh\u00f6rde) mit folgender Anschrift:<br \/>\nACPR<br \/>\n4 Place de Budapest<br \/>\nCS 92459<br \/>\n75436 PARIS CEDEX 09<\/p>\n                <\/div>\n            \n        <\/div>\n\n    <\/div>\n<\/section>\n\n<p class=\"--last --prev--centered-content --prev-diff-bg\"><\/p>\n","protected":false},"excerpt":{"rendered":"","protected":false},"author":1,"featured_media":0,"parent":0,"menu_order":0,"comment_status":"closed","ping_status":"closed","template":"","meta":{"_acf_changed":false,"footnotes":""},"class_list":["post-1985","page","type-page","status-publish","hentry"],"acf":[],"yoast_head":"<!-- This site is optimized with the Yoast SEO plugin v26.9 - https:\/\/yoast.com\/product\/yoast-seo-wordpress\/ -->\n<title>Nutzungsbedingungen | SPB Group<\/title>\n<meta name=\"description\" content=\"Lesen Sie die Nutzungsbedingungen von SPB, um die Bedingungen f\u00fcr die Nutzung unserer L\u00f6sungen zu verstehen.\" \/>\n<meta name=\"robots\" content=\"index, follow, max-snippet:-1, max-image-preview:large, max-video-preview:-1\" \/>\n<link rel=\"canonical\" href=\"https:\/\/www.spb.eu\/de\/nutzungsbedingungen\/\" \/>\n<meta property=\"og:locale\" content=\"de_DE\" \/>\n<meta property=\"og:type\" content=\"article\" \/>\n<meta property=\"og:title\" content=\"Nutzungsbedingungen | SPB Group\" \/>\n<meta property=\"og:description\" content=\"Lesen Sie die Nutzungsbedingungen von SPB, um die Bedingungen f\u00fcr die Nutzung unserer L\u00f6sungen zu verstehen.\" \/>\n<meta property=\"og:url\" content=\"https:\/\/www.spb.eu\/de\/nutzungsbedingungen\/\" \/>\n<meta property=\"og:site_name\" content=\"SPB Group - Embedded insurance Creating impact\" \/>\n<meta property=\"article:modified_time\" content=\"2026-02-05T14:12:11+00:00\" \/>\n<meta name=\"twitter:card\" content=\"summary_large_image\" \/>\n<script type=\"application\/ld+json\" class=\"yoast-schema-graph\">{\"@context\":\"https:\/\/schema.org\",\"@graph\":[{\"@type\":\"WebPage\",\"@id\":\"https:\/\/www.spb.eu\/de\/nutzungsbedingungen\/\",\"url\":\"https:\/\/www.spb.eu\/de\/nutzungsbedingungen\/\",\"name\":\"Nutzungsbedingungen | SPB Group\",\"isPartOf\":{\"@id\":\"https:\/\/www.spb.eu\/de\/#website\"},\"datePublished\":\"2025-12-16T13:46:22+00:00\",\"dateModified\":\"2026-02-05T14:12:11+00:00\",\"description\":\"Lesen Sie die Nutzungsbedingungen von SPB, um die Bedingungen f\u00fcr die Nutzung unserer L\u00f6sungen zu verstehen.\",\"breadcrumb\":{\"@id\":\"https:\/\/www.spb.eu\/de\/nutzungsbedingungen\/#breadcrumb\"},\"inLanguage\":\"de\",\"potentialAction\":[{\"@type\":\"ReadAction\",\"target\":[\"https:\/\/www.spb.eu\/de\/nutzungsbedingungen\/\"]}]},{\"@type\":\"BreadcrumbList\",\"@id\":\"https:\/\/www.spb.eu\/de\/nutzungsbedingungen\/#breadcrumb\",\"itemListElement\":[{\"@type\":\"ListItem\",\"position\":1,\"name\":\"Home\",\"item\":\"https:\/\/www.spb.eu\/de\/\"},{\"@type\":\"ListItem\",\"position\":2,\"name\":\"Nutzungsbedingungen\"}]},{\"@type\":\"WebSite\",\"@id\":\"https:\/\/www.spb.eu\/de\/#website\",\"url\":\"https:\/\/www.spb.eu\/de\/\",\"name\":\"SPB Group - Embedded insurance Creating impact\",\"description\":\"\",\"potentialAction\":[{\"@type\":\"SearchAction\",\"target\":{\"@type\":\"EntryPoint\",\"urlTemplate\":\"https:\/\/www.spb.eu\/de\/?s={search_term_string}\"},\"query-input\":{\"@type\":\"PropertyValueSpecification\",\"valueRequired\":true,\"valueName\":\"search_term_string\"}}],\"inLanguage\":\"de\"}]}<\/script>\n<!-- \/ Yoast SEO plugin. -->","yoast_head_json":{"title":"Nutzungsbedingungen | SPB Group","description":"Lesen Sie die Nutzungsbedingungen von SPB, um die Bedingungen f\u00fcr die Nutzung unserer L\u00f6sungen zu verstehen.","robots":{"index":"index","follow":"follow","max-snippet":"max-snippet:-1","max-image-preview":"max-image-preview:large","max-video-preview":"max-video-preview:-1"},"canonical":"https:\/\/www.spb.eu\/de\/nutzungsbedingungen\/","og_locale":"de_DE","og_type":"article","og_title":"Nutzungsbedingungen | SPB Group","og_description":"Lesen Sie die Nutzungsbedingungen von SPB, um die Bedingungen f\u00fcr die Nutzung unserer L\u00f6sungen zu verstehen.","og_url":"https:\/\/www.spb.eu\/de\/nutzungsbedingungen\/","og_site_name":"SPB Group - Embedded insurance Creating impact","article_modified_time":"2026-02-05T14:12:11+00:00","twitter_card":"summary_large_image","schema":{"@context":"https:\/\/schema.org","@graph":[{"@type":"WebPage","@id":"https:\/\/www.spb.eu\/de\/nutzungsbedingungen\/","url":"https:\/\/www.spb.eu\/de\/nutzungsbedingungen\/","name":"Nutzungsbedingungen | SPB Group","isPartOf":{"@id":"https:\/\/www.spb.eu\/de\/#website"},"datePublished":"2025-12-16T13:46:22+00:00","dateModified":"2026-02-05T14:12:11+00:00","description":"Lesen Sie die Nutzungsbedingungen von SPB, um die Bedingungen f\u00fcr die Nutzung unserer L\u00f6sungen zu verstehen.","breadcrumb":{"@id":"https:\/\/www.spb.eu\/de\/nutzungsbedingungen\/#breadcrumb"},"inLanguage":"de","potentialAction":[{"@type":"ReadAction","target":["https:\/\/www.spb.eu\/de\/nutzungsbedingungen\/"]}]},{"@type":"BreadcrumbList","@id":"https:\/\/www.spb.eu\/de\/nutzungsbedingungen\/#breadcrumb","itemListElement":[{"@type":"ListItem","position":1,"name":"Home","item":"https:\/\/www.spb.eu\/de\/"},{"@type":"ListItem","position":2,"name":"Nutzungsbedingungen"}]},{"@type":"WebSite","@id":"https:\/\/www.spb.eu\/de\/#website","url":"https:\/\/www.spb.eu\/de\/","name":"SPB Group - Embedded insurance Creating impact","description":"","potentialAction":[{"@type":"SearchAction","target":{"@type":"EntryPoint","urlTemplate":"https:\/\/www.spb.eu\/de\/?s={search_term_string}"},"query-input":{"@type":"PropertyValueSpecification","valueRequired":true,"valueName":"search_term_string"}}],"inLanguage":"de"}]}},"_links":{"self":[{"href":"https:\/\/www.spb.eu\/de\/wp-json\/wp\/v2\/pages\/1985","targetHints":{"allow":["GET"]}}],"collection":[{"href":"https:\/\/www.spb.eu\/de\/wp-json\/wp\/v2\/pages"}],"about":[{"href":"https:\/\/www.spb.eu\/de\/wp-json\/wp\/v2\/types\/page"}],"author":[{"embeddable":true,"href":"https:\/\/www.spb.eu\/de\/wp-json\/wp\/v2\/users\/1"}],"replies":[{"embeddable":true,"href":"https:\/\/www.spb.eu\/de\/wp-json\/wp\/v2\/comments?post=1985"}],"version-history":[{"count":3,"href":"https:\/\/www.spb.eu\/de\/wp-json\/wp\/v2\/pages\/1985\/revisions"}],"predecessor-version":[{"id":1988,"href":"https:\/\/www.spb.eu\/de\/wp-json\/wp\/v2\/pages\/1985\/revisions\/1988"}],"wp:attachment":[{"href":"https:\/\/www.spb.eu\/de\/wp-json\/wp\/v2\/media?parent=1985"}],"curies":[{"name":"wp","href":"https:\/\/api.w.org\/{rel}","templated":true}]}}