{"id":1977,"date":"2025-12-16T13:46:10","date_gmt":"2025-12-16T13:46:10","guid":{"rendered":"https:\/\/spb-wordpress-001-gvcsekfkh8cxdcef.francecentral-01.azurewebsites.net\/rechtliche-hinweise\/"},"modified":"2026-02-09T10:32:17","modified_gmt":"2026-02-09T10:32:17","slug":"rechtliche-hinweise","status":"publish","type":"page","link":"https:\/\/www.spb.eu\/de\/rechtliche-hinweise\/","title":{"rendered":"Rechtliche Hinweise"},"content":{"rendered":"\n<section class=\"block --centered-content --bg-white --text-start align wp-block-acf-centered-content --first --last\">\n    <div class=\"block__inner\">\n\n        <!-- Content container with max-width -->\n        <div class=\"block__content\">\n\n            <!-- Title -->\n            <h2 class=\"block__title\">\n                Rechtliche Hinweise            <\/h2>\n\n            <!-- Text content (optional) -->\n                            <div class=\"block__text\">\n                    <p>HERAUSGEBER DER WEBSITE UND DER DIENSTLEISTUNGEN<br \/>\nSPB, Soci\u00e9t\u00e9 par Actions Simplifi\u00e9e (vereinfachte Aktiengesellschaft) mit einem Kapital von 11.000.000 Euro, eingetragen im Handels- und Gesellschaftsregister (RCS) von Le Havre unter der Nummer 305 109 779 und bei der ORIAS (Vereinigung der Versicherungsvermittler) unter der Nummer 07 002 642 (www.orias.fr) als Versicherungsmakler,<br \/>\nSitz: 71, quai Colbert \u2013 76095 Le Havre<br \/>\nTelefon: +33 (0)2 32 74 20 20<br \/>\nE-Mail: contact@spb.eu<br \/>\nSPB unterliegt der Aufsicht der Autorit\u00e9 de Contr\u00f4le Prudentiel et de R\u00e9solution (ACPR \u2013 franz\u00f6sische Aufsichts- und Abwicklungsbeh\u00f6rde) mit Sitz in 4, Place de Budapest \u2013 CS 92459 \u2013 75439 Paris Cedex 09.<br \/>\nVerantwortlicher Herausgeber: Mathieu S\u00c9BASTIEN, Pr\u00e4sident<br \/>\nHOSTING DER WEBSITE UND DER DIENSTE<br \/>\nDiese Website wird gehostet von Microsoft in Frankreich<\/p>\n                <\/div>\n            \n        <\/div>\n\n    <\/div>\n<\/section>\n","protected":false},"excerpt":{"rendered":"","protected":false},"author":1,"featured_media":0,"parent":0,"menu_order":0,"comment_status":"closed","ping_status":"closed","template":"","meta":{"_acf_changed":false,"footnotes":""},"class_list":["post-1977","page","type-page","status-publish","hentry"],"acf":[],"yoast_head":"<!-- This site is optimized with the Yoast SEO plugin v26.9 - https:\/\/yoast.com\/product\/yoast-seo-wordpress\/ -->\n<title>Rechtliche Hinweise | SPB Group<\/title>\n<meta name=\"description\" content=\"Hier finden Sie die rechtlichen Informationen von SPB, darunter Unternehmensdaten, aufsichtsrechtliche Offenlegungen und Compliance-Verpflichtungen, die eine transparente und sichere Nutzung unserer Dienste gew\u00e4hrleisten.\" \/>\n<meta name=\"robots\" content=\"index, follow, max-snippet:-1, max-image-preview:large, max-video-preview:-1\" \/>\n<link rel=\"canonical\" href=\"https:\/\/www.spb.eu\/de\/rechtliche-hinweise\/\" \/>\n<meta property=\"og:locale\" content=\"de_DE\" \/>\n<meta property=\"og:type\" content=\"article\" \/>\n<meta property=\"og:title\" content=\"Rechtliche Hinweise | SPB Group\" \/>\n<meta property=\"og:description\" content=\"Hier finden Sie die rechtlichen Informationen von SPB, darunter Unternehmensdaten, aufsichtsrechtliche Offenlegungen und Compliance-Verpflichtungen, die eine transparente und sichere Nutzung unserer Dienste gew\u00e4hrleisten.\" \/>\n<meta property=\"og:url\" content=\"https:\/\/www.spb.eu\/de\/rechtliche-hinweise\/\" \/>\n<meta property=\"og:site_name\" content=\"SPB Group - Embedded insurance Creating impact\" \/>\n<meta property=\"article:modified_time\" content=\"2026-02-09T10:32:17+00:00\" \/>\n<meta name=\"twitter:card\" content=\"summary_large_image\" \/>\n<script type=\"application\/ld+json\" class=\"yoast-schema-graph\">{\"@context\":\"https:\/\/schema.org\",\"@graph\":[{\"@type\":\"WebPage\",\"@id\":\"https:\/\/www.spb.eu\/de\/rechtliche-hinweise\/\",\"url\":\"https:\/\/www.spb.eu\/de\/rechtliche-hinweise\/\",\"name\":\"Rechtliche Hinweise | SPB Group\",\"isPartOf\":{\"@id\":\"https:\/\/www.spb.eu\/de\/#website\"},\"datePublished\":\"2025-12-16T13:46:10+00:00\",\"dateModified\":\"2026-02-09T10:32:17+00:00\",\"description\":\"Hier finden Sie die rechtlichen Informationen von SPB, darunter Unternehmensdaten, aufsichtsrechtliche Offenlegungen und Compliance-Verpflichtungen, die eine transparente und sichere Nutzung unserer Dienste gew\u00e4hrleisten.\",\"breadcrumb\":{\"@id\":\"https:\/\/www.spb.eu\/de\/rechtliche-hinweise\/#breadcrumb\"},\"inLanguage\":\"de\",\"potentialAction\":[{\"@type\":\"ReadAction\",\"target\":[\"https:\/\/www.spb.eu\/de\/rechtliche-hinweise\/\"]}]},{\"@type\":\"BreadcrumbList\",\"@id\":\"https:\/\/www.spb.eu\/de\/rechtliche-hinweise\/#breadcrumb\",\"itemListElement\":[{\"@type\":\"ListItem\",\"position\":1,\"name\":\"Home\",\"item\":\"https:\/\/www.spb.eu\/de\/\"},{\"@type\":\"ListItem\",\"position\":2,\"name\":\"Rechtliche Hinweise\"}]},{\"@type\":\"WebSite\",\"@id\":\"https:\/\/www.spb.eu\/de\/#website\",\"url\":\"https:\/\/www.spb.eu\/de\/\",\"name\":\"SPB Group - Embedded insurance Creating impact\",\"description\":\"\",\"potentialAction\":[{\"@type\":\"SearchAction\",\"target\":{\"@type\":\"EntryPoint\",\"urlTemplate\":\"https:\/\/www.spb.eu\/de\/?s={search_term_string}\"},\"query-input\":{\"@type\":\"PropertyValueSpecification\",\"valueRequired\":true,\"valueName\":\"search_term_string\"}}],\"inLanguage\":\"de\"}]}<\/script>\n<!-- \/ Yoast SEO plugin. -->","yoast_head_json":{"title":"Rechtliche Hinweise | SPB Group","description":"Hier finden Sie die rechtlichen Informationen von SPB, darunter Unternehmensdaten, aufsichtsrechtliche Offenlegungen und Compliance-Verpflichtungen, die eine transparente und sichere Nutzung unserer Dienste gew\u00e4hrleisten.","robots":{"index":"index","follow":"follow","max-snippet":"max-snippet:-1","max-image-preview":"max-image-preview:large","max-video-preview":"max-video-preview:-1"},"canonical":"https:\/\/www.spb.eu\/de\/rechtliche-hinweise\/","og_locale":"de_DE","og_type":"article","og_title":"Rechtliche Hinweise | SPB Group","og_description":"Hier finden Sie die rechtlichen Informationen von SPB, darunter Unternehmensdaten, aufsichtsrechtliche Offenlegungen und Compliance-Verpflichtungen, die eine transparente und sichere Nutzung unserer Dienste gew\u00e4hrleisten.","og_url":"https:\/\/www.spb.eu\/de\/rechtliche-hinweise\/","og_site_name":"SPB Group - Embedded insurance Creating impact","article_modified_time":"2026-02-09T10:32:17+00:00","twitter_card":"summary_large_image","schema":{"@context":"https:\/\/schema.org","@graph":[{"@type":"WebPage","@id":"https:\/\/www.spb.eu\/de\/rechtliche-hinweise\/","url":"https:\/\/www.spb.eu\/de\/rechtliche-hinweise\/","name":"Rechtliche Hinweise | SPB Group","isPartOf":{"@id":"https:\/\/www.spb.eu\/de\/#website"},"datePublished":"2025-12-16T13:46:10+00:00","dateModified":"2026-02-09T10:32:17+00:00","description":"Hier finden Sie die rechtlichen Informationen von SPB, darunter Unternehmensdaten, aufsichtsrechtliche Offenlegungen und Compliance-Verpflichtungen, die eine transparente und sichere Nutzung unserer Dienste gew\u00e4hrleisten.","breadcrumb":{"@id":"https:\/\/www.spb.eu\/de\/rechtliche-hinweise\/#breadcrumb"},"inLanguage":"de","potentialAction":[{"@type":"ReadAction","target":["https:\/\/www.spb.eu\/de\/rechtliche-hinweise\/"]}]},{"@type":"BreadcrumbList","@id":"https:\/\/www.spb.eu\/de\/rechtliche-hinweise\/#breadcrumb","itemListElement":[{"@type":"ListItem","position":1,"name":"Home","item":"https:\/\/www.spb.eu\/de\/"},{"@type":"ListItem","position":2,"name":"Rechtliche Hinweise"}]},{"@type":"WebSite","@id":"https:\/\/www.spb.eu\/de\/#website","url":"https:\/\/www.spb.eu\/de\/","name":"SPB Group - Embedded insurance Creating impact","description":"","potentialAction":[{"@type":"SearchAction","target":{"@type":"EntryPoint","urlTemplate":"https:\/\/www.spb.eu\/de\/?s={search_term_string}"},"query-input":{"@type":"PropertyValueSpecification","valueRequired":true,"valueName":"search_term_string"}}],"inLanguage":"de"}]}},"_links":{"self":[{"href":"https:\/\/www.spb.eu\/de\/wp-json\/wp\/v2\/pages\/1977","targetHints":{"allow":["GET"]}}],"collection":[{"href":"https:\/\/www.spb.eu\/de\/wp-json\/wp\/v2\/pages"}],"about":[{"href":"https:\/\/www.spb.eu\/de\/wp-json\/wp\/v2\/types\/page"}],"author":[{"embeddable":true,"href":"https:\/\/www.spb.eu\/de\/wp-json\/wp\/v2\/users\/1"}],"replies":[{"embeddable":true,"href":"https:\/\/www.spb.eu\/de\/wp-json\/wp\/v2\/comments?post=1977"}],"version-history":[{"count":2,"href":"https:\/\/www.spb.eu\/de\/wp-json\/wp\/v2\/pages\/1977\/revisions"}],"predecessor-version":[{"id":2471,"href":"https:\/\/www.spb.eu\/de\/wp-json\/wp\/v2\/pages\/1977\/revisions\/2471"}],"wp:attachment":[{"href":"https:\/\/www.spb.eu\/de\/wp-json\/wp\/v2\/media?parent=1977"}],"curies":[{"name":"wp","href":"https:\/\/api.w.org\/{rel}","templated":true}]}}