{"id":1970,"date":"2026-01-21T10:33:17","date_gmt":"2026-01-21T10:33:17","guid":{"rendered":"https:\/\/spb-wordpress-001-gvcsekfkh8cxdcef.francecentral-01.azurewebsites.net\/kontakt-aufnehmen\/"},"modified":"2026-02-05T14:01:42","modified_gmt":"2026-02-05T14:01:42","slug":"kontakt-aufnehmen","status":"publish","type":"page","link":"https:\/\/www.spb.eu\/de\/kontakt-aufnehmen\/","title":{"rendered":"Kontakt aufnehmen"},"content":{"rendered":"\n<section class=\"block --contact-form --bg-white --hero align wp-block-acf-contact-form --first --last\">\n    <div class=\"block__inner\">\n\n        <!-- Grey card container -->\n        <div class=\"block__card\">\n\n            <!-- Title -->\n                            <h1 class=\"block__title\">\n                    Kontakt aufnehmen                <\/h1>\n            \n            <!-- Description (optional) -->\n                            <div class=\"block__description\">\n                    M\u00f6chten Sie weitere Informationen \u00fcber SPB, ihr Fachwissen und ihre Angebote erhalten? Bitte kontaktieren Sie uns, indem Sie das untenstehende Formular ausf\u00fcllen.                <\/div>\n            \n            <!-- Contact Form 7 -->\n            <div class=\"block__form-wrapper\">\n                \n<div class=\"wpcf7 no-js\" id=\"wpcf7-f2239-o1\" lang=\"de-DE\" dir=\"ltr\" data-wpcf7-id=\"2239\">\n<div class=\"screen-reader-response\"><p role=\"status\" aria-live=\"polite\" aria-atomic=\"true\"><\/p> <ul><\/ul><\/div>\n<form action=\"\/de\/wp-json\/wp\/v2\/pages\/1970#wpcf7-f2239-o1\" method=\"post\" class=\"wpcf7-form init\" aria-label=\"Kontaktformular\" novalidate=\"novalidate\" data-status=\"init\">\n<fieldset class=\"hidden-fields-container\"><input type=\"hidden\" name=\"_wpcf7\" value=\"2239\" \/><input type=\"hidden\" name=\"_wpcf7_version\" value=\"6.1.5\" \/><input type=\"hidden\" name=\"_wpcf7_locale\" value=\"de_DE\" \/><input type=\"hidden\" name=\"_wpcf7_unit_tag\" value=\"wpcf7-f2239-o1\" \/><input type=\"hidden\" name=\"_wpcf7_container_post\" value=\"0\" \/><input type=\"hidden\" name=\"_wpcf7_posted_data_hash\" value=\"\" \/>\n<\/fieldset>\n<div class=\"form-row form-row--two-cols\">\n\t<p><br \/>\n<label for=\"first-name-field\">Vorname<\/label><br \/>\n<span class=\"wpcf7-form-control-wrap\" data-name=\"first-name\"><input size=\"40\" maxlength=\"400\" class=\"wpcf7-form-control wpcf7-text\" id=\"first-name-field\" autocomplete=\"given-name\" aria-invalid=\"false\" placeholder=\"Vorname\" value=\"\" type=\"text\" name=\"first-name\" \/><\/span>\n\t<\/p>\n\t<p><br \/>\n<label for=\"last-name-field\">Last name<\/label><br \/>\n<span class=\"wpcf7-form-control-wrap\" data-name=\"last-name\"><input size=\"40\" maxlength=\"400\" class=\"wpcf7-form-control wpcf7-text\" id=\"last-name-field\" autocomplete=\"family-name\" aria-invalid=\"false\" placeholder=\"Nachname\" value=\"\" type=\"text\" name=\"last-name\" \/><\/span>\n\t<\/p>\n<\/div>\n<p><br \/>\n<label for=\"email-field\">Email*<\/label><br \/>\n<span class=\"wpcf7-form-control-wrap\" data-name=\"your-email\"><input size=\"40\" maxlength=\"400\" class=\"wpcf7-form-control wpcf7-email wpcf7-validates-as-required wpcf7-text wpcf7-validates-as-email\" id=\"email-field\" autocomplete=\"email\" aria-required=\"true\" aria-invalid=\"false\" placeholder=\"you@company.com\" value=\"\" type=\"email\" name=\"your-email\" \/><\/span>\n<\/p>\n<div class=\"form-row form-row--two-cols\">\n\t<p><br \/>\n<label for=\"phone-field\">Telefonnummer<\/label><br \/>\n<span class=\"wpcf7-form-control-wrap\" data-name=\"phone-number\"><input size=\"40\" maxlength=\"400\" class=\"wpcf7-form-control wpcf7-tel wpcf7-text wpcf7-validates-as-tel\" id=\"phone-field\" autocomplete=\"tel\" aria-invalid=\"false\" placeholder=\"+32 123 123 123\" value=\"\" type=\"tel\" name=\"phone-number\" \/><\/span>\n\t<\/p>\n\t<p><br \/>\n<label for=\"country-field\">Land<\/label><br \/>\n<span class=\"wpcf7-form-control-wrap\" data-name=\"your-country\"><input type=\"text\" name=\"your-country\" class=\"wpcf7-form-control wpcf7-country\" id=\"country-field\" list=\"cf7-country-list\" autocomplete=\"country-name\" aria-invalid=\"false\" \/><datalist id=\"cf7-country-list\"><option value=\"Albania\"><option value=\"Andorra\"><option value=\"Austria\"><option value=\"Belarus\"><option value=\"Belgium\"><option value=\"Bosnia and Herzegovina\"><option value=\"Bulgaria\"><option value=\"Croatia\"><option value=\"Cyprus\"><option value=\"Czech Republic\"><option value=\"Denmark\"><option value=\"Estonia\"><option value=\"Finland\"><option value=\"France\"><option value=\"Germany\"><option value=\"Greece\"><option value=\"Hungary\"><option value=\"Iceland\"><option value=\"Ireland\"><option value=\"Italy\"><option value=\"Kosovo\"><option value=\"Latvia\"><option value=\"Liechtenstein\"><option value=\"Lithuania\"><option value=\"Luxembourg\"><option value=\"Malta\"><option value=\"Moldova\"><option value=\"Monaco\"><option value=\"Montenegro\"><option value=\"Netherlands\"><option value=\"North Macedonia\"><option value=\"Norway\"><option value=\"Poland\"><option value=\"Portugal\"><option value=\"Romania\"><option value=\"Russia\"><option value=\"San Marino\"><option value=\"Serbia\"><option value=\"Slovakia\"><option value=\"Slovenia\"><option value=\"Spain\"><option value=\"Sweden\"><option value=\"Switzerland\"><option value=\"Ukraine\"><option value=\"United Kingdom\"><option value=\"Vatican City\"><\/datalist><\/span>\n\t<\/p>\n<\/div>\n<p><br \/>\n<label for=\"message-field\">Nachricht*<\/label><br \/>\n<span class=\"wpcf7-form-control-wrap\" data-name=\"your-message\"><textarea cols=\"40\" rows=\"10\" maxlength=\"2000\" class=\"wpcf7-form-control wpcf7-textarea wpcf7-validates-as-required\" id=\"message-field\" aria-required=\"true\" aria-invalid=\"false\" placeholder=\"Ihre Nachricht hier...\" name=\"your-message\"><\/textarea><\/span>\n<\/p>\n<div class=\"form-row form-row--two-cols form-row--submit\">\n\t<div class=\"form-checkbox\">\n\t\t<p><span class=\"wpcf7-form-control-wrap\" data-name=\"acceptance-privacy\"><span class=\"wpcf7-form-control wpcf7-acceptance\"><span class=\"wpcf7-list-item\"><input type=\"checkbox\" name=\"acceptance-privacy\" value=\"1\" id=\"privacy-check\" aria-invalid=\"false\" \/><\/span><\/span><\/span><br \/>\n<label for=\"privacy-check\">SPB erhebt und verarbeitet Ihre personenbezogenen Daten, um auf Anfragen\/Informationsanfragen zu reagieren, die Sie uns \u00fcber dieses Formular senden. Weitere Informationen und die Aus\u00fcbung Ihrer Rechte gem\u00e4\u00df den geltenden Datenschutzbestimmungen finden Sie in unserer <a href=\"\/privacy-policy\/\">Datenschutzrichtlinie<\/a>.<\/label>\n\t\t<\/p>\n\t<\/div>\n\t<p><div id=\"cf7sr-v3-6a03a26162729\"><input type=\"hidden\" name=\"cf7sr-v3-token\" value=\"\"><\/div><br \/>\n<input class=\"wpcf7-form-control wpcf7-submit has-spinner\" type=\"submit\" value=\"Nachricht senden\" \/>\n\t<\/p>\n<\/div><div class=\"wpcf7-response-output\" aria-hidden=\"true\"><\/div>\n<\/form>\n<\/div>\n            <\/div>\n\n        <\/div>\n\n    <\/div>\n<\/section>\n","protected":false},"excerpt":{"rendered":"","protected":false},"author":9,"featured_media":0,"parent":0,"menu_order":0,"comment_status":"closed","ping_status":"closed","template":"","meta":{"_acf_changed":false,"footnotes":""},"class_list":["post-1970","page","type-page","status-publish","hentry"],"acf":[],"yoast_head":"<!-- This site is optimized with the Yoast SEO plugin v26.9 - https:\/\/yoast.com\/product\/yoast-seo-wordpress\/ -->\n<title>Kontakt | SPB Group<\/title>\n<meta name=\"description\" content=\"M\u00f6chten Sie weitere Informationen \u00fcber SPB, sein Fachwissen und seine Angebote erhalten? Bitte kontaktieren Sie uns, indem Sie das untenstehende Formular ausf\u00fcllen.\" \/>\n<meta name=\"robots\" content=\"index, follow, max-snippet:-1, max-image-preview:large, max-video-preview:-1\" \/>\n<link rel=\"canonical\" href=\"https:\/\/www.spb.eu\/de\/kontakt-aufnehmen\/\" \/>\n<meta property=\"og:locale\" content=\"de_DE\" \/>\n<meta property=\"og:type\" content=\"article\" \/>\n<meta property=\"og:title\" content=\"Kontakt | SPB Group\" \/>\n<meta property=\"og:description\" content=\"M\u00f6chten Sie weitere Informationen \u00fcber SPB, sein Fachwissen und seine Angebote erhalten? Bitte kontaktieren Sie uns, indem Sie das untenstehende Formular ausf\u00fcllen.\" \/>\n<meta property=\"og:url\" content=\"https:\/\/www.spb.eu\/de\/kontakt-aufnehmen\/\" \/>\n<meta property=\"og:site_name\" content=\"SPB Group - Embedded insurance Creating impact\" \/>\n<meta property=\"article:modified_time\" content=\"2026-02-05T14:01:42+00:00\" \/>\n<meta name=\"twitter:card\" content=\"summary_large_image\" \/>\n<script type=\"application\/ld+json\" class=\"yoast-schema-graph\">{\"@context\":\"https:\/\/schema.org\",\"@graph\":[{\"@type\":\"WebPage\",\"@id\":\"https:\/\/www.spb.eu\/de\/kontakt-aufnehmen\/\",\"url\":\"https:\/\/www.spb.eu\/de\/kontakt-aufnehmen\/\",\"name\":\"Kontakt | SPB Group\",\"isPartOf\":{\"@id\":\"https:\/\/www.spb.eu\/de\/#website\"},\"datePublished\":\"2026-01-21T10:33:17+00:00\",\"dateModified\":\"2026-02-05T14:01:42+00:00\",\"description\":\"M\u00f6chten Sie weitere Informationen \u00fcber SPB, sein Fachwissen und seine Angebote erhalten? Bitte kontaktieren Sie uns, indem Sie das untenstehende Formular ausf\u00fcllen.\",\"breadcrumb\":{\"@id\":\"https:\/\/www.spb.eu\/de\/kontakt-aufnehmen\/#breadcrumb\"},\"inLanguage\":\"de\",\"potentialAction\":[{\"@type\":\"ReadAction\",\"target\":[\"https:\/\/www.spb.eu\/de\/kontakt-aufnehmen\/\"]}]},{\"@type\":\"BreadcrumbList\",\"@id\":\"https:\/\/www.spb.eu\/de\/kontakt-aufnehmen\/#breadcrumb\",\"itemListElement\":[{\"@type\":\"ListItem\",\"position\":1,\"name\":\"Home\",\"item\":\"https:\/\/www.spb.eu\/de\/\"},{\"@type\":\"ListItem\",\"position\":2,\"name\":\"Kontakt aufnehmen\"}]},{\"@type\":\"WebSite\",\"@id\":\"https:\/\/www.spb.eu\/de\/#website\",\"url\":\"https:\/\/www.spb.eu\/de\/\",\"name\":\"SPB Group - Embedded insurance Creating impact\",\"description\":\"\",\"potentialAction\":[{\"@type\":\"SearchAction\",\"target\":{\"@type\":\"EntryPoint\",\"urlTemplate\":\"https:\/\/www.spb.eu\/de\/?s={search_term_string}\"},\"query-input\":{\"@type\":\"PropertyValueSpecification\",\"valueRequired\":true,\"valueName\":\"search_term_string\"}}],\"inLanguage\":\"de\"}]}<\/script>\n<!-- \/ Yoast SEO plugin. -->","yoast_head_json":{"title":"Kontakt | SPB Group","description":"M\u00f6chten Sie weitere Informationen \u00fcber SPB, sein Fachwissen und seine Angebote erhalten? Bitte kontaktieren Sie uns, indem Sie das untenstehende Formular ausf\u00fcllen.","robots":{"index":"index","follow":"follow","max-snippet":"max-snippet:-1","max-image-preview":"max-image-preview:large","max-video-preview":"max-video-preview:-1"},"canonical":"https:\/\/www.spb.eu\/de\/kontakt-aufnehmen\/","og_locale":"de_DE","og_type":"article","og_title":"Kontakt | SPB Group","og_description":"M\u00f6chten Sie weitere Informationen \u00fcber SPB, sein Fachwissen und seine Angebote erhalten? Bitte kontaktieren Sie uns, indem Sie das untenstehende Formular ausf\u00fcllen.","og_url":"https:\/\/www.spb.eu\/de\/kontakt-aufnehmen\/","og_site_name":"SPB Group - Embedded insurance Creating impact","article_modified_time":"2026-02-05T14:01:42+00:00","twitter_card":"summary_large_image","schema":{"@context":"https:\/\/schema.org","@graph":[{"@type":"WebPage","@id":"https:\/\/www.spb.eu\/de\/kontakt-aufnehmen\/","url":"https:\/\/www.spb.eu\/de\/kontakt-aufnehmen\/","name":"Kontakt | SPB Group","isPartOf":{"@id":"https:\/\/www.spb.eu\/de\/#website"},"datePublished":"2026-01-21T10:33:17+00:00","dateModified":"2026-02-05T14:01:42+00:00","description":"M\u00f6chten Sie weitere Informationen \u00fcber SPB, sein Fachwissen und seine Angebote erhalten? Bitte kontaktieren Sie uns, indem Sie das untenstehende Formular ausf\u00fcllen.","breadcrumb":{"@id":"https:\/\/www.spb.eu\/de\/kontakt-aufnehmen\/#breadcrumb"},"inLanguage":"de","potentialAction":[{"@type":"ReadAction","target":["https:\/\/www.spb.eu\/de\/kontakt-aufnehmen\/"]}]},{"@type":"BreadcrumbList","@id":"https:\/\/www.spb.eu\/de\/kontakt-aufnehmen\/#breadcrumb","itemListElement":[{"@type":"ListItem","position":1,"name":"Home","item":"https:\/\/www.spb.eu\/de\/"},{"@type":"ListItem","position":2,"name":"Kontakt aufnehmen"}]},{"@type":"WebSite","@id":"https:\/\/www.spb.eu\/de\/#website","url":"https:\/\/www.spb.eu\/de\/","name":"SPB Group - Embedded insurance Creating impact","description":"","potentialAction":[{"@type":"SearchAction","target":{"@type":"EntryPoint","urlTemplate":"https:\/\/www.spb.eu\/de\/?s={search_term_string}"},"query-input":{"@type":"PropertyValueSpecification","valueRequired":true,"valueName":"search_term_string"}}],"inLanguage":"de"}]}},"_links":{"self":[{"href":"https:\/\/www.spb.eu\/de\/wp-json\/wp\/v2\/pages\/1970","targetHints":{"allow":["GET"]}}],"collection":[{"href":"https:\/\/www.spb.eu\/de\/wp-json\/wp\/v2\/pages"}],"about":[{"href":"https:\/\/www.spb.eu\/de\/wp-json\/wp\/v2\/types\/page"}],"author":[{"embeddable":true,"href":"https:\/\/www.spb.eu\/de\/wp-json\/wp\/v2\/users\/9"}],"replies":[{"embeddable":true,"href":"https:\/\/www.spb.eu\/de\/wp-json\/wp\/v2\/comments?post=1970"}],"version-history":[{"count":1,"href":"https:\/\/www.spb.eu\/de\/wp-json\/wp\/v2\/pages\/1970\/revisions"}],"predecessor-version":[{"id":1971,"href":"https:\/\/www.spb.eu\/de\/wp-json\/wp\/v2\/pages\/1970\/revisions\/1971"}],"wp:attachment":[{"href":"https:\/\/www.spb.eu\/de\/wp-json\/wp\/v2\/media?parent=1970"}],"curies":[{"name":"wp","href":"https:\/\/api.w.org\/{rel}","templated":true}]}}