{"id":1942,"date":"2025-12-16T13:46:30","date_gmt":"2025-12-16T13:46:30","guid":{"rendered":"https:\/\/spb-wordpress-001-gvcsekfkh8cxdcef.francecentral-01.azurewebsites.net\/cookie-richtlinie\/"},"modified":"2026-02-05T13:57:22","modified_gmt":"2026-02-05T13:57:22","slug":"cookie-richtlinie","status":"publish","type":"page","link":"https:\/\/www.spb.eu\/de\/cookie-richtlinie\/","title":{"rendered":"Cookie-Richtlinie"},"content":{"rendered":"\n<section class=\"block --hero-centered --bg-white align wp-block-acf-hero-centered --first --next--centered-content\" >\n    <div class=\"block__inner\">\n\n        <!-- Title (H1 with icon support) -->\n        <h1 class=\"block__title\">\n            Cookie-Richtlinie        <\/h1>\n\n        <!-- Text Content (optional) -->\n        \n        <!-- CTA Buttons (both optional) -->\n        \n    <\/div>\n<\/section>\n\n<section class=\"block --centered-content --bg-white --text-start align wp-block-acf-centered-content --prev--hero-centered --next--centered-content\">\n    <div class=\"block__inner\">\n\n        <!-- Content container with max-width -->\n        <div class=\"block__content\">\n\n            <!-- Title -->\n            <h2 class=\"block__title\">\n                1. Was ist ein Cookie?            <\/h2>\n\n            <!-- Text content (optional) -->\n                            <div class=\"block__text\">\n                    <p>Ein \u201eCookie\u201d (oder Tracer) ist eine Reihe von Informationen, in der Regel klein und mit einem Namen gekennzeichnet, die von einer Website, mit der der Nutzer verbunden ist, an den Browser des Nutzers \u00fcbertragen werden k\u00f6nnen. Der Webbrowser speichert diese Informationen f\u00fcr einen bestimmten Zeitraum und sendet sie bei jeder erneuten Verbindung des Nutzers mit der Website an den Webserver zur\u00fcck.<\/p>\n<p>Cookies haben mehrere Verwendungszwecke: Sie k\u00f6nnen verwendet werden, um eine Kundenkennung f\u00fcr eine H\u00e4ndler-Website, den aktuellen Status eines Warenkorbs, eine Kennung zur Verfolgung der Navigation f\u00fcr statistische oder Werbezwecke usw. zu speichern.<\/p>\n                <\/div>\n            \n        <\/div>\n\n    <\/div>\n<\/section>\n\n<section class=\"block --centered-content --bg-white --text-start align wp-block-acf-centered-content --prev--centered-content --next--centered-content\">\n    <div class=\"block__inner\">\n\n        <!-- Content container with max-width -->\n        <div class=\"block__content\">\n\n            <!-- Title -->\n            <h2 class=\"block__title\">\n                2. Welche Arten von Cookies werden von der Website verwendet und zu welchen Zwecken?            <\/h2>\n\n            <!-- Text content (optional) -->\n                            <div class=\"block__text\">\n                    <p>Beim Besuch der Website speichert die Website die IP-Adresse des Benutzers und verwendet Cookies, um den Besuch der Website f\u00fcr den Benutzer zu erleichtern, die Benutzererfahrung zu verbessern und Statistiken zu erstellen.<br \/>\nAuf der Website werden folgende Cookies verwendet:<br \/>\nUnbedingt erforderliche Cookies:<br \/>\nDiese Cookies speichern keine personenbezogenen Daten. Sie sind jedoch f\u00fcr die Navigation auf der Website unerl\u00e4sslich. Sie werden in der Regel nur als Reaktion auf Aktionen des Benutzers gesetzt, die einer Dienstanforderung gleichkommen, wie z. B. das Festlegen von Datenschutzeinstellungen, das Anmelden oder das Ausf\u00fcllen von Formularen.<br \/>\nAuthentifizierungs- und Sicherheitscookies werden beispielsweise verwendet, um den registrierten Benutzer zu identifizieren und zu erkennen und ihm den Zugriff auf die angeforderten Inhalte oder Funktionen zu erm\u00f6glichen.<br \/>\nDer Nutzer kann seinen Browser so einstellen, dass er diese Cookies blockiert oder ihn auf deren Vorhandensein hinweist, ohne diese Cookies k\u00f6nnen jedoch die vom Nutzer angeforderten Dienste nicht bereitgestellt werden.<br \/>\nLeistungscookies:<br \/>\nDiese Analyse- und Such-Cookies werden verwendet, um Besuche zu z\u00e4hlen und den Datenverkehr zu messen, um die Website zu bewerten und zu verbessern. Diese Cookies helfen uns auch dabei, zu erfahren, welche Seiten am beliebtesten und am wenigsten beliebt sind, und zu sehen, wie Besucher auf der Website navigieren, sowie die Funktionsweise der Website zu verbessern und die Benutzererfahrung zu optimieren.<br \/>\nAlle durch diese Cookies gesammelten Informationen werden aggregiert und sind daher anonym.<br \/>\nDer Nutzer kann seinen Browser so einstellen, dass er diese Cookies blockiert oder ihn auf deren Vorhandensein hinweist. Das Blockieren dieser Cookies hat keine Auswirkungen auf die bereitgestellten Dienste.<br \/>\nDer Nutzer wird dar\u00fcber informiert, dass die Website die Leistung der Website \u00fcber Google Analytics analysiert.<br \/>\nDie durch den Cookie erzeugten Informationen \u00fcber die Nutzung der Website (einschlie\u00dflich der IP-Adressen der Besucher) werden an Google \u00fcbertragen und von Google auf Servern in den Vereinigten Staaten gespeichert. Google wird diese Informationen benutzen, um die Nutzung der Website auszuwerten, um Reports \u00fcber die Websiteaktivit\u00e4ten f\u00fcr den Websitebetreiber zusammenzustellen und um weitere mit der Websitenutzung und der Internetnutzung verbundene Dienstleistungen zu erbringen. Google wird diese Informationen nicht an Dritte weitergeben, es sei denn, dies ist gesetzlich vorgeschrieben oder diese Dritten handeln im Auftrag von Google und sind zur Vertraulichkeit verpflichtet. Google vergleicht die IP-Adressen der Besucher nicht mit anderen Informationen, die Google gespeichert hat.<\/p>\n                <\/div>\n            \n        <\/div>\n\n    <\/div>\n<\/section>\n\n<section class=\"block --centered-content --bg-white --text-start align wp-block-acf-centered-content --prev--centered-content --next--centered-content\">\n    <div class=\"block__inner\">\n\n        <!-- Content container with max-width -->\n        <div class=\"block__content\">\n\n            <!-- Title -->\n            <h2 class=\"block__title\">\n                3. Die Speicherdauer eines Cookies            <\/h2>\n\n            <!-- Text content (optional) -->\n                            <div class=\"block__text\">\n                    <p>Cookies haben eine Lebensdauer von 13 Monaten ab dem Tag, an dem der Nutzer ihrer Verwendung zustimmt. Der Nutzer hat die M\u00f6glichkeit, sie jederzeit gem\u00e4\u00df den in Artikel IV unten beschriebenen Methoden von seinem Endger\u00e4t zu entfernen.<\/p>\n                <\/div>\n            \n        <\/div>\n\n    <\/div>\n<\/section>\n\n<section class=\"block --centered-content --bg-white --text-start align wp-block-acf-centered-content --prev--centered-content --next--centered-content\">\n    <div class=\"block__inner\">\n\n        <!-- Content container with max-width -->\n        <div class=\"block__content\">\n\n            <!-- Title -->\n            <h2 class=\"block__title\">\n                4. Konfiguration von Cookies            <\/h2>\n\n            <!-- Text content (optional) -->\n                            <div class=\"block__text\">\n                    <p>Der Nutzer kann die Verwendung von Cookies jederzeit \u00fcber seinen Internetbrowser deaktivieren:<br \/>\nIn Internet Explorer: Klicken Sie im \u201eMen\u00fc\u201d auf \u201eInternetoptionen\u201d, dann auf die Registerkarte \u201eDatenschutz\u201d und konfigurieren Sie die Cookies, indem Sie auf \u201eWebsites\u201d oder \u201eErweitert\u201d klicken.<br \/>\nIn Microsoft Edge: Klicken Sie auf \u201eMen\u00fc\u201c, dann auf \u201eEinstellungen\u201c, dann auf die Registerkarte \u201eCookies und Website-Berechtigungen\u201c und rufen Sie den Abschnitt \u201eCookies und Website-Daten verwalten und l\u00f6schen\u201c auf.<br \/>\nIn Firefox: Klicken Sie auf die Registerkarte \u201eExtras\u201c, w\u00e4hlen Sie das Men\u00fc \u201eOptionen\u201c, w\u00e4hlen Sie \u201eDatenschutz\u201c und klicken Sie auf \u201eCookies anzeigen\u201c.<br \/>\nIn Google Chrome: Klicken Sie auf \u201eExtras\u201c, w\u00e4hlen Sie \u201eOptionen\u201c, dann die Registerkarte \u201eErweiterte Optionen\u201c und rufen Sie den Abschnitt \u201eDatenschutz\u201c auf, dann klicken Sie auf die Schaltfl\u00e4che \u201eCookies anzeigen\u201c.<br \/>\nIn Safari: Gehen Sie zum Men\u00fc \u201eBearbeiten\u201c, dann zu \u201eEinstellungen\u201c, klicken Sie auf \u201eSicherheit\u201c und \u201eCookies anzeigen\u201c.<\/p>\n                <\/div>\n            \n        <\/div>\n\n    <\/div>\n<\/section>\n\n<section class=\"block --centered-content --bg-white --text-start align wp-block-acf-centered-content --last --prev--centered-content\">\n    <div class=\"block__inner\">\n\n        <!-- Content container with max-width -->\n        <div class=\"block__content\">\n\n            <!-- Title -->\n            <h2 class=\"block__title\">\n                5. Weitere Informationen zu Cookies            <\/h2>\n\n            <!-- Text content (optional) -->\n                            <div class=\"block__text\">\n                    <p><a href=\"https:\/\/www.cnil.fr\/fr\/cookies-et-autres-traceurs\">Website, Cookies und andere Tracker | CNIL<\/a><\/p>\n                <\/div>\n            \n        <\/div>\n\n    <\/div>\n<\/section>\n","protected":false},"excerpt":{"rendered":"","protected":false},"author":1,"featured_media":0,"parent":0,"menu_order":0,"comment_status":"closed","ping_status":"closed","template":"","meta":{"_acf_changed":false,"footnotes":""},"class_list":["post-1942","page","type-page","status-publish","hentry"],"acf":[],"yoast_head":"<!-- This site is optimized with the Yoast SEO plugin v26.9 - https:\/\/yoast.com\/product\/yoast-seo-wordpress\/ -->\n<title>Cookie-Richtlinie | SPB Group<\/title>\n<meta name=\"description\" content=\"Erfahren Sie, wie SPB Cookies verwendet, um ein sicheres, zuverl\u00e4ssiges und benutzerfreundliches Surfen zu gew\u00e4hrleisten.\" \/>\n<meta name=\"robots\" content=\"index, follow, max-snippet:-1, max-image-preview:large, max-video-preview:-1\" \/>\n<link rel=\"canonical\" href=\"https:\/\/www.spb.eu\/de\/cookie-richtlinie\/\" \/>\n<meta property=\"og:locale\" content=\"de_DE\" \/>\n<meta property=\"og:type\" content=\"article\" \/>\n<meta property=\"og:title\" content=\"Cookie-Richtlinie | SPB Group\" \/>\n<meta property=\"og:description\" content=\"Erfahren Sie, wie SPB Cookies verwendet, um ein sicheres, zuverl\u00e4ssiges und benutzerfreundliches Surfen zu gew\u00e4hrleisten.\" \/>\n<meta property=\"og:url\" content=\"https:\/\/www.spb.eu\/de\/cookie-richtlinie\/\" \/>\n<meta property=\"og:site_name\" content=\"SPB Group - Embedded insurance Creating impact\" \/>\n<meta property=\"article:modified_time\" content=\"2026-02-05T13:57:22+00:00\" \/>\n<meta name=\"twitter:card\" content=\"summary_large_image\" \/>\n<script type=\"application\/ld+json\" class=\"yoast-schema-graph\">{\"@context\":\"https:\/\/schema.org\",\"@graph\":[{\"@type\":\"WebPage\",\"@id\":\"https:\/\/www.spb.eu\/de\/cookie-richtlinie\/\",\"url\":\"https:\/\/www.spb.eu\/de\/cookie-richtlinie\/\",\"name\":\"Cookie-Richtlinie | SPB Group\",\"isPartOf\":{\"@id\":\"https:\/\/www.spb.eu\/de\/#website\"},\"datePublished\":\"2025-12-16T13:46:30+00:00\",\"dateModified\":\"2026-02-05T13:57:22+00:00\",\"description\":\"Erfahren Sie, wie SPB Cookies verwendet, um ein sicheres, zuverl\u00e4ssiges und benutzerfreundliches Surfen zu gew\u00e4hrleisten.\",\"breadcrumb\":{\"@id\":\"https:\/\/www.spb.eu\/de\/cookie-richtlinie\/#breadcrumb\"},\"inLanguage\":\"de\",\"potentialAction\":[{\"@type\":\"ReadAction\",\"target\":[\"https:\/\/www.spb.eu\/de\/cookie-richtlinie\/\"]}]},{\"@type\":\"BreadcrumbList\",\"@id\":\"https:\/\/www.spb.eu\/de\/cookie-richtlinie\/#breadcrumb\",\"itemListElement\":[{\"@type\":\"ListItem\",\"position\":1,\"name\":\"Home\",\"item\":\"https:\/\/www.spb.eu\/de\/\"},{\"@type\":\"ListItem\",\"position\":2,\"name\":\"Cookie-Richtlinie\"}]},{\"@type\":\"WebSite\",\"@id\":\"https:\/\/www.spb.eu\/de\/#website\",\"url\":\"https:\/\/www.spb.eu\/de\/\",\"name\":\"SPB Group - Embedded insurance Creating impact\",\"description\":\"\",\"potentialAction\":[{\"@type\":\"SearchAction\",\"target\":{\"@type\":\"EntryPoint\",\"urlTemplate\":\"https:\/\/www.spb.eu\/de\/?s={search_term_string}\"},\"query-input\":{\"@type\":\"PropertyValueSpecification\",\"valueRequired\":true,\"valueName\":\"search_term_string\"}}],\"inLanguage\":\"de\"}]}<\/script>\n<!-- \/ Yoast SEO plugin. -->","yoast_head_json":{"title":"Cookie-Richtlinie | SPB Group","description":"Erfahren Sie, wie SPB Cookies verwendet, um ein sicheres, zuverl\u00e4ssiges und benutzerfreundliches Surfen zu gew\u00e4hrleisten.","robots":{"index":"index","follow":"follow","max-snippet":"max-snippet:-1","max-image-preview":"max-image-preview:large","max-video-preview":"max-video-preview:-1"},"canonical":"https:\/\/www.spb.eu\/de\/cookie-richtlinie\/","og_locale":"de_DE","og_type":"article","og_title":"Cookie-Richtlinie | SPB Group","og_description":"Erfahren Sie, wie SPB Cookies verwendet, um ein sicheres, zuverl\u00e4ssiges und benutzerfreundliches Surfen zu gew\u00e4hrleisten.","og_url":"https:\/\/www.spb.eu\/de\/cookie-richtlinie\/","og_site_name":"SPB Group - Embedded insurance Creating impact","article_modified_time":"2026-02-05T13:57:22+00:00","twitter_card":"summary_large_image","schema":{"@context":"https:\/\/schema.org","@graph":[{"@type":"WebPage","@id":"https:\/\/www.spb.eu\/de\/cookie-richtlinie\/","url":"https:\/\/www.spb.eu\/de\/cookie-richtlinie\/","name":"Cookie-Richtlinie | SPB Group","isPartOf":{"@id":"https:\/\/www.spb.eu\/de\/#website"},"datePublished":"2025-12-16T13:46:30+00:00","dateModified":"2026-02-05T13:57:22+00:00","description":"Erfahren Sie, wie SPB Cookies verwendet, um ein sicheres, zuverl\u00e4ssiges und benutzerfreundliches Surfen zu gew\u00e4hrleisten.","breadcrumb":{"@id":"https:\/\/www.spb.eu\/de\/cookie-richtlinie\/#breadcrumb"},"inLanguage":"de","potentialAction":[{"@type":"ReadAction","target":["https:\/\/www.spb.eu\/de\/cookie-richtlinie\/"]}]},{"@type":"BreadcrumbList","@id":"https:\/\/www.spb.eu\/de\/cookie-richtlinie\/#breadcrumb","itemListElement":[{"@type":"ListItem","position":1,"name":"Home","item":"https:\/\/www.spb.eu\/de\/"},{"@type":"ListItem","position":2,"name":"Cookie-Richtlinie"}]},{"@type":"WebSite","@id":"https:\/\/www.spb.eu\/de\/#website","url":"https:\/\/www.spb.eu\/de\/","name":"SPB Group - Embedded insurance Creating impact","description":"","potentialAction":[{"@type":"SearchAction","target":{"@type":"EntryPoint","urlTemplate":"https:\/\/www.spb.eu\/de\/?s={search_term_string}"},"query-input":{"@type":"PropertyValueSpecification","valueRequired":true,"valueName":"search_term_string"}}],"inLanguage":"de"}]}},"_links":{"self":[{"href":"https:\/\/www.spb.eu\/de\/wp-json\/wp\/v2\/pages\/1942","targetHints":{"allow":["GET"]}}],"collection":[{"href":"https:\/\/www.spb.eu\/de\/wp-json\/wp\/v2\/pages"}],"about":[{"href":"https:\/\/www.spb.eu\/de\/wp-json\/wp\/v2\/types\/page"}],"author":[{"embeddable":true,"href":"https:\/\/www.spb.eu\/de\/wp-json\/wp\/v2\/users\/1"}],"replies":[{"embeddable":true,"href":"https:\/\/www.spb.eu\/de\/wp-json\/wp\/v2\/comments?post=1942"}],"version-history":[{"count":1,"href":"https:\/\/www.spb.eu\/de\/wp-json\/wp\/v2\/pages\/1942\/revisions"}],"predecessor-version":[{"id":1943,"href":"https:\/\/www.spb.eu\/de\/wp-json\/wp\/v2\/pages\/1942\/revisions\/1943"}],"wp:attachment":[{"href":"https:\/\/www.spb.eu\/de\/wp-json\/wp\/v2\/media?parent=1942"}],"curies":[{"name":"wp","href":"https:\/\/api.w.org\/{rel}","templated":true}]}}